{"id":72316,"date":"2026-04-25T09:23:33","date_gmt":"2026-04-25T09:23:33","guid":{"rendered":"https:\/\/www.home-kueppersbusch.com\/pt-pt\/product\/fwku-1800-0-s_123600005\/"},"modified":"2026-03-28T08:02:07","modified_gmt":"2026-03-28T09:02:07","slug":"fwku-1800-0-s_123600005","status":"publish","type":"product","link":"https:\/\/www.home-kueppersbusch.com\/pt-pt\/product\/fwku-1800-0-s_123600005\/","title":{"rendered":"FWKU1800.0S"},"content":{"rendered":"<ul>\n<li>Controlo eletr\u00f3nico de temperatura com bot\u00f5es<\/li>\n<li>Display eletr\u00f3nico com regula\u00e7\u00e3o da temperatura<\/li>\n<li>5 prateleiras de madeira amov\u00edveis<\/li>\n<li>1 prateleira de madeira 45\u00ba para apresenta\u00e7\u00e3o de garrafas<\/li>\n<li>Porta de vidro com prote\u00e7\u00e3o ultravioleta<\/li>\n<\/ul>\n","protected":false},"featured_media":0,"parent":0,"template":"","product_cat":[8053],"product_edition":[],"product_energy_efficiency":[8987],"class_list":["post-72316","product","type-product","status-publish","hentry","finishes-9525","finishes-9526","finishes-9527","finishes-9528","finishes-9529","finishes-9530","finishes-9531","product_cat-garrafeira","color-black","product_installation-integracao","product_lifestyle-k-series-8","usp-kph-coldline-02","usp-kph-individual-01","product_energy_efficiency-g-ue-icon-new"],"acf":[],"yoast_head":"<!-- This site is optimized with the Yoast SEO plugin v27.5 - https:\/\/yoast.com\/product\/yoast-seo-wordpress\/ -->\n<title>FWKU1800.0S | K\u00fcppersbusch Portugal<\/title>\n<meta name=\"robots\" content=\"index, follow, max-snippet:-1, max-image-preview:large, max-video-preview:-1\" \/>\n<link rel=\"canonical\" href=\"https:\/\/www.home-kueppersbusch.com\/pt-pt\/product\/fwku-1800-0-s_123600005\/\" \/>\n<meta property=\"og:locale\" content=\"pt_PT\" \/>\n<meta property=\"og:type\" content=\"article\" \/>\n<meta property=\"og:title\" content=\"FWKU1800.0S | K\u00fcppersbusch Portugal\" \/>\n<meta property=\"og:description\" content=\"Controlo eletr\u00f3nico de temperatura com bot\u00f5es Display eletr\u00f3nico com regula\u00e7\u00e3o da temperatura 5 prateleiras de madeira amov\u00edveis 1 prateleira de madeira 45\u00ba para apresenta\u00e7\u00e3o de garrafas Porta de vidro com prote\u00e7\u00e3o ultravioleta\" \/>\n<meta property=\"og:url\" content=\"https:\/\/www.home-kueppersbusch.com\/pt-pt\/product\/fwku-1800-0-s_123600005\/\" \/>\n<meta property=\"og:site_name\" content=\"K\u00fcppersbusch Portugal\" \/>\n<meta name=\"twitter:card\" content=\"summary_large_image\" \/>\n<script type=\"application\/ld+json\" class=\"yoast-schema-graph\">{\"@context\":\"https:\\\/\\\/schema.org\",\"@graph\":[{\"@type\":\"WebPage\",\"@id\":\"https:\\\/\\\/www.home-kueppersbusch.com\\\/pt-pt\\\/product\\\/fwku-1800-0-s_123600005\\\/\",\"url\":\"https:\\\/\\\/www.home-kueppersbusch.com\\\/pt-pt\\\/product\\\/fwku-1800-0-s_123600005\\\/\",\"name\":\"FWKU1800.0S | K\u00fcppersbusch Portugal\",\"isPartOf\":{\"@id\":\"https:\\\/\\\/www.home-kueppersbusch.com\\\/pt-pt\\\/#website\"},\"datePublished\":\"2026-04-25T09:23:33+00:00\",\"inLanguage\":\"pt-PT\",\"potentialAction\":[{\"@type\":\"ReadAction\",\"target\":[\"https:\\\/\\\/www.home-kueppersbusch.com\\\/pt-pt\\\/product\\\/fwku-1800-0-s_123600005\\\/\"]}]},{\"@type\":\"WebSite\",\"@id\":\"https:\\\/\\\/www.home-kueppersbusch.com\\\/pt-pt\\\/#website\",\"url\":\"https:\\\/\\\/www.home-kueppersbusch.com\\\/pt-pt\\\/\",\"name\":\"K\u00fcppersbusch Portugal\",\"description\":\"\",\"potentialAction\":[{\"@type\":\"SearchAction\",\"target\":{\"@type\":\"EntryPoint\",\"urlTemplate\":\"https:\\\/\\\/www.home-kueppersbusch.com\\\/pt-pt\\\/?s={search_term_string}\"},\"query-input\":{\"@type\":\"PropertyValueSpecification\",\"valueRequired\":true,\"valueName\":\"search_term_string\"}}],\"inLanguage\":\"pt-PT\"}]}<\/script>\n<!-- \/ Yoast SEO plugin. -->","yoast_head_json":{"title":"FWKU1800.0S | K\u00fcppersbusch Portugal","robots":{"index":"index","follow":"follow","max-snippet":"max-snippet:-1","max-image-preview":"max-image-preview:large","max-video-preview":"max-video-preview:-1"},"canonical":"https:\/\/www.home-kueppersbusch.com\/pt-pt\/product\/fwku-1800-0-s_123600005\/","og_locale":"pt_PT","og_type":"article","og_title":"FWKU1800.0S | K\u00fcppersbusch Portugal","og_description":"Controlo eletr\u00f3nico de temperatura com bot\u00f5es Display eletr\u00f3nico com regula\u00e7\u00e3o da temperatura 5 prateleiras de madeira amov\u00edveis 1 prateleira de madeira 45\u00ba para apresenta\u00e7\u00e3o de garrafas Porta de vidro com prote\u00e7\u00e3o ultravioleta","og_url":"https:\/\/www.home-kueppersbusch.com\/pt-pt\/product\/fwku-1800-0-s_123600005\/","og_site_name":"K\u00fcppersbusch Portugal","twitter_card":"summary_large_image","schema":{"@context":"https:\/\/schema.org","@graph":[{"@type":"WebPage","@id":"https:\/\/www.home-kueppersbusch.com\/pt-pt\/product\/fwku-1800-0-s_123600005\/","url":"https:\/\/www.home-kueppersbusch.com\/pt-pt\/product\/fwku-1800-0-s_123600005\/","name":"FWKU1800.0S | K\u00fcppersbusch Portugal","isPartOf":{"@id":"https:\/\/www.home-kueppersbusch.com\/pt-pt\/#website"},"datePublished":"2026-04-25T09:23:33+00:00","inLanguage":"pt-PT","potentialAction":[{"@type":"ReadAction","target":["https:\/\/www.home-kueppersbusch.com\/pt-pt\/product\/fwku-1800-0-s_123600005\/"]}]},{"@type":"WebSite","@id":"https:\/\/www.home-kueppersbusch.com\/pt-pt\/#website","url":"https:\/\/www.home-kueppersbusch.com\/pt-pt\/","name":"K\u00fcppersbusch Portugal","description":"","potentialAction":[{"@type":"SearchAction","target":{"@type":"EntryPoint","urlTemplate":"https:\/\/www.home-kueppersbusch.com\/pt-pt\/?s={search_term_string}"},"query-input":{"@type":"PropertyValueSpecification","valueRequired":true,"valueName":"search_term_string"}}],"inLanguage":"pt-PT"}]}},"_links":{"self":[{"href":"https:\/\/www.home-kueppersbusch.com\/pt-pt\/wp-json\/wp\/v2\/product\/72316","targetHints":{"allow":["GET"]}}],"collection":[{"href":"https:\/\/www.home-kueppersbusch.com\/pt-pt\/wp-json\/wp\/v2\/product"}],"about":[{"href":"https:\/\/www.home-kueppersbusch.com\/pt-pt\/wp-json\/wp\/v2\/types\/product"}],"wp:attachment":[{"href":"https:\/\/www.home-kueppersbusch.com\/pt-pt\/wp-json\/wp\/v2\/media?parent=72316"}],"wp:term":[{"taxonomy":"product_cat","embeddable":true,"href":"https:\/\/www.home-kueppersbusch.com\/pt-pt\/wp-json\/wp\/v2\/product_cat?post=72316"},{"taxonomy":"product_edition","embeddable":true,"href":"https:\/\/www.home-kueppersbusch.com\/pt-pt\/wp-json\/wp\/v2\/product_edition?post=72316"},{"taxonomy":"product_energy_efficiency","embeddable":true,"href":"https:\/\/www.home-kueppersbusch.com\/pt-pt\/wp-json\/wp\/v2\/product_energy_efficiency?post=72316"}],"curies":[{"name":"wp","href":"https:\/\/api.w.org\/{rel}","templated":true}]}}