{"id":77408,"date":"2026-04-03T17:43:42","date_gmt":"2026-04-03T17:43:42","guid":{"rendered":"https:\/\/teka.com\/en-int\/cbm6550-0s_121160009"},"modified":"2026-03-28T08:08:14","modified_gmt":"2026-03-28T09:08:14","slug":"cbm6550-0s_121160009","status":"publish","type":"product","link":"https:\/\/www.home-kueppersbusch.com\/pl-pl\/product\/cbm6550-0s_121160009\/","title":{"rendered":"CBM6550.0S"},"content":{"rendered":"<ul>\n<li>14 funkcji piekarnika<\/li>\n<li>8 specjalnych funkcji<\/li>\n<li>2 funkcje mikrofali (tylko mikrofala, po\u0142\u0105czenie z jak\u0105kolwiek funkcj\u0105 piekarnika)<\/li>\n<li>10 poziom\u00f3w mocy mikrofali<\/li>\n<li>Cena nie obejmuje wyko\u0144czenia (listwy, uchwyty)<\/li>\n<\/ul>\n","protected":false},"featured_media":0,"parent":0,"template":"","product_cat":[9082,10189],"product_edition":[],"product_energy_efficiency":[],"class_list":["post-77408","product","type-product","status-publish","hentry","product_cat-kompaktowe-mikrofale","product_cat-kompaktowe","color-black","product_installation-do-zabudowy","product_lifestyle-k-series-5","usp-kph-individual-01","usp-kph-ovens-03","usp-kph-ovens-04","usp-kph-ovens-06","usp-kph-ovens-09","usp-kph-ovens-11"],"acf":[],"yoast_head":"<!-- This site is optimized with the Yoast SEO plugin v27.2 - https:\/\/yoast.com\/product\/yoast-seo-wordpress\/ -->\n<title>CBM6550.0S | K\u00fcppersbusch Polska<\/title>\n<meta name=\"description\" content=\"Wszystkie informacje o Compact microwave oven with \u00f6kotherm\u00ae, TFT display, roasting thermometer and 22 functions na oficjalnej stronie Teka Polska\" \/>\n<meta name=\"robots\" content=\"index, follow, max-snippet:-1, max-image-preview:large, max-video-preview:-1\" \/>\n<link rel=\"canonical\" href=\"https:\/\/www.home-kueppersbusch.com\/pl-pl\/product\/cbm6550-0s_121160009\/\" \/>\n<meta property=\"og:locale\" content=\"pl_PL\" \/>\n<meta property=\"og:type\" content=\"article\" \/>\n<meta property=\"og:title\" content=\"CBM6550.0S | K\u00fcppersbusch Polska\" \/>\n<meta property=\"og:description\" content=\"Wszystkie informacje o Compact microwave oven with \u00f6kotherm\u00ae, TFT display, roasting thermometer and 22 functions na oficjalnej stronie Teka Polska\" \/>\n<meta property=\"og:url\" content=\"https:\/\/www.home-kueppersbusch.com\/pl-pl\/product\/cbm6550-0s_121160009\/\" \/>\n<meta property=\"og:site_name\" content=\"K\u00fcppersbusch Polska\" \/>\n<meta name=\"twitter:card\" content=\"summary_large_image\" \/>\n<script type=\"application\/ld+json\" class=\"yoast-schema-graph\">{\"@context\":\"https:\/\/schema.org\",\"@graph\":[{\"@type\":\"WebPage\",\"@id\":\"https:\/\/www.home-kueppersbusch.com\/pl-pl\/product\/cbm6550-0s_121160009\/\",\"url\":\"https:\/\/www.home-kueppersbusch.com\/pl-pl\/product\/cbm6550-0s_121160009\/\",\"name\":\"CBM6550.0S | K\u00fcppersbusch Polska\",\"isPartOf\":{\"@id\":\"https:\/\/www.home-kueppersbusch.com\/pl-pl\/#website\"},\"datePublished\":\"2026-04-03T17:43:42+00:00\",\"description\":\"Wszystkie informacje o Compact microwave oven with \u00f6kotherm\u00ae, TFT display, roasting thermometer and 22 functions na oficjalnej stronie Teka Polska\",\"inLanguage\":\"pl-PL\",\"potentialAction\":[{\"@type\":\"ReadAction\",\"target\":[\"https:\/\/www.home-kueppersbusch.com\/pl-pl\/product\/cbm6550-0s_121160009\/\"]}]},{\"@type\":\"WebSite\",\"@id\":\"https:\/\/www.home-kueppersbusch.com\/pl-pl\/#website\",\"url\":\"https:\/\/www.home-kueppersbusch.com\/pl-pl\/\",\"name\":\"K\u00fcppersbusch Polska\",\"description\":\"\",\"potentialAction\":[{\"@type\":\"SearchAction\",\"target\":{\"@type\":\"EntryPoint\",\"urlTemplate\":\"https:\/\/www.home-kueppersbusch.com\/pl-pl\/?s={search_term_string}\"},\"query-input\":{\"@type\":\"PropertyValueSpecification\",\"valueRequired\":true,\"valueName\":\"search_term_string\"}}],\"inLanguage\":\"pl-PL\"}]}<\/script>\n<!-- \/ Yoast SEO plugin. -->","yoast_head_json":{"title":"CBM6550.0S | K\u00fcppersbusch Polska","description":"Wszystkie informacje o Compact microwave oven with \u00f6kotherm\u00ae, TFT display, roasting thermometer and 22 functions na oficjalnej stronie Teka Polska","robots":{"index":"index","follow":"follow","max-snippet":"max-snippet:-1","max-image-preview":"max-image-preview:large","max-video-preview":"max-video-preview:-1"},"canonical":"https:\/\/www.home-kueppersbusch.com\/pl-pl\/product\/cbm6550-0s_121160009\/","og_locale":"pl_PL","og_type":"article","og_title":"CBM6550.0S | K\u00fcppersbusch Polska","og_description":"Wszystkie informacje o Compact microwave oven with \u00f6kotherm\u00ae, TFT display, roasting thermometer and 22 functions na oficjalnej stronie Teka Polska","og_url":"https:\/\/www.home-kueppersbusch.com\/pl-pl\/product\/cbm6550-0s_121160009\/","og_site_name":"K\u00fcppersbusch Polska","twitter_card":"summary_large_image","schema":{"@context":"https:\/\/schema.org","@graph":[{"@type":"WebPage","@id":"https:\/\/www.home-kueppersbusch.com\/pl-pl\/product\/cbm6550-0s_121160009\/","url":"https:\/\/www.home-kueppersbusch.com\/pl-pl\/product\/cbm6550-0s_121160009\/","name":"CBM6550.0S | K\u00fcppersbusch Polska","isPartOf":{"@id":"https:\/\/www.home-kueppersbusch.com\/pl-pl\/#website"},"datePublished":"2026-04-03T17:43:42+00:00","description":"Wszystkie informacje o Compact microwave oven with \u00f6kotherm\u00ae, TFT display, roasting thermometer and 22 functions na oficjalnej stronie Teka Polska","inLanguage":"pl-PL","potentialAction":[{"@type":"ReadAction","target":["https:\/\/www.home-kueppersbusch.com\/pl-pl\/product\/cbm6550-0s_121160009\/"]}]},{"@type":"WebSite","@id":"https:\/\/www.home-kueppersbusch.com\/pl-pl\/#website","url":"https:\/\/www.home-kueppersbusch.com\/pl-pl\/","name":"K\u00fcppersbusch Polska","description":"","potentialAction":[{"@type":"SearchAction","target":{"@type":"EntryPoint","urlTemplate":"https:\/\/www.home-kueppersbusch.com\/pl-pl\/?s={search_term_string}"},"query-input":{"@type":"PropertyValueSpecification","valueRequired":true,"valueName":"search_term_string"}}],"inLanguage":"pl-PL"}]}},"_links":{"self":[{"href":"https:\/\/www.home-kueppersbusch.com\/pl-pl\/wp-json\/wp\/v2\/product\/77408","targetHints":{"allow":["GET"]}}],"collection":[{"href":"https:\/\/www.home-kueppersbusch.com\/pl-pl\/wp-json\/wp\/v2\/product"}],"about":[{"href":"https:\/\/www.home-kueppersbusch.com\/pl-pl\/wp-json\/wp\/v2\/types\/product"}],"wp:attachment":[{"href":"https:\/\/www.home-kueppersbusch.com\/pl-pl\/wp-json\/wp\/v2\/media?parent=77408"}],"wp:term":[{"taxonomy":"product_cat","embeddable":true,"href":"https:\/\/www.home-kueppersbusch.com\/pl-pl\/wp-json\/wp\/v2\/product_cat?post=77408"},{"taxonomy":"product_edition","embeddable":true,"href":"https:\/\/www.home-kueppersbusch.com\/pl-pl\/wp-json\/wp\/v2\/product_edition?post=77408"},{"taxonomy":"product_energy_efficiency","embeddable":true,"href":"https:\/\/www.home-kueppersbusch.com\/pl-pl\/wp-json\/wp\/v2\/product_energy_efficiency?post=77408"}],"curies":[{"name":"wp","href":"https:\/\/api.w.org\/{rel}","templated":true}]}}