{"id":73539,"date":"2026-04-25T09:23:55","date_gmt":"2026-04-25T09:23:55","guid":{"rendered":"https:\/\/www.home-kueppersbusch.com\/pl-pl\/product\/kmi9850-0sr_122500019\/"},"modified":"2026-04-13T02:30:35","modified_gmt":"2026-04-13T03:30:35","slug":"kmi9850-0sr_122500019","status":"publish","type":"product","link":"https:\/\/www.home-kueppersbusch.com\/pl-pl\/product\/kmi9850-0sr_122500019\/","title":{"rendered":"KMI9850.0SR"},"content":{"rendered":"<ul>\n<li>Funkcje p\u0142yty indukcyjnej:<\/li>\n<li>13 poziom\u00f3w mocy<\/li>\n<li>Sterowanie selectControl z czerwonym wy\u015bwietlaczem<\/li>\n<li>3 poziomy specjalne: rozpuszczanie, ok. 42\u00b0C, utrzymywanie ciep\u0142a, ok. 70\u00b0C, gotowanie makaronu, ok. 94\u00b0C<\/li>\n<li>Funkcja Bridge: opcja po\u0142\u0105czenia dw\u00f3ch p\u00f3l grzewczych w jedno<\/li>\n<li>Automatyczny booster<\/li>\n<li>Wska\u017anik ciep\u0142a resztkowego<\/li>\n<li>Minutnik z opcj\u0105 automatycznego wy\u0142\u0105czania<\/li>\n<li>Funkcje okapu:<\/li>\n<li>Wydajno\u015b\u0107 zgodnie z wytyczn\u0105 EN 61591: standardowa 530 m\u00b3\/h, w trybie intensywnym 620 m\u00b3\/h<\/li>\n<li>Poziom ha\u0142asu zgodnie z wytyczn\u0105 EN 60704213: min. 39 dB, max. 63 dB, w trybie intensywnym 68 dB<\/li>\n<li>4 poziomy mocy<\/li>\n<li>Wy\u015bwietlacz elektroniczny<\/li>\n<\/ul>\n","protected":false},"featured_media":0,"parent":0,"template":"","product_cat":[9069],"product_edition":[],"product_energy_efficiency":[10073],"class_list":["post-73539","product","type-product","status-publish","hentry","finishes-10684","finishes-10685","finishes-10686","finishes-10687","finishes-10688","finishes-10689","product_ambient-kitchen-ss-02","product_cat-plyta-indukcyjna-z-wbudowanym-pochlaniaczem","color-black","product_lifestyle-k-series-8","usp-kph-hobs-03","usp-kph-hobs-11","product_energy_efficiency-a-icon"],"acf":[],"yoast_head":"<!-- This site is optimized with the Yoast SEO plugin v27.5 - https:\/\/yoast.com\/product\/yoast-seo-wordpress\/ -->\n<title>KMI9850.0SR | K\u00fcppersbusch Polska<\/title>\n<meta name=\"description\" content=\"Wszystkie informacje o 90 cm professional induction hob ventilation with Miradur\u00ae and high-quality stainless steel knobs na oficjalnej stronie Teka Polska\" \/>\n<meta name=\"robots\" content=\"index, follow, max-snippet:-1, max-image-preview:large, max-video-preview:-1\" \/>\n<link rel=\"canonical\" href=\"https:\/\/www.home-kueppersbusch.com\/pl-pl\/product\/kmi9850-0sr_122500019\/\" \/>\n<meta property=\"og:locale\" content=\"pl_PL\" \/>\n<meta property=\"og:type\" content=\"article\" \/>\n<meta property=\"og:title\" content=\"KMI9850.0SR | K\u00fcppersbusch Polska\" \/>\n<meta property=\"og:description\" content=\"Wszystkie informacje o 90 cm professional induction hob ventilation with Miradur\u00ae and high-quality stainless steel knobs na oficjalnej stronie Teka Polska\" \/>\n<meta property=\"og:url\" content=\"https:\/\/www.home-kueppersbusch.com\/pl-pl\/product\/kmi9850-0sr_122500019\/\" \/>\n<meta property=\"og:site_name\" content=\"K\u00fcppersbusch Polska\" \/>\n<meta name=\"twitter:card\" content=\"summary_large_image\" \/>\n<script type=\"application\/ld+json\" class=\"yoast-schema-graph\">{\"@context\":\"https:\\\/\\\/schema.org\",\"@graph\":[{\"@type\":\"WebPage\",\"@id\":\"https:\\\/\\\/www.home-kueppersbusch.com\\\/pl-pl\\\/product\\\/kmi9850-0sr_122500019\\\/\",\"url\":\"https:\\\/\\\/www.home-kueppersbusch.com\\\/pl-pl\\\/product\\\/kmi9850-0sr_122500019\\\/\",\"name\":\"KMI9850.0SR | K\u00fcppersbusch Polska\",\"isPartOf\":{\"@id\":\"https:\\\/\\\/www.home-kueppersbusch.com\\\/pl-pl\\\/#website\"},\"datePublished\":\"2026-04-25T09:23:55+00:00\",\"description\":\"Wszystkie informacje o 90 cm professional induction hob ventilation with Miradur\u00ae and high-quality stainless steel knobs na oficjalnej stronie Teka Polska\",\"inLanguage\":\"pl-PL\",\"potentialAction\":[{\"@type\":\"ReadAction\",\"target\":[\"https:\\\/\\\/www.home-kueppersbusch.com\\\/pl-pl\\\/product\\\/kmi9850-0sr_122500019\\\/\"]}]},{\"@type\":\"WebSite\",\"@id\":\"https:\\\/\\\/www.home-kueppersbusch.com\\\/pl-pl\\\/#website\",\"url\":\"https:\\\/\\\/www.home-kueppersbusch.com\\\/pl-pl\\\/\",\"name\":\"K\u00fcppersbusch Polska\",\"description\":\"\",\"potentialAction\":[{\"@type\":\"SearchAction\",\"target\":{\"@type\":\"EntryPoint\",\"urlTemplate\":\"https:\\\/\\\/www.home-kueppersbusch.com\\\/pl-pl\\\/?s={search_term_string}\"},\"query-input\":{\"@type\":\"PropertyValueSpecification\",\"valueRequired\":true,\"valueName\":\"search_term_string\"}}],\"inLanguage\":\"pl-PL\"}]}<\/script>\n<!-- \/ Yoast SEO plugin. -->","yoast_head_json":{"title":"KMI9850.0SR | K\u00fcppersbusch Polska","description":"Wszystkie informacje o 90 cm professional induction hob ventilation with Miradur\u00ae and high-quality stainless steel knobs na oficjalnej stronie Teka Polska","robots":{"index":"index","follow":"follow","max-snippet":"max-snippet:-1","max-image-preview":"max-image-preview:large","max-video-preview":"max-video-preview:-1"},"canonical":"https:\/\/www.home-kueppersbusch.com\/pl-pl\/product\/kmi9850-0sr_122500019\/","og_locale":"pl_PL","og_type":"article","og_title":"KMI9850.0SR | K\u00fcppersbusch Polska","og_description":"Wszystkie informacje o 90 cm professional induction hob ventilation with Miradur\u00ae and high-quality stainless steel knobs na oficjalnej stronie Teka Polska","og_url":"https:\/\/www.home-kueppersbusch.com\/pl-pl\/product\/kmi9850-0sr_122500019\/","og_site_name":"K\u00fcppersbusch Polska","twitter_card":"summary_large_image","schema":{"@context":"https:\/\/schema.org","@graph":[{"@type":"WebPage","@id":"https:\/\/www.home-kueppersbusch.com\/pl-pl\/product\/kmi9850-0sr_122500019\/","url":"https:\/\/www.home-kueppersbusch.com\/pl-pl\/product\/kmi9850-0sr_122500019\/","name":"KMI9850.0SR | K\u00fcppersbusch Polska","isPartOf":{"@id":"https:\/\/www.home-kueppersbusch.com\/pl-pl\/#website"},"datePublished":"2026-04-25T09:23:55+00:00","description":"Wszystkie informacje o 90 cm professional induction hob ventilation with Miradur\u00ae and high-quality stainless steel knobs na oficjalnej stronie Teka Polska","inLanguage":"pl-PL","potentialAction":[{"@type":"ReadAction","target":["https:\/\/www.home-kueppersbusch.com\/pl-pl\/product\/kmi9850-0sr_122500019\/"]}]},{"@type":"WebSite","@id":"https:\/\/www.home-kueppersbusch.com\/pl-pl\/#website","url":"https:\/\/www.home-kueppersbusch.com\/pl-pl\/","name":"K\u00fcppersbusch Polska","description":"","potentialAction":[{"@type":"SearchAction","target":{"@type":"EntryPoint","urlTemplate":"https:\/\/www.home-kueppersbusch.com\/pl-pl\/?s={search_term_string}"},"query-input":{"@type":"PropertyValueSpecification","valueRequired":true,"valueName":"search_term_string"}}],"inLanguage":"pl-PL"}]}},"_links":{"self":[{"href":"https:\/\/www.home-kueppersbusch.com\/pl-pl\/wp-json\/wp\/v2\/product\/73539","targetHints":{"allow":["GET"]}}],"collection":[{"href":"https:\/\/www.home-kueppersbusch.com\/pl-pl\/wp-json\/wp\/v2\/product"}],"about":[{"href":"https:\/\/www.home-kueppersbusch.com\/pl-pl\/wp-json\/wp\/v2\/types\/product"}],"wp:attachment":[{"href":"https:\/\/www.home-kueppersbusch.com\/pl-pl\/wp-json\/wp\/v2\/media?parent=73539"}],"wp:term":[{"taxonomy":"product_cat","embeddable":true,"href":"https:\/\/www.home-kueppersbusch.com\/pl-pl\/wp-json\/wp\/v2\/product_cat?post=73539"},{"taxonomy":"product_edition","embeddable":true,"href":"https:\/\/www.home-kueppersbusch.com\/pl-pl\/wp-json\/wp\/v2\/product_edition?post=73539"},{"taxonomy":"product_energy_efficiency","embeddable":true,"href":"https:\/\/www.home-kueppersbusch.com\/pl-pl\/wp-json\/wp\/v2\/product_energy_efficiency?post=73539"}],"curies":[{"name":"wp","href":"https:\/\/api.w.org\/{rel}","templated":true}]}}