{"id":73501,"date":"2026-04-25T09:23:42","date_gmt":"2026-04-25T09:23:42","guid":{"rendered":"https:\/\/www.home-kueppersbusch.com\/pl-pl\/product\/fkf4800-0i_123460006\/"},"modified":"2026-03-28T08:02:25","modified_gmt":"2026-03-28T09:02:25","slug":"fkf4800-0i_123460006","status":"publish","type":"product","link":"https:\/\/www.home-kueppersbusch.com\/pl-pl\/product\/fkf4800-0i_123460006\/","title":{"rendered":"FKF4800.0i"},"content":{"rendered":"<ul>\n<li>Pojemno\u015b\u0107 u\u017cytkowa: 181 l<\/li>\n<li>Elektroniczny wy\u015bwietlacz temperatury<\/li>\n<li>Funkcje DeFrost, FastCooling<\/li>\n<li>Strefa \u00f6kofresh+ (0\u00b0C)<\/li>\n<li>Alarm d\u017awi\u0119kowy<\/li>\n<li>P\u00f3\u0142ki Vario, p\u00f3\u0142ki Vario+, szuflady Vario<\/li>\n<\/ul>\n","protected":false},"featured_media":0,"parent":0,"template":"","product_cat":[],"product_edition":[],"product_energy_efficiency":[],"class_list":["post-73501","product","type-product","status-publish","hentry","product_installation-do-zabudowy","product_lifestyle-k-series-8"],"acf":[],"yoast_head":"<!-- This site is optimized with the Yoast SEO plugin v27.2 - https:\/\/yoast.com\/product\/yoast-seo-wordpress\/ -->\n<title>FKF4800.0i | K\u00fcppersbusch Polska<\/title>\n<meta name=\"description\" content=\"Wszystkie informacje o Built-in Refrigerator with \u00f6kofresh + zone, 123 cm na oficjalnej stronie Teka Polska\" \/>\n<meta name=\"robots\" content=\"index, follow, max-snippet:-1, max-image-preview:large, max-video-preview:-1\" \/>\n<link rel=\"canonical\" href=\"https:\/\/www.home-kueppersbusch.com\/pl-pl\/product\/fkf4800-0i_123460006\/\" \/>\n<meta property=\"og:locale\" content=\"pl_PL\" \/>\n<meta property=\"og:type\" content=\"article\" \/>\n<meta property=\"og:title\" content=\"FKF4800.0i | K\u00fcppersbusch Polska\" \/>\n<meta property=\"og:description\" content=\"Wszystkie informacje o Built-in Refrigerator with \u00f6kofresh + zone, 123 cm na oficjalnej stronie Teka Polska\" \/>\n<meta property=\"og:url\" content=\"https:\/\/www.home-kueppersbusch.com\/pl-pl\/product\/fkf4800-0i_123460006\/\" \/>\n<meta property=\"og:site_name\" content=\"K\u00fcppersbusch Polska\" \/>\n<meta name=\"twitter:card\" content=\"summary_large_image\" \/>\n<script type=\"application\/ld+json\" class=\"yoast-schema-graph\">{\"@context\":\"https:\/\/schema.org\",\"@graph\":[{\"@type\":\"WebPage\",\"@id\":\"https:\/\/www.home-kueppersbusch.com\/pl-pl\/product\/fkf4800-0i_123460006\/\",\"url\":\"https:\/\/www.home-kueppersbusch.com\/pl-pl\/product\/fkf4800-0i_123460006\/\",\"name\":\"FKF4800.0i | K\u00fcppersbusch Polska\",\"isPartOf\":{\"@id\":\"https:\/\/www.home-kueppersbusch.com\/pl-pl\/#website\"},\"datePublished\":\"2026-04-25T09:23:42+00:00\",\"description\":\"Wszystkie informacje o Built-in Refrigerator with \u00f6kofresh + zone, 123 cm na oficjalnej stronie Teka Polska\",\"inLanguage\":\"pl-PL\",\"potentialAction\":[{\"@type\":\"ReadAction\",\"target\":[\"https:\/\/www.home-kueppersbusch.com\/pl-pl\/product\/fkf4800-0i_123460006\/\"]}]},{\"@type\":\"WebSite\",\"@id\":\"https:\/\/www.home-kueppersbusch.com\/pl-pl\/#website\",\"url\":\"https:\/\/www.home-kueppersbusch.com\/pl-pl\/\",\"name\":\"K\u00fcppersbusch Polska\",\"description\":\"\",\"potentialAction\":[{\"@type\":\"SearchAction\",\"target\":{\"@type\":\"EntryPoint\",\"urlTemplate\":\"https:\/\/www.home-kueppersbusch.com\/pl-pl\/?s={search_term_string}\"},\"query-input\":{\"@type\":\"PropertyValueSpecification\",\"valueRequired\":true,\"valueName\":\"search_term_string\"}}],\"inLanguage\":\"pl-PL\"}]}<\/script>\n<!-- \/ Yoast SEO plugin. -->","yoast_head_json":{"title":"FKF4800.0i | K\u00fcppersbusch Polska","description":"Wszystkie informacje o Built-in Refrigerator with \u00f6kofresh + zone, 123 cm na oficjalnej stronie Teka Polska","robots":{"index":"index","follow":"follow","max-snippet":"max-snippet:-1","max-image-preview":"max-image-preview:large","max-video-preview":"max-video-preview:-1"},"canonical":"https:\/\/www.home-kueppersbusch.com\/pl-pl\/product\/fkf4800-0i_123460006\/","og_locale":"pl_PL","og_type":"article","og_title":"FKF4800.0i | K\u00fcppersbusch Polska","og_description":"Wszystkie informacje o Built-in Refrigerator with \u00f6kofresh + zone, 123 cm na oficjalnej stronie Teka Polska","og_url":"https:\/\/www.home-kueppersbusch.com\/pl-pl\/product\/fkf4800-0i_123460006\/","og_site_name":"K\u00fcppersbusch Polska","twitter_card":"summary_large_image","schema":{"@context":"https:\/\/schema.org","@graph":[{"@type":"WebPage","@id":"https:\/\/www.home-kueppersbusch.com\/pl-pl\/product\/fkf4800-0i_123460006\/","url":"https:\/\/www.home-kueppersbusch.com\/pl-pl\/product\/fkf4800-0i_123460006\/","name":"FKF4800.0i | K\u00fcppersbusch Polska","isPartOf":{"@id":"https:\/\/www.home-kueppersbusch.com\/pl-pl\/#website"},"datePublished":"2026-04-25T09:23:42+00:00","description":"Wszystkie informacje o Built-in Refrigerator with \u00f6kofresh + zone, 123 cm na oficjalnej stronie Teka Polska","inLanguage":"pl-PL","potentialAction":[{"@type":"ReadAction","target":["https:\/\/www.home-kueppersbusch.com\/pl-pl\/product\/fkf4800-0i_123460006\/"]}]},{"@type":"WebSite","@id":"https:\/\/www.home-kueppersbusch.com\/pl-pl\/#website","url":"https:\/\/www.home-kueppersbusch.com\/pl-pl\/","name":"K\u00fcppersbusch Polska","description":"","potentialAction":[{"@type":"SearchAction","target":{"@type":"EntryPoint","urlTemplate":"https:\/\/www.home-kueppersbusch.com\/pl-pl\/?s={search_term_string}"},"query-input":{"@type":"PropertyValueSpecification","valueRequired":true,"valueName":"search_term_string"}}],"inLanguage":"pl-PL"}]}},"_links":{"self":[{"href":"https:\/\/www.home-kueppersbusch.com\/pl-pl\/wp-json\/wp\/v2\/product\/73501","targetHints":{"allow":["GET"]}}],"collection":[{"href":"https:\/\/www.home-kueppersbusch.com\/pl-pl\/wp-json\/wp\/v2\/product"}],"about":[{"href":"https:\/\/www.home-kueppersbusch.com\/pl-pl\/wp-json\/wp\/v2\/types\/product"}],"wp:attachment":[{"href":"https:\/\/www.home-kueppersbusch.com\/pl-pl\/wp-json\/wp\/v2\/media?parent=73501"}],"wp:term":[{"taxonomy":"product_cat","embeddable":true,"href":"https:\/\/www.home-kueppersbusch.com\/pl-pl\/wp-json\/wp\/v2\/product_cat?post=73501"},{"taxonomy":"product_edition","embeddable":true,"href":"https:\/\/www.home-kueppersbusch.com\/pl-pl\/wp-json\/wp\/v2\/product_edition?post=73501"},{"taxonomy":"product_energy_efficiency","embeddable":true,"href":"https:\/\/www.home-kueppersbusch.com\/pl-pl\/wp-json\/wp\/v2\/product_energy_efficiency?post=73501"}],"curies":[{"name":"wp","href":"https:\/\/api.w.org\/{rel}","templated":true}]}}