{"id":73477,"date":"2026-04-25T09:23:35","date_gmt":"2026-04-25T09:23:35","guid":{"rendered":"https:\/\/www.home-kueppersbusch.com\/pl-pl\/product\/kmi9850-0se_122500020\/"},"modified":"2026-04-13T02:30:32","modified_gmt":"2026-04-13T03:30:32","slug":"kmi9850-0se_122500020","status":"publish","type":"product","link":"https:\/\/www.home-kueppersbusch.com\/pl-pl\/product\/kmi9850-0se_122500020\/","title":{"rendered":"KMI9850.0SE"},"content":{"rendered":"<ul>\n<li>Funkcje p\u0142yty indukcyjnej:<\/li>\n<li>13 poziom\u00f3w mocy<\/li>\n<li>Sterowanie knobControl z wysokiej jako\u015bci pokr\u0119t\u0142ami aluminiowymi<\/li>\n<li>Funkcja Bridge: opcja po\u0142\u0105czenia dw\u00f3ch p\u00f3l grzewczych w jedno<\/li>\n<li>Automatyczny booster<\/li>\n<li>3 poziomy specjalne: rozpuszczanie, ok. 42\u00b0C, utrzymywanie ciep\u0142a, ok. 70\u00b0C, gotowanie makaronu, ok. 94\u00b0C<\/li>\n<\/ul>\n","protected":false},"featured_media":0,"parent":0,"template":"","product_cat":[9069],"product_edition":[],"product_energy_efficiency":[10073],"class_list":["post-73477","product","type-product","status-publish","hentry","finishes-10684","finishes-10685","finishes-10686","finishes-10687","finishes-10688","finishes-10689","product_cat-plyta-indukcyjna-z-wbudowanym-pochlaniaczem","color-black","product_lifestyle-k-series-8","usp-kph-hobs-03","product_energy_efficiency-a-icon"],"acf":[],"yoast_head":"<!-- This site is optimized with the Yoast SEO plugin v27.5 - https:\/\/yoast.com\/product\/yoast-seo-wordpress\/ -->\n<title>KMI9850.0SE | K\u00fcppersbusch Polska<\/title>\n<meta name=\"description\" content=\"Wszystkie informacje o Induction hob with integrated Downdraft hood and knob control, 90 cm na oficjalnej stronie Teka Polska\" \/>\n<meta name=\"robots\" content=\"index, follow, max-snippet:-1, max-image-preview:large, max-video-preview:-1\" \/>\n<link rel=\"canonical\" href=\"https:\/\/www.home-kueppersbusch.com\/pl-pl\/product\/kmi9850-0se_122500020\/\" \/>\n<meta property=\"og:locale\" content=\"pl_PL\" \/>\n<meta property=\"og:type\" content=\"article\" \/>\n<meta property=\"og:title\" content=\"KMI9850.0SE | K\u00fcppersbusch Polska\" \/>\n<meta property=\"og:description\" content=\"Wszystkie informacje o Induction hob with integrated Downdraft hood and knob control, 90 cm na oficjalnej stronie Teka Polska\" \/>\n<meta property=\"og:url\" content=\"https:\/\/www.home-kueppersbusch.com\/pl-pl\/product\/kmi9850-0se_122500020\/\" \/>\n<meta property=\"og:site_name\" content=\"K\u00fcppersbusch Polska\" \/>\n<meta name=\"twitter:card\" content=\"summary_large_image\" \/>\n<script type=\"application\/ld+json\" class=\"yoast-schema-graph\">{\"@context\":\"https:\\\/\\\/schema.org\",\"@graph\":[{\"@type\":\"WebPage\",\"@id\":\"https:\\\/\\\/www.home-kueppersbusch.com\\\/pl-pl\\\/product\\\/kmi9850-0se_122500020\\\/\",\"url\":\"https:\\\/\\\/www.home-kueppersbusch.com\\\/pl-pl\\\/product\\\/kmi9850-0se_122500020\\\/\",\"name\":\"KMI9850.0SE | K\u00fcppersbusch Polska\",\"isPartOf\":{\"@id\":\"https:\\\/\\\/www.home-kueppersbusch.com\\\/pl-pl\\\/#website\"},\"datePublished\":\"2026-04-25T09:23:35+00:00\",\"description\":\"Wszystkie informacje o Induction hob with integrated Downdraft hood and knob control, 90 cm na oficjalnej stronie Teka Polska\",\"inLanguage\":\"pl-PL\",\"potentialAction\":[{\"@type\":\"ReadAction\",\"target\":[\"https:\\\/\\\/www.home-kueppersbusch.com\\\/pl-pl\\\/product\\\/kmi9850-0se_122500020\\\/\"]}]},{\"@type\":\"WebSite\",\"@id\":\"https:\\\/\\\/www.home-kueppersbusch.com\\\/pl-pl\\\/#website\",\"url\":\"https:\\\/\\\/www.home-kueppersbusch.com\\\/pl-pl\\\/\",\"name\":\"K\u00fcppersbusch Polska\",\"description\":\"\",\"potentialAction\":[{\"@type\":\"SearchAction\",\"target\":{\"@type\":\"EntryPoint\",\"urlTemplate\":\"https:\\\/\\\/www.home-kueppersbusch.com\\\/pl-pl\\\/?s={search_term_string}\"},\"query-input\":{\"@type\":\"PropertyValueSpecification\",\"valueRequired\":true,\"valueName\":\"search_term_string\"}}],\"inLanguage\":\"pl-PL\"}]}<\/script>\n<!-- \/ Yoast SEO plugin. -->","yoast_head_json":{"title":"KMI9850.0SE | K\u00fcppersbusch Polska","description":"Wszystkie informacje o Induction hob with integrated Downdraft hood and knob control, 90 cm na oficjalnej stronie Teka Polska","robots":{"index":"index","follow":"follow","max-snippet":"max-snippet:-1","max-image-preview":"max-image-preview:large","max-video-preview":"max-video-preview:-1"},"canonical":"https:\/\/www.home-kueppersbusch.com\/pl-pl\/product\/kmi9850-0se_122500020\/","og_locale":"pl_PL","og_type":"article","og_title":"KMI9850.0SE | K\u00fcppersbusch Polska","og_description":"Wszystkie informacje o Induction hob with integrated Downdraft hood and knob control, 90 cm na oficjalnej stronie Teka Polska","og_url":"https:\/\/www.home-kueppersbusch.com\/pl-pl\/product\/kmi9850-0se_122500020\/","og_site_name":"K\u00fcppersbusch Polska","twitter_card":"summary_large_image","schema":{"@context":"https:\/\/schema.org","@graph":[{"@type":"WebPage","@id":"https:\/\/www.home-kueppersbusch.com\/pl-pl\/product\/kmi9850-0se_122500020\/","url":"https:\/\/www.home-kueppersbusch.com\/pl-pl\/product\/kmi9850-0se_122500020\/","name":"KMI9850.0SE | K\u00fcppersbusch Polska","isPartOf":{"@id":"https:\/\/www.home-kueppersbusch.com\/pl-pl\/#website"},"datePublished":"2026-04-25T09:23:35+00:00","description":"Wszystkie informacje o Induction hob with integrated Downdraft hood and knob control, 90 cm na oficjalnej stronie Teka Polska","inLanguage":"pl-PL","potentialAction":[{"@type":"ReadAction","target":["https:\/\/www.home-kueppersbusch.com\/pl-pl\/product\/kmi9850-0se_122500020\/"]}]},{"@type":"WebSite","@id":"https:\/\/www.home-kueppersbusch.com\/pl-pl\/#website","url":"https:\/\/www.home-kueppersbusch.com\/pl-pl\/","name":"K\u00fcppersbusch Polska","description":"","potentialAction":[{"@type":"SearchAction","target":{"@type":"EntryPoint","urlTemplate":"https:\/\/www.home-kueppersbusch.com\/pl-pl\/?s={search_term_string}"},"query-input":{"@type":"PropertyValueSpecification","valueRequired":true,"valueName":"search_term_string"}}],"inLanguage":"pl-PL"}]}},"_links":{"self":[{"href":"https:\/\/www.home-kueppersbusch.com\/pl-pl\/wp-json\/wp\/v2\/product\/73477","targetHints":{"allow":["GET"]}}],"collection":[{"href":"https:\/\/www.home-kueppersbusch.com\/pl-pl\/wp-json\/wp\/v2\/product"}],"about":[{"href":"https:\/\/www.home-kueppersbusch.com\/pl-pl\/wp-json\/wp\/v2\/types\/product"}],"wp:attachment":[{"href":"https:\/\/www.home-kueppersbusch.com\/pl-pl\/wp-json\/wp\/v2\/media?parent=73477"}],"wp:term":[{"taxonomy":"product_cat","embeddable":true,"href":"https:\/\/www.home-kueppersbusch.com\/pl-pl\/wp-json\/wp\/v2\/product_cat?post=73477"},{"taxonomy":"product_edition","embeddable":true,"href":"https:\/\/www.home-kueppersbusch.com\/pl-pl\/wp-json\/wp\/v2\/product_edition?post=73477"},{"taxonomy":"product_energy_efficiency","embeddable":true,"href":"https:\/\/www.home-kueppersbusch.com\/pl-pl\/wp-json\/wp\/v2\/product_energy_efficiency?post=73477"}],"curies":[{"name":"wp","href":"https:\/\/api.w.org\/{rel}","templated":true}]}}