{"id":73476,"date":"2026-04-25T09:23:35","date_gmt":"2026-04-25T09:23:35","guid":{"rendered":"https:\/\/www.home-kueppersbusch.com\/pl-pl\/product\/csw6800-0_121600001\/"},"modified":"2026-03-28T08:02:10","modified_gmt":"2026-03-28T09:02:10","slug":"csw6800-0_121600001","status":"publish","type":"product","link":"https:\/\/www.home-kueppersbusch.com\/pl-pl\/product\/csw6800-0_121600001\/","title":{"rendered":"CSW6800.0"},"content":{"rendered":"<ul>\n<li>Idealne uzupe\u0142nienie do urz\u0105dzenia o wysoko\u015bci 45cm do zabudowy w niszy 59cm<\/li>\n<li>Mo\u017cliwo\u015b\u0107 monta\u017cu szklanego frontu lub pasuj\u0105cego do mebli<\/li>\n<li>Elektroniczna kontrola temperatury &#8211; 30-80\u00b0C dzi\u0119ki sensorom dotykowym<\/li>\n<li>Timer (czas podgrzewania, koniec czasu podgrzewania) z czerwonym wy\u015bwietlaczem<\/li>\n<li>Funkcja Sleep (4 godziny)<\/li>\n<li>Cena nie obejmuje wyko\u0144czenia (listwy, uchwyty)<\/li>\n<\/ul>\n","protected":false},"featured_media":0,"parent":0,"template":"","product_cat":[9085],"product_edition":[],"product_energy_efficiency":[],"class_list":["post-73476","product","type-product","status-publish","hentry","finishes-10676","finishes-10677","finishes-10678","finishes-10679","finishes-10680","finishes-10681","finishes-10682","finishes-10683","product_cat-szuflady-grzewcze","color-srebrny","product_lifestyle-k-series-8"],"acf":[],"yoast_head":"<!-- This site is optimized with the Yoast SEO plugin v27.5 - https:\/\/yoast.com\/product\/yoast-seo-wordpress\/ -->\n<title>CSW6800.0 | K\u00fcppersbusch Polska<\/title>\n<meta name=\"description\" content=\"Wszystkie informacje o Warming drawer with infinitely variable temperature control and timer na oficjalnej stronie Teka Polska\" \/>\n<meta name=\"robots\" content=\"index, follow, max-snippet:-1, max-image-preview:large, max-video-preview:-1\" \/>\n<link rel=\"canonical\" href=\"https:\/\/www.home-kueppersbusch.com\/pl-pl\/product\/csw6800-0_121600001\/\" \/>\n<meta property=\"og:locale\" content=\"pl_PL\" \/>\n<meta property=\"og:type\" content=\"article\" \/>\n<meta property=\"og:title\" content=\"CSW6800.0 | K\u00fcppersbusch Polska\" \/>\n<meta property=\"og:description\" content=\"Wszystkie informacje o Warming drawer with infinitely variable temperature control and timer na oficjalnej stronie Teka Polska\" \/>\n<meta property=\"og:url\" content=\"https:\/\/www.home-kueppersbusch.com\/pl-pl\/product\/csw6800-0_121600001\/\" \/>\n<meta property=\"og:site_name\" content=\"K\u00fcppersbusch Polska\" \/>\n<meta name=\"twitter:card\" content=\"summary_large_image\" \/>\n<script type=\"application\/ld+json\" class=\"yoast-schema-graph\">{\"@context\":\"https:\\\/\\\/schema.org\",\"@graph\":[{\"@type\":\"WebPage\",\"@id\":\"https:\\\/\\\/www.home-kueppersbusch.com\\\/pl-pl\\\/product\\\/csw6800-0_121600001\\\/\",\"url\":\"https:\\\/\\\/www.home-kueppersbusch.com\\\/pl-pl\\\/product\\\/csw6800-0_121600001\\\/\",\"name\":\"CSW6800.0 | K\u00fcppersbusch Polska\",\"isPartOf\":{\"@id\":\"https:\\\/\\\/www.home-kueppersbusch.com\\\/pl-pl\\\/#website\"},\"datePublished\":\"2026-04-25T09:23:35+00:00\",\"description\":\"Wszystkie informacje o Warming drawer with infinitely variable temperature control and timer na oficjalnej stronie Teka Polska\",\"inLanguage\":\"pl-PL\",\"potentialAction\":[{\"@type\":\"ReadAction\",\"target\":[\"https:\\\/\\\/www.home-kueppersbusch.com\\\/pl-pl\\\/product\\\/csw6800-0_121600001\\\/\"]}]},{\"@type\":\"WebSite\",\"@id\":\"https:\\\/\\\/www.home-kueppersbusch.com\\\/pl-pl\\\/#website\",\"url\":\"https:\\\/\\\/www.home-kueppersbusch.com\\\/pl-pl\\\/\",\"name\":\"K\u00fcppersbusch Polska\",\"description\":\"\",\"potentialAction\":[{\"@type\":\"SearchAction\",\"target\":{\"@type\":\"EntryPoint\",\"urlTemplate\":\"https:\\\/\\\/www.home-kueppersbusch.com\\\/pl-pl\\\/?s={search_term_string}\"},\"query-input\":{\"@type\":\"PropertyValueSpecification\",\"valueRequired\":true,\"valueName\":\"search_term_string\"}}],\"inLanguage\":\"pl-PL\"}]}<\/script>\n<!-- \/ Yoast SEO plugin. -->","yoast_head_json":{"title":"CSW6800.0 | K\u00fcppersbusch Polska","description":"Wszystkie informacje o Warming drawer with infinitely variable temperature control and timer na oficjalnej stronie Teka Polska","robots":{"index":"index","follow":"follow","max-snippet":"max-snippet:-1","max-image-preview":"max-image-preview:large","max-video-preview":"max-video-preview:-1"},"canonical":"https:\/\/www.home-kueppersbusch.com\/pl-pl\/product\/csw6800-0_121600001\/","og_locale":"pl_PL","og_type":"article","og_title":"CSW6800.0 | K\u00fcppersbusch Polska","og_description":"Wszystkie informacje o Warming drawer with infinitely variable temperature control and timer na oficjalnej stronie Teka Polska","og_url":"https:\/\/www.home-kueppersbusch.com\/pl-pl\/product\/csw6800-0_121600001\/","og_site_name":"K\u00fcppersbusch Polska","twitter_card":"summary_large_image","schema":{"@context":"https:\/\/schema.org","@graph":[{"@type":"WebPage","@id":"https:\/\/www.home-kueppersbusch.com\/pl-pl\/product\/csw6800-0_121600001\/","url":"https:\/\/www.home-kueppersbusch.com\/pl-pl\/product\/csw6800-0_121600001\/","name":"CSW6800.0 | K\u00fcppersbusch Polska","isPartOf":{"@id":"https:\/\/www.home-kueppersbusch.com\/pl-pl\/#website"},"datePublished":"2026-04-25T09:23:35+00:00","description":"Wszystkie informacje o Warming drawer with infinitely variable temperature control and timer na oficjalnej stronie Teka Polska","inLanguage":"pl-PL","potentialAction":[{"@type":"ReadAction","target":["https:\/\/www.home-kueppersbusch.com\/pl-pl\/product\/csw6800-0_121600001\/"]}]},{"@type":"WebSite","@id":"https:\/\/www.home-kueppersbusch.com\/pl-pl\/#website","url":"https:\/\/www.home-kueppersbusch.com\/pl-pl\/","name":"K\u00fcppersbusch Polska","description":"","potentialAction":[{"@type":"SearchAction","target":{"@type":"EntryPoint","urlTemplate":"https:\/\/www.home-kueppersbusch.com\/pl-pl\/?s={search_term_string}"},"query-input":{"@type":"PropertyValueSpecification","valueRequired":true,"valueName":"search_term_string"}}],"inLanguage":"pl-PL"}]}},"_links":{"self":[{"href":"https:\/\/www.home-kueppersbusch.com\/pl-pl\/wp-json\/wp\/v2\/product\/73476","targetHints":{"allow":["GET"]}}],"collection":[{"href":"https:\/\/www.home-kueppersbusch.com\/pl-pl\/wp-json\/wp\/v2\/product"}],"about":[{"href":"https:\/\/www.home-kueppersbusch.com\/pl-pl\/wp-json\/wp\/v2\/types\/product"}],"wp:attachment":[{"href":"https:\/\/www.home-kueppersbusch.com\/pl-pl\/wp-json\/wp\/v2\/media?parent=73476"}],"wp:term":[{"taxonomy":"product_cat","embeddable":true,"href":"https:\/\/www.home-kueppersbusch.com\/pl-pl\/wp-json\/wp\/v2\/product_cat?post=73476"},{"taxonomy":"product_edition","embeddable":true,"href":"https:\/\/www.home-kueppersbusch.com\/pl-pl\/wp-json\/wp\/v2\/product_edition?post=73476"},{"taxonomy":"product_energy_efficiency","embeddable":true,"href":"https:\/\/www.home-kueppersbusch.com\/pl-pl\/wp-json\/wp\/v2\/product_energy_efficiency?post=73476"}],"curies":[{"name":"wp","href":"https:\/\/api.w.org\/{rel}","templated":true}]}}