{"id":106012,"date":"2026-04-13T16:44:55","date_gmt":"2026-04-13T16:44:55","guid":{"rendered":"https:\/\/teka.com\/en-int\/t6810-0w_124060001"},"modified":"2026-04-13T02:30:40","modified_gmt":"2026-04-13T03:30:40","slug":"t6810-0w_124060001","status":"publish","type":"product","link":"https:\/\/www.home-kueppersbusch.com\/nl-nl\/product\/t6810-0w_124060001\/","title":{"rendered":"T6810.0W"},"content":{"rendered":"<ul>\n<li>Maximale capaciteit dankzij 10 kg capaciteit<\/li>\n<li>Alle informatie in \u00e9\u00e9n oogopslag met directe toegang dankzij LED-display met statusindicator<\/li>\n<li>Ondersteuning voor de juiste instelling dankzij talloze programma&#8217;s<\/li>\n<li>Professionele resultaten dankzij de speciale hygi\u00ebne- en antikreukfuncties<\/li>\n<li>Drogen op elk gewenst moment met tijdvoorkeuze<\/li>\n<\/ul>\n","protected":false},"featured_media":0,"parent":0,"template":"","product_cat":[9048],"product_edition":[],"product_energy_efficiency":[],"class_list":["post-106012","product","type-product","status-publish","hentry","product_cat-wasdrogers","color-white","product_installation-vrijstaand","product_lifestyle-k-series-8"],"acf":[],"yoast_head":"<!-- This site is optimized with the Yoast SEO plugin v27.2 - https:\/\/yoast.com\/product\/yoast-seo-wordpress\/ -->\n<title>T6810.0W | K\u00fcppersbusch Nederland<\/title>\n<meta name=\"robots\" content=\"index, follow, max-snippet:-1, max-image-preview:large, max-video-preview:-1\" \/>\n<link rel=\"canonical\" href=\"https:\/\/www.home-kueppersbusch.com\/nl-nl\/product\/t6810-0w_124060001\/\" \/>\n<meta property=\"og:locale\" content=\"nl_NL\" \/>\n<meta property=\"og:type\" content=\"article\" \/>\n<meta property=\"og:title\" content=\"T6810.0W | K\u00fcppersbusch Nederland\" \/>\n<meta property=\"og:description\" content=\"Maximale capaciteit dankzij 10 kg capaciteit Alle informatie in \u00e9\u00e9n oogopslag met directe toegang dankzij LED-display met statusindicator Ondersteuning voor de juiste instelling dankzij talloze programma&#8217;s Professionele resultaten dankzij de speciale hygi\u00ebne- en antikreukfuncties Drogen op elk gewenst moment met tijdvoorkeuze\" \/>\n<meta property=\"og:url\" content=\"https:\/\/www.home-kueppersbusch.com\/nl-nl\/product\/t6810-0w_124060001\/\" \/>\n<meta property=\"og:site_name\" content=\"K\u00fcppersbusch Nederland\" \/>\n<meta name=\"twitter:card\" content=\"summary_large_image\" \/>\n<script type=\"application\/ld+json\" class=\"yoast-schema-graph\">{\"@context\":\"https:\/\/schema.org\",\"@graph\":[{\"@type\":\"WebPage\",\"@id\":\"https:\/\/www.home-kueppersbusch.com\/nl-nl\/product\/t6810-0w_124060001\/\",\"url\":\"https:\/\/www.home-kueppersbusch.com\/nl-nl\/product\/t6810-0w_124060001\/\",\"name\":\"T6810.0W | K\u00fcppersbusch Nederland\",\"isPartOf\":{\"@id\":\"https:\/\/www.home-kueppersbusch.com\/nl-nl\/#website\"},\"datePublished\":\"2026-04-13T16:44:55+00:00\",\"inLanguage\":\"nl-NL\",\"potentialAction\":[{\"@type\":\"ReadAction\",\"target\":[\"https:\/\/www.home-kueppersbusch.com\/nl-nl\/product\/t6810-0w_124060001\/\"]}]},{\"@type\":\"WebSite\",\"@id\":\"https:\/\/www.home-kueppersbusch.com\/nl-nl\/#website\",\"url\":\"https:\/\/www.home-kueppersbusch.com\/nl-nl\/\",\"name\":\"K\u00fcppersbusch Nederland\",\"description\":\"\",\"potentialAction\":[{\"@type\":\"SearchAction\",\"target\":{\"@type\":\"EntryPoint\",\"urlTemplate\":\"https:\/\/www.home-kueppersbusch.com\/nl-nl\/?s={search_term_string}\"},\"query-input\":{\"@type\":\"PropertyValueSpecification\",\"valueRequired\":true,\"valueName\":\"search_term_string\"}}],\"inLanguage\":\"nl-NL\"}]}<\/script>\n<!-- \/ Yoast SEO plugin. -->","yoast_head_json":{"title":"T6810.0W | K\u00fcppersbusch Nederland","robots":{"index":"index","follow":"follow","max-snippet":"max-snippet:-1","max-image-preview":"max-image-preview:large","max-video-preview":"max-video-preview:-1"},"canonical":"https:\/\/www.home-kueppersbusch.com\/nl-nl\/product\/t6810-0w_124060001\/","og_locale":"nl_NL","og_type":"article","og_title":"T6810.0W | K\u00fcppersbusch Nederland","og_description":"Maximale capaciteit dankzij 10 kg capaciteit Alle informatie in \u00e9\u00e9n oogopslag met directe toegang dankzij LED-display met statusindicator Ondersteuning voor de juiste instelling dankzij talloze programma&#8217;s Professionele resultaten dankzij de speciale hygi\u00ebne- en antikreukfuncties Drogen op elk gewenst moment met tijdvoorkeuze","og_url":"https:\/\/www.home-kueppersbusch.com\/nl-nl\/product\/t6810-0w_124060001\/","og_site_name":"K\u00fcppersbusch Nederland","twitter_card":"summary_large_image","schema":{"@context":"https:\/\/schema.org","@graph":[{"@type":"WebPage","@id":"https:\/\/www.home-kueppersbusch.com\/nl-nl\/product\/t6810-0w_124060001\/","url":"https:\/\/www.home-kueppersbusch.com\/nl-nl\/product\/t6810-0w_124060001\/","name":"T6810.0W | K\u00fcppersbusch Nederland","isPartOf":{"@id":"https:\/\/www.home-kueppersbusch.com\/nl-nl\/#website"},"datePublished":"2026-04-13T16:44:55+00:00","inLanguage":"nl-NL","potentialAction":[{"@type":"ReadAction","target":["https:\/\/www.home-kueppersbusch.com\/nl-nl\/product\/t6810-0w_124060001\/"]}]},{"@type":"WebSite","@id":"https:\/\/www.home-kueppersbusch.com\/nl-nl\/#website","url":"https:\/\/www.home-kueppersbusch.com\/nl-nl\/","name":"K\u00fcppersbusch Nederland","description":"","potentialAction":[{"@type":"SearchAction","target":{"@type":"EntryPoint","urlTemplate":"https:\/\/www.home-kueppersbusch.com\/nl-nl\/?s={search_term_string}"},"query-input":{"@type":"PropertyValueSpecification","valueRequired":true,"valueName":"search_term_string"}}],"inLanguage":"nl-NL"}]}},"_links":{"self":[{"href":"https:\/\/www.home-kueppersbusch.com\/nl-nl\/wp-json\/wp\/v2\/product\/106012","targetHints":{"allow":["GET"]}}],"collection":[{"href":"https:\/\/www.home-kueppersbusch.com\/nl-nl\/wp-json\/wp\/v2\/product"}],"about":[{"href":"https:\/\/www.home-kueppersbusch.com\/nl-nl\/wp-json\/wp\/v2\/types\/product"}],"wp:attachment":[{"href":"https:\/\/www.home-kueppersbusch.com\/nl-nl\/wp-json\/wp\/v2\/media?parent=106012"}],"wp:term":[{"taxonomy":"product_cat","embeddable":true,"href":"https:\/\/www.home-kueppersbusch.com\/nl-nl\/wp-json\/wp\/v2\/product_cat?post=106012"},{"taxonomy":"product_edition","embeddable":true,"href":"https:\/\/www.home-kueppersbusch.com\/nl-nl\/wp-json\/wp\/v2\/product_edition?post=106012"},{"taxonomy":"product_energy_efficiency","embeddable":true,"href":"https:\/\/www.home-kueppersbusch.com\/nl-nl\/wp-json\/wp\/v2\/product_energy_efficiency?post=106012"}],"curies":[{"name":"wp","href":"https:\/\/api.w.org\/{rel}","templated":true}]}}