{"id":106009,"date":"2026-04-25T09:25:34","date_gmt":"2026-04-25T09:25:34","guid":{"rendered":"https:\/\/teka.com\/en-int\/wt6508-0v_124030002"},"modified":"2026-03-28T08:06:26","modified_gmt":"2026-03-28T09:06:26","slug":"wt6508-0v_124030002","status":"publish","type":"product","link":"https:\/\/www.home-kueppersbusch.com\/nl-nl\/product\/wt6508-0v_124030002\/","title":{"rendered":"WT6508.0v"},"content":{"rendered":"<ul>\n<li>Maximale capaciteit dankzij 8 kg capaciteit<\/li>\n<li>Alle informatie in \u00e9\u00e9n oogopslag met directe toegang dankzij LED-display met statusindicator<\/li>\n<li>Ondersteuning voor de juiste instelling dankzij talrijke programma&#8217;s<\/li>\n<li>Drogen op elk gewenst moment met tijdinstelling<\/li>\n<\/ul>\n","protected":false},"featured_media":0,"parent":0,"template":"","product_cat":[],"product_edition":[],"product_energy_efficiency":[],"class_list":["post-106009","product","type-product","status-publish","hentry"],"acf":[],"yoast_head":"<!-- This site is optimized with the Yoast SEO plugin v27.5 - https:\/\/yoast.com\/product\/yoast-seo-wordpress\/ -->\n<title>WT6508.0v | K\u00fcppersbusch Nederland<\/title>\n<meta name=\"robots\" content=\"index, follow, max-snippet:-1, max-image-preview:large, max-video-preview:-1\" \/>\n<link rel=\"canonical\" href=\"https:\/\/www.home-kueppersbusch.com\/nl-nl\/product\/wt6508-0v_124030002\/\" \/>\n<meta property=\"og:locale\" content=\"nl_NL\" \/>\n<meta property=\"og:type\" content=\"article\" \/>\n<meta property=\"og:title\" content=\"WT6508.0v | K\u00fcppersbusch Nederland\" \/>\n<meta property=\"og:description\" content=\"Maximale capaciteit dankzij 8 kg capaciteit Alle informatie in \u00e9\u00e9n oogopslag met directe toegang dankzij LED-display met statusindicator Ondersteuning voor de juiste instelling dankzij talrijke programma&#8217;s Drogen op elk gewenst moment met tijdinstelling\" \/>\n<meta property=\"og:url\" content=\"https:\/\/www.home-kueppersbusch.com\/nl-nl\/product\/wt6508-0v_124030002\/\" \/>\n<meta property=\"og:site_name\" content=\"K\u00fcppersbusch Nederland\" \/>\n<meta name=\"twitter:card\" content=\"summary_large_image\" \/>\n<script type=\"application\/ld+json\" class=\"yoast-schema-graph\">{\"@context\":\"https:\\\/\\\/schema.org\",\"@graph\":[{\"@type\":\"WebPage\",\"@id\":\"https:\\\/\\\/www.home-kueppersbusch.com\\\/nl-nl\\\/product\\\/wt6508-0v_124030002\\\/\",\"url\":\"https:\\\/\\\/www.home-kueppersbusch.com\\\/nl-nl\\\/product\\\/wt6508-0v_124030002\\\/\",\"name\":\"WT6508.0v | K\u00fcppersbusch Nederland\",\"isPartOf\":{\"@id\":\"https:\\\/\\\/www.home-kueppersbusch.com\\\/nl-nl\\\/#website\"},\"datePublished\":\"2026-04-25T09:25:34+00:00\",\"inLanguage\":\"nl-NL\",\"potentialAction\":[{\"@type\":\"ReadAction\",\"target\":[\"https:\\\/\\\/www.home-kueppersbusch.com\\\/nl-nl\\\/product\\\/wt6508-0v_124030002\\\/\"]}]},{\"@type\":\"WebSite\",\"@id\":\"https:\\\/\\\/www.home-kueppersbusch.com\\\/nl-nl\\\/#website\",\"url\":\"https:\\\/\\\/www.home-kueppersbusch.com\\\/nl-nl\\\/\",\"name\":\"K\u00fcppersbusch Nederland\",\"description\":\"\",\"potentialAction\":[{\"@type\":\"SearchAction\",\"target\":{\"@type\":\"EntryPoint\",\"urlTemplate\":\"https:\\\/\\\/www.home-kueppersbusch.com\\\/nl-nl\\\/?s={search_term_string}\"},\"query-input\":{\"@type\":\"PropertyValueSpecification\",\"valueRequired\":true,\"valueName\":\"search_term_string\"}}],\"inLanguage\":\"nl-NL\"}]}<\/script>\n<!-- \/ Yoast SEO plugin. -->","yoast_head_json":{"title":"WT6508.0v | K\u00fcppersbusch Nederland","robots":{"index":"index","follow":"follow","max-snippet":"max-snippet:-1","max-image-preview":"max-image-preview:large","max-video-preview":"max-video-preview:-1"},"canonical":"https:\/\/www.home-kueppersbusch.com\/nl-nl\/product\/wt6508-0v_124030002\/","og_locale":"nl_NL","og_type":"article","og_title":"WT6508.0v | K\u00fcppersbusch Nederland","og_description":"Maximale capaciteit dankzij 8 kg capaciteit Alle informatie in \u00e9\u00e9n oogopslag met directe toegang dankzij LED-display met statusindicator Ondersteuning voor de juiste instelling dankzij talrijke programma&#8217;s Drogen op elk gewenst moment met tijdinstelling","og_url":"https:\/\/www.home-kueppersbusch.com\/nl-nl\/product\/wt6508-0v_124030002\/","og_site_name":"K\u00fcppersbusch Nederland","twitter_card":"summary_large_image","schema":{"@context":"https:\/\/schema.org","@graph":[{"@type":"WebPage","@id":"https:\/\/www.home-kueppersbusch.com\/nl-nl\/product\/wt6508-0v_124030002\/","url":"https:\/\/www.home-kueppersbusch.com\/nl-nl\/product\/wt6508-0v_124030002\/","name":"WT6508.0v | K\u00fcppersbusch Nederland","isPartOf":{"@id":"https:\/\/www.home-kueppersbusch.com\/nl-nl\/#website"},"datePublished":"2026-04-25T09:25:34+00:00","inLanguage":"nl-NL","potentialAction":[{"@type":"ReadAction","target":["https:\/\/www.home-kueppersbusch.com\/nl-nl\/product\/wt6508-0v_124030002\/"]}]},{"@type":"WebSite","@id":"https:\/\/www.home-kueppersbusch.com\/nl-nl\/#website","url":"https:\/\/www.home-kueppersbusch.com\/nl-nl\/","name":"K\u00fcppersbusch Nederland","description":"","potentialAction":[{"@type":"SearchAction","target":{"@type":"EntryPoint","urlTemplate":"https:\/\/www.home-kueppersbusch.com\/nl-nl\/?s={search_term_string}"},"query-input":{"@type":"PropertyValueSpecification","valueRequired":true,"valueName":"search_term_string"}}],"inLanguage":"nl-NL"}]}},"_links":{"self":[{"href":"https:\/\/www.home-kueppersbusch.com\/nl-nl\/wp-json\/wp\/v2\/product\/106009","targetHints":{"allow":["GET"]}}],"collection":[{"href":"https:\/\/www.home-kueppersbusch.com\/nl-nl\/wp-json\/wp\/v2\/product"}],"about":[{"href":"https:\/\/www.home-kueppersbusch.com\/nl-nl\/wp-json\/wp\/v2\/types\/product"}],"wp:attachment":[{"href":"https:\/\/www.home-kueppersbusch.com\/nl-nl\/wp-json\/wp\/v2\/media?parent=106009"}],"wp:term":[{"taxonomy":"product_cat","embeddable":true,"href":"https:\/\/www.home-kueppersbusch.com\/nl-nl\/wp-json\/wp\/v2\/product_cat?post=106009"},{"taxonomy":"product_edition","embeddable":true,"href":"https:\/\/www.home-kueppersbusch.com\/nl-nl\/wp-json\/wp\/v2\/product_edition?post=106009"},{"taxonomy":"product_energy_efficiency","embeddable":true,"href":"https:\/\/www.home-kueppersbusch.com\/nl-nl\/wp-json\/wp\/v2\/product_energy_efficiency?post=106009"}],"curies":[{"name":"wp","href":"https:\/\/api.w.org\/{rel}","templated":true}]}}