{"id":69912,"date":"2020-09-30T14:14:18","date_gmt":"2020-09-30T14:14:18","guid":{"rendered":"https:\/\/www.home-kueppersbusch.com\/nl-be\/?page_id=69912"},"modified":"2023-08-02T09:54:51","modified_gmt":"2023-08-02T09:54:51","slug":"geschiedenis","status":"publish","type":"page","link":"https:\/\/www.home-kueppersbusch.com\/nl-nl\/geschiedenis\/","title":{"rendered":"History"},"content":{"rendered":"<p>[et_pb_section fb_built=&#8221;1&#8243; theme_builder_area=&#8221;post_content&#8221; _builder_version=&#8221;4.21.0&#8243; _module_preset=&#8221;default&#8221;][\/et_pb_section]<\/p>\n","protected":false},"excerpt":{"rendered":"","protected":false},"author":68,"featured_media":0,"parent":0,"menu_order":0,"comment_status":"closed","ping_status":"closed","template":"tp-historia.php","meta":{"_acf_changed":false,"_et_pb_use_builder":"on","_et_pb_old_content":"","_et_gb_content_width":"","footnotes":""},"class_list":["post-69912","page","type-page","status-publish","hentry"],"acf":[],"yoast_head":"<!-- This site is optimized with the Yoast SEO plugin v27.5 - https:\/\/yoast.com\/product\/yoast-seo-wordpress\/ -->\n<title>Professionele keNederlandenpioniers sinds 1875 | K\u00fcppersbusch Nederland<\/title>\n<meta name=\"description\" content=\"Het K\u00fcppersbusch merk combineert het industri\u00eble erfgoed van stevige oorsprong met een tijdloos ontwerp en een stijlvolle individualiteit.\" \/>\n<meta name=\"robots\" content=\"index, follow, max-snippet:-1, max-image-preview:large, max-video-preview:-1\" \/>\n<link rel=\"canonical\" href=\"https:\/\/www.home-kueppersbusch.com\/nl-nl\/geschiedenis\/\" \/>\n<meta property=\"og:locale\" content=\"nl_NL\" \/>\n<meta property=\"og:type\" content=\"article\" \/>\n<meta property=\"og:title\" content=\"Professionele keNederlandenpioniers sinds 1875 | K\u00fcppersbusch Nederland\" \/>\n<meta property=\"og:description\" content=\"Het K\u00fcppersbusch merk combineert het industri\u00eble erfgoed van stevige oorsprong met een tijdloos ontwerp en een stijlvolle individualiteit.\" \/>\n<meta property=\"og:url\" content=\"https:\/\/www.home-kueppersbusch.com\/nl-nl\/geschiedenis\/\" \/>\n<meta property=\"og:site_name\" content=\"K\u00fcppersbusch Nederland\" \/>\n<meta property=\"article:modified_time\" content=\"2023-08-02T09:54:51+00:00\" \/>\n<meta name=\"twitter:card\" content=\"summary_large_image\" \/>\n<meta name=\"twitter:label1\" content=\"Geschatte leestijd\" \/>\n\t<meta name=\"twitter:data1\" content=\"1 minuut\" \/>\n<script type=\"application\/ld+json\" class=\"yoast-schema-graph\">{\"@context\":\"https:\\\/\\\/schema.org\",\"@graph\":[{\"@type\":\"WebPage\",\"@id\":\"https:\\\/\\\/www.home-kueppersbusch.com\\\/nl-nl\\\/geschiedenis\\\/\",\"url\":\"https:\\\/\\\/www.home-kueppersbusch.com\\\/nl-nl\\\/geschiedenis\\\/\",\"name\":\"Professionele keNederlandenpioniers sinds 1875 | K\u00fcppersbusch Nederland\",\"isPartOf\":{\"@id\":\"https:\\\/\\\/www.home-kueppersbusch.com\\\/nl-nl\\\/#website\"},\"datePublished\":\"2020-09-30T14:14:18+00:00\",\"dateModified\":\"2023-08-02T09:54:51+00:00\",\"description\":\"Het K\u00fcppersbusch merk combineert het industri\u00eble erfgoed van stevige oorsprong met een tijdloos ontwerp en een stijlvolle individualiteit.\",\"inLanguage\":\"nl-NL\",\"potentialAction\":[{\"@type\":\"ReadAction\",\"target\":[\"https:\\\/\\\/www.home-kueppersbusch.com\\\/nl-nl\\\/geschiedenis\\\/\"]}]},{\"@type\":\"WebSite\",\"@id\":\"https:\\\/\\\/www.home-kueppersbusch.com\\\/nl-nl\\\/#website\",\"url\":\"https:\\\/\\\/www.home-kueppersbusch.com\\\/nl-nl\\\/\",\"name\":\"K\u00fcppersbusch Nederland\",\"description\":\"\",\"potentialAction\":[{\"@type\":\"SearchAction\",\"target\":{\"@type\":\"EntryPoint\",\"urlTemplate\":\"https:\\\/\\\/www.home-kueppersbusch.com\\\/nl-nl\\\/?s={search_term_string}\"},\"query-input\":{\"@type\":\"PropertyValueSpecification\",\"valueRequired\":true,\"valueName\":\"search_term_string\"}}],\"inLanguage\":\"nl-NL\"}]}<\/script>\n<!-- \/ Yoast SEO plugin. -->","yoast_head_json":{"title":"Professionele keNederlandenpioniers sinds 1875 | K\u00fcppersbusch Nederland","description":"Het K\u00fcppersbusch merk combineert het industri\u00eble erfgoed van stevige oorsprong met een tijdloos ontwerp en een stijlvolle individualiteit.","robots":{"index":"index","follow":"follow","max-snippet":"max-snippet:-1","max-image-preview":"max-image-preview:large","max-video-preview":"max-video-preview:-1"},"canonical":"https:\/\/www.home-kueppersbusch.com\/nl-nl\/geschiedenis\/","og_locale":"nl_NL","og_type":"article","og_title":"Professionele keNederlandenpioniers sinds 1875 | K\u00fcppersbusch Nederland","og_description":"Het K\u00fcppersbusch merk combineert het industri\u00eble erfgoed van stevige oorsprong met een tijdloos ontwerp en een stijlvolle individualiteit.","og_url":"https:\/\/www.home-kueppersbusch.com\/nl-nl\/geschiedenis\/","og_site_name":"K\u00fcppersbusch Nederland","article_modified_time":"2023-08-02T09:54:51+00:00","twitter_card":"summary_large_image","twitter_misc":{"Geschatte leestijd":"1 minuut"},"schema":{"@context":"https:\/\/schema.org","@graph":[{"@type":"WebPage","@id":"https:\/\/www.home-kueppersbusch.com\/nl-nl\/geschiedenis\/","url":"https:\/\/www.home-kueppersbusch.com\/nl-nl\/geschiedenis\/","name":"Professionele keNederlandenpioniers sinds 1875 | K\u00fcppersbusch Nederland","isPartOf":{"@id":"https:\/\/www.home-kueppersbusch.com\/nl-nl\/#website"},"datePublished":"2020-09-30T14:14:18+00:00","dateModified":"2023-08-02T09:54:51+00:00","description":"Het K\u00fcppersbusch merk combineert het industri\u00eble erfgoed van stevige oorsprong met een tijdloos ontwerp en een stijlvolle individualiteit.","inLanguage":"nl-NL","potentialAction":[{"@type":"ReadAction","target":["https:\/\/www.home-kueppersbusch.com\/nl-nl\/geschiedenis\/"]}]},{"@type":"WebSite","@id":"https:\/\/www.home-kueppersbusch.com\/nl-nl\/#website","url":"https:\/\/www.home-kueppersbusch.com\/nl-nl\/","name":"K\u00fcppersbusch Nederland","description":"","potentialAction":[{"@type":"SearchAction","target":{"@type":"EntryPoint","urlTemplate":"https:\/\/www.home-kueppersbusch.com\/nl-nl\/?s={search_term_string}"},"query-input":{"@type":"PropertyValueSpecification","valueRequired":true,"valueName":"search_term_string"}}],"inLanguage":"nl-NL"}]}},"_links":{"self":[{"href":"https:\/\/www.home-kueppersbusch.com\/nl-nl\/wp-json\/wp\/v2\/pages\/69912","targetHints":{"allow":["GET"]}}],"collection":[{"href":"https:\/\/www.home-kueppersbusch.com\/nl-nl\/wp-json\/wp\/v2\/pages"}],"about":[{"href":"https:\/\/www.home-kueppersbusch.com\/nl-nl\/wp-json\/wp\/v2\/types\/page"}],"author":[{"embeddable":true,"href":"https:\/\/www.home-kueppersbusch.com\/nl-nl\/wp-json\/wp\/v2\/users\/68"}],"replies":[{"embeddable":true,"href":"https:\/\/www.home-kueppersbusch.com\/nl-nl\/wp-json\/wp\/v2\/comments?post=69912"}],"version-history":[{"count":20,"href":"https:\/\/www.home-kueppersbusch.com\/nl-nl\/wp-json\/wp\/v2\/pages\/69912\/revisions"}],"predecessor-version":[{"id":75002,"href":"https:\/\/www.home-kueppersbusch.com\/nl-nl\/wp-json\/wp\/v2\/pages\/69912\/revisions\/75002"}],"wp:attachment":[{"href":"https:\/\/www.home-kueppersbusch.com\/nl-nl\/wp-json\/wp\/v2\/media?parent=69912"}],"curies":[{"name":"wp","href":"https:\/\/api.w.org\/{rel}","templated":true}]}}