{"id":79098,"date":"2026-04-03T17:43:42","date_gmt":"2026-04-03T17:43:42","guid":{"rendered":"https:\/\/teka.com\/en-int\/cbm6550-0s_121160009"},"modified":"2026-03-28T08:08:14","modified_gmt":"2026-03-28T09:08:14","slug":"cbm6550-0s_121160009","status":"publish","type":"product","link":"https:\/\/www.home-kueppersbusch.com\/nl-be\/product\/cbm6550-0s_121160009\/","title":{"rendered":"CBM6550.0S"},"content":{"rendered":"<ul>\n<li>Geen onaangename geuren dankzij de unieke \u00f6kotherm\u00ae katalysator<\/li>\n<li>Gepersonaliseerde designkeuze dankzij Individual Concept Design<\/li>\n<li>Alle informatie in \u00e9\u00e9n oogopslag dankzij TFT-scherm<\/li>\n<li>Intu\u00eftieve gebruikersbegeleiding met aanraaksensorbediening<\/li>\n<li>Altijd perfecte resultaten dankzij de braadthermometer<\/li>\n<\/ul>\n","protected":false},"featured_media":0,"parent":0,"template":"","product_cat":[8925,8922],"product_edition":[],"product_energy_efficiency":[],"class_list":["post-79098","product","type-product","status-publish","hentry","product_cat-compacte-combi-ovens","product_cat-compacte-apparaten","color-black","product_installation-ingebouwde","product_lifestyle-k-series-5","usp-kph-individual-01","usp-kph-ovens-03","usp-kph-ovens-04","usp-kph-ovens-06","usp-kph-ovens-09","usp-kph-ovens-11"],"acf":[],"yoast_head":"<!-- This site is optimized with the Yoast SEO plugin v27.2 - https:\/\/yoast.com\/product\/yoast-seo-wordpress\/ -->\n<title>CBM6550.0S | K\u00fcppersbusch Belgi\u00eb<\/title>\n<meta name=\"robots\" content=\"index, follow, max-snippet:-1, max-image-preview:large, max-video-preview:-1\" \/>\n<link rel=\"canonical\" href=\"https:\/\/www.home-kueppersbusch.com\/nl-be\/product\/cbm6550-0s_121160009\/\" \/>\n<meta property=\"og:locale\" content=\"nl_NL\" \/>\n<meta property=\"og:type\" content=\"article\" \/>\n<meta property=\"og:title\" content=\"CBM6550.0S | K\u00fcppersbusch Belgi\u00eb\" \/>\n<meta property=\"og:description\" content=\"Geen onaangename geuren dankzij de unieke \u00f6kotherm\u00ae katalysator Gepersonaliseerde designkeuze dankzij Individual Concept Design Alle informatie in \u00e9\u00e9n oogopslag dankzij TFT-scherm Intu\u00eftieve gebruikersbegeleiding met aanraaksensorbediening Altijd perfecte resultaten dankzij de braadthermometer\" \/>\n<meta property=\"og:url\" content=\"https:\/\/www.home-kueppersbusch.com\/nl-be\/product\/cbm6550-0s_121160009\/\" \/>\n<meta property=\"og:site_name\" content=\"K\u00fcppersbusch Belgi\u00eb\" \/>\n<meta name=\"twitter:card\" content=\"summary_large_image\" \/>\n<script type=\"application\/ld+json\" class=\"yoast-schema-graph\">{\"@context\":\"https:\/\/schema.org\",\"@graph\":[{\"@type\":\"WebPage\",\"@id\":\"https:\/\/www.home-kueppersbusch.com\/nl-be\/product\/cbm6550-0s_121160009\/\",\"url\":\"https:\/\/www.home-kueppersbusch.com\/nl-be\/product\/cbm6550-0s_121160009\/\",\"name\":\"CBM6550.0S | K\u00fcppersbusch Belgi\u00eb\",\"isPartOf\":{\"@id\":\"https:\/\/www.home-kueppersbusch.com\/nl-be\/#website\"},\"datePublished\":\"2026-04-03T17:43:42+00:00\",\"inLanguage\":\"nl-NL\",\"potentialAction\":[{\"@type\":\"ReadAction\",\"target\":[\"https:\/\/www.home-kueppersbusch.com\/nl-be\/product\/cbm6550-0s_121160009\/\"]}]},{\"@type\":\"WebSite\",\"@id\":\"https:\/\/www.home-kueppersbusch.com\/nl-be\/#website\",\"url\":\"https:\/\/www.home-kueppersbusch.com\/nl-be\/\",\"name\":\"K\u00fcppersbusch Belgi\u00eb\",\"description\":\"\",\"potentialAction\":[{\"@type\":\"SearchAction\",\"target\":{\"@type\":\"EntryPoint\",\"urlTemplate\":\"https:\/\/www.home-kueppersbusch.com\/nl-be\/?s={search_term_string}\"},\"query-input\":{\"@type\":\"PropertyValueSpecification\",\"valueRequired\":true,\"valueName\":\"search_term_string\"}}],\"inLanguage\":\"nl-NL\"}]}<\/script>\n<!-- \/ Yoast SEO plugin. -->","yoast_head_json":{"title":"CBM6550.0S | K\u00fcppersbusch Belgi\u00eb","robots":{"index":"index","follow":"follow","max-snippet":"max-snippet:-1","max-image-preview":"max-image-preview:large","max-video-preview":"max-video-preview:-1"},"canonical":"https:\/\/www.home-kueppersbusch.com\/nl-be\/product\/cbm6550-0s_121160009\/","og_locale":"nl_NL","og_type":"article","og_title":"CBM6550.0S | K\u00fcppersbusch Belgi\u00eb","og_description":"Geen onaangename geuren dankzij de unieke \u00f6kotherm\u00ae katalysator Gepersonaliseerde designkeuze dankzij Individual Concept Design Alle informatie in \u00e9\u00e9n oogopslag dankzij TFT-scherm Intu\u00eftieve gebruikersbegeleiding met aanraaksensorbediening Altijd perfecte resultaten dankzij de braadthermometer","og_url":"https:\/\/www.home-kueppersbusch.com\/nl-be\/product\/cbm6550-0s_121160009\/","og_site_name":"K\u00fcppersbusch Belgi\u00eb","twitter_card":"summary_large_image","schema":{"@context":"https:\/\/schema.org","@graph":[{"@type":"WebPage","@id":"https:\/\/www.home-kueppersbusch.com\/nl-be\/product\/cbm6550-0s_121160009\/","url":"https:\/\/www.home-kueppersbusch.com\/nl-be\/product\/cbm6550-0s_121160009\/","name":"CBM6550.0S | K\u00fcppersbusch Belgi\u00eb","isPartOf":{"@id":"https:\/\/www.home-kueppersbusch.com\/nl-be\/#website"},"datePublished":"2026-04-03T17:43:42+00:00","inLanguage":"nl-NL","potentialAction":[{"@type":"ReadAction","target":["https:\/\/www.home-kueppersbusch.com\/nl-be\/product\/cbm6550-0s_121160009\/"]}]},{"@type":"WebSite","@id":"https:\/\/www.home-kueppersbusch.com\/nl-be\/#website","url":"https:\/\/www.home-kueppersbusch.com\/nl-be\/","name":"K\u00fcppersbusch Belgi\u00eb","description":"","potentialAction":[{"@type":"SearchAction","target":{"@type":"EntryPoint","urlTemplate":"https:\/\/www.home-kueppersbusch.com\/nl-be\/?s={search_term_string}"},"query-input":{"@type":"PropertyValueSpecification","valueRequired":true,"valueName":"search_term_string"}}],"inLanguage":"nl-NL"}]}},"_links":{"self":[{"href":"https:\/\/www.home-kueppersbusch.com\/nl-be\/wp-json\/wp\/v2\/product\/79098","targetHints":{"allow":["GET"]}}],"collection":[{"href":"https:\/\/www.home-kueppersbusch.com\/nl-be\/wp-json\/wp\/v2\/product"}],"about":[{"href":"https:\/\/www.home-kueppersbusch.com\/nl-be\/wp-json\/wp\/v2\/types\/product"}],"wp:attachment":[{"href":"https:\/\/www.home-kueppersbusch.com\/nl-be\/wp-json\/wp\/v2\/media?parent=79098"}],"wp:term":[{"taxonomy":"product_cat","embeddable":true,"href":"https:\/\/www.home-kueppersbusch.com\/nl-be\/wp-json\/wp\/v2\/product_cat?post=79098"},{"taxonomy":"product_edition","embeddable":true,"href":"https:\/\/www.home-kueppersbusch.com\/nl-be\/wp-json\/wp\/v2\/product_edition?post=79098"},{"taxonomy":"product_energy_efficiency","embeddable":true,"href":"https:\/\/www.home-kueppersbusch.com\/nl-be\/wp-json\/wp\/v2\/product_energy_efficiency?post=79098"}],"curies":[{"name":"wp","href":"https:\/\/api.w.org\/{rel}","templated":true}]}}