{"id":75558,"date":"2026-04-25T09:26:13","date_gmt":"2026-04-25T09:26:13","guid":{"rendered":"https:\/\/teka.com\/de-de\/kig-6850-0sr-dba_122730002"},"modified":"2026-03-28T08:07:48","modified_gmt":"2026-03-28T09:07:48","slug":"kig-6850-0sr-dba_122730002","status":"publish","type":"product","link":"https:\/\/www.home-kueppersbusch.com\/nl-be\/product\/kig-6850-0sr-dba_122730002\/","title":{"rendered":"KIG 6850.0SR-DBA"},"content":{"rendered":"<ul>\n<li>Eenvoudig starten van de gaskookplaat dankzij \u00e9\u00e9nhandige vonkontsteking<\/li>\n<li>Handige bediening van de wokbrander met knobControl<\/li>\n<li>Flexibiliteit voor groot kookgerei met flex induction<\/li>\n<li>Handige selectie van de afzonderlijke kookzones dankzij glideControl+<\/li>\n<li>Kook als de profs met de chef-kokfunctie<\/li>\n<\/ul>\n","protected":false},"featured_media":0,"parent":0,"template":"","product_cat":[8902,8906,8904],"product_edition":[],"product_energy_efficiency":[],"class_list":["post-75558","product","type-product","status-publish","hentry","product_cat-kookplaten","product_cat-inductie-kookplaten","product_cat-gas-kookplaten","color-black","product_lifestyle-k-series-8"],"acf":[],"yoast_head":"<!-- This site is optimized with the Yoast SEO plugin v27.5 - https:\/\/yoast.com\/product\/yoast-seo-wordpress\/ -->\n<title>KIG 6850.0SR-DBA | K\u00fcppersbusch Belgi\u00eb<\/title>\n<meta name=\"robots\" content=\"index, follow, max-snippet:-1, max-image-preview:large, max-video-preview:-1\" \/>\n<link rel=\"canonical\" href=\"https:\/\/www.home-kueppersbusch.com\/nl-be\/product\/kig-6850-0sr-dba_122730002\/\" \/>\n<meta property=\"og:locale\" content=\"nl_NL\" \/>\n<meta property=\"og:type\" content=\"article\" \/>\n<meta property=\"og:title\" content=\"KIG 6850.0SR-DBA | K\u00fcppersbusch Belgi\u00eb\" \/>\n<meta property=\"og:description\" content=\"Eenvoudig starten van de gaskookplaat dankzij \u00e9\u00e9nhandige vonkontsteking Handige bediening van de wokbrander met knobControl Flexibiliteit voor groot kookgerei met flex induction Handige selectie van de afzonderlijke kookzones dankzij glideControl+ Kook als de profs met de chef-kokfunctie\" \/>\n<meta property=\"og:url\" content=\"https:\/\/www.home-kueppersbusch.com\/nl-be\/product\/kig-6850-0sr-dba_122730002\/\" \/>\n<meta property=\"og:site_name\" content=\"K\u00fcppersbusch Belgi\u00eb\" \/>\n<meta name=\"twitter:card\" content=\"summary_large_image\" \/>\n<script type=\"application\/ld+json\" class=\"yoast-schema-graph\">{\"@context\":\"https:\\\/\\\/schema.org\",\"@graph\":[{\"@type\":\"WebPage\",\"@id\":\"https:\\\/\\\/www.home-kueppersbusch.com\\\/nl-be\\\/product\\\/kig-6850-0sr-dba_122730002\\\/\",\"url\":\"https:\\\/\\\/www.home-kueppersbusch.com\\\/nl-be\\\/product\\\/kig-6850-0sr-dba_122730002\\\/\",\"name\":\"KIG 6850.0SR-DBA | K\u00fcppersbusch Belgi\u00eb\",\"isPartOf\":{\"@id\":\"https:\\\/\\\/www.home-kueppersbusch.com\\\/nl-be\\\/#website\"},\"datePublished\":\"2026-04-25T09:26:13+00:00\",\"inLanguage\":\"nl-NL\",\"potentialAction\":[{\"@type\":\"ReadAction\",\"target\":[\"https:\\\/\\\/www.home-kueppersbusch.com\\\/nl-be\\\/product\\\/kig-6850-0sr-dba_122730002\\\/\"]}]},{\"@type\":\"WebSite\",\"@id\":\"https:\\\/\\\/www.home-kueppersbusch.com\\\/nl-be\\\/#website\",\"url\":\"https:\\\/\\\/www.home-kueppersbusch.com\\\/nl-be\\\/\",\"name\":\"K\u00fcppersbusch Belgi\u00eb\",\"description\":\"\",\"potentialAction\":[{\"@type\":\"SearchAction\",\"target\":{\"@type\":\"EntryPoint\",\"urlTemplate\":\"https:\\\/\\\/www.home-kueppersbusch.com\\\/nl-be\\\/?s={search_term_string}\"},\"query-input\":{\"@type\":\"PropertyValueSpecification\",\"valueRequired\":true,\"valueName\":\"search_term_string\"}}],\"inLanguage\":\"nl-NL\"}]}<\/script>\n<!-- \/ Yoast SEO plugin. -->","yoast_head_json":{"title":"KIG 6850.0SR-DBA | K\u00fcppersbusch Belgi\u00eb","robots":{"index":"index","follow":"follow","max-snippet":"max-snippet:-1","max-image-preview":"max-image-preview:large","max-video-preview":"max-video-preview:-1"},"canonical":"https:\/\/www.home-kueppersbusch.com\/nl-be\/product\/kig-6850-0sr-dba_122730002\/","og_locale":"nl_NL","og_type":"article","og_title":"KIG 6850.0SR-DBA | K\u00fcppersbusch Belgi\u00eb","og_description":"Eenvoudig starten van de gaskookplaat dankzij \u00e9\u00e9nhandige vonkontsteking Handige bediening van de wokbrander met knobControl Flexibiliteit voor groot kookgerei met flex induction Handige selectie van de afzonderlijke kookzones dankzij glideControl+ Kook als de profs met de chef-kokfunctie","og_url":"https:\/\/www.home-kueppersbusch.com\/nl-be\/product\/kig-6850-0sr-dba_122730002\/","og_site_name":"K\u00fcppersbusch Belgi\u00eb","twitter_card":"summary_large_image","schema":{"@context":"https:\/\/schema.org","@graph":[{"@type":"WebPage","@id":"https:\/\/www.home-kueppersbusch.com\/nl-be\/product\/kig-6850-0sr-dba_122730002\/","url":"https:\/\/www.home-kueppersbusch.com\/nl-be\/product\/kig-6850-0sr-dba_122730002\/","name":"KIG 6850.0SR-DBA | K\u00fcppersbusch Belgi\u00eb","isPartOf":{"@id":"https:\/\/www.home-kueppersbusch.com\/nl-be\/#website"},"datePublished":"2026-04-25T09:26:13+00:00","inLanguage":"nl-NL","potentialAction":[{"@type":"ReadAction","target":["https:\/\/www.home-kueppersbusch.com\/nl-be\/product\/kig-6850-0sr-dba_122730002\/"]}]},{"@type":"WebSite","@id":"https:\/\/www.home-kueppersbusch.com\/nl-be\/#website","url":"https:\/\/www.home-kueppersbusch.com\/nl-be\/","name":"K\u00fcppersbusch Belgi\u00eb","description":"","potentialAction":[{"@type":"SearchAction","target":{"@type":"EntryPoint","urlTemplate":"https:\/\/www.home-kueppersbusch.com\/nl-be\/?s={search_term_string}"},"query-input":{"@type":"PropertyValueSpecification","valueRequired":true,"valueName":"search_term_string"}}],"inLanguage":"nl-NL"}]}},"_links":{"self":[{"href":"https:\/\/www.home-kueppersbusch.com\/nl-be\/wp-json\/wp\/v2\/product\/75558","targetHints":{"allow":["GET"]}}],"collection":[{"href":"https:\/\/www.home-kueppersbusch.com\/nl-be\/wp-json\/wp\/v2\/product"}],"about":[{"href":"https:\/\/www.home-kueppersbusch.com\/nl-be\/wp-json\/wp\/v2\/types\/product"}],"wp:attachment":[{"href":"https:\/\/www.home-kueppersbusch.com\/nl-be\/wp-json\/wp\/v2\/media?parent=75558"}],"wp:term":[{"taxonomy":"product_cat","embeddable":true,"href":"https:\/\/www.home-kueppersbusch.com\/nl-be\/wp-json\/wp\/v2\/product_cat?post=75558"},{"taxonomy":"product_edition","embeddable":true,"href":"https:\/\/www.home-kueppersbusch.com\/nl-be\/wp-json\/wp\/v2\/product_edition?post=75558"},{"taxonomy":"product_energy_efficiency","embeddable":true,"href":"https:\/\/www.home-kueppersbusch.com\/nl-be\/wp-json\/wp\/v2\/product_energy_efficiency?post=75558"}],"curies":[{"name":"wp","href":"https:\/\/api.w.org\/{rel}","templated":true}]}}