{"id":74873,"date":"2026-04-03T17:43:32","date_gmt":"2026-04-03T17:43:32","guid":{"rendered":"https:\/\/teka.com\/en-int\/ckv6800-0ksm-mattblack_121630008"},"modified":"2026-03-28T08:07:53","modified_gmt":"2026-03-28T09:07:53","slug":"ckv6800-0ksm-mattblack_121630008","status":"publish","type":"product","link":"https:\/\/www.home-kueppersbusch.com\/nl-be\/product\/ckv6800-0ksm-mattblack_121630008\/","title":{"rendered":"CKV6800.0KSM MattBlack"},"content":{"rendered":"<ul>\n<li>Gepersonaliseerde designkeuze dankzij Individual Concept Design<\/li>\n<li>Alle informatie in \u00e9\u00e9n oogopslag met directe toegang dankzij het TFT kleuren touch display<\/li>\n<li>Barista-koffie dankzij cappuccino- en lattefunctie<\/li>\n<li>Geschikt voor vele kopjes dankzij in hoogte verstelbare koffie-uitloop<\/li>\n<li>Altijd verse melk voor cappuccino dankzij uitneembaar melkreservoir<\/li>\n<\/ul>\n","protected":false},"featured_media":0,"parent":0,"template":"","product_cat":[8893],"product_edition":[],"product_energy_efficiency":[],"class_list":["post-74873","product","type-product","status-publish","hentry","product_ambient-kitchen-mattblack-02","product_cat-koffiemachines","color-black-matt","product_lifestyle-k-series-8","usp-kph-mattblack-01"],"acf":[],"yoast_head":"<!-- This site is optimized with the Yoast SEO plugin v27.2 - https:\/\/yoast.com\/product\/yoast-seo-wordpress\/ -->\n<title>CKV6800.0KSM MattBlack | K\u00fcppersbusch Belgi\u00eb<\/title>\n<meta name=\"robots\" content=\"index, follow, max-snippet:-1, max-image-preview:large, max-video-preview:-1\" \/>\n<link rel=\"canonical\" href=\"https:\/\/www.home-kueppersbusch.com\/nl-be\/product\/ckv6800-0ksm-mattblack_121630008\/\" \/>\n<meta property=\"og:locale\" content=\"nl_NL\" \/>\n<meta property=\"og:type\" content=\"article\" \/>\n<meta property=\"og:title\" content=\"CKV6800.0KSM MattBlack | K\u00fcppersbusch Belgi\u00eb\" \/>\n<meta property=\"og:description\" content=\"Gepersonaliseerde designkeuze dankzij Individual Concept Design Alle informatie in \u00e9\u00e9n oogopslag met directe toegang dankzij het TFT kleuren touch display Barista-koffie dankzij cappuccino- en lattefunctie Geschikt voor vele kopjes dankzij in hoogte verstelbare koffie-uitloop Altijd verse melk voor cappuccino dankzij uitneembaar melkreservoir\" \/>\n<meta property=\"og:url\" content=\"https:\/\/www.home-kueppersbusch.com\/nl-be\/product\/ckv6800-0ksm-mattblack_121630008\/\" \/>\n<meta property=\"og:site_name\" content=\"K\u00fcppersbusch Belgi\u00eb\" \/>\n<meta name=\"twitter:card\" content=\"summary_large_image\" \/>\n<script type=\"application\/ld+json\" class=\"yoast-schema-graph\">{\"@context\":\"https:\/\/schema.org\",\"@graph\":[{\"@type\":\"WebPage\",\"@id\":\"https:\/\/www.home-kueppersbusch.com\/nl-be\/product\/ckv6800-0ksm-mattblack_121630008\/\",\"url\":\"https:\/\/www.home-kueppersbusch.com\/nl-be\/product\/ckv6800-0ksm-mattblack_121630008\/\",\"name\":\"CKV6800.0KSM MattBlack | K\u00fcppersbusch Belgi\u00eb\",\"isPartOf\":{\"@id\":\"https:\/\/www.home-kueppersbusch.com\/nl-be\/#website\"},\"datePublished\":\"2026-04-03T17:43:32+00:00\",\"inLanguage\":\"nl-NL\",\"potentialAction\":[{\"@type\":\"ReadAction\",\"target\":[\"https:\/\/www.home-kueppersbusch.com\/nl-be\/product\/ckv6800-0ksm-mattblack_121630008\/\"]}]},{\"@type\":\"WebSite\",\"@id\":\"https:\/\/www.home-kueppersbusch.com\/nl-be\/#website\",\"url\":\"https:\/\/www.home-kueppersbusch.com\/nl-be\/\",\"name\":\"K\u00fcppersbusch Belgi\u00eb\",\"description\":\"\",\"potentialAction\":[{\"@type\":\"SearchAction\",\"target\":{\"@type\":\"EntryPoint\",\"urlTemplate\":\"https:\/\/www.home-kueppersbusch.com\/nl-be\/?s={search_term_string}\"},\"query-input\":{\"@type\":\"PropertyValueSpecification\",\"valueRequired\":true,\"valueName\":\"search_term_string\"}}],\"inLanguage\":\"nl-NL\"}]}<\/script>\n<!-- \/ Yoast SEO plugin. -->","yoast_head_json":{"title":"CKV6800.0KSM MattBlack | K\u00fcppersbusch Belgi\u00eb","robots":{"index":"index","follow":"follow","max-snippet":"max-snippet:-1","max-image-preview":"max-image-preview:large","max-video-preview":"max-video-preview:-1"},"canonical":"https:\/\/www.home-kueppersbusch.com\/nl-be\/product\/ckv6800-0ksm-mattblack_121630008\/","og_locale":"nl_NL","og_type":"article","og_title":"CKV6800.0KSM MattBlack | K\u00fcppersbusch Belgi\u00eb","og_description":"Gepersonaliseerde designkeuze dankzij Individual Concept Design Alle informatie in \u00e9\u00e9n oogopslag met directe toegang dankzij het TFT kleuren touch display Barista-koffie dankzij cappuccino- en lattefunctie Geschikt voor vele kopjes dankzij in hoogte verstelbare koffie-uitloop Altijd verse melk voor cappuccino dankzij uitneembaar melkreservoir","og_url":"https:\/\/www.home-kueppersbusch.com\/nl-be\/product\/ckv6800-0ksm-mattblack_121630008\/","og_site_name":"K\u00fcppersbusch Belgi\u00eb","twitter_card":"summary_large_image","schema":{"@context":"https:\/\/schema.org","@graph":[{"@type":"WebPage","@id":"https:\/\/www.home-kueppersbusch.com\/nl-be\/product\/ckv6800-0ksm-mattblack_121630008\/","url":"https:\/\/www.home-kueppersbusch.com\/nl-be\/product\/ckv6800-0ksm-mattblack_121630008\/","name":"CKV6800.0KSM MattBlack | K\u00fcppersbusch Belgi\u00eb","isPartOf":{"@id":"https:\/\/www.home-kueppersbusch.com\/nl-be\/#website"},"datePublished":"2026-04-03T17:43:32+00:00","inLanguage":"nl-NL","potentialAction":[{"@type":"ReadAction","target":["https:\/\/www.home-kueppersbusch.com\/nl-be\/product\/ckv6800-0ksm-mattblack_121630008\/"]}]},{"@type":"WebSite","@id":"https:\/\/www.home-kueppersbusch.com\/nl-be\/#website","url":"https:\/\/www.home-kueppersbusch.com\/nl-be\/","name":"K\u00fcppersbusch Belgi\u00eb","description":"","potentialAction":[{"@type":"SearchAction","target":{"@type":"EntryPoint","urlTemplate":"https:\/\/www.home-kueppersbusch.com\/nl-be\/?s={search_term_string}"},"query-input":{"@type":"PropertyValueSpecification","valueRequired":true,"valueName":"search_term_string"}}],"inLanguage":"nl-NL"}]}},"_links":{"self":[{"href":"https:\/\/www.home-kueppersbusch.com\/nl-be\/wp-json\/wp\/v2\/product\/74873","targetHints":{"allow":["GET"]}}],"collection":[{"href":"https:\/\/www.home-kueppersbusch.com\/nl-be\/wp-json\/wp\/v2\/product"}],"about":[{"href":"https:\/\/www.home-kueppersbusch.com\/nl-be\/wp-json\/wp\/v2\/types\/product"}],"wp:attachment":[{"href":"https:\/\/www.home-kueppersbusch.com\/nl-be\/wp-json\/wp\/v2\/media?parent=74873"}],"wp:term":[{"taxonomy":"product_cat","embeddable":true,"href":"https:\/\/www.home-kueppersbusch.com\/nl-be\/wp-json\/wp\/v2\/product_cat?post=74873"},{"taxonomy":"product_edition","embeddable":true,"href":"https:\/\/www.home-kueppersbusch.com\/nl-be\/wp-json\/wp\/v2\/product_edition?post=74873"},{"taxonomy":"product_energy_efficiency","embeddable":true,"href":"https:\/\/www.home-kueppersbusch.com\/nl-be\/wp-json\/wp\/v2\/product_energy_efficiency?post=74873"}],"curies":[{"name":"wp","href":"https:\/\/api.w.org\/{rel}","templated":true}]}}