{"id":74604,"date":"2026-04-25T09:25:46","date_gmt":"2026-04-25T09:25:46","guid":{"rendered":"https:\/\/teka.com\/en-int\/bd6340-0s_121210000"},"modified":"2026-03-28T08:06:52","modified_gmt":"2026-03-28T09:06:52","slug":"bd6340-0s_121210000","status":"publish","type":"product","link":"https:\/\/www.home-kueppersbusch.com\/nl-be\/product\/bd6340-0s_121210000\/","title":{"rendered":"BD6340.0S"},"content":{"rendered":"<ul>\n<li>Geen onaangename geuren dankzij de unieke \u00f6kotherm\u00ae katalysator<\/li>\n<li>Persoonlijke designkeuze dankzij Individual Concept Design<\/li>\n<li>Eenvoudige bediening via hoogwaardige aluminium draaiknop<\/li>\n<li>Gemakkelijk te reinigen dankzij de unieke K\u00fcppersbusch volledig glazen binnendeur op roestvrij stalen frame<\/li>\n<li>Grenzeloos koken met stoomfunctie<\/li>\n<\/ul>\n","protected":false},"featured_media":0,"parent":0,"template":"","product_cat":[8927],"product_edition":[],"product_energy_efficiency":[8780],"class_list":["post-74604","product","type-product","status-publish","hentry","finishes-9319","finishes-9320","finishes-9321","finishes-9322","finishes-9323","finishes-9324","finishes-9325","product_ambient-kitchen-bv-02","product_ambient-kitchen-cop-02","product_ambient-kitchen-g-02","product_cat-stoomovens","color-black","product_lifestyle-k-series-3","usp-kph-ovens-05","usp-kph-ovens-09","usp-ovens-steam-01","product_energy_efficiency-a-plus-icon"],"acf":[],"yoast_head":"<!-- This site is optimized with the Yoast SEO plugin v27.5 - https:\/\/yoast.com\/product\/yoast-seo-wordpress\/ -->\n<title>BD6340.0S | K\u00fcppersbusch Belgi\u00eb<\/title>\n<meta name=\"robots\" content=\"index, follow, max-snippet:-1, max-image-preview:large, max-video-preview:-1\" \/>\n<link rel=\"canonical\" href=\"https:\/\/www.home-kueppersbusch.com\/nl-be\/product\/bd6340-0s_121210000\/\" \/>\n<meta property=\"og:locale\" content=\"nl_NL\" \/>\n<meta property=\"og:type\" content=\"article\" \/>\n<meta property=\"og:title\" content=\"BD6340.0S | K\u00fcppersbusch Belgi\u00eb\" \/>\n<meta property=\"og:description\" content=\"Geen onaangename geuren dankzij de unieke \u00f6kotherm\u00ae katalysator Persoonlijke designkeuze dankzij Individual Concept Design Eenvoudige bediening via hoogwaardige aluminium draaiknop Gemakkelijk te reinigen dankzij de unieke K\u00fcppersbusch volledig glazen binnendeur op roestvrij stalen frame Grenzeloos koken met stoomfunctie\" \/>\n<meta property=\"og:url\" content=\"https:\/\/www.home-kueppersbusch.com\/nl-be\/product\/bd6340-0s_121210000\/\" \/>\n<meta property=\"og:site_name\" content=\"K\u00fcppersbusch Belgi\u00eb\" \/>\n<meta name=\"twitter:card\" content=\"summary_large_image\" \/>\n<script type=\"application\/ld+json\" class=\"yoast-schema-graph\">{\"@context\":\"https:\\\/\\\/schema.org\",\"@graph\":[{\"@type\":\"WebPage\",\"@id\":\"https:\\\/\\\/www.home-kueppersbusch.com\\\/nl-be\\\/product\\\/bd6340-0s_121210000\\\/\",\"url\":\"https:\\\/\\\/www.home-kueppersbusch.com\\\/nl-be\\\/product\\\/bd6340-0s_121210000\\\/\",\"name\":\"BD6340.0S | K\u00fcppersbusch Belgi\u00eb\",\"isPartOf\":{\"@id\":\"https:\\\/\\\/www.home-kueppersbusch.com\\\/nl-be\\\/#website\"},\"datePublished\":\"2026-04-25T09:25:46+00:00\",\"inLanguage\":\"nl-NL\",\"potentialAction\":[{\"@type\":\"ReadAction\",\"target\":[\"https:\\\/\\\/www.home-kueppersbusch.com\\\/nl-be\\\/product\\\/bd6340-0s_121210000\\\/\"]}]},{\"@type\":\"WebSite\",\"@id\":\"https:\\\/\\\/www.home-kueppersbusch.com\\\/nl-be\\\/#website\",\"url\":\"https:\\\/\\\/www.home-kueppersbusch.com\\\/nl-be\\\/\",\"name\":\"K\u00fcppersbusch Belgi\u00eb\",\"description\":\"\",\"potentialAction\":[{\"@type\":\"SearchAction\",\"target\":{\"@type\":\"EntryPoint\",\"urlTemplate\":\"https:\\\/\\\/www.home-kueppersbusch.com\\\/nl-be\\\/?s={search_term_string}\"},\"query-input\":{\"@type\":\"PropertyValueSpecification\",\"valueRequired\":true,\"valueName\":\"search_term_string\"}}],\"inLanguage\":\"nl-NL\"}]}<\/script>\n<!-- \/ Yoast SEO plugin. -->","yoast_head_json":{"title":"BD6340.0S | K\u00fcppersbusch Belgi\u00eb","robots":{"index":"index","follow":"follow","max-snippet":"max-snippet:-1","max-image-preview":"max-image-preview:large","max-video-preview":"max-video-preview:-1"},"canonical":"https:\/\/www.home-kueppersbusch.com\/nl-be\/product\/bd6340-0s_121210000\/","og_locale":"nl_NL","og_type":"article","og_title":"BD6340.0S | K\u00fcppersbusch Belgi\u00eb","og_description":"Geen onaangename geuren dankzij de unieke \u00f6kotherm\u00ae katalysator Persoonlijke designkeuze dankzij Individual Concept Design Eenvoudige bediening via hoogwaardige aluminium draaiknop Gemakkelijk te reinigen dankzij de unieke K\u00fcppersbusch volledig glazen binnendeur op roestvrij stalen frame Grenzeloos koken met stoomfunctie","og_url":"https:\/\/www.home-kueppersbusch.com\/nl-be\/product\/bd6340-0s_121210000\/","og_site_name":"K\u00fcppersbusch Belgi\u00eb","twitter_card":"summary_large_image","schema":{"@context":"https:\/\/schema.org","@graph":[{"@type":"WebPage","@id":"https:\/\/www.home-kueppersbusch.com\/nl-be\/product\/bd6340-0s_121210000\/","url":"https:\/\/www.home-kueppersbusch.com\/nl-be\/product\/bd6340-0s_121210000\/","name":"BD6340.0S | K\u00fcppersbusch Belgi\u00eb","isPartOf":{"@id":"https:\/\/www.home-kueppersbusch.com\/nl-be\/#website"},"datePublished":"2026-04-25T09:25:46+00:00","inLanguage":"nl-NL","potentialAction":[{"@type":"ReadAction","target":["https:\/\/www.home-kueppersbusch.com\/nl-be\/product\/bd6340-0s_121210000\/"]}]},{"@type":"WebSite","@id":"https:\/\/www.home-kueppersbusch.com\/nl-be\/#website","url":"https:\/\/www.home-kueppersbusch.com\/nl-be\/","name":"K\u00fcppersbusch Belgi\u00eb","description":"","potentialAction":[{"@type":"SearchAction","target":{"@type":"EntryPoint","urlTemplate":"https:\/\/www.home-kueppersbusch.com\/nl-be\/?s={search_term_string}"},"query-input":{"@type":"PropertyValueSpecification","valueRequired":true,"valueName":"search_term_string"}}],"inLanguage":"nl-NL"}]}},"_links":{"self":[{"href":"https:\/\/www.home-kueppersbusch.com\/nl-be\/wp-json\/wp\/v2\/product\/74604","targetHints":{"allow":["GET"]}}],"collection":[{"href":"https:\/\/www.home-kueppersbusch.com\/nl-be\/wp-json\/wp\/v2\/product"}],"about":[{"href":"https:\/\/www.home-kueppersbusch.com\/nl-be\/wp-json\/wp\/v2\/types\/product"}],"wp:attachment":[{"href":"https:\/\/www.home-kueppersbusch.com\/nl-be\/wp-json\/wp\/v2\/media?parent=74604"}],"wp:term":[{"taxonomy":"product_cat","embeddable":true,"href":"https:\/\/www.home-kueppersbusch.com\/nl-be\/wp-json\/wp\/v2\/product_cat?post=74604"},{"taxonomy":"product_edition","embeddable":true,"href":"https:\/\/www.home-kueppersbusch.com\/nl-be\/wp-json\/wp\/v2\/product_edition?post=74604"},{"taxonomy":"product_energy_efficiency","embeddable":true,"href":"https:\/\/www.home-kueppersbusch.com\/nl-be\/wp-json\/wp\/v2\/product_energy_efficiency?post=74604"}],"curies":[{"name":"wp","href":"https:\/\/api.w.org\/{rel}","templated":true}]}}