{"id":74567,"date":"2026-04-03T17:42:16","date_gmt":"2026-04-03T17:42:16","guid":{"rendered":"https:\/\/teka.com\/en-int\/b6330-0s_121020027"},"modified":"2026-03-28T08:05:07","modified_gmt":"2026-03-28T09:05:07","slug":"b6330-0s_121020027","status":"publish","type":"product","link":"https:\/\/www.home-kueppersbusch.com\/nl-be\/product\/b6330-0s_121020027\/","title":{"rendered":"B6330.0S"},"content":{"rendered":"<ul>\n<li>Geen onaangename geuren dankzij de unieke \u00f6kotherm\u00ae katalysator<\/li>\n<li>Persoonlijke designkeuze dankzij Individual Concept Design<\/li>\n<li>Eenvoudige bediening via hoogwaardige aluminium draaiknoppen<\/li>\n<\/ul>\n","protected":false},"featured_media":0,"parent":0,"template":"","product_cat":[8926],"product_edition":[],"product_energy_efficiency":[8780],"class_list":["post-74567","product","type-product","status-publish","hentry","finishes-9319","finishes-9320","finishes-9321","finishes-9322","finishes-9323","finishes-9324","finishes-9325","product_cat-backoefen-mit-dampfgarer","color-black","product_lifestyle-k-series-3","usp-kph-individual-01","usp-kph-ovens-02","usp-kph-ovens-03","usp-kph-ovens-07","usp-kph-ovens-09","usp-kph-ovens-10","product_energy_efficiency-a-plus-icon"],"acf":[],"yoast_head":"<!-- This site is optimized with the Yoast SEO plugin v27.2 - https:\/\/yoast.com\/product\/yoast-seo-wordpress\/ -->\n<title>B6330.0S | K\u00fcppersbusch Belgi\u00eb<\/title>\n<meta name=\"robots\" content=\"index, follow, max-snippet:-1, max-image-preview:large, max-video-preview:-1\" \/>\n<link rel=\"canonical\" href=\"https:\/\/www.home-kueppersbusch.com\/nl-be\/product\/b6330-0s_121020027\/\" \/>\n<meta property=\"og:locale\" content=\"nl_NL\" \/>\n<meta property=\"og:type\" content=\"article\" \/>\n<meta property=\"og:title\" content=\"B6330.0S | K\u00fcppersbusch Belgi\u00eb\" \/>\n<meta property=\"og:description\" content=\"Geen onaangename geuren dankzij de unieke \u00f6kotherm\u00ae katalysator Persoonlijke designkeuze dankzij Individual Concept Design Eenvoudige bediening via hoogwaardige aluminium draaiknoppen\" \/>\n<meta property=\"og:url\" content=\"https:\/\/www.home-kueppersbusch.com\/nl-be\/product\/b6330-0s_121020027\/\" \/>\n<meta property=\"og:site_name\" content=\"K\u00fcppersbusch Belgi\u00eb\" \/>\n<meta name=\"twitter:card\" content=\"summary_large_image\" \/>\n<script type=\"application\/ld+json\" class=\"yoast-schema-graph\">{\"@context\":\"https:\/\/schema.org\",\"@graph\":[{\"@type\":\"WebPage\",\"@id\":\"https:\/\/www.home-kueppersbusch.com\/nl-be\/product\/b6330-0s_121020027\/\",\"url\":\"https:\/\/www.home-kueppersbusch.com\/nl-be\/product\/b6330-0s_121020027\/\",\"name\":\"B6330.0S | K\u00fcppersbusch Belgi\u00eb\",\"isPartOf\":{\"@id\":\"https:\/\/www.home-kueppersbusch.com\/nl-be\/#website\"},\"datePublished\":\"2026-04-03T17:42:16+00:00\",\"inLanguage\":\"nl-NL\",\"potentialAction\":[{\"@type\":\"ReadAction\",\"target\":[\"https:\/\/www.home-kueppersbusch.com\/nl-be\/product\/b6330-0s_121020027\/\"]}]},{\"@type\":\"WebSite\",\"@id\":\"https:\/\/www.home-kueppersbusch.com\/nl-be\/#website\",\"url\":\"https:\/\/www.home-kueppersbusch.com\/nl-be\/\",\"name\":\"K\u00fcppersbusch Belgi\u00eb\",\"description\":\"\",\"potentialAction\":[{\"@type\":\"SearchAction\",\"target\":{\"@type\":\"EntryPoint\",\"urlTemplate\":\"https:\/\/www.home-kueppersbusch.com\/nl-be\/?s={search_term_string}\"},\"query-input\":{\"@type\":\"PropertyValueSpecification\",\"valueRequired\":true,\"valueName\":\"search_term_string\"}}],\"inLanguage\":\"nl-NL\"}]}<\/script>\n<!-- \/ Yoast SEO plugin. -->","yoast_head_json":{"title":"B6330.0S | K\u00fcppersbusch Belgi\u00eb","robots":{"index":"index","follow":"follow","max-snippet":"max-snippet:-1","max-image-preview":"max-image-preview:large","max-video-preview":"max-video-preview:-1"},"canonical":"https:\/\/www.home-kueppersbusch.com\/nl-be\/product\/b6330-0s_121020027\/","og_locale":"nl_NL","og_type":"article","og_title":"B6330.0S | K\u00fcppersbusch Belgi\u00eb","og_description":"Geen onaangename geuren dankzij de unieke \u00f6kotherm\u00ae katalysator Persoonlijke designkeuze dankzij Individual Concept Design Eenvoudige bediening via hoogwaardige aluminium draaiknoppen","og_url":"https:\/\/www.home-kueppersbusch.com\/nl-be\/product\/b6330-0s_121020027\/","og_site_name":"K\u00fcppersbusch Belgi\u00eb","twitter_card":"summary_large_image","schema":{"@context":"https:\/\/schema.org","@graph":[{"@type":"WebPage","@id":"https:\/\/www.home-kueppersbusch.com\/nl-be\/product\/b6330-0s_121020027\/","url":"https:\/\/www.home-kueppersbusch.com\/nl-be\/product\/b6330-0s_121020027\/","name":"B6330.0S | K\u00fcppersbusch Belgi\u00eb","isPartOf":{"@id":"https:\/\/www.home-kueppersbusch.com\/nl-be\/#website"},"datePublished":"2026-04-03T17:42:16+00:00","inLanguage":"nl-NL","potentialAction":[{"@type":"ReadAction","target":["https:\/\/www.home-kueppersbusch.com\/nl-be\/product\/b6330-0s_121020027\/"]}]},{"@type":"WebSite","@id":"https:\/\/www.home-kueppersbusch.com\/nl-be\/#website","url":"https:\/\/www.home-kueppersbusch.com\/nl-be\/","name":"K\u00fcppersbusch Belgi\u00eb","description":"","potentialAction":[{"@type":"SearchAction","target":{"@type":"EntryPoint","urlTemplate":"https:\/\/www.home-kueppersbusch.com\/nl-be\/?s={search_term_string}"},"query-input":{"@type":"PropertyValueSpecification","valueRequired":true,"valueName":"search_term_string"}}],"inLanguage":"nl-NL"}]}},"_links":{"self":[{"href":"https:\/\/www.home-kueppersbusch.com\/nl-be\/wp-json\/wp\/v2\/product\/74567","targetHints":{"allow":["GET"]}}],"collection":[{"href":"https:\/\/www.home-kueppersbusch.com\/nl-be\/wp-json\/wp\/v2\/product"}],"about":[{"href":"https:\/\/www.home-kueppersbusch.com\/nl-be\/wp-json\/wp\/v2\/types\/product"}],"wp:attachment":[{"href":"https:\/\/www.home-kueppersbusch.com\/nl-be\/wp-json\/wp\/v2\/media?parent=74567"}],"wp:term":[{"taxonomy":"product_cat","embeddable":true,"href":"https:\/\/www.home-kueppersbusch.com\/nl-be\/wp-json\/wp\/v2\/product_cat?post=74567"},{"taxonomy":"product_edition","embeddable":true,"href":"https:\/\/www.home-kueppersbusch.com\/nl-be\/wp-json\/wp\/v2\/product_edition?post=74567"},{"taxonomy":"product_energy_efficiency","embeddable":true,"href":"https:\/\/www.home-kueppersbusch.com\/nl-be\/wp-json\/wp\/v2\/product_energy_efficiency?post=74567"}],"curies":[{"name":"wp","href":"https:\/\/api.w.org\/{rel}","templated":true}]}}