{"id":73705,"date":"2026-04-25T09:24:58","date_gmt":"2026-04-25T09:24:58","guid":{"rendered":"https:\/\/www.home-kueppersbusch.com\/nl-be\/product\/cd6350-0s_121250000\/"},"modified":"2026-03-28T08:05:09","modified_gmt":"2026-03-28T09:05:09","slug":"cd6350-0s_121250000","status":"publish","type":"product","link":"https:\/\/www.home-kueppersbusch.com\/nl-be\/product\/cd6350-0s_121250000\/","title":{"rendered":"CD6350.0S"},"content":{"rendered":"<ul>\n<li>Persoonlijke designkeuze dankzij Individual Concept Design<\/li>\n<li>Alle informatie in \u00e9\u00e9n oogopslag dankzij TFT-scherm<\/li>\n<li>Eenvoudige bediening via hoogwaardige aluminium draaiknop<\/li>\n<li>Stoom op de plaats dankzij externe stoomgenerator<\/li>\n<\/ul>\n","protected":false},"featured_media":0,"parent":0,"template":"","product_cat":[8927,8922],"product_edition":[],"product_energy_efficiency":[],"class_list":["post-73705","product","type-product","status-publish","hentry","finishes-9328","finishes-9336","finishes-9335","finishes-9334","finishes-9333","finishes-9332","finishes-9331","finishes-9330","finishes-9329","finishes-9319","finishes-9327","finishes-9326","finishes-9325","finishes-9324","finishes-9323","finishes-9322","finishes-9321","finishes-9320","product_cat-stoomovens","product_cat-compacte-apparaten","color-black","product_lifestyle-k-series-3","usp-kph-individual-01","usp-kph-ovens-03","usp-kph-ovens-04","usp-kph-ovens-06","usp-kph-ovens-08","usp-kph-ovens-10"],"acf":[],"yoast_head":"<!-- This site is optimized with the Yoast SEO plugin v27.5 - https:\/\/yoast.com\/product\/yoast-seo-wordpress\/ -->\n<title>CD6350.0S | K\u00fcppersbusch Belgi\u00eb<\/title>\n<meta name=\"robots\" content=\"index, follow, max-snippet:-1, max-image-preview:large, max-video-preview:-1\" \/>\n<link rel=\"canonical\" href=\"https:\/\/www.home-kueppersbusch.com\/nl-be\/product\/cd6350-0s_121250000\/\" \/>\n<meta property=\"og:locale\" content=\"nl_NL\" \/>\n<meta property=\"og:type\" content=\"article\" \/>\n<meta property=\"og:title\" content=\"CD6350.0S | K\u00fcppersbusch Belgi\u00eb\" \/>\n<meta property=\"og:description\" content=\"Persoonlijke designkeuze dankzij Individual Concept Design Alle informatie in \u00e9\u00e9n oogopslag dankzij TFT-scherm Eenvoudige bediening via hoogwaardige aluminium draaiknop Stoom op de plaats dankzij externe stoomgenerator\" \/>\n<meta property=\"og:url\" content=\"https:\/\/www.home-kueppersbusch.com\/nl-be\/product\/cd6350-0s_121250000\/\" \/>\n<meta property=\"og:site_name\" content=\"K\u00fcppersbusch Belgi\u00eb\" \/>\n<meta name=\"twitter:card\" content=\"summary_large_image\" \/>\n<script type=\"application\/ld+json\" class=\"yoast-schema-graph\">{\"@context\":\"https:\\\/\\\/schema.org\",\"@graph\":[{\"@type\":\"WebPage\",\"@id\":\"https:\\\/\\\/www.home-kueppersbusch.com\\\/nl-be\\\/product\\\/cd6350-0s_121250000\\\/\",\"url\":\"https:\\\/\\\/www.home-kueppersbusch.com\\\/nl-be\\\/product\\\/cd6350-0s_121250000\\\/\",\"name\":\"CD6350.0S | K\u00fcppersbusch Belgi\u00eb\",\"isPartOf\":{\"@id\":\"https:\\\/\\\/www.home-kueppersbusch.com\\\/nl-be\\\/#website\"},\"datePublished\":\"2026-04-25T09:24:58+00:00\",\"inLanguage\":\"nl-NL\",\"potentialAction\":[{\"@type\":\"ReadAction\",\"target\":[\"https:\\\/\\\/www.home-kueppersbusch.com\\\/nl-be\\\/product\\\/cd6350-0s_121250000\\\/\"]}]},{\"@type\":\"WebSite\",\"@id\":\"https:\\\/\\\/www.home-kueppersbusch.com\\\/nl-be\\\/#website\",\"url\":\"https:\\\/\\\/www.home-kueppersbusch.com\\\/nl-be\\\/\",\"name\":\"K\u00fcppersbusch Belgi\u00eb\",\"description\":\"\",\"potentialAction\":[{\"@type\":\"SearchAction\",\"target\":{\"@type\":\"EntryPoint\",\"urlTemplate\":\"https:\\\/\\\/www.home-kueppersbusch.com\\\/nl-be\\\/?s={search_term_string}\"},\"query-input\":{\"@type\":\"PropertyValueSpecification\",\"valueRequired\":true,\"valueName\":\"search_term_string\"}}],\"inLanguage\":\"nl-NL\"}]}<\/script>\n<!-- \/ Yoast SEO plugin. -->","yoast_head_json":{"title":"CD6350.0S | K\u00fcppersbusch Belgi\u00eb","robots":{"index":"index","follow":"follow","max-snippet":"max-snippet:-1","max-image-preview":"max-image-preview:large","max-video-preview":"max-video-preview:-1"},"canonical":"https:\/\/www.home-kueppersbusch.com\/nl-be\/product\/cd6350-0s_121250000\/","og_locale":"nl_NL","og_type":"article","og_title":"CD6350.0S | K\u00fcppersbusch Belgi\u00eb","og_description":"Persoonlijke designkeuze dankzij Individual Concept Design Alle informatie in \u00e9\u00e9n oogopslag dankzij TFT-scherm Eenvoudige bediening via hoogwaardige aluminium draaiknop Stoom op de plaats dankzij externe stoomgenerator","og_url":"https:\/\/www.home-kueppersbusch.com\/nl-be\/product\/cd6350-0s_121250000\/","og_site_name":"K\u00fcppersbusch Belgi\u00eb","twitter_card":"summary_large_image","schema":{"@context":"https:\/\/schema.org","@graph":[{"@type":"WebPage","@id":"https:\/\/www.home-kueppersbusch.com\/nl-be\/product\/cd6350-0s_121250000\/","url":"https:\/\/www.home-kueppersbusch.com\/nl-be\/product\/cd6350-0s_121250000\/","name":"CD6350.0S | K\u00fcppersbusch Belgi\u00eb","isPartOf":{"@id":"https:\/\/www.home-kueppersbusch.com\/nl-be\/#website"},"datePublished":"2026-04-25T09:24:58+00:00","inLanguage":"nl-NL","potentialAction":[{"@type":"ReadAction","target":["https:\/\/www.home-kueppersbusch.com\/nl-be\/product\/cd6350-0s_121250000\/"]}]},{"@type":"WebSite","@id":"https:\/\/www.home-kueppersbusch.com\/nl-be\/#website","url":"https:\/\/www.home-kueppersbusch.com\/nl-be\/","name":"K\u00fcppersbusch Belgi\u00eb","description":"","potentialAction":[{"@type":"SearchAction","target":{"@type":"EntryPoint","urlTemplate":"https:\/\/www.home-kueppersbusch.com\/nl-be\/?s={search_term_string}"},"query-input":{"@type":"PropertyValueSpecification","valueRequired":true,"valueName":"search_term_string"}}],"inLanguage":"nl-NL"}]}},"_links":{"self":[{"href":"https:\/\/www.home-kueppersbusch.com\/nl-be\/wp-json\/wp\/v2\/product\/73705","targetHints":{"allow":["GET"]}}],"collection":[{"href":"https:\/\/www.home-kueppersbusch.com\/nl-be\/wp-json\/wp\/v2\/product"}],"about":[{"href":"https:\/\/www.home-kueppersbusch.com\/nl-be\/wp-json\/wp\/v2\/types\/product"}],"wp:attachment":[{"href":"https:\/\/www.home-kueppersbusch.com\/nl-be\/wp-json\/wp\/v2\/media?parent=73705"}],"wp:term":[{"taxonomy":"product_cat","embeddable":true,"href":"https:\/\/www.home-kueppersbusch.com\/nl-be\/wp-json\/wp\/v2\/product_cat?post=73705"},{"taxonomy":"product_edition","embeddable":true,"href":"https:\/\/www.home-kueppersbusch.com\/nl-be\/wp-json\/wp\/v2\/product_edition?post=73705"},{"taxonomy":"product_energy_efficiency","embeddable":true,"href":"https:\/\/www.home-kueppersbusch.com\/nl-be\/wp-json\/wp\/v2\/product_energy_efficiency?post=73705"}],"curies":[{"name":"wp","href":"https:\/\/api.w.org\/{rel}","templated":true}]}}