{"id":75517,"date":"2025-06-16T06:41:35","date_gmt":"2025-06-16T06:41:35","guid":{"rendered":"https:\/\/www.home-kueppersbusch.com\/nl-be\/?page_id=75517"},"modified":"2026-03-23T08:42:50","modified_gmt":"2026-03-23T08:42:50","slug":"garantievoorwaarden","status":"publish","type":"page","link":"https:\/\/www.home-kueppersbusch.com\/nl-be\/garantievoorwaarden\/","title":{"rendered":"Garantievoorwaarden"},"content":{"rendered":"<p>[et_pb_section fb_built=&#8221;1&#8243; _builder_version=&#8221;4.27.4&#8243; locked=&#8221;off&#8221; global_colors_info=&#8221;{}&#8221;][et_pb_row _builder_version=&#8221;4.27.4&#8243; background_size=&#8221;initial&#8221; background_position=&#8221;top_left&#8221; background_repeat=&#8221;repeat&#8221; global_colors_info=&#8221;{}&#8221;][et_pb_column type=&#8221;4_4&#8243; _builder_version=&#8221;4.16&#8243; custom_padding=&#8221;|||&#8221; global_colors_info=&#8221;{}&#8221; custom_padding__hover=&#8221;|||&#8221;][et_pb_text _builder_version=&#8221;4.27.6&#8243; vertical_offset_tablet=&#8221;0&#8243; horizontal_offset_tablet=&#8221;0&#8243; hover_enabled=&#8221;0&#8243; z_index_tablet=&#8221;0&#8243; text_text_shadow_horizontal_length_tablet=&#8221;0px&#8221; text_text_shadow_vertical_length_tablet=&#8221;0px&#8221; text_text_shadow_blur_strength_tablet=&#8221;1px&#8221; link_text_shadow_horizontal_length_tablet=&#8221;0px&#8221; link_text_shadow_vertical_length_tablet=&#8221;0px&#8221; link_text_shadow_blur_strength_tablet=&#8221;1px&#8221; ul_text_shadow_horizontal_length_tablet=&#8221;0px&#8221; ul_text_shadow_vertical_length_tablet=&#8221;0px&#8221; ul_text_shadow_blur_strength_tablet=&#8221;1px&#8221; ol_text_shadow_horizontal_length_tablet=&#8221;0px&#8221; ol_text_shadow_vertical_length_tablet=&#8221;0px&#8221; ol_text_shadow_blur_strength_tablet=&#8221;1px&#8221; quote_text_shadow_horizontal_length_tablet=&#8221;0px&#8221; quote_text_shadow_vertical_length_tablet=&#8221;0px&#8221; quote_text_shadow_blur_strength_tablet=&#8221;1px&#8221; header_text_shadow_horizontal_length_tablet=&#8221;0px&#8221; header_text_shadow_vertical_length_tablet=&#8221;0px&#8221; header_text_shadow_blur_strength_tablet=&#8221;1px&#8221; header_2_text_shadow_horizontal_length_tablet=&#8221;0px&#8221; header_2_text_shadow_vertical_length_tablet=&#8221;0px&#8221; header_2_text_shadow_blur_strength_tablet=&#8221;1px&#8221; header_3_text_shadow_horizontal_length_tablet=&#8221;0px&#8221; header_3_text_shadow_vertical_length_tablet=&#8221;0px&#8221; header_3_text_shadow_blur_strength_tablet=&#8221;1px&#8221; header_4_text_shadow_horizontal_length_tablet=&#8221;0px&#8221; header_4_text_shadow_vertical_length_tablet=&#8221;0px&#8221; header_4_text_shadow_blur_strength_tablet=&#8221;1px&#8221; header_5_text_shadow_horizontal_length_tablet=&#8221;0px&#8221; header_5_text_shadow_vertical_length_tablet=&#8221;0px&#8221; header_5_text_shadow_blur_strength_tablet=&#8221;1px&#8221; header_6_text_shadow_horizontal_length_tablet=&#8221;0px&#8221; header_6_text_shadow_vertical_length_tablet=&#8221;0px&#8221; header_6_text_shadow_blur_strength_tablet=&#8221;1px&#8221; box_shadow_horizontal_tablet=&#8221;0px&#8221; box_shadow_vertical_tablet=&#8221;0px&#8221; box_shadow_blur_tablet=&#8221;40px&#8221; box_shadow_spread_tablet=&#8221;0px&#8221; global_colors_info=&#8221;{}&#8221; sticky_enabled=&#8221;0&#8243;]<\/p>\n<h1>GARANTIEVOORWAARDEN<\/h1>\n<p>&nbsp;<\/p>\n<p>Voorwaarden 5 jaargarantieregeling K\u00fcppersbusch apparatuur<\/p>\n<p>K\u00fcppersbusch geeft de houder van dit garantiecertificaat recht op een totaal van 5 jaar garantie (standaard 2 jaar) overeenkomstig de volgende voorwaarden:<br \/>De houder van dit garantiecertificaat heeft gedurende een termijn van 3 jaar recht op verlengde garantie. Deze periode gaat in, direct na het aflopen van de 2 jaar standaard garantie. Om aanspraak te kunnen maken op de garantie dient de<br \/>houder dit certificaat samen met de aankoopnota van de desbetreffende apparatuur te overleggen. De ingangsdatum van de 5 jaar garantie is gelijk aan de datum die op de aankoopnota staat.<br \/>De houder van dit Certificaat heeft recht op herstel van gebreken aan de op het certificaat genoemde K\u00fcppersbusch apparatuur. Alleen aantoonbaar op een materiaal- en\/of productiefout terug te voeren klachten vallen onder deze garantie. Dereparatiekosten die vergoed zullen worden zijn: arbeidsloon en kosten van benodigde onderdelen. Voorrijdkosten zijn in het 3e tot en met het 5e jaar voor rekening van de houder van dit certificaat.<\/p>\n<p>Buiten de garantie vallen:<\/p>\n<p>&#8211; Breuk van onderdelen zoals lampen, kunststof delen, glas.<\/p>\n<p>&#8211; Losse accessoires<\/p>\n<p>&#8211; Gebreken veroorzaakt door foutief gebruik (te bepalen door de monteur van in opdracht van K\u00fcppersbusch)<\/p>\n<p>&#8211; Gebreken veroorzaakt door het verkeerd monteren van het apparaat(te bepalen door de monteur in opdracht van K\u00fcppersbusch)<\/p>\n<p>&#8211; Beschadigingen aan het apparaat<\/p>\n<p>&#8211; Kleurverschillen tussen verschillende apparaten, waaronder ook verschil in displays (klokken e.d.)<\/p>\n<p>&#8211; Bedrijfsmatig gebruik van de apparatuur<\/p>\n<p>&#8211; Geringe afwijkingen van de gewenste eigenschappen, voor zover deze voor de waarde en de functionaliteit van deapparatuur niet van belang zijn<\/p>\n<p>&#8211; Schade die veroorzaakt is door water\/vocht en\/of onvoldoende ventilatie.<\/p>\n<p>De aanspraak op garantie vervalt, indien reparaties worden uitgevoerd door personen die daartoe niet door K\u00fcppersbusch gemachtigd zijn. In eerste instantie zullen defecte onderdelen aan het apparaat altijd gerepareerd of vervangen worden.<br \/>Vervangen onderdelen worden eigendom van K\u00fcppersbusch. K\u00fcppersbusch behoudt zich het recht voor om, indien herstel door K\u00fcppersbusch redelijkerwijs niet mogelijk is of indien de kosten van het herstel meer dan 75% van de aankoopwaarde bedragen, in plaats van herstel een gelijkwaardig vervangend apparaat aan te bieden tegen bijbetaling op basis van een door K\u00fcppersbusch te bepalen jaarlijks afschrijvingspercentage voor de tot dan toe genoten gebruiksduur. Hierbij is een afwijking van design of kleur niet uit te sluiten. De specificaties zijn bepalend voor de vergelijking, niet de aankoopprijs. Garantiegevallen leiden niet tot een verlenging van de garantietermijn en vormen evenmin het begin van een nieuwe garantietermijn. De garantietermijn voor ingebouwde reserveonderdelen eindigt tegelijk met de garantietermijn voor de apparatuur als geheel.<br \/>Gevolgschade en dus de aanspraak op vergoeding van gevolgschade door defecte apparatuur zal niet door K\u00fcppersbusch vergoed\/gehonoreerd worden. Garantievoorwaarden gelden voor in Benelux gekochte en geplaatste Apparatuur die voldoet aan de technische voorwaarden (bijvoorbeeld spanning, frequentie, gassoorten, etc.) zoals die in Benelux voorgeschreven zijn.<\/p>\n<p>Stand: September 2023<\/p>\n<p>[\/et_pb_text][\/et_pb_column][\/et_pb_row][\/et_pb_section][et_pb_section fb_built=&#8221;1&#8243; admin_label=&#8221;CODE DO NOT TOUCH&#8221; _builder_version=&#8221;4.27.4&#8243; _module_preset=&#8221;default&#8221; locked=&#8221;off&#8221; collapsed=&#8221;off&#8221; global_colors_info=&#8221;{}&#8221;][et_pb_row _builder_version=&#8221;4.27.4&#8243; _module_preset=&#8221;default&#8221; global_colors_info=&#8221;{}&#8221;][et_pb_column type=&#8221;4_4&#8243; _builder_version=&#8221;4.27.4&#8243; _module_preset=&#8221;default&#8221; global_colors_info=&#8221;{}&#8221;][et_pb_code _builder_version=&#8221;4.27.4&#8243; _module_preset=&#8221;default&#8221; locked=&#8221;off&#8221; global_colors_info=&#8221;{}&#8221;]<!-- [et_pb_line_break_holder] -->@import url(&#8216;https:\/\/fonts.googleapis.com\/css2?family=Inter:wght@300;400;500;600;700&amp;display=swap&#8217;);<!-- [et_pb_line_break_holder] --><!-- [et_pb_line_break_holder] -->body {<!-- [et_pb_line_break_holder] -->    font-family: &#8216;Inter&#8217;, sans-serif !important;<!-- [et_pb_line_break_holder] -->    color: #000000 !important;<!-- [et_pb_line_break_holder] -->    background-color: #FFFFFF !important;<!-- [et_pb_line_break_holder] -->}<!-- [et_pb_line_break_holder] --><!-- [et_pb_line_break_holder] -->.et_pb_tabs_0.et_pb_tabs .et_pb_all_tabs .et_pb_tab {<!-- [et_pb_line_break_holder] -->    font-family: &#8216;Inter&#8217;, sans-serif !important;<!-- [et_pb_line_break_holder] -->    font-size: 14px;<!-- [et_pb_line_break_holder] -->    color: #000000 !important;<!-- [et_pb_line_break_holder] -->    letter-spacing: 1px !important;<!-- [et_pb_line_break_holder] -->}<!-- [et_pb_line_break_holder] --><!-- [et_pb_line_break_holder] -->ul.et_pb_tabs_controls {<!-- [et_pb_line_break_holder] -->    background-color: #FFFFFF !important;<!-- [et_pb_line_break_holder] -->}<!-- [et_pb_line_break_holder] --><!-- [et_pb_line_break_holder] -->.et_pb_tab_content  {<!-- [et_pb_line_break_holder] -->    color: #000000 !important;<!-- [et_pb_line_break_holder] -->    font-weight: 300;<!-- [et_pb_line_break_holder] -->    font-family: &#8216;Inter&#8217;, sans-serif !important;<!-- [et_pb_line_break_holder] -->    letter-spacing: 1px !important;<!-- [et_pb_line_break_holder] -->}<!-- [et_pb_line_break_holder] --><!-- [et_pb_line_break_holder] -->.et_pb_text_inner h1 {<!-- [et_pb_line_break_holder] -->    font-size: 42px !important;<!-- [et_pb_line_break_holder] -->    color: #000000 !important;<!-- [et_pb_line_break_holder] -->    font-weight: 700 !important;<!-- [et_pb_line_break_holder] -->    font-family: &#8216;Inter&#8217;, sans-serif !important;<!-- [et_pb_line_break_holder] -->    letter-spacing: 6px !important;<!-- [et_pb_line_break_holder] -->}<!-- [et_pb_line_break_holder] --><!-- [et_pb_line_break_holder] -->.et_pb_text_inner h3 {<!-- [et_pb_line_break_holder] -->    font-size: 34px !important;<!-- [et_pb_line_break_holder] -->    color: #000000 !important;<!-- [et_pb_line_break_holder] -->    font-weight: 300 !important;<!-- [et_pb_line_break_holder] -->    font-family: &#8216;Inter&#8217;, sans-serif !important;<!-- [et_pb_line_break_holder] -->    letter-spacing: 2px !important;<!-- [et_pb_line_break_holder] -->    text-transform: uppercase !important;<!-- [et_pb_line_break_holder] -->}<!-- [et_pb_line_break_holder] --><!-- [et_pb_line_break_holder] -->.et_pb_tabs_0.et_pb_tabs {<!-- [et_pb_line_break_holder] -->    border-width: 0px;<!-- [et_pb_line_break_holder] -->    border-color: #FFFFFF !important;<!-- [et_pb_line_break_holder] -->}<!-- [et_pb_line_break_holder] --><!-- [et_pb_line_break_holder] -->p {<!-- [et_pb_line_break_holder] -->    font-family: &#8216;Inter&#8217;, sans-serif !important;<!-- [et_pb_line_break_holder] -->    font-weight: 400 !important;<!-- [et_pb_line_break_holder] -->    font-size: 15.5px !important;<!-- [et_pb_line_break_holder] -->    line-height: 21px !important;<!-- [et_pb_line_break_holder] -->    color: #000000 !important;<!-- [et_pb_line_break_holder] -->}<!-- [et_pb_line_break_holder] --><!-- [et_pb_line_break_holder] -->h2 {<!-- [et_pb_line_break_holder] -->    font-size: 34px !important;<!-- [et_pb_line_break_holder] -->    color: #000000 !important;<!-- [et_pb_line_break_holder] -->    font-weight: 300 !important;<!-- [et_pb_line_break_holder] -->    font-family: &#8216;Inter&#8217;, sans-serif !important;<!-- [et_pb_line_break_holder] -->    letter-spacing: 2px !important;<!-- [et_pb_line_break_holder] -->    text-transform: uppercase !important;<!-- [et_pb_line_break_holder] -->}<!-- [et_pb_line_break_holder] --><!-- [et_pb_line_break_holder] -->.et_pb_text_0 {<!-- [et_pb_line_break_holder] -->    font-family: &#8216;Inter&#8217;, sans-serif !important;<!-- [et_pb_line_break_holder] -->    font-weight: 400 !important;<!-- [et_pb_line_break_holder] -->    letter-spacing: 1px !important;<!-- [et_pb_line_break_holder] -->}<!-- [et_pb_line_break_holder] --><!-- [et_pb_line_break_holder] -->\/* enlace texto &#8211; COMIENZO *\/<!-- [et_pb_line_break_holder] -->.et_pb_tabs_0.et_pb_tabs .et_pb_all_tabs .et_pb_tab a  {<!-- [et_pb_line_break_holder] -->    font-weight: 600 !important;<!-- [et_pb_line_break_holder] -->    color: #787879 !important;<!-- [et_pb_line_break_holder] -->    text-decoration: none !important;<!-- [et_pb_line_break_holder] -->}<!-- [et_pb_line_break_holder] --><!-- [et_pb_line_break_holder] -->.et_pb_tabs_0.et_pb_tabs .et_pb_all_tabs .et_pb_tab a:hover {<!-- [et_pb_line_break_holder] -->    font-weight: 600 !important;<!-- [et_pb_line_break_holder] -->    color: #000000 !important;<!-- [et_pb_line_break_holder] -->    text-decoration: none !important;<!-- [et_pb_line_break_holder] -->}<!-- [et_pb_line_break_holder] -->\/* enlace texto &#8211; CIERRE *\/<!-- [et_pb_line_break_holder] --><!-- [et_pb_line_break_holder] -->\/* bot\u00f3n cookies *\/<!-- [et_pb_line_break_holder] -->.cli-plugin-button, <!-- [et_pb_line_break_holder] -->.cli-plugin-button:visited, <!-- [et_pb_line_break_holder] -->.medium.cli-plugin-button, <!-- [et_pb_line_break_holder] -->.medium.cli-plugin-button:visited {<!-- [et_pb_line_break_holder] -->    font-size: 13px;<!-- [et_pb_line_break_holder] -->    font-weight: 400;<!-- [et_pb_line_break_holder] -->    letter-spacing: 1px !important;<!-- [et_pb_line_break_holder] -->    line-height: 1;<!-- [et_pb_line_break_holder] -->    color: #000000 !important;<!-- [et_pb_line_break_holder] -->    background-color: #E0E0E0 !important;<!-- [et_pb_line_break_holder] -->    transition: 0.5s all ease;<!-- [et_pb_line_break_holder] -->}<!-- [et_pb_line_break_holder] --><!-- [et_pb_line_break_holder] -->a.medium.cli-plugin-button.cli-plugin-main-button.cli_settings_button:hover {<!-- [et_pb_line_break_holder] -->    background: #C0C0C0 !important;<!-- [et_pb_line_break_holder] -->    transition: 0.5s all ease;<!-- [et_pb_line_break_holder] -->}<!-- [et_pb_line_break_holder] --><!-- [et_pb_line_break_holder] -->@media (min-width:500px) and (max-width: 980px){<!-- [et_pb_line_break_holder] -->    .et_pb_section_0.et_pb_section {<!-- [et_pb_line_break_holder] -->        padding-top: 40px !important;<!-- [et_pb_line_break_holder] -->    }<!-- [et_pb_line_break_holder] -->}<!-- [et_pb_line_break_holder] --><!-- [et_pb_line_break_holder] -->@media (max-width: 500px){<!-- [et_pb_line_break_holder] -->    .et_pb_section_0.et_pb_section {<!-- [et_pb_line_break_holder] -->        padding-top: 30px !important;<!-- [et_pb_line_break_holder] -->    }<!-- [et_pb_line_break_holder] --><!-- [et_pb_line_break_holder] -->    p {<!-- [et_pb_line_break_holder] -->        font-weight: 400 !important;<!-- [et_pb_line_break_holder] -->        font-size: 15.5px !important;<!-- [et_pb_line_break_holder] -->        line-height: 21px !important;<!-- [et_pb_line_break_holder] -->        color: #000000 !important;<!-- [et_pb_line_break_holder] -->        word-wrap: break-word !important;<!-- [et_pb_line_break_holder] -->    }<!-- [et_pb_line_break_holder] --><!-- [et_pb_line_break_holder] -->    table {<!-- [et_pb_line_break_holder] -->        font-size: 13px !important;<!-- [et_pb_line_break_holder] -->        line-height: 1.5 !important;<!-- [et_pb_line_break_holder] -->    }<!-- [et_pb_line_break_holder] -->}<!-- [et_pb_line_break_holder] --><!-- [et_pb_line_break_holder] -->.cli_settings_button {<!-- [et_pb_line_break_holder] -->    font-size: 13px;<!-- [et_pb_line_break_holder] -->    font-weight: 400;<!-- [et_pb_line_break_holder] -->    letter-spacing: 1px !important;<!-- [et_pb_line_break_holder] -->    line-height: 1;<!-- [et_pb_line_break_holder] -->    color: #000000 !important;<!-- [et_pb_line_break_holder] -->    background-color: #E0E0E0 !important;<!-- [et_pb_line_break_holder] -->    transition: 0.5s all ease;<!-- [et_pb_line_break_holder] -->    padding: 12px;<!-- [et_pb_line_break_holder] -->    text-transform: uppercase;<!-- [et_pb_line_break_holder] -->    font-family: &#8216;Inter&#8217;, sans-serif !important;<!-- [et_pb_line_break_holder] -->}<!-- [et_pb_line_break_holder] --><!-- [et_pb_line_break_holder] -->.cli_settings_button:hover {<!-- [et_pb_line_break_holder] -->    background: #C0C0C0 !important;<!-- [et_pb_line_break_holder] -->    transition: 0.5s all ease;<!-- [et_pb_line_break_holder] -->}<!-- [et_pb_line_break_holder] --><!-- [et_pb_line_break_holder] -->\/* BOT\u00d3N L\u00cdNEAS Inter *\/<!-- [et_pb_line_break_holder] -->.container_button {<!-- [et_pb_line_break_holder] -->    width: 452px;<!-- [et_pb_line_break_holder] -->    height: 30px;<!-- [et_pb_line_break_holder] -->    border-right: 1px solid #000000 !important;<!-- [et_pb_line_break_holder] -->    border-left: 1px solid #000000 !important;<!-- [et_pb_line_break_holder] -->    margin-top: 40px;<!-- [et_pb_line_break_holder] -->    color: #000000 !important;<!-- [et_pb_line_break_holder] -->}<!-- [et_pb_line_break_holder] --><!-- [et_pb_line_break_holder] -->.container_button_right {<!-- [et_pb_line_break_holder] -->    width: 452px;<!-- [et_pb_line_break_holder] -->    height: 30px;<!-- [et_pb_line_break_holder] -->    border-right: 1px solid #000000 !important;<!-- [et_pb_line_break_holder] -->    border-left: 1px solid #000000 !important;<!-- [et_pb_line_break_holder] -->    margin-top: 40px;<!-- [et_pb_line_break_holder] -->    float: right;<!-- [et_pb_line_break_holder] -->}<!-- [et_pb_line_break_holder] --><!-- [et_pb_line_break_holder] -->.personalizar a {<!-- [et_pb_line_break_holder] -->    border-left: none !important;<!-- [et_pb_line_break_holder] -->    border-right: none !important;<!-- [et_pb_line_break_holder] -->}<!-- [et_pb_line_break_holder] --><!-- [et_pb_line_break_holder] -->.KPH_button_lato {<!-- [et_pb_line_break_holder] -->    width: 452px;<!-- [et_pb_line_break_holder] -->    height: 30px;<!-- [et_pb_line_break_holder] -->    font-family: &#8216;Inter&#8217;, sans-serif !important;<!-- [et_pb_line_break_holder] -->    letter-spacing: 2px !important;<!-- [et_pb_line_break_holder] -->    font-weight: 500;<!-- [et_pb_line_break_holder] -->    font-size: 14px;<!-- [et_pb_line_break_holder] -->    color: #000000 !important;<!-- [et_pb_line_break_holder] -->    text-align: center;<!-- [et_pb_line_break_holder] -->    padding: 0 10px;<!-- [et_pb_line_break_holder] -->    transition: 0.4s;<!-- [et_pb_line_break_holder] -->    text-transform: uppercase;<!-- [et_pb_line_break_holder] -->    line-height: 2.2;<!-- [et_pb_line_break_holder] -->}<!-- [et_pb_line_break_holder] --><!-- [et_pb_line_break_holder] -->.KPH_button_lato:hover {<!-- [et_pb_line_break_holder] -->    background-color: rgba(120, 120, 121, 0.2);<!-- [et_pb_line_break_holder] -->    transition: 0.4s;<!-- [et_pb_line_break_holder] -->}<!-- [et_pb_line_break_holder] -->\/* BOT\u00d3N L\u00cdNEAS Inter fin *\/<!-- [et_pb_line_break_holder] --><!-- [et_pb_line_break_holder] -->[\/et_pb_code][\/et_pb_column][\/et_pb_row][\/et_pb_section]<\/p>\n","protected":false},"excerpt":{"rendered":"<p>GARANTIEVOORWAARDEN &nbsp; Voorwaarden 5 jaargarantieregeling K\u00fcppersbusch apparatuur K\u00fcppersbusch geeft de houder van dit garantiecertificaat recht op een totaal van 5 jaar garantie (standaard 2 jaar) overeenkomstig de volgende voorwaarden:De houder van dit garantiecertificaat heeft gedurende een termijn van 3 jaar recht op verlengde garantie. Deze periode gaat in, direct na het aflopen van de 2 [&hellip;]<\/p>\n","protected":false},"author":68,"featured_media":0,"parent":0,"menu_order":0,"comment_status":"closed","ping_status":"closed","template":"","meta":{"_acf_changed":false,"_et_pb_use_builder":"on","_et_pb_old_content":"","_et_gb_content_width":"","footnotes":""},"class_list":["post-75517","page","type-page","status-publish","hentry"],"acf":[],"yoast_head":"<!-- This site is optimized with the Yoast SEO plugin v27.5 - https:\/\/yoast.com\/product\/yoast-seo-wordpress\/ -->\n<title>Garantievoorwaarden | K\u00fcppersbusch Belgi\u00eb<\/title>\n<meta name=\"robots\" content=\"index, follow, max-snippet:-1, max-image-preview:large, max-video-preview:-1\" \/>\n<link rel=\"canonical\" href=\"https:\/\/www.home-kueppersbusch.com\/nl-be\/garantievoorwaarden\/\" \/>\n<meta property=\"og:locale\" content=\"nl_NL\" \/>\n<meta property=\"og:type\" content=\"article\" \/>\n<meta property=\"og:title\" content=\"Garantievoorwaarden | K\u00fcppersbusch Belgi\u00eb\" \/>\n<meta property=\"og:description\" content=\"GARANTIEVOORWAARDEN &nbsp; Voorwaarden 5 jaargarantieregeling K\u00fcppersbusch apparatuur K\u00fcppersbusch geeft de houder van dit garantiecertificaat recht op een totaal van 5 jaar garantie (standaard 2 jaar) overeenkomstig de volgende voorwaarden:De houder van dit garantiecertificaat heeft gedurende een termijn van 3 jaar recht op verlengde garantie. Deze periode gaat in, direct na het aflopen van de 2 [&hellip;]\" \/>\n<meta property=\"og:url\" content=\"https:\/\/www.home-kueppersbusch.com\/nl-be\/garantievoorwaarden\/\" \/>\n<meta property=\"og:site_name\" content=\"K\u00fcppersbusch Belgi\u00eb\" \/>\n<meta property=\"article:modified_time\" content=\"2026-03-23T08:42:50+00:00\" \/>\n<meta name=\"twitter:card\" content=\"summary_large_image\" \/>\n<meta name=\"twitter:label1\" content=\"Geschatte leestijd\" \/>\n\t<meta name=\"twitter:data1\" content=\"5 minuten\" \/>\n<script type=\"application\/ld+json\" class=\"yoast-schema-graph\">{\"@context\":\"https:\\\/\\\/schema.org\",\"@graph\":[{\"@type\":\"WebPage\",\"@id\":\"https:\\\/\\\/www.home-kueppersbusch.com\\\/nl-be\\\/garantievoorwaarden\\\/\",\"url\":\"https:\\\/\\\/www.home-kueppersbusch.com\\\/nl-be\\\/garantievoorwaarden\\\/\",\"name\":\"Garantievoorwaarden | K\u00fcppersbusch Belgi\u00eb\",\"isPartOf\":{\"@id\":\"https:\\\/\\\/www.home-kueppersbusch.com\\\/nl-be\\\/#website\"},\"datePublished\":\"2025-06-16T06:41:35+00:00\",\"dateModified\":\"2026-03-23T08:42:50+00:00\",\"inLanguage\":\"nl-NL\",\"potentialAction\":[{\"@type\":\"ReadAction\",\"target\":[\"https:\\\/\\\/www.home-kueppersbusch.com\\\/nl-be\\\/garantievoorwaarden\\\/\"]}]},{\"@type\":\"WebSite\",\"@id\":\"https:\\\/\\\/www.home-kueppersbusch.com\\\/nl-be\\\/#website\",\"url\":\"https:\\\/\\\/www.home-kueppersbusch.com\\\/nl-be\\\/\",\"name\":\"K\u00fcppersbusch Belgi\u00eb\",\"description\":\"\",\"potentialAction\":[{\"@type\":\"SearchAction\",\"target\":{\"@type\":\"EntryPoint\",\"urlTemplate\":\"https:\\\/\\\/www.home-kueppersbusch.com\\\/nl-be\\\/?s={search_term_string}\"},\"query-input\":{\"@type\":\"PropertyValueSpecification\",\"valueRequired\":true,\"valueName\":\"search_term_string\"}}],\"inLanguage\":\"nl-NL\"}]}<\/script>\n<!-- \/ Yoast SEO plugin. -->","yoast_head_json":{"title":"Garantievoorwaarden | K\u00fcppersbusch Belgi\u00eb","robots":{"index":"index","follow":"follow","max-snippet":"max-snippet:-1","max-image-preview":"max-image-preview:large","max-video-preview":"max-video-preview:-1"},"canonical":"https:\/\/www.home-kueppersbusch.com\/nl-be\/garantievoorwaarden\/","og_locale":"nl_NL","og_type":"article","og_title":"Garantievoorwaarden | K\u00fcppersbusch Belgi\u00eb","og_description":"GARANTIEVOORWAARDEN &nbsp; Voorwaarden 5 jaargarantieregeling K\u00fcppersbusch apparatuur K\u00fcppersbusch geeft de houder van dit garantiecertificaat recht op een totaal van 5 jaar garantie (standaard 2 jaar) overeenkomstig de volgende voorwaarden:De houder van dit garantiecertificaat heeft gedurende een termijn van 3 jaar recht op verlengde garantie. Deze periode gaat in, direct na het aflopen van de 2 [&hellip;]","og_url":"https:\/\/www.home-kueppersbusch.com\/nl-be\/garantievoorwaarden\/","og_site_name":"K\u00fcppersbusch Belgi\u00eb","article_modified_time":"2026-03-23T08:42:50+00:00","twitter_card":"summary_large_image","twitter_misc":{"Geschatte leestijd":"5 minuten"},"schema":{"@context":"https:\/\/schema.org","@graph":[{"@type":"WebPage","@id":"https:\/\/www.home-kueppersbusch.com\/nl-be\/garantievoorwaarden\/","url":"https:\/\/www.home-kueppersbusch.com\/nl-be\/garantievoorwaarden\/","name":"Garantievoorwaarden | K\u00fcppersbusch Belgi\u00eb","isPartOf":{"@id":"https:\/\/www.home-kueppersbusch.com\/nl-be\/#website"},"datePublished":"2025-06-16T06:41:35+00:00","dateModified":"2026-03-23T08:42:50+00:00","inLanguage":"nl-NL","potentialAction":[{"@type":"ReadAction","target":["https:\/\/www.home-kueppersbusch.com\/nl-be\/garantievoorwaarden\/"]}]},{"@type":"WebSite","@id":"https:\/\/www.home-kueppersbusch.com\/nl-be\/#website","url":"https:\/\/www.home-kueppersbusch.com\/nl-be\/","name":"K\u00fcppersbusch Belgi\u00eb","description":"","potentialAction":[{"@type":"SearchAction","target":{"@type":"EntryPoint","urlTemplate":"https:\/\/www.home-kueppersbusch.com\/nl-be\/?s={search_term_string}"},"query-input":{"@type":"PropertyValueSpecification","valueRequired":true,"valueName":"search_term_string"}}],"inLanguage":"nl-NL"}]}},"_links":{"self":[{"href":"https:\/\/www.home-kueppersbusch.com\/nl-be\/wp-json\/wp\/v2\/pages\/75517","targetHints":{"allow":["GET"]}}],"collection":[{"href":"https:\/\/www.home-kueppersbusch.com\/nl-be\/wp-json\/wp\/v2\/pages"}],"about":[{"href":"https:\/\/www.home-kueppersbusch.com\/nl-be\/wp-json\/wp\/v2\/types\/page"}],"author":[{"embeddable":true,"href":"https:\/\/www.home-kueppersbusch.com\/nl-be\/wp-json\/wp\/v2\/users\/68"}],"replies":[{"embeddable":true,"href":"https:\/\/www.home-kueppersbusch.com\/nl-be\/wp-json\/wp\/v2\/comments?post=75517"}],"version-history":[{"count":10,"href":"https:\/\/www.home-kueppersbusch.com\/nl-be\/wp-json\/wp\/v2\/pages\/75517\/revisions"}],"predecessor-version":[{"id":79107,"href":"https:\/\/www.home-kueppersbusch.com\/nl-be\/wp-json\/wp\/v2\/pages\/75517\/revisions\/79107"}],"wp:attachment":[{"href":"https:\/\/www.home-kueppersbusch.com\/nl-be\/wp-json\/wp\/v2\/media?parent=75517"}],"curies":[{"name":"wp","href":"https:\/\/api.w.org\/{rel}","templated":true}]}}