{"id":77851,"date":"2026-04-03T17:44:03","date_gmt":"2026-04-03T17:44:03","guid":{"rendered":"https:\/\/teka.com\/en-int\/cbm6350-0gph6-graphiteline_121170020"},"modified":"2026-03-28T08:08:48","modified_gmt":"2026-03-28T09:08:48","slug":"cbm6350-0gph6-graphiteline_121170020","status":"publish","type":"product","link":"https:\/\/www.home-kueppersbusch.com\/fr-fr\/produit\/cbm6350-0gph6-graphiteline_121170020\/","title":{"rendered":"CBM6350.0GPH6 GraphiteLine"},"content":{"rendered":"<ul>\n<li>Un design de produit unique avec la ligne GraphiteLine Design<\/li>\n<li>Pas d&rsquo;odeurs d\u00e9sagr\u00e9ables gr\u00e2ce au catalyseur \u00f6kotherm\u00ae unique en son genre<\/li>\n<li>Toutes les informations en un coup d&rsquo;\u0153il gr\u00e2ce \u00e0 l&rsquo;\u00e9cran TFT<\/li>\n<li>Utilisation simple gr\u00e2ce \u00e0 des manettes rotatives en aluminium de haute qualit\u00e9<\/li>\n<\/ul>\n","protected":false},"featured_media":0,"parent":0,"template":"","product_cat":[8615,9186],"product_edition":[],"product_energy_efficiency":[],"class_list":["post-77851","product","type-product","status-publish","hentry","product_ambient-kitchen-graphite","product_cat-fours-compacts-combines","product_cat-compact","color-grafite","product_icons-softclose","product_installation-integre","product_lifestyle-k-series-3","usp-kph-graphite-02","usp-kph-graphite-01","usp-kph-graphite-03"],"acf":[],"yoast_head":"<!-- This site is optimized with the Yoast SEO plugin v27.2 - https:\/\/yoast.com\/product\/yoast-seo-wordpress\/ -->\n<title>CBM6350.0GPH6 GraphiteLine | K\u00fcppersbusch France<\/title>\n<meta name=\"robots\" content=\"index, follow, max-snippet:-1, max-image-preview:large, max-video-preview:-1\" \/>\n<link rel=\"canonical\" href=\"https:\/\/www.home-kueppersbusch.com\/fr-fr\/produit\/cbm6350-0gph6-graphiteline_121170020\/\" \/>\n<meta property=\"og:locale\" content=\"fr_FR\" \/>\n<meta property=\"og:type\" content=\"article\" \/>\n<meta property=\"og:title\" content=\"CBM6350.0GPH6 GraphiteLine | K\u00fcppersbusch France\" \/>\n<meta property=\"og:description\" content=\"Un design de produit unique avec la ligne GraphiteLine Design Pas d&rsquo;odeurs d\u00e9sagr\u00e9ables gr\u00e2ce au catalyseur \u00f6kotherm\u00ae unique en son genre Toutes les informations en un coup d&rsquo;\u0153il gr\u00e2ce \u00e0 l&rsquo;\u00e9cran TFT Utilisation simple gr\u00e2ce \u00e0 des manettes rotatives en aluminium de haute qualit\u00e9\" \/>\n<meta property=\"og:url\" content=\"https:\/\/www.home-kueppersbusch.com\/fr-fr\/produit\/cbm6350-0gph6-graphiteline_121170020\/\" \/>\n<meta property=\"og:site_name\" content=\"K\u00fcppersbusch France\" \/>\n<meta name=\"twitter:card\" content=\"summary_large_image\" \/>\n<script type=\"application\/ld+json\" class=\"yoast-schema-graph\">{\"@context\":\"https:\/\/schema.org\",\"@graph\":[{\"@type\":\"WebPage\",\"@id\":\"https:\/\/www.home-kueppersbusch.com\/fr-fr\/produit\/cbm6350-0gph6-graphiteline_121170020\/\",\"url\":\"https:\/\/www.home-kueppersbusch.com\/fr-fr\/produit\/cbm6350-0gph6-graphiteline_121170020\/\",\"name\":\"CBM6350.0GPH6 GraphiteLine | K\u00fcppersbusch France\",\"isPartOf\":{\"@id\":\"https:\/\/www.home-kueppersbusch.com\/fr-fr\/#website\"},\"datePublished\":\"2026-04-03T17:44:03+00:00\",\"inLanguage\":\"fr-FR\",\"potentialAction\":[{\"@type\":\"ReadAction\",\"target\":[\"https:\/\/www.home-kueppersbusch.com\/fr-fr\/produit\/cbm6350-0gph6-graphiteline_121170020\/\"]}]},{\"@type\":\"WebSite\",\"@id\":\"https:\/\/www.home-kueppersbusch.com\/fr-fr\/#website\",\"url\":\"https:\/\/www.home-kueppersbusch.com\/fr-fr\/\",\"name\":\"K\u00fcppersbusch France\",\"description\":\"\",\"potentialAction\":[{\"@type\":\"SearchAction\",\"target\":{\"@type\":\"EntryPoint\",\"urlTemplate\":\"https:\/\/www.home-kueppersbusch.com\/fr-fr\/?s={search_term_string}\"},\"query-input\":{\"@type\":\"PropertyValueSpecification\",\"valueRequired\":true,\"valueName\":\"search_term_string\"}}],\"inLanguage\":\"fr-FR\"}]}<\/script>\n<!-- \/ Yoast SEO plugin. -->","yoast_head_json":{"title":"CBM6350.0GPH6 GraphiteLine | K\u00fcppersbusch France","robots":{"index":"index","follow":"follow","max-snippet":"max-snippet:-1","max-image-preview":"max-image-preview:large","max-video-preview":"max-video-preview:-1"},"canonical":"https:\/\/www.home-kueppersbusch.com\/fr-fr\/produit\/cbm6350-0gph6-graphiteline_121170020\/","og_locale":"fr_FR","og_type":"article","og_title":"CBM6350.0GPH6 GraphiteLine | K\u00fcppersbusch France","og_description":"Un design de produit unique avec la ligne GraphiteLine Design Pas d&rsquo;odeurs d\u00e9sagr\u00e9ables gr\u00e2ce au catalyseur \u00f6kotherm\u00ae unique en son genre Toutes les informations en un coup d&rsquo;\u0153il gr\u00e2ce \u00e0 l&rsquo;\u00e9cran TFT Utilisation simple gr\u00e2ce \u00e0 des manettes rotatives en aluminium de haute qualit\u00e9","og_url":"https:\/\/www.home-kueppersbusch.com\/fr-fr\/produit\/cbm6350-0gph6-graphiteline_121170020\/","og_site_name":"K\u00fcppersbusch France","twitter_card":"summary_large_image","schema":{"@context":"https:\/\/schema.org","@graph":[{"@type":"WebPage","@id":"https:\/\/www.home-kueppersbusch.com\/fr-fr\/produit\/cbm6350-0gph6-graphiteline_121170020\/","url":"https:\/\/www.home-kueppersbusch.com\/fr-fr\/produit\/cbm6350-0gph6-graphiteline_121170020\/","name":"CBM6350.0GPH6 GraphiteLine | K\u00fcppersbusch France","isPartOf":{"@id":"https:\/\/www.home-kueppersbusch.com\/fr-fr\/#website"},"datePublished":"2026-04-03T17:44:03+00:00","inLanguage":"fr-FR","potentialAction":[{"@type":"ReadAction","target":["https:\/\/www.home-kueppersbusch.com\/fr-fr\/produit\/cbm6350-0gph6-graphiteline_121170020\/"]}]},{"@type":"WebSite","@id":"https:\/\/www.home-kueppersbusch.com\/fr-fr\/#website","url":"https:\/\/www.home-kueppersbusch.com\/fr-fr\/","name":"K\u00fcppersbusch France","description":"","potentialAction":[{"@type":"SearchAction","target":{"@type":"EntryPoint","urlTemplate":"https:\/\/www.home-kueppersbusch.com\/fr-fr\/?s={search_term_string}"},"query-input":{"@type":"PropertyValueSpecification","valueRequired":true,"valueName":"search_term_string"}}],"inLanguage":"fr-FR"}]}},"_links":{"self":[{"href":"https:\/\/www.home-kueppersbusch.com\/fr-fr\/wp-json\/wp\/v2\/product\/77851","targetHints":{"allow":["GET"]}}],"collection":[{"href":"https:\/\/www.home-kueppersbusch.com\/fr-fr\/wp-json\/wp\/v2\/product"}],"about":[{"href":"https:\/\/www.home-kueppersbusch.com\/fr-fr\/wp-json\/wp\/v2\/types\/product"}],"wp:attachment":[{"href":"https:\/\/www.home-kueppersbusch.com\/fr-fr\/wp-json\/wp\/v2\/media?parent=77851"}],"wp:term":[{"taxonomy":"product_cat","embeddable":true,"href":"https:\/\/www.home-kueppersbusch.com\/fr-fr\/wp-json\/wp\/v2\/product_cat?post=77851"},{"taxonomy":"product_edition","embeddable":true,"href":"https:\/\/www.home-kueppersbusch.com\/fr-fr\/wp-json\/wp\/v2\/product_edition?post=77851"},{"taxonomy":"product_energy_efficiency","embeddable":true,"href":"https:\/\/www.home-kueppersbusch.com\/fr-fr\/wp-json\/wp\/v2\/product_energy_efficiency?post=77851"}],"curies":[{"name":"wp","href":"https:\/\/api.w.org\/{rel}","templated":true}]}}