{"id":74075,"date":"2026-04-25T09:26:18","date_gmt":"2026-04-25T09:26:18","guid":{"rendered":"https:\/\/teka.com\/en-int\/fkgf8851-0i_123560014"},"modified":"2026-03-28T08:07:59","modified_gmt":"2026-03-28T09:07:59","slug":"fkgf8851-0i_123560014","status":"publish","type":"product","link":"https:\/\/www.home-kueppersbusch.com\/fr-fr\/produit\/fkgf8851-0i_123560014\/","title":{"rendered":"FKGF8851.0i"},"content":{"rendered":"<ul>\n<li>Aper\u00e7u rapide gr\u00e2ce \u00e0 l&rsquo;affichage num\u00e9rique de l&rsquo;\u00e9tat<\/li>\n<li>R\u00e9glage intuitif par capteurs tactiles<\/li>\n<li>R\u00e9partition variable de l&rsquo;espace int\u00e9rieur gr\u00e2ce aux VarioShelves + VarioBoxes<\/li>\n<li>Pas de givrage de la zone de cong\u00e9lation gr\u00e2ce \u00e0 NoFrost<\/li>\n<li>FastFreezing gr\u00e2ce \u00e0 la fonction de cong\u00e9lation rapide<\/li>\n<\/ul>\n","protected":false},"featured_media":0,"parent":0,"template":"","product_cat":[9363],"product_edition":[],"product_energy_efficiency":[9068],"class_list":["post-74075","product","type-product","status-publish","hentry","product_cat-fridge-freezers","color-white","product_installation-integre","product_lifestyle-k-series-8","product_energy_efficiency-e-ue-icon-new"],"acf":[],"yoast_head":"<!-- This site is optimized with the Yoast SEO plugin v27.5 - https:\/\/yoast.com\/product\/yoast-seo-wordpress\/ -->\n<title>FKGF8851.0i | K\u00fcppersbusch France<\/title>\n<meta name=\"robots\" content=\"index, follow, max-snippet:-1, max-image-preview:large, max-video-preview:-1\" \/>\n<link rel=\"canonical\" href=\"https:\/\/www.home-kueppersbusch.com\/fr-fr\/produit\/fkgf8851-0i_123560014\/\" \/>\n<meta property=\"og:locale\" content=\"fr_FR\" \/>\n<meta property=\"og:type\" content=\"article\" \/>\n<meta property=\"og:title\" content=\"FKGF8851.0i | K\u00fcppersbusch France\" \/>\n<meta property=\"og:description\" content=\"Aper\u00e7u rapide gr\u00e2ce \u00e0 l&rsquo;affichage num\u00e9rique de l&rsquo;\u00e9tat R\u00e9glage intuitif par capteurs tactiles R\u00e9partition variable de l&rsquo;espace int\u00e9rieur gr\u00e2ce aux VarioShelves + VarioBoxes Pas de givrage de la zone de cong\u00e9lation gr\u00e2ce \u00e0 NoFrost FastFreezing gr\u00e2ce \u00e0 la fonction de cong\u00e9lation rapide\" \/>\n<meta property=\"og:url\" content=\"https:\/\/www.home-kueppersbusch.com\/fr-fr\/produit\/fkgf8851-0i_123560014\/\" \/>\n<meta property=\"og:site_name\" content=\"K\u00fcppersbusch France\" \/>\n<meta name=\"twitter:card\" content=\"summary_large_image\" \/>\n<script type=\"application\/ld+json\" class=\"yoast-schema-graph\">{\"@context\":\"https:\\\/\\\/schema.org\",\"@graph\":[{\"@type\":\"WebPage\",\"@id\":\"https:\\\/\\\/www.home-kueppersbusch.com\\\/fr-fr\\\/produit\\\/fkgf8851-0i_123560014\\\/\",\"url\":\"https:\\\/\\\/www.home-kueppersbusch.com\\\/fr-fr\\\/produit\\\/fkgf8851-0i_123560014\\\/\",\"name\":\"FKGF8851.0i | K\u00fcppersbusch France\",\"isPartOf\":{\"@id\":\"https:\\\/\\\/www.home-kueppersbusch.com\\\/fr-fr\\\/#website\"},\"datePublished\":\"2026-04-25T09:26:18+00:00\",\"inLanguage\":\"fr-FR\",\"potentialAction\":[{\"@type\":\"ReadAction\",\"target\":[\"https:\\\/\\\/www.home-kueppersbusch.com\\\/fr-fr\\\/produit\\\/fkgf8851-0i_123560014\\\/\"]}]},{\"@type\":\"WebSite\",\"@id\":\"https:\\\/\\\/www.home-kueppersbusch.com\\\/fr-fr\\\/#website\",\"url\":\"https:\\\/\\\/www.home-kueppersbusch.com\\\/fr-fr\\\/\",\"name\":\"K\u00fcppersbusch France\",\"description\":\"\",\"potentialAction\":[{\"@type\":\"SearchAction\",\"target\":{\"@type\":\"EntryPoint\",\"urlTemplate\":\"https:\\\/\\\/www.home-kueppersbusch.com\\\/fr-fr\\\/?s={search_term_string}\"},\"query-input\":{\"@type\":\"PropertyValueSpecification\",\"valueRequired\":true,\"valueName\":\"search_term_string\"}}],\"inLanguage\":\"fr-FR\"}]}<\/script>\n<!-- \/ Yoast SEO plugin. -->","yoast_head_json":{"title":"FKGF8851.0i | K\u00fcppersbusch France","robots":{"index":"index","follow":"follow","max-snippet":"max-snippet:-1","max-image-preview":"max-image-preview:large","max-video-preview":"max-video-preview:-1"},"canonical":"https:\/\/www.home-kueppersbusch.com\/fr-fr\/produit\/fkgf8851-0i_123560014\/","og_locale":"fr_FR","og_type":"article","og_title":"FKGF8851.0i | K\u00fcppersbusch France","og_description":"Aper\u00e7u rapide gr\u00e2ce \u00e0 l&rsquo;affichage num\u00e9rique de l&rsquo;\u00e9tat R\u00e9glage intuitif par capteurs tactiles R\u00e9partition variable de l&rsquo;espace int\u00e9rieur gr\u00e2ce aux VarioShelves + VarioBoxes Pas de givrage de la zone de cong\u00e9lation gr\u00e2ce \u00e0 NoFrost FastFreezing gr\u00e2ce \u00e0 la fonction de cong\u00e9lation rapide","og_url":"https:\/\/www.home-kueppersbusch.com\/fr-fr\/produit\/fkgf8851-0i_123560014\/","og_site_name":"K\u00fcppersbusch France","twitter_card":"summary_large_image","schema":{"@context":"https:\/\/schema.org","@graph":[{"@type":"WebPage","@id":"https:\/\/www.home-kueppersbusch.com\/fr-fr\/produit\/fkgf8851-0i_123560014\/","url":"https:\/\/www.home-kueppersbusch.com\/fr-fr\/produit\/fkgf8851-0i_123560014\/","name":"FKGF8851.0i | K\u00fcppersbusch France","isPartOf":{"@id":"https:\/\/www.home-kueppersbusch.com\/fr-fr\/#website"},"datePublished":"2026-04-25T09:26:18+00:00","inLanguage":"fr-FR","potentialAction":[{"@type":"ReadAction","target":["https:\/\/www.home-kueppersbusch.com\/fr-fr\/produit\/fkgf8851-0i_123560014\/"]}]},{"@type":"WebSite","@id":"https:\/\/www.home-kueppersbusch.com\/fr-fr\/#website","url":"https:\/\/www.home-kueppersbusch.com\/fr-fr\/","name":"K\u00fcppersbusch France","description":"","potentialAction":[{"@type":"SearchAction","target":{"@type":"EntryPoint","urlTemplate":"https:\/\/www.home-kueppersbusch.com\/fr-fr\/?s={search_term_string}"},"query-input":{"@type":"PropertyValueSpecification","valueRequired":true,"valueName":"search_term_string"}}],"inLanguage":"fr-FR"}]}},"_links":{"self":[{"href":"https:\/\/www.home-kueppersbusch.com\/fr-fr\/wp-json\/wp\/v2\/product\/74075","targetHints":{"allow":["GET"]}}],"collection":[{"href":"https:\/\/www.home-kueppersbusch.com\/fr-fr\/wp-json\/wp\/v2\/product"}],"about":[{"href":"https:\/\/www.home-kueppersbusch.com\/fr-fr\/wp-json\/wp\/v2\/types\/product"}],"wp:attachment":[{"href":"https:\/\/www.home-kueppersbusch.com\/fr-fr\/wp-json\/wp\/v2\/media?parent=74075"}],"wp:term":[{"taxonomy":"product_cat","embeddable":true,"href":"https:\/\/www.home-kueppersbusch.com\/fr-fr\/wp-json\/wp\/v2\/product_cat?post=74075"},{"taxonomy":"product_edition","embeddable":true,"href":"https:\/\/www.home-kueppersbusch.com\/fr-fr\/wp-json\/wp\/v2\/product_edition?post=74075"},{"taxonomy":"product_energy_efficiency","embeddable":true,"href":"https:\/\/www.home-kueppersbusch.com\/fr-fr\/wp-json\/wp\/v2\/product_energy_efficiency?post=74075"}],"curies":[{"name":"wp","href":"https:\/\/api.w.org\/{rel}","templated":true}]}}