{"id":73809,"date":"2026-04-25T09:25:46","date_gmt":"2026-04-25T09:25:46","guid":{"rendered":"https:\/\/www.home-kueppersbusch.com\/fr-fr\/produit\/four-combi-vapeur-60cm-okotherm_121210000\/"},"modified":"2026-03-28T08:06:52","modified_gmt":"2026-03-28T09:06:52","slug":"four-combi-vapeur-60cm-okotherm_121210000","status":"publish","type":"product","link":"https:\/\/www.home-kueppersbusch.com\/fr-fr\/produit\/four-combi-vapeur-60cm-okotherm_121210000\/","title":{"rendered":"BD6340.0S"},"content":{"rendered":"<ul>\n<li>Pas d&rsquo;odeurs d\u00e9sagr\u00e9ables gr\u00e2ce au catalyseur \u00f6kotherm\u00ae unique en son genre<\/li>\n<li>Choix de style personnalis\u00e9 gr\u00e2ce au concept Individual Concept<\/li>\n<li>Bonne visibilit\u00e9 gr\u00e2ce \u00e0 l&rsquo;\u00e9cran LED<\/li>\n<li>Utilisation facile gr\u00e2ce au bouton de commande en acier inoxydable<\/li>\n<li>Nettoyage facile gr\u00e2ce \u00e0 la porte int\u00e9rieure unique en acier inoxydable de K\u00fcppersbusch<\/li>\n<li>Cuisson sans limites gr\u00e2ce \u00e0 la fonction vapeur<\/li>\n<\/ul>\n","protected":false},"featured_media":0,"parent":0,"template":"","product_cat":[8613],"product_edition":[],"product_energy_efficiency":[9075],"class_list":["post-73809","product","type-product","status-publish","hentry","finishes-9545","finishes-9546","finishes-9547","finishes-9548","finishes-9549","finishes-9550","finishes-9562","product_ambient-kitchen-bv-02","product_ambient-kitchen-cop-02","product_ambient-kitchen-g-02","product_cat-fours-a-vapeur","color-black","product_lifestyle-k-series-3","product_energy_efficiency-a-plus-icon"],"acf":[],"yoast_head":"<!-- This site is optimized with the Yoast SEO plugin v27.5 - https:\/\/yoast.com\/product\/yoast-seo-wordpress\/ -->\n<title>BD6340.0S | K\u00fcppersbusch France<\/title>\n<meta name=\"robots\" content=\"index, follow, max-snippet:-1, max-image-preview:large, max-video-preview:-1\" \/>\n<link rel=\"canonical\" href=\"https:\/\/www.home-kueppersbusch.com\/fr-fr\/produit\/four-combi-vapeur-60cm-okotherm_121210000\/\" \/>\n<meta property=\"og:locale\" content=\"fr_FR\" \/>\n<meta property=\"og:type\" content=\"article\" \/>\n<meta property=\"og:title\" content=\"BD6340.0S | K\u00fcppersbusch France\" \/>\n<meta property=\"og:description\" content=\"Pas d&rsquo;odeurs d\u00e9sagr\u00e9ables gr\u00e2ce au catalyseur \u00f6kotherm\u00ae unique en son genre Choix de style personnalis\u00e9 gr\u00e2ce au concept Individual Concept Bonne visibilit\u00e9 gr\u00e2ce \u00e0 l&rsquo;\u00e9cran LED Utilisation facile gr\u00e2ce au bouton de commande en acier inoxydable Nettoyage facile gr\u00e2ce \u00e0 la porte int\u00e9rieure unique en acier inoxydable de K\u00fcppersbusch Cuisson sans limites gr\u00e2ce \u00e0 la [&hellip;]\" \/>\n<meta property=\"og:url\" content=\"https:\/\/www.home-kueppersbusch.com\/fr-fr\/produit\/four-combi-vapeur-60cm-okotherm_121210000\/\" \/>\n<meta property=\"og:site_name\" content=\"K\u00fcppersbusch France\" \/>\n<meta name=\"twitter:card\" content=\"summary_large_image\" \/>\n<script type=\"application\/ld+json\" class=\"yoast-schema-graph\">{\"@context\":\"https:\\\/\\\/schema.org\",\"@graph\":[{\"@type\":\"WebPage\",\"@id\":\"https:\\\/\\\/www.home-kueppersbusch.com\\\/fr-fr\\\/produit\\\/four-combi-vapeur-60cm-okotherm_121210000\\\/\",\"url\":\"https:\\\/\\\/www.home-kueppersbusch.com\\\/fr-fr\\\/produit\\\/four-combi-vapeur-60cm-okotherm_121210000\\\/\",\"name\":\"BD6340.0S | K\u00fcppersbusch France\",\"isPartOf\":{\"@id\":\"https:\\\/\\\/www.home-kueppersbusch.com\\\/fr-fr\\\/#website\"},\"datePublished\":\"2026-04-25T09:25:46+00:00\",\"inLanguage\":\"fr-FR\",\"potentialAction\":[{\"@type\":\"ReadAction\",\"target\":[\"https:\\\/\\\/www.home-kueppersbusch.com\\\/fr-fr\\\/produit\\\/four-combi-vapeur-60cm-okotherm_121210000\\\/\"]}]},{\"@type\":\"WebSite\",\"@id\":\"https:\\\/\\\/www.home-kueppersbusch.com\\\/fr-fr\\\/#website\",\"url\":\"https:\\\/\\\/www.home-kueppersbusch.com\\\/fr-fr\\\/\",\"name\":\"K\u00fcppersbusch France\",\"description\":\"\",\"potentialAction\":[{\"@type\":\"SearchAction\",\"target\":{\"@type\":\"EntryPoint\",\"urlTemplate\":\"https:\\\/\\\/www.home-kueppersbusch.com\\\/fr-fr\\\/?s={search_term_string}\"},\"query-input\":{\"@type\":\"PropertyValueSpecification\",\"valueRequired\":true,\"valueName\":\"search_term_string\"}}],\"inLanguage\":\"fr-FR\"}]}<\/script>\n<!-- \/ Yoast SEO plugin. -->","yoast_head_json":{"title":"BD6340.0S | K\u00fcppersbusch France","robots":{"index":"index","follow":"follow","max-snippet":"max-snippet:-1","max-image-preview":"max-image-preview:large","max-video-preview":"max-video-preview:-1"},"canonical":"https:\/\/www.home-kueppersbusch.com\/fr-fr\/produit\/four-combi-vapeur-60cm-okotherm_121210000\/","og_locale":"fr_FR","og_type":"article","og_title":"BD6340.0S | K\u00fcppersbusch France","og_description":"Pas d&rsquo;odeurs d\u00e9sagr\u00e9ables gr\u00e2ce au catalyseur \u00f6kotherm\u00ae unique en son genre Choix de style personnalis\u00e9 gr\u00e2ce au concept Individual Concept Bonne visibilit\u00e9 gr\u00e2ce \u00e0 l&rsquo;\u00e9cran LED Utilisation facile gr\u00e2ce au bouton de commande en acier inoxydable Nettoyage facile gr\u00e2ce \u00e0 la porte int\u00e9rieure unique en acier inoxydable de K\u00fcppersbusch Cuisson sans limites gr\u00e2ce \u00e0 la [&hellip;]","og_url":"https:\/\/www.home-kueppersbusch.com\/fr-fr\/produit\/four-combi-vapeur-60cm-okotherm_121210000\/","og_site_name":"K\u00fcppersbusch France","twitter_card":"summary_large_image","schema":{"@context":"https:\/\/schema.org","@graph":[{"@type":"WebPage","@id":"https:\/\/www.home-kueppersbusch.com\/fr-fr\/produit\/four-combi-vapeur-60cm-okotherm_121210000\/","url":"https:\/\/www.home-kueppersbusch.com\/fr-fr\/produit\/four-combi-vapeur-60cm-okotherm_121210000\/","name":"BD6340.0S | K\u00fcppersbusch France","isPartOf":{"@id":"https:\/\/www.home-kueppersbusch.com\/fr-fr\/#website"},"datePublished":"2026-04-25T09:25:46+00:00","inLanguage":"fr-FR","potentialAction":[{"@type":"ReadAction","target":["https:\/\/www.home-kueppersbusch.com\/fr-fr\/produit\/four-combi-vapeur-60cm-okotherm_121210000\/"]}]},{"@type":"WebSite","@id":"https:\/\/www.home-kueppersbusch.com\/fr-fr\/#website","url":"https:\/\/www.home-kueppersbusch.com\/fr-fr\/","name":"K\u00fcppersbusch France","description":"","potentialAction":[{"@type":"SearchAction","target":{"@type":"EntryPoint","urlTemplate":"https:\/\/www.home-kueppersbusch.com\/fr-fr\/?s={search_term_string}"},"query-input":{"@type":"PropertyValueSpecification","valueRequired":true,"valueName":"search_term_string"}}],"inLanguage":"fr-FR"}]}},"_links":{"self":[{"href":"https:\/\/www.home-kueppersbusch.com\/fr-fr\/wp-json\/wp\/v2\/product\/73809","targetHints":{"allow":["GET"]}}],"collection":[{"href":"https:\/\/www.home-kueppersbusch.com\/fr-fr\/wp-json\/wp\/v2\/product"}],"about":[{"href":"https:\/\/www.home-kueppersbusch.com\/fr-fr\/wp-json\/wp\/v2\/types\/product"}],"wp:attachment":[{"href":"https:\/\/www.home-kueppersbusch.com\/fr-fr\/wp-json\/wp\/v2\/media?parent=73809"}],"wp:term":[{"taxonomy":"product_cat","embeddable":true,"href":"https:\/\/www.home-kueppersbusch.com\/fr-fr\/wp-json\/wp\/v2\/product_cat?post=73809"},{"taxonomy":"product_edition","embeddable":true,"href":"https:\/\/www.home-kueppersbusch.com\/fr-fr\/wp-json\/wp\/v2\/product_edition?post=73809"},{"taxonomy":"product_energy_efficiency","embeddable":true,"href":"https:\/\/www.home-kueppersbusch.com\/fr-fr\/wp-json\/wp\/v2\/product_energy_efficiency?post=73809"}],"curies":[{"name":"wp","href":"https:\/\/api.w.org\/{rel}","templated":true}]}}