{"id":73787,"date":"2026-04-25T09:25:23","date_gmt":"2026-04-25T09:25:23","guid":{"rendered":"https:\/\/www.home-kueppersbusch.com\/fr-fr\/produit\/filtre-charbon-pour-les-plaques-kmi8560-0_123290049\/"},"modified":"2026-03-28T08:06:01","modified_gmt":"2026-03-28T09:06:01","slug":"filtre-charbon-pour-les-plaques-kmi8560-0_123290049","status":"publish","type":"product","link":"https:\/\/www.home-kueppersbusch.com\/fr-fr\/produit\/filtre-charbon-pour-les-plaques-kmi8560-0_123290049\/","title":{"rendered":"FILTRE CHARBON POUR LES PLAQUES KMI8560.0"},"content":{"rendered":"<ul>\n<li>De l&rsquo;air frais \u00e0 tout moment \u2013 filtre \u00e0 charbon r\u00e9g\u00e9n\u00e9rable<\/li>\n<\/ul>\n","protected":false},"featured_media":0,"parent":0,"template":"","product_cat":[8625],"product_edition":[],"product_energy_efficiency":[],"class_list":["post-73787","product","type-product","status-publish","hentry","product_cat-accessoires-pour-hottes"],"acf":[],"yoast_head":"<!-- This site is optimized with the Yoast SEO plugin v27.5 - https:\/\/yoast.com\/product\/yoast-seo-wordpress\/ -->\n<title>FILTRE CHARBON POUR LES PLAQUES KMI8560.0 | K\u00fcppersbusch France<\/title>\n<meta name=\"robots\" content=\"index, follow, max-snippet:-1, max-image-preview:large, max-video-preview:-1\" \/>\n<link rel=\"canonical\" href=\"https:\/\/www.home-kueppersbusch.com\/fr-fr\/produit\/filtre-charbon-pour-les-plaques-kmi8560-0_123290049\/\" \/>\n<meta property=\"og:locale\" content=\"fr_FR\" \/>\n<meta property=\"og:type\" content=\"article\" \/>\n<meta property=\"og:title\" content=\"FILTRE CHARBON POUR LES PLAQUES KMI8560.0 | K\u00fcppersbusch France\" \/>\n<meta property=\"og:description\" content=\"De l&rsquo;air frais \u00e0 tout moment \u2013 filtre \u00e0 charbon r\u00e9g\u00e9n\u00e9rable\" \/>\n<meta property=\"og:url\" content=\"https:\/\/www.home-kueppersbusch.com\/fr-fr\/produit\/filtre-charbon-pour-les-plaques-kmi8560-0_123290049\/\" \/>\n<meta property=\"og:site_name\" content=\"K\u00fcppersbusch France\" \/>\n<meta name=\"twitter:card\" content=\"summary_large_image\" \/>\n<script type=\"application\/ld+json\" class=\"yoast-schema-graph\">{\"@context\":\"https:\\\/\\\/schema.org\",\"@graph\":[{\"@type\":\"WebPage\",\"@id\":\"https:\\\/\\\/www.home-kueppersbusch.com\\\/fr-fr\\\/produit\\\/filtre-charbon-pour-les-plaques-kmi8560-0_123290049\\\/\",\"url\":\"https:\\\/\\\/www.home-kueppersbusch.com\\\/fr-fr\\\/produit\\\/filtre-charbon-pour-les-plaques-kmi8560-0_123290049\\\/\",\"name\":\"FILTRE CHARBON POUR LES PLAQUES KMI8560.0 | K\u00fcppersbusch France\",\"isPartOf\":{\"@id\":\"https:\\\/\\\/www.home-kueppersbusch.com\\\/fr-fr\\\/#website\"},\"datePublished\":\"2026-04-25T09:25:23+00:00\",\"inLanguage\":\"fr-FR\",\"potentialAction\":[{\"@type\":\"ReadAction\",\"target\":[\"https:\\\/\\\/www.home-kueppersbusch.com\\\/fr-fr\\\/produit\\\/filtre-charbon-pour-les-plaques-kmi8560-0_123290049\\\/\"]}]},{\"@type\":\"WebSite\",\"@id\":\"https:\\\/\\\/www.home-kueppersbusch.com\\\/fr-fr\\\/#website\",\"url\":\"https:\\\/\\\/www.home-kueppersbusch.com\\\/fr-fr\\\/\",\"name\":\"K\u00fcppersbusch France\",\"description\":\"\",\"potentialAction\":[{\"@type\":\"SearchAction\",\"target\":{\"@type\":\"EntryPoint\",\"urlTemplate\":\"https:\\\/\\\/www.home-kueppersbusch.com\\\/fr-fr\\\/?s={search_term_string}\"},\"query-input\":{\"@type\":\"PropertyValueSpecification\",\"valueRequired\":true,\"valueName\":\"search_term_string\"}}],\"inLanguage\":\"fr-FR\"}]}<\/script>\n<!-- \/ Yoast SEO plugin. -->","yoast_head_json":{"title":"FILTRE CHARBON POUR LES PLAQUES KMI8560.0 | K\u00fcppersbusch France","robots":{"index":"index","follow":"follow","max-snippet":"max-snippet:-1","max-image-preview":"max-image-preview:large","max-video-preview":"max-video-preview:-1"},"canonical":"https:\/\/www.home-kueppersbusch.com\/fr-fr\/produit\/filtre-charbon-pour-les-plaques-kmi8560-0_123290049\/","og_locale":"fr_FR","og_type":"article","og_title":"FILTRE CHARBON POUR LES PLAQUES KMI8560.0 | K\u00fcppersbusch France","og_description":"De l&rsquo;air frais \u00e0 tout moment \u2013 filtre \u00e0 charbon r\u00e9g\u00e9n\u00e9rable","og_url":"https:\/\/www.home-kueppersbusch.com\/fr-fr\/produit\/filtre-charbon-pour-les-plaques-kmi8560-0_123290049\/","og_site_name":"K\u00fcppersbusch France","twitter_card":"summary_large_image","schema":{"@context":"https:\/\/schema.org","@graph":[{"@type":"WebPage","@id":"https:\/\/www.home-kueppersbusch.com\/fr-fr\/produit\/filtre-charbon-pour-les-plaques-kmi8560-0_123290049\/","url":"https:\/\/www.home-kueppersbusch.com\/fr-fr\/produit\/filtre-charbon-pour-les-plaques-kmi8560-0_123290049\/","name":"FILTRE CHARBON POUR LES PLAQUES KMI8560.0 | K\u00fcppersbusch France","isPartOf":{"@id":"https:\/\/www.home-kueppersbusch.com\/fr-fr\/#website"},"datePublished":"2026-04-25T09:25:23+00:00","inLanguage":"fr-FR","potentialAction":[{"@type":"ReadAction","target":["https:\/\/www.home-kueppersbusch.com\/fr-fr\/produit\/filtre-charbon-pour-les-plaques-kmi8560-0_123290049\/"]}]},{"@type":"WebSite","@id":"https:\/\/www.home-kueppersbusch.com\/fr-fr\/#website","url":"https:\/\/www.home-kueppersbusch.com\/fr-fr\/","name":"K\u00fcppersbusch France","description":"","potentialAction":[{"@type":"SearchAction","target":{"@type":"EntryPoint","urlTemplate":"https:\/\/www.home-kueppersbusch.com\/fr-fr\/?s={search_term_string}"},"query-input":{"@type":"PropertyValueSpecification","valueRequired":true,"valueName":"search_term_string"}}],"inLanguage":"fr-FR"}]}},"_links":{"self":[{"href":"https:\/\/www.home-kueppersbusch.com\/fr-fr\/wp-json\/wp\/v2\/product\/73787","targetHints":{"allow":["GET"]}}],"collection":[{"href":"https:\/\/www.home-kueppersbusch.com\/fr-fr\/wp-json\/wp\/v2\/product"}],"about":[{"href":"https:\/\/www.home-kueppersbusch.com\/fr-fr\/wp-json\/wp\/v2\/types\/product"}],"wp:attachment":[{"href":"https:\/\/www.home-kueppersbusch.com\/fr-fr\/wp-json\/wp\/v2\/media?parent=73787"}],"wp:term":[{"taxonomy":"product_cat","embeddable":true,"href":"https:\/\/www.home-kueppersbusch.com\/fr-fr\/wp-json\/wp\/v2\/product_cat?post=73787"},{"taxonomy":"product_edition","embeddable":true,"href":"https:\/\/www.home-kueppersbusch.com\/fr-fr\/wp-json\/wp\/v2\/product_edition?post=73787"},{"taxonomy":"product_energy_efficiency","embeddable":true,"href":"https:\/\/www.home-kueppersbusch.com\/fr-fr\/wp-json\/wp\/v2\/product_energy_efficiency?post=73787"}],"curies":[{"name":"wp","href":"https:\/\/api.w.org\/{rel}","templated":true}]}}