{"id":73744,"date":"2026-04-25T09:24:35","date_gmt":"2026-04-25T09:24:35","guid":{"rendered":"https:\/\/www.home-kueppersbusch.com\/fr-fr\/produit\/1-paire-de-guides-telescopiques-coulissant-sortie-simple_121490021\/"},"modified":"2026-03-28T08:04:22","modified_gmt":"2026-03-28T09:04:22","slug":"1-paire-de-guides-telescopiques-coulissant-sortie-simple_121490021","status":"publish","type":"product","link":"https:\/\/www.home-kueppersbusch.com\/fr-fr\/produit\/1-paire-de-guides-telescopiques-coulissant-sortie-simple_121490021\/","title":{"rendered":"1 PAIRE DE GUIDES TELESCOPIQUES COULISSANT SORTIE SIMPLE"},"content":{"rendered":"<ul>\n<li>Coulisses t\u00e9lescopiques pour un confort d&rsquo;utilisation maximal<\/li>\n<li>Les plaques coulissent facilement hors du four<\/li>\n<li>Manipulation s\u00fbre et pratique des plats chauds<\/li>\n<\/ul>\n","protected":false},"featured_media":0,"parent":0,"template":"","product_cat":[8616],"product_edition":[],"product_energy_efficiency":[],"class_list":["post-73744","product","type-product","status-publish","hentry","product_cat-accessoires-pour-fours","color-stainless-steel"],"acf":[],"yoast_head":"<!-- This site is optimized with the Yoast SEO plugin v27.5 - https:\/\/yoast.com\/product\/yoast-seo-wordpress\/ -->\n<title>1 PAIRE DE GUIDES TELESCOPIQUES COULISSANT SORTIE SIMPLE | K\u00fcppersbusch France<\/title>\n<meta name=\"robots\" content=\"index, follow, max-snippet:-1, max-image-preview:large, max-video-preview:-1\" \/>\n<link rel=\"canonical\" href=\"https:\/\/www.home-kueppersbusch.com\/fr-fr\/produit\/1-paire-de-guides-telescopiques-coulissant-sortie-simple_121490021\/\" \/>\n<meta property=\"og:locale\" content=\"fr_FR\" \/>\n<meta property=\"og:type\" content=\"article\" \/>\n<meta property=\"og:title\" content=\"1 PAIRE DE GUIDES TELESCOPIQUES COULISSANT SORTIE SIMPLE | K\u00fcppersbusch France\" \/>\n<meta property=\"og:description\" content=\"Coulisses t\u00e9lescopiques pour un confort d&rsquo;utilisation maximal Les plaques coulissent facilement hors du four Manipulation s\u00fbre et pratique des plats chauds\" \/>\n<meta property=\"og:url\" content=\"https:\/\/www.home-kueppersbusch.com\/fr-fr\/produit\/1-paire-de-guides-telescopiques-coulissant-sortie-simple_121490021\/\" \/>\n<meta property=\"og:site_name\" content=\"K\u00fcppersbusch France\" \/>\n<meta name=\"twitter:card\" content=\"summary_large_image\" \/>\n<script type=\"application\/ld+json\" class=\"yoast-schema-graph\">{\"@context\":\"https:\\\/\\\/schema.org\",\"@graph\":[{\"@type\":\"WebPage\",\"@id\":\"https:\\\/\\\/www.home-kueppersbusch.com\\\/fr-fr\\\/produit\\\/1-paire-de-guides-telescopiques-coulissant-sortie-simple_121490021\\\/\",\"url\":\"https:\\\/\\\/www.home-kueppersbusch.com\\\/fr-fr\\\/produit\\\/1-paire-de-guides-telescopiques-coulissant-sortie-simple_121490021\\\/\",\"name\":\"1 PAIRE DE GUIDES TELESCOPIQUES COULISSANT SORTIE SIMPLE | K\u00fcppersbusch France\",\"isPartOf\":{\"@id\":\"https:\\\/\\\/www.home-kueppersbusch.com\\\/fr-fr\\\/#website\"},\"datePublished\":\"2026-04-25T09:24:35+00:00\",\"inLanguage\":\"fr-FR\",\"potentialAction\":[{\"@type\":\"ReadAction\",\"target\":[\"https:\\\/\\\/www.home-kueppersbusch.com\\\/fr-fr\\\/produit\\\/1-paire-de-guides-telescopiques-coulissant-sortie-simple_121490021\\\/\"]}]},{\"@type\":\"WebSite\",\"@id\":\"https:\\\/\\\/www.home-kueppersbusch.com\\\/fr-fr\\\/#website\",\"url\":\"https:\\\/\\\/www.home-kueppersbusch.com\\\/fr-fr\\\/\",\"name\":\"K\u00fcppersbusch France\",\"description\":\"\",\"potentialAction\":[{\"@type\":\"SearchAction\",\"target\":{\"@type\":\"EntryPoint\",\"urlTemplate\":\"https:\\\/\\\/www.home-kueppersbusch.com\\\/fr-fr\\\/?s={search_term_string}\"},\"query-input\":{\"@type\":\"PropertyValueSpecification\",\"valueRequired\":true,\"valueName\":\"search_term_string\"}}],\"inLanguage\":\"fr-FR\"}]}<\/script>\n<!-- \/ Yoast SEO plugin. -->","yoast_head_json":{"title":"1 PAIRE DE GUIDES TELESCOPIQUES COULISSANT SORTIE SIMPLE | K\u00fcppersbusch France","robots":{"index":"index","follow":"follow","max-snippet":"max-snippet:-1","max-image-preview":"max-image-preview:large","max-video-preview":"max-video-preview:-1"},"canonical":"https:\/\/www.home-kueppersbusch.com\/fr-fr\/produit\/1-paire-de-guides-telescopiques-coulissant-sortie-simple_121490021\/","og_locale":"fr_FR","og_type":"article","og_title":"1 PAIRE DE GUIDES TELESCOPIQUES COULISSANT SORTIE SIMPLE | K\u00fcppersbusch France","og_description":"Coulisses t\u00e9lescopiques pour un confort d&rsquo;utilisation maximal Les plaques coulissent facilement hors du four Manipulation s\u00fbre et pratique des plats chauds","og_url":"https:\/\/www.home-kueppersbusch.com\/fr-fr\/produit\/1-paire-de-guides-telescopiques-coulissant-sortie-simple_121490021\/","og_site_name":"K\u00fcppersbusch France","twitter_card":"summary_large_image","schema":{"@context":"https:\/\/schema.org","@graph":[{"@type":"WebPage","@id":"https:\/\/www.home-kueppersbusch.com\/fr-fr\/produit\/1-paire-de-guides-telescopiques-coulissant-sortie-simple_121490021\/","url":"https:\/\/www.home-kueppersbusch.com\/fr-fr\/produit\/1-paire-de-guides-telescopiques-coulissant-sortie-simple_121490021\/","name":"1 PAIRE DE GUIDES TELESCOPIQUES COULISSANT SORTIE SIMPLE | K\u00fcppersbusch France","isPartOf":{"@id":"https:\/\/www.home-kueppersbusch.com\/fr-fr\/#website"},"datePublished":"2026-04-25T09:24:35+00:00","inLanguage":"fr-FR","potentialAction":[{"@type":"ReadAction","target":["https:\/\/www.home-kueppersbusch.com\/fr-fr\/produit\/1-paire-de-guides-telescopiques-coulissant-sortie-simple_121490021\/"]}]},{"@type":"WebSite","@id":"https:\/\/www.home-kueppersbusch.com\/fr-fr\/#website","url":"https:\/\/www.home-kueppersbusch.com\/fr-fr\/","name":"K\u00fcppersbusch France","description":"","potentialAction":[{"@type":"SearchAction","target":{"@type":"EntryPoint","urlTemplate":"https:\/\/www.home-kueppersbusch.com\/fr-fr\/?s={search_term_string}"},"query-input":{"@type":"PropertyValueSpecification","valueRequired":true,"valueName":"search_term_string"}}],"inLanguage":"fr-FR"}]}},"_links":{"self":[{"href":"https:\/\/www.home-kueppersbusch.com\/fr-fr\/wp-json\/wp\/v2\/product\/73744","targetHints":{"allow":["GET"]}}],"collection":[{"href":"https:\/\/www.home-kueppersbusch.com\/fr-fr\/wp-json\/wp\/v2\/product"}],"about":[{"href":"https:\/\/www.home-kueppersbusch.com\/fr-fr\/wp-json\/wp\/v2\/types\/product"}],"wp:attachment":[{"href":"https:\/\/www.home-kueppersbusch.com\/fr-fr\/wp-json\/wp\/v2\/media?parent=73744"}],"wp:term":[{"taxonomy":"product_cat","embeddable":true,"href":"https:\/\/www.home-kueppersbusch.com\/fr-fr\/wp-json\/wp\/v2\/product_cat?post=73744"},{"taxonomy":"product_edition","embeddable":true,"href":"https:\/\/www.home-kueppersbusch.com\/fr-fr\/wp-json\/wp\/v2\/product_edition?post=73744"},{"taxonomy":"product_energy_efficiency","embeddable":true,"href":"https:\/\/www.home-kueppersbusch.com\/fr-fr\/wp-json\/wp\/v2\/product_energy_efficiency?post=73744"}],"curies":[{"name":"wp","href":"https:\/\/api.w.org\/{rel}","templated":true}]}}