{"id":73727,"date":"2026-04-25T09:24:26","date_gmt":"2026-04-25T09:24:26","guid":{"rendered":"https:\/\/www.home-kueppersbusch.com\/fr-fr\/produit\/kit-design-slimline-3-pieces-black-velvet_121490015\/"},"modified":"2026-03-28T08:04:05","modified_gmt":"2026-03-28T09:04:05","slug":"kit-design-slimline-3-pieces-black-velvet_121490015","status":"publish","type":"product","link":"https:\/\/www.home-kueppersbusch.com\/fr-fr\/produit\/kit-design-slimline-3-pieces-black-velvet_121490015\/","title":{"rendered":"KIT DESIGN SLIMLINE 3 PIECES BLACK VELVET"},"content":{"rendered":"<ul>\n<li>Choix de design personnalis\u00e9 gr\u00e2ce \u00e0 l&rsquo;Individual Concept Design<\/li>\n<\/ul>\n","protected":false},"featured_media":0,"parent":0,"template":"","product_cat":[8616],"product_edition":[],"product_energy_efficiency":[],"class_list":["post-73727","product","type-product","status-publish","hentry","product_ambient-kitchen-bv-01","product_cat-accessoires-pour-fours","color-black-velvet","usp-kph-kits"],"acf":[],"yoast_head":"<!-- This site is optimized with the Yoast SEO plugin v27.5 - https:\/\/yoast.com\/product\/yoast-seo-wordpress\/ -->\n<title>KIT DESIGN SLIMLINE 3 PIECES BLACK VELVET | K\u00fcppersbusch France<\/title>\n<meta name=\"robots\" content=\"index, follow, max-snippet:-1, max-image-preview:large, max-video-preview:-1\" \/>\n<link rel=\"canonical\" href=\"https:\/\/www.home-kueppersbusch.com\/fr-fr\/produit\/kit-design-slimline-3-pieces-black-velvet_121490015\/\" \/>\n<meta property=\"og:locale\" content=\"fr_FR\" \/>\n<meta property=\"og:type\" content=\"article\" \/>\n<meta property=\"og:title\" content=\"KIT DESIGN SLIMLINE 3 PIECES BLACK VELVET | K\u00fcppersbusch France\" \/>\n<meta property=\"og:description\" content=\"Choix de design personnalis\u00e9 gr\u00e2ce \u00e0 l&rsquo;Individual Concept Design\" \/>\n<meta property=\"og:url\" content=\"https:\/\/www.home-kueppersbusch.com\/fr-fr\/produit\/kit-design-slimline-3-pieces-black-velvet_121490015\/\" \/>\n<meta property=\"og:site_name\" content=\"K\u00fcppersbusch France\" \/>\n<meta name=\"twitter:card\" content=\"summary_large_image\" \/>\n<script type=\"application\/ld+json\" class=\"yoast-schema-graph\">{\"@context\":\"https:\\\/\\\/schema.org\",\"@graph\":[{\"@type\":\"WebPage\",\"@id\":\"https:\\\/\\\/www.home-kueppersbusch.com\\\/fr-fr\\\/produit\\\/kit-design-slimline-3-pieces-black-velvet_121490015\\\/\",\"url\":\"https:\\\/\\\/www.home-kueppersbusch.com\\\/fr-fr\\\/produit\\\/kit-design-slimline-3-pieces-black-velvet_121490015\\\/\",\"name\":\"KIT DESIGN SLIMLINE 3 PIECES BLACK VELVET | K\u00fcppersbusch France\",\"isPartOf\":{\"@id\":\"https:\\\/\\\/www.home-kueppersbusch.com\\\/fr-fr\\\/#website\"},\"datePublished\":\"2026-04-25T09:24:26+00:00\",\"inLanguage\":\"fr-FR\",\"potentialAction\":[{\"@type\":\"ReadAction\",\"target\":[\"https:\\\/\\\/www.home-kueppersbusch.com\\\/fr-fr\\\/produit\\\/kit-design-slimline-3-pieces-black-velvet_121490015\\\/\"]}]},{\"@type\":\"WebSite\",\"@id\":\"https:\\\/\\\/www.home-kueppersbusch.com\\\/fr-fr\\\/#website\",\"url\":\"https:\\\/\\\/www.home-kueppersbusch.com\\\/fr-fr\\\/\",\"name\":\"K\u00fcppersbusch France\",\"description\":\"\",\"potentialAction\":[{\"@type\":\"SearchAction\",\"target\":{\"@type\":\"EntryPoint\",\"urlTemplate\":\"https:\\\/\\\/www.home-kueppersbusch.com\\\/fr-fr\\\/?s={search_term_string}\"},\"query-input\":{\"@type\":\"PropertyValueSpecification\",\"valueRequired\":true,\"valueName\":\"search_term_string\"}}],\"inLanguage\":\"fr-FR\"}]}<\/script>\n<!-- \/ Yoast SEO plugin. -->","yoast_head_json":{"title":"KIT DESIGN SLIMLINE 3 PIECES BLACK VELVET | K\u00fcppersbusch France","robots":{"index":"index","follow":"follow","max-snippet":"max-snippet:-1","max-image-preview":"max-image-preview:large","max-video-preview":"max-video-preview:-1"},"canonical":"https:\/\/www.home-kueppersbusch.com\/fr-fr\/produit\/kit-design-slimline-3-pieces-black-velvet_121490015\/","og_locale":"fr_FR","og_type":"article","og_title":"KIT DESIGN SLIMLINE 3 PIECES BLACK VELVET | K\u00fcppersbusch France","og_description":"Choix de design personnalis\u00e9 gr\u00e2ce \u00e0 l&rsquo;Individual Concept Design","og_url":"https:\/\/www.home-kueppersbusch.com\/fr-fr\/produit\/kit-design-slimline-3-pieces-black-velvet_121490015\/","og_site_name":"K\u00fcppersbusch France","twitter_card":"summary_large_image","schema":{"@context":"https:\/\/schema.org","@graph":[{"@type":"WebPage","@id":"https:\/\/www.home-kueppersbusch.com\/fr-fr\/produit\/kit-design-slimline-3-pieces-black-velvet_121490015\/","url":"https:\/\/www.home-kueppersbusch.com\/fr-fr\/produit\/kit-design-slimline-3-pieces-black-velvet_121490015\/","name":"KIT DESIGN SLIMLINE 3 PIECES BLACK VELVET | K\u00fcppersbusch France","isPartOf":{"@id":"https:\/\/www.home-kueppersbusch.com\/fr-fr\/#website"},"datePublished":"2026-04-25T09:24:26+00:00","inLanguage":"fr-FR","potentialAction":[{"@type":"ReadAction","target":["https:\/\/www.home-kueppersbusch.com\/fr-fr\/produit\/kit-design-slimline-3-pieces-black-velvet_121490015\/"]}]},{"@type":"WebSite","@id":"https:\/\/www.home-kueppersbusch.com\/fr-fr\/#website","url":"https:\/\/www.home-kueppersbusch.com\/fr-fr\/","name":"K\u00fcppersbusch France","description":"","potentialAction":[{"@type":"SearchAction","target":{"@type":"EntryPoint","urlTemplate":"https:\/\/www.home-kueppersbusch.com\/fr-fr\/?s={search_term_string}"},"query-input":{"@type":"PropertyValueSpecification","valueRequired":true,"valueName":"search_term_string"}}],"inLanguage":"fr-FR"}]}},"_links":{"self":[{"href":"https:\/\/www.home-kueppersbusch.com\/fr-fr\/wp-json\/wp\/v2\/product\/73727","targetHints":{"allow":["GET"]}}],"collection":[{"href":"https:\/\/www.home-kueppersbusch.com\/fr-fr\/wp-json\/wp\/v2\/product"}],"about":[{"href":"https:\/\/www.home-kueppersbusch.com\/fr-fr\/wp-json\/wp\/v2\/types\/product"}],"wp:attachment":[{"href":"https:\/\/www.home-kueppersbusch.com\/fr-fr\/wp-json\/wp\/v2\/media?parent=73727"}],"wp:term":[{"taxonomy":"product_cat","embeddable":true,"href":"https:\/\/www.home-kueppersbusch.com\/fr-fr\/wp-json\/wp\/v2\/product_cat?post=73727"},{"taxonomy":"product_edition","embeddable":true,"href":"https:\/\/www.home-kueppersbusch.com\/fr-fr\/wp-json\/wp\/v2\/product_edition?post=73727"},{"taxonomy":"product_energy_efficiency","embeddable":true,"href":"https:\/\/www.home-kueppersbusch.com\/fr-fr\/wp-json\/wp\/v2\/product_energy_efficiency?post=73727"}],"curies":[{"name":"wp","href":"https:\/\/api.w.org\/{rel}","templated":true}]}}