{"id":73702,"date":"2026-04-25T09:23:49","date_gmt":"2026-04-25T09:23:49","guid":{"rendered":"https:\/\/www.home-kueppersbusch.com\/fr-fr\/produit\/table-induction-flex-80cm-blanche_122510007\/"},"modified":"2026-03-28T08:02:43","modified_gmt":"2026-03-28T09:02:43","slug":"table-induction-flex-80cm-blanche_122510007","status":"publish","type":"product","link":"https:\/\/www.home-kueppersbusch.com\/fr-fr\/produit\/table-induction-flex-80cm-blanche_122510007\/","title":{"rendered":"KI8520.0WR"},"content":{"rendered":"<ul>\n<li>Flexibilit\u00e9 pour les grands r\u00e9cipients de cuisson avec Vario-Induktion<\/li>\n<li>S\u00e9lection des diff\u00e9rentes zones de cuisson gr\u00e2ce \u00e0 selectControl<\/li>\n<li>R\u00e9sultats de cuisson professionnels gr\u00e2ce \u00e0 la 1 fonction de cuisson automatique<\/li>\n<\/ul>\n","protected":false},"featured_media":0,"parent":0,"template":"","product_cat":[8607],"product_edition":[],"product_energy_efficiency":[],"class_list":["post-73702","product","type-product","status-publish","hentry","product_cat-induction","color-white","product_lifestyle-k-series-5"],"acf":[],"yoast_head":"<!-- This site is optimized with the Yoast SEO plugin v27.5 - https:\/\/yoast.com\/product\/yoast-seo-wordpress\/ -->\n<title>KI8520.0WR | K\u00fcppersbusch France<\/title>\n<meta name=\"robots\" content=\"index, follow, max-snippet:-1, max-image-preview:large, max-video-preview:-1\" \/>\n<link rel=\"canonical\" href=\"https:\/\/www.home-kueppersbusch.com\/fr-fr\/produit\/table-induction-flex-80cm-blanche_122510007\/\" \/>\n<meta property=\"og:locale\" content=\"fr_FR\" \/>\n<meta property=\"og:type\" content=\"article\" \/>\n<meta property=\"og:title\" content=\"KI8520.0WR | K\u00fcppersbusch France\" \/>\n<meta property=\"og:description\" content=\"Flexibilit\u00e9 pour les grands r\u00e9cipients de cuisson avec Vario-Induktion S\u00e9lection des diff\u00e9rentes zones de cuisson gr\u00e2ce \u00e0 selectControl R\u00e9sultats de cuisson professionnels gr\u00e2ce \u00e0 la 1 fonction de cuisson automatique\" \/>\n<meta property=\"og:url\" content=\"https:\/\/www.home-kueppersbusch.com\/fr-fr\/produit\/table-induction-flex-80cm-blanche_122510007\/\" \/>\n<meta property=\"og:site_name\" content=\"K\u00fcppersbusch France\" \/>\n<meta name=\"twitter:card\" content=\"summary_large_image\" \/>\n<script type=\"application\/ld+json\" class=\"yoast-schema-graph\">{\"@context\":\"https:\\\/\\\/schema.org\",\"@graph\":[{\"@type\":\"WebPage\",\"@id\":\"https:\\\/\\\/www.home-kueppersbusch.com\\\/fr-fr\\\/produit\\\/table-induction-flex-80cm-blanche_122510007\\\/\",\"url\":\"https:\\\/\\\/www.home-kueppersbusch.com\\\/fr-fr\\\/produit\\\/table-induction-flex-80cm-blanche_122510007\\\/\",\"name\":\"KI8520.0WR | K\u00fcppersbusch France\",\"isPartOf\":{\"@id\":\"https:\\\/\\\/www.home-kueppersbusch.com\\\/fr-fr\\\/#website\"},\"datePublished\":\"2026-04-25T09:23:49+00:00\",\"inLanguage\":\"fr-FR\",\"potentialAction\":[{\"@type\":\"ReadAction\",\"target\":[\"https:\\\/\\\/www.home-kueppersbusch.com\\\/fr-fr\\\/produit\\\/table-induction-flex-80cm-blanche_122510007\\\/\"]}]},{\"@type\":\"WebSite\",\"@id\":\"https:\\\/\\\/www.home-kueppersbusch.com\\\/fr-fr\\\/#website\",\"url\":\"https:\\\/\\\/www.home-kueppersbusch.com\\\/fr-fr\\\/\",\"name\":\"K\u00fcppersbusch France\",\"description\":\"\",\"potentialAction\":[{\"@type\":\"SearchAction\",\"target\":{\"@type\":\"EntryPoint\",\"urlTemplate\":\"https:\\\/\\\/www.home-kueppersbusch.com\\\/fr-fr\\\/?s={search_term_string}\"},\"query-input\":{\"@type\":\"PropertyValueSpecification\",\"valueRequired\":true,\"valueName\":\"search_term_string\"}}],\"inLanguage\":\"fr-FR\"}]}<\/script>\n<!-- \/ Yoast SEO plugin. -->","yoast_head_json":{"title":"KI8520.0WR | K\u00fcppersbusch France","robots":{"index":"index","follow":"follow","max-snippet":"max-snippet:-1","max-image-preview":"max-image-preview:large","max-video-preview":"max-video-preview:-1"},"canonical":"https:\/\/www.home-kueppersbusch.com\/fr-fr\/produit\/table-induction-flex-80cm-blanche_122510007\/","og_locale":"fr_FR","og_type":"article","og_title":"KI8520.0WR | K\u00fcppersbusch France","og_description":"Flexibilit\u00e9 pour les grands r\u00e9cipients de cuisson avec Vario-Induktion S\u00e9lection des diff\u00e9rentes zones de cuisson gr\u00e2ce \u00e0 selectControl R\u00e9sultats de cuisson professionnels gr\u00e2ce \u00e0 la 1 fonction de cuisson automatique","og_url":"https:\/\/www.home-kueppersbusch.com\/fr-fr\/produit\/table-induction-flex-80cm-blanche_122510007\/","og_site_name":"K\u00fcppersbusch France","twitter_card":"summary_large_image","schema":{"@context":"https:\/\/schema.org","@graph":[{"@type":"WebPage","@id":"https:\/\/www.home-kueppersbusch.com\/fr-fr\/produit\/table-induction-flex-80cm-blanche_122510007\/","url":"https:\/\/www.home-kueppersbusch.com\/fr-fr\/produit\/table-induction-flex-80cm-blanche_122510007\/","name":"KI8520.0WR | K\u00fcppersbusch France","isPartOf":{"@id":"https:\/\/www.home-kueppersbusch.com\/fr-fr\/#website"},"datePublished":"2026-04-25T09:23:49+00:00","inLanguage":"fr-FR","potentialAction":[{"@type":"ReadAction","target":["https:\/\/www.home-kueppersbusch.com\/fr-fr\/produit\/table-induction-flex-80cm-blanche_122510007\/"]}]},{"@type":"WebSite","@id":"https:\/\/www.home-kueppersbusch.com\/fr-fr\/#website","url":"https:\/\/www.home-kueppersbusch.com\/fr-fr\/","name":"K\u00fcppersbusch France","description":"","potentialAction":[{"@type":"SearchAction","target":{"@type":"EntryPoint","urlTemplate":"https:\/\/www.home-kueppersbusch.com\/fr-fr\/?s={search_term_string}"},"query-input":{"@type":"PropertyValueSpecification","valueRequired":true,"valueName":"search_term_string"}}],"inLanguage":"fr-FR"}]}},"_links":{"self":[{"href":"https:\/\/www.home-kueppersbusch.com\/fr-fr\/wp-json\/wp\/v2\/product\/73702","targetHints":{"allow":["GET"]}}],"collection":[{"href":"https:\/\/www.home-kueppersbusch.com\/fr-fr\/wp-json\/wp\/v2\/product"}],"about":[{"href":"https:\/\/www.home-kueppersbusch.com\/fr-fr\/wp-json\/wp\/v2\/types\/product"}],"wp:attachment":[{"href":"https:\/\/www.home-kueppersbusch.com\/fr-fr\/wp-json\/wp\/v2\/media?parent=73702"}],"wp:term":[{"taxonomy":"product_cat","embeddable":true,"href":"https:\/\/www.home-kueppersbusch.com\/fr-fr\/wp-json\/wp\/v2\/product_cat?post=73702"},{"taxonomy":"product_edition","embeddable":true,"href":"https:\/\/www.home-kueppersbusch.com\/fr-fr\/wp-json\/wp\/v2\/product_edition?post=73702"},{"taxonomy":"product_energy_efficiency","embeddable":true,"href":"https:\/\/www.home-kueppersbusch.com\/fr-fr\/wp-json\/wp\/v2\/product_energy_efficiency?post=73702"}],"curies":[{"name":"wp","href":"https:\/\/api.w.org\/{rel}","templated":true}]}}