{"id":73701,"date":"2026-04-25T09:23:47","date_gmt":"2026-04-25T09:23:47","guid":{"rendered":"https:\/\/www.home-kueppersbusch.com\/fr-fr\/produit\/table-induction-80cm-dessus-verre-miradur-double-flex_122500011\/"},"modified":"2026-03-28T08:02:37","modified_gmt":"2026-03-28T09:02:37","slug":"table-induction-80cm-dessus-verre-miradur-double-flex_122500011","status":"publish","type":"product","link":"https:\/\/www.home-kueppersbusch.com\/fr-fr\/produit\/table-induction-80cm-dessus-verre-miradur-double-flex_122500011\/","title":{"rendered":"KI8820.0SR"},"content":{"rendered":"<ul>\n<li>11 niveaux de r\u00e9glage de puissance via \u00ab glideControl \u00bb avec affi chage blanc<\/li>\n<li>1 puissance pr\u00e9d\u00e9fi nie : env. 70\u00b0C pour maintenir au chaud<\/li>\n<li>Fonction grill optimis\u00e9e pour l\u0092accessoire FlexiGrill (n\u00b0 1303)<\/li>\n<li>M\u00e9moire de coupure<\/li>\n<li>Fonction Bridge pour utilisation simultan\u00e9e des zones de cuisson situ\u00e9es \u00e0 l\u0092avant et \u00e0 l\u0092arri\u00e8re<\/li>\n<\/ul>\n","protected":false},"featured_media":0,"parent":0,"template":"","product_cat":[8607],"product_edition":[],"product_energy_efficiency":[],"class_list":["post-73701","product","type-product","status-publish","hentry","product_cat-induction","color-black","product_lifestyle-k-series-8"],"acf":[],"yoast_head":"<!-- This site is optimized with the Yoast SEO plugin v27.5 - https:\/\/yoast.com\/product\/yoast-seo-wordpress\/ -->\n<title>KI8820.0SR | K\u00fcppersbusch France<\/title>\n<meta name=\"robots\" content=\"index, follow, max-snippet:-1, max-image-preview:large, max-video-preview:-1\" \/>\n<link rel=\"canonical\" href=\"https:\/\/www.home-kueppersbusch.com\/fr-fr\/produit\/table-induction-80cm-dessus-verre-miradur-double-flex_122500011\/\" \/>\n<meta property=\"og:locale\" content=\"fr_FR\" \/>\n<meta property=\"og:type\" content=\"article\" \/>\n<meta property=\"og:title\" content=\"KI8820.0SR | K\u00fcppersbusch France\" \/>\n<meta property=\"og:description\" content=\"11 niveaux de r\u00e9glage de puissance via \u00ab glideControl \u00bb avec affi chage blanc 1 puissance pr\u00e9d\u00e9fi nie : env. 70\u00b0C pour maintenir au chaud Fonction grill optimis\u00e9e pour l\u0092accessoire FlexiGrill (n\u00b0 1303) M\u00e9moire de coupure Fonction Bridge pour utilisation simultan\u00e9e des zones de cuisson situ\u00e9es \u00e0 l\u0092avant et \u00e0 l\u0092arri\u00e8re\" \/>\n<meta property=\"og:url\" content=\"https:\/\/www.home-kueppersbusch.com\/fr-fr\/produit\/table-induction-80cm-dessus-verre-miradur-double-flex_122500011\/\" \/>\n<meta property=\"og:site_name\" content=\"K\u00fcppersbusch France\" \/>\n<meta name=\"twitter:card\" content=\"summary_large_image\" \/>\n<script type=\"application\/ld+json\" class=\"yoast-schema-graph\">{\"@context\":\"https:\\\/\\\/schema.org\",\"@graph\":[{\"@type\":\"WebPage\",\"@id\":\"https:\\\/\\\/www.home-kueppersbusch.com\\\/fr-fr\\\/produit\\\/table-induction-80cm-dessus-verre-miradur-double-flex_122500011\\\/\",\"url\":\"https:\\\/\\\/www.home-kueppersbusch.com\\\/fr-fr\\\/produit\\\/table-induction-80cm-dessus-verre-miradur-double-flex_122500011\\\/\",\"name\":\"KI8820.0SR | K\u00fcppersbusch France\",\"isPartOf\":{\"@id\":\"https:\\\/\\\/www.home-kueppersbusch.com\\\/fr-fr\\\/#website\"},\"datePublished\":\"2026-04-25T09:23:47+00:00\",\"inLanguage\":\"fr-FR\",\"potentialAction\":[{\"@type\":\"ReadAction\",\"target\":[\"https:\\\/\\\/www.home-kueppersbusch.com\\\/fr-fr\\\/produit\\\/table-induction-80cm-dessus-verre-miradur-double-flex_122500011\\\/\"]}]},{\"@type\":\"WebSite\",\"@id\":\"https:\\\/\\\/www.home-kueppersbusch.com\\\/fr-fr\\\/#website\",\"url\":\"https:\\\/\\\/www.home-kueppersbusch.com\\\/fr-fr\\\/\",\"name\":\"K\u00fcppersbusch France\",\"description\":\"\",\"potentialAction\":[{\"@type\":\"SearchAction\",\"target\":{\"@type\":\"EntryPoint\",\"urlTemplate\":\"https:\\\/\\\/www.home-kueppersbusch.com\\\/fr-fr\\\/?s={search_term_string}\"},\"query-input\":{\"@type\":\"PropertyValueSpecification\",\"valueRequired\":true,\"valueName\":\"search_term_string\"}}],\"inLanguage\":\"fr-FR\"}]}<\/script>\n<!-- \/ Yoast SEO plugin. -->","yoast_head_json":{"title":"KI8820.0SR | K\u00fcppersbusch France","robots":{"index":"index","follow":"follow","max-snippet":"max-snippet:-1","max-image-preview":"max-image-preview:large","max-video-preview":"max-video-preview:-1"},"canonical":"https:\/\/www.home-kueppersbusch.com\/fr-fr\/produit\/table-induction-80cm-dessus-verre-miradur-double-flex_122500011\/","og_locale":"fr_FR","og_type":"article","og_title":"KI8820.0SR | K\u00fcppersbusch France","og_description":"11 niveaux de r\u00e9glage de puissance via \u00ab glideControl \u00bb avec affi chage blanc 1 puissance pr\u00e9d\u00e9fi nie : env. 70\u00b0C pour maintenir au chaud Fonction grill optimis\u00e9e pour l\u0092accessoire FlexiGrill (n\u00b0 1303) M\u00e9moire de coupure Fonction Bridge pour utilisation simultan\u00e9e des zones de cuisson situ\u00e9es \u00e0 l\u0092avant et \u00e0 l\u0092arri\u00e8re","og_url":"https:\/\/www.home-kueppersbusch.com\/fr-fr\/produit\/table-induction-80cm-dessus-verre-miradur-double-flex_122500011\/","og_site_name":"K\u00fcppersbusch France","twitter_card":"summary_large_image","schema":{"@context":"https:\/\/schema.org","@graph":[{"@type":"WebPage","@id":"https:\/\/www.home-kueppersbusch.com\/fr-fr\/produit\/table-induction-80cm-dessus-verre-miradur-double-flex_122500011\/","url":"https:\/\/www.home-kueppersbusch.com\/fr-fr\/produit\/table-induction-80cm-dessus-verre-miradur-double-flex_122500011\/","name":"KI8820.0SR | K\u00fcppersbusch France","isPartOf":{"@id":"https:\/\/www.home-kueppersbusch.com\/fr-fr\/#website"},"datePublished":"2026-04-25T09:23:47+00:00","inLanguage":"fr-FR","potentialAction":[{"@type":"ReadAction","target":["https:\/\/www.home-kueppersbusch.com\/fr-fr\/produit\/table-induction-80cm-dessus-verre-miradur-double-flex_122500011\/"]}]},{"@type":"WebSite","@id":"https:\/\/www.home-kueppersbusch.com\/fr-fr\/#website","url":"https:\/\/www.home-kueppersbusch.com\/fr-fr\/","name":"K\u00fcppersbusch France","description":"","potentialAction":[{"@type":"SearchAction","target":{"@type":"EntryPoint","urlTemplate":"https:\/\/www.home-kueppersbusch.com\/fr-fr\/?s={search_term_string}"},"query-input":{"@type":"PropertyValueSpecification","valueRequired":true,"valueName":"search_term_string"}}],"inLanguage":"fr-FR"}]}},"_links":{"self":[{"href":"https:\/\/www.home-kueppersbusch.com\/fr-fr\/wp-json\/wp\/v2\/product\/73701","targetHints":{"allow":["GET"]}}],"collection":[{"href":"https:\/\/www.home-kueppersbusch.com\/fr-fr\/wp-json\/wp\/v2\/product"}],"about":[{"href":"https:\/\/www.home-kueppersbusch.com\/fr-fr\/wp-json\/wp\/v2\/types\/product"}],"wp:attachment":[{"href":"https:\/\/www.home-kueppersbusch.com\/fr-fr\/wp-json\/wp\/v2\/media?parent=73701"}],"wp:term":[{"taxonomy":"product_cat","embeddable":true,"href":"https:\/\/www.home-kueppersbusch.com\/fr-fr\/wp-json\/wp\/v2\/product_cat?post=73701"},{"taxonomy":"product_edition","embeddable":true,"href":"https:\/\/www.home-kueppersbusch.com\/fr-fr\/wp-json\/wp\/v2\/product_edition?post=73701"},{"taxonomy":"product_energy_efficiency","embeddable":true,"href":"https:\/\/www.home-kueppersbusch.com\/fr-fr\/wp-json\/wp\/v2\/product_energy_efficiency?post=73701"}],"curies":[{"name":"wp","href":"https:\/\/api.w.org\/{rel}","templated":true}]}}