{"id":73509,"date":"2026-04-03T17:41:05","date_gmt":"2026-04-03T17:41:05","guid":{"rendered":"https:\/\/www.home-kueppersbusch.com\/fr-fr\/produit\/fwk2800-0s_123600003\/"},"modified":"2026-03-28T08:02:05","modified_gmt":"2026-03-28T09:02:05","slug":"fwk2800-0s_123600003","status":"publish","type":"product","link":"https:\/\/www.home-kueppersbusch.com\/fr-fr\/produit\/fwk2800-0s_123600003\/","title":{"rendered":"FWK2800.0S"},"content":{"rendered":"<ul>\n<li>Choix de design personnalis\u00e9 gr\u00e2ce \u00e0 l&rsquo;Individual Concept Design<\/li>\n<li>Vins rouges et blancs parfaitement temp\u00e9r\u00e9s gr\u00e2ce \u00e0 2 zones de temp\u00e9rature<\/li>\n<li>R\u00e9gulation pr\u00e9cise de la temp\u00e9rature gr\u00e2ce au r\u00e9glage de la temp\u00e9rature par pas de 1\u00b0C<\/li>\n<li>Commande confortable par boutons-poussoirs<\/li>\n<li>Bonne visibilit\u00e9 gr\u00e2ce \u00e0 l&rsquo;\u00e9cran num\u00e9rique<\/li>\n<li>Pr\u00e9sentation \u00e9l\u00e9gante du vin gr\u00e2ce \u00e0 l&rsquo;\u00e9clairage int\u00e9rieur LED<\/li>\n<\/ul>\n","protected":false},"featured_media":0,"parent":0,"template":"","product_cat":[8631],"product_edition":[],"product_energy_efficiency":[9070],"class_list":["post-73509","product","type-product","status-publish","hentry","finishes-9573","finishes-9574","finishes-9575","finishes-9576","finishes-9577","finishes-9578","finishes-9579","product_cat-cave-a-vin","color-black","product_installation-integre","product_lifestyle-k-series-8","product_energy_efficiency-g-ue-icon-new"],"acf":[],"yoast_head":"<!-- This site is optimized with the Yoast SEO plugin v27.2 - https:\/\/yoast.com\/product\/yoast-seo-wordpress\/ -->\n<title>FWK2800.0S | K\u00fcppersbusch France<\/title>\n<meta name=\"robots\" content=\"index, follow, max-snippet:-1, max-image-preview:large, max-video-preview:-1\" \/>\n<link rel=\"canonical\" href=\"https:\/\/www.home-kueppersbusch.com\/fr-fr\/produit\/fwk2800-0s_123600003\/\" \/>\n<meta property=\"og:locale\" content=\"fr_FR\" \/>\n<meta property=\"og:type\" content=\"article\" \/>\n<meta property=\"og:title\" content=\"FWK2800.0S | K\u00fcppersbusch France\" \/>\n<meta property=\"og:description\" content=\"Choix de design personnalis\u00e9 gr\u00e2ce \u00e0 l&rsquo;Individual Concept Design Vins rouges et blancs parfaitement temp\u00e9r\u00e9s gr\u00e2ce \u00e0 2 zones de temp\u00e9rature R\u00e9gulation pr\u00e9cise de la temp\u00e9rature gr\u00e2ce au r\u00e9glage de la temp\u00e9rature par pas de 1\u00b0C Commande confortable par boutons-poussoirs Bonne visibilit\u00e9 gr\u00e2ce \u00e0 l&rsquo;\u00e9cran num\u00e9rique Pr\u00e9sentation \u00e9l\u00e9gante du vin gr\u00e2ce \u00e0 l&rsquo;\u00e9clairage int\u00e9rieur LED\" \/>\n<meta property=\"og:url\" content=\"https:\/\/www.home-kueppersbusch.com\/fr-fr\/produit\/fwk2800-0s_123600003\/\" \/>\n<meta property=\"og:site_name\" content=\"K\u00fcppersbusch France\" \/>\n<meta name=\"twitter:card\" content=\"summary_large_image\" \/>\n<script type=\"application\/ld+json\" class=\"yoast-schema-graph\">{\"@context\":\"https:\/\/schema.org\",\"@graph\":[{\"@type\":\"WebPage\",\"@id\":\"https:\/\/www.home-kueppersbusch.com\/fr-fr\/produit\/fwk2800-0s_123600003\/\",\"url\":\"https:\/\/www.home-kueppersbusch.com\/fr-fr\/produit\/fwk2800-0s_123600003\/\",\"name\":\"FWK2800.0S | K\u00fcppersbusch France\",\"isPartOf\":{\"@id\":\"https:\/\/www.home-kueppersbusch.com\/fr-fr\/#website\"},\"datePublished\":\"2026-04-03T17:41:05+00:00\",\"inLanguage\":\"fr-FR\",\"potentialAction\":[{\"@type\":\"ReadAction\",\"target\":[\"https:\/\/www.home-kueppersbusch.com\/fr-fr\/produit\/fwk2800-0s_123600003\/\"]}]},{\"@type\":\"WebSite\",\"@id\":\"https:\/\/www.home-kueppersbusch.com\/fr-fr\/#website\",\"url\":\"https:\/\/www.home-kueppersbusch.com\/fr-fr\/\",\"name\":\"K\u00fcppersbusch France\",\"description\":\"\",\"potentialAction\":[{\"@type\":\"SearchAction\",\"target\":{\"@type\":\"EntryPoint\",\"urlTemplate\":\"https:\/\/www.home-kueppersbusch.com\/fr-fr\/?s={search_term_string}\"},\"query-input\":{\"@type\":\"PropertyValueSpecification\",\"valueRequired\":true,\"valueName\":\"search_term_string\"}}],\"inLanguage\":\"fr-FR\"}]}<\/script>\n<!-- \/ Yoast SEO plugin. -->","yoast_head_json":{"title":"FWK2800.0S | K\u00fcppersbusch France","robots":{"index":"index","follow":"follow","max-snippet":"max-snippet:-1","max-image-preview":"max-image-preview:large","max-video-preview":"max-video-preview:-1"},"canonical":"https:\/\/www.home-kueppersbusch.com\/fr-fr\/produit\/fwk2800-0s_123600003\/","og_locale":"fr_FR","og_type":"article","og_title":"FWK2800.0S | K\u00fcppersbusch France","og_description":"Choix de design personnalis\u00e9 gr\u00e2ce \u00e0 l&rsquo;Individual Concept Design Vins rouges et blancs parfaitement temp\u00e9r\u00e9s gr\u00e2ce \u00e0 2 zones de temp\u00e9rature R\u00e9gulation pr\u00e9cise de la temp\u00e9rature gr\u00e2ce au r\u00e9glage de la temp\u00e9rature par pas de 1\u00b0C Commande confortable par boutons-poussoirs Bonne visibilit\u00e9 gr\u00e2ce \u00e0 l&rsquo;\u00e9cran num\u00e9rique Pr\u00e9sentation \u00e9l\u00e9gante du vin gr\u00e2ce \u00e0 l&rsquo;\u00e9clairage int\u00e9rieur LED","og_url":"https:\/\/www.home-kueppersbusch.com\/fr-fr\/produit\/fwk2800-0s_123600003\/","og_site_name":"K\u00fcppersbusch France","twitter_card":"summary_large_image","schema":{"@context":"https:\/\/schema.org","@graph":[{"@type":"WebPage","@id":"https:\/\/www.home-kueppersbusch.com\/fr-fr\/produit\/fwk2800-0s_123600003\/","url":"https:\/\/www.home-kueppersbusch.com\/fr-fr\/produit\/fwk2800-0s_123600003\/","name":"FWK2800.0S | K\u00fcppersbusch France","isPartOf":{"@id":"https:\/\/www.home-kueppersbusch.com\/fr-fr\/#website"},"datePublished":"2026-04-03T17:41:05+00:00","inLanguage":"fr-FR","potentialAction":[{"@type":"ReadAction","target":["https:\/\/www.home-kueppersbusch.com\/fr-fr\/produit\/fwk2800-0s_123600003\/"]}]},{"@type":"WebSite","@id":"https:\/\/www.home-kueppersbusch.com\/fr-fr\/#website","url":"https:\/\/www.home-kueppersbusch.com\/fr-fr\/","name":"K\u00fcppersbusch France","description":"","potentialAction":[{"@type":"SearchAction","target":{"@type":"EntryPoint","urlTemplate":"https:\/\/www.home-kueppersbusch.com\/fr-fr\/?s={search_term_string}"},"query-input":{"@type":"PropertyValueSpecification","valueRequired":true,"valueName":"search_term_string"}}],"inLanguage":"fr-FR"}]}},"_links":{"self":[{"href":"https:\/\/www.home-kueppersbusch.com\/fr-fr\/wp-json\/wp\/v2\/product\/73509","targetHints":{"allow":["GET"]}}],"collection":[{"href":"https:\/\/www.home-kueppersbusch.com\/fr-fr\/wp-json\/wp\/v2\/product"}],"about":[{"href":"https:\/\/www.home-kueppersbusch.com\/fr-fr\/wp-json\/wp\/v2\/types\/product"}],"wp:attachment":[{"href":"https:\/\/www.home-kueppersbusch.com\/fr-fr\/wp-json\/wp\/v2\/media?parent=73509"}],"wp:term":[{"taxonomy":"product_cat","embeddable":true,"href":"https:\/\/www.home-kueppersbusch.com\/fr-fr\/wp-json\/wp\/v2\/product_cat?post=73509"},{"taxonomy":"product_edition","embeddable":true,"href":"https:\/\/www.home-kueppersbusch.com\/fr-fr\/wp-json\/wp\/v2\/product_edition?post=73509"},{"taxonomy":"product_energy_efficiency","embeddable":true,"href":"https:\/\/www.home-kueppersbusch.com\/fr-fr\/wp-json\/wp\/v2\/product_energy_efficiency?post=73509"}],"curies":[{"name":"wp","href":"https:\/\/api.w.org\/{rel}","templated":true}]}}