{"id":73505,"date":"2026-04-25T09:23:28","date_gmt":"2026-04-25T09:23:28","guid":{"rendered":"https:\/\/www.home-kueppersbusch.com\/fr-fr\/produit\/dw9800-0s_122930001\/"},"modified":"2026-03-28T08:01:52","modified_gmt":"2026-03-28T09:01:52","slug":"dw9800-0s_122930001","status":"publish","type":"product","link":"https:\/\/www.home-kueppersbusch.com\/fr-fr\/produit\/dw9800-0s_122930001\/","title":{"rendered":"DW9800.0S"},"content":{"rendered":"<ul>\n<li>4 niveaux de puissance dont puissance intensive<\/li>\n<li>Puissance d\u0092aspiration en \u00e9vacuation selon la norme 2010\/30 EU : puissance normale 626 m\u00b3\/h, puissance intensive 815 m\u00b3\/h<\/li>\n<li>R\u00e9glage \u00e9lectronique de la temp\u00e9rature via touches sensitives<\/li>\n<li>Af?chage digital<\/li>\n<li>T\u00e9moin de saturation du ?ltre<\/li>\n<\/ul>\n","protected":false},"featured_media":0,"parent":0,"template":"","product_cat":[8623],"product_edition":[],"product_energy_efficiency":[9076],"class_list":["post-73505","product","type-product","status-publish","hentry","finishes-9568","finishes-9569","finishes-9570","finishes-9571","finishes-9572","product_cat-verticale-decorative","color-black","product_lifestyle-k-series-8","product_energy_efficiency-a-2plus-icon"],"acf":[],"yoast_head":"<!-- This site is optimized with the Yoast SEO plugin v27.5 - https:\/\/yoast.com\/product\/yoast-seo-wordpress\/ -->\n<title>DW9800.0S | K\u00fcppersbusch France<\/title>\n<meta name=\"robots\" content=\"index, follow, max-snippet:-1, max-image-preview:large, max-video-preview:-1\" \/>\n<link rel=\"canonical\" href=\"https:\/\/www.home-kueppersbusch.com\/fr-fr\/produit\/dw9800-0s_122930001\/\" \/>\n<meta property=\"og:locale\" content=\"fr_FR\" \/>\n<meta property=\"og:type\" content=\"article\" \/>\n<meta property=\"og:title\" content=\"DW9800.0S | K\u00fcppersbusch France\" \/>\n<meta property=\"og:description\" content=\"4 niveaux de puissance dont puissance intensive Puissance d\u0092aspiration en \u00e9vacuation selon la norme 2010\/30 EU : puissance normale 626 m\u00b3\/h, puissance intensive 815 m\u00b3\/h R\u00e9glage \u00e9lectronique de la temp\u00e9rature via touches sensitives Af?chage digital T\u00e9moin de saturation du ?ltre\" \/>\n<meta property=\"og:url\" content=\"https:\/\/www.home-kueppersbusch.com\/fr-fr\/produit\/dw9800-0s_122930001\/\" \/>\n<meta property=\"og:site_name\" content=\"K\u00fcppersbusch France\" \/>\n<meta name=\"twitter:card\" content=\"summary_large_image\" \/>\n<script type=\"application\/ld+json\" class=\"yoast-schema-graph\">{\"@context\":\"https:\\\/\\\/schema.org\",\"@graph\":[{\"@type\":\"WebPage\",\"@id\":\"https:\\\/\\\/www.home-kueppersbusch.com\\\/fr-fr\\\/produit\\\/dw9800-0s_122930001\\\/\",\"url\":\"https:\\\/\\\/www.home-kueppersbusch.com\\\/fr-fr\\\/produit\\\/dw9800-0s_122930001\\\/\",\"name\":\"DW9800.0S | K\u00fcppersbusch France\",\"isPartOf\":{\"@id\":\"https:\\\/\\\/www.home-kueppersbusch.com\\\/fr-fr\\\/#website\"},\"datePublished\":\"2026-04-25T09:23:28+00:00\",\"inLanguage\":\"fr-FR\",\"potentialAction\":[{\"@type\":\"ReadAction\",\"target\":[\"https:\\\/\\\/www.home-kueppersbusch.com\\\/fr-fr\\\/produit\\\/dw9800-0s_122930001\\\/\"]}]},{\"@type\":\"WebSite\",\"@id\":\"https:\\\/\\\/www.home-kueppersbusch.com\\\/fr-fr\\\/#website\",\"url\":\"https:\\\/\\\/www.home-kueppersbusch.com\\\/fr-fr\\\/\",\"name\":\"K\u00fcppersbusch France\",\"description\":\"\",\"potentialAction\":[{\"@type\":\"SearchAction\",\"target\":{\"@type\":\"EntryPoint\",\"urlTemplate\":\"https:\\\/\\\/www.home-kueppersbusch.com\\\/fr-fr\\\/?s={search_term_string}\"},\"query-input\":{\"@type\":\"PropertyValueSpecification\",\"valueRequired\":true,\"valueName\":\"search_term_string\"}}],\"inLanguage\":\"fr-FR\"}]}<\/script>\n<!-- \/ Yoast SEO plugin. -->","yoast_head_json":{"title":"DW9800.0S | K\u00fcppersbusch France","robots":{"index":"index","follow":"follow","max-snippet":"max-snippet:-1","max-image-preview":"max-image-preview:large","max-video-preview":"max-video-preview:-1"},"canonical":"https:\/\/www.home-kueppersbusch.com\/fr-fr\/produit\/dw9800-0s_122930001\/","og_locale":"fr_FR","og_type":"article","og_title":"DW9800.0S | K\u00fcppersbusch France","og_description":"4 niveaux de puissance dont puissance intensive Puissance d\u0092aspiration en \u00e9vacuation selon la norme 2010\/30 EU : puissance normale 626 m\u00b3\/h, puissance intensive 815 m\u00b3\/h R\u00e9glage \u00e9lectronique de la temp\u00e9rature via touches sensitives Af?chage digital T\u00e9moin de saturation du ?ltre","og_url":"https:\/\/www.home-kueppersbusch.com\/fr-fr\/produit\/dw9800-0s_122930001\/","og_site_name":"K\u00fcppersbusch France","twitter_card":"summary_large_image","schema":{"@context":"https:\/\/schema.org","@graph":[{"@type":"WebPage","@id":"https:\/\/www.home-kueppersbusch.com\/fr-fr\/produit\/dw9800-0s_122930001\/","url":"https:\/\/www.home-kueppersbusch.com\/fr-fr\/produit\/dw9800-0s_122930001\/","name":"DW9800.0S | K\u00fcppersbusch France","isPartOf":{"@id":"https:\/\/www.home-kueppersbusch.com\/fr-fr\/#website"},"datePublished":"2026-04-25T09:23:28+00:00","inLanguage":"fr-FR","potentialAction":[{"@type":"ReadAction","target":["https:\/\/www.home-kueppersbusch.com\/fr-fr\/produit\/dw9800-0s_122930001\/"]}]},{"@type":"WebSite","@id":"https:\/\/www.home-kueppersbusch.com\/fr-fr\/#website","url":"https:\/\/www.home-kueppersbusch.com\/fr-fr\/","name":"K\u00fcppersbusch France","description":"","potentialAction":[{"@type":"SearchAction","target":{"@type":"EntryPoint","urlTemplate":"https:\/\/www.home-kueppersbusch.com\/fr-fr\/?s={search_term_string}"},"query-input":{"@type":"PropertyValueSpecification","valueRequired":true,"valueName":"search_term_string"}}],"inLanguage":"fr-FR"}]}},"_links":{"self":[{"href":"https:\/\/www.home-kueppersbusch.com\/fr-fr\/wp-json\/wp\/v2\/product\/73505","targetHints":{"allow":["GET"]}}],"collection":[{"href":"https:\/\/www.home-kueppersbusch.com\/fr-fr\/wp-json\/wp\/v2\/product"}],"about":[{"href":"https:\/\/www.home-kueppersbusch.com\/fr-fr\/wp-json\/wp\/v2\/types\/product"}],"wp:attachment":[{"href":"https:\/\/www.home-kueppersbusch.com\/fr-fr\/wp-json\/wp\/v2\/media?parent=73505"}],"wp:term":[{"taxonomy":"product_cat","embeddable":true,"href":"https:\/\/www.home-kueppersbusch.com\/fr-fr\/wp-json\/wp\/v2\/product_cat?post=73505"},{"taxonomy":"product_edition","embeddable":true,"href":"https:\/\/www.home-kueppersbusch.com\/fr-fr\/wp-json\/wp\/v2\/product_edition?post=73505"},{"taxonomy":"product_energy_efficiency","embeddable":true,"href":"https:\/\/www.home-kueppersbusch.com\/fr-fr\/wp-json\/wp\/v2\/product_energy_efficiency?post=73505"}],"curies":[{"name":"wp","href":"https:\/\/api.w.org\/{rel}","templated":true}]}}