{"id":69790,"date":"2020-09-29T15:12:10","date_gmt":"2020-09-29T15:12:10","guid":{"rendered":"https:\/\/www.home-kueppersbusch.com\/fr-fr\/?page_id=69790"},"modified":"2023-09-06T15:02:31","modified_gmt":"2023-09-06T15:02:31","slug":"home","status":"publish","type":"page","link":"https:\/\/www.home-kueppersbusch.com\/fr-fr\/","title":{"rendered":"Home"},"content":{"rendered":"<p>[et_pb_section fb_built=\u00a0\u00bb1&Prime; fullwidth=\u00a0\u00bbon\u00a0\u00bb disabled_on=\u00a0\u00bbon|off|off\u00a0\u00bb admin_label=\u00a0\u00bbSecci\u00f3n\u00a0\u00bb _builder_version=\u00a0\u00bb4.16&Prime; _module_preset=\u00a0\u00bbdefault\u00a0\u00bb locked=\u00a0\u00bboff\u00a0\u00bb global_colors_info=\u00a0\u00bb{}\u00a0\u00bb][et_pb_fullwidth_slider disabled_on=\u00a0\u00bbon|off|off\u00a0\u00bb module_id=\u00a0\u00bbkph-home-slider\u00a0\u00bb _builder_version=\u00a0\u00bb4.21.0&Prime; _module_preset=\u00a0\u00bbdefault\u00a0\u00bb content_width=\u00a0\u00bb100%\u00a0\u00bb min_height_tablet=\u00a0\u00bb\u00a0\u00bb min_height_phone=\u00a0\u00bb\u00a0\u00bb min_height_last_edited=\u00a0\u00bbon|desktop\u00a0\u00bb max_height=\u00a0\u00bb1050px\u00a0\u00bb animation_style=\u00a0\u00bbfade\u00a0\u00bb animation_duration=\u00a0\u00bb700ms\u00a0\u00bb auto=\u00a0\u00bbon\u00a0\u00bb auto_speed=\u00a0\u00bb10000ms\u00a0\u00bb hover_transition_duration=\u00a0\u00bb10000ms\u00a0\u00bb hover_enabled=\u00a0\u00bb0&Prime; locked=\u00a0\u00bboff\u00a0\u00bb global_colors_info=\u00a0\u00bb{}\u00a0\u00bb sticky_enabled=\u00a0\u00bb0&Prime;][et_pb_slide heading=\u00a0\u00bbUN DESIGN <br \/>EXCEPTIONNEL\u00a0\u00bb use_bg_overlay=\u00a0\u00bbon\u00a0\u00bb bg_overlay_color=\u00a0\u00bb#000000&Prime; _builder_version=\u00a0\u00bb4.21.0&Prime; _module_preset=\u00a0\u00bbdefault\u00a0\u00bb header_text_align=\u00a0\u00bbleft\u00a0\u00bb background_enable_color=\u00a0\u00bboff\u00a0\u00bb background_video_mp4=\u00a0\u00bbhttps:\/\/home-kueppersbusch.com\/html\/wp-content\/uploads\/video\/Home-Design.mp4&Prime; background_enable_video_mp4=\u00a0\u00bbon\u00a0\u00bb text_orientation=\u00a0\u00bbleft\u00a0\u00bb locked=\u00a0\u00bboff\u00a0\u00bb global_colors_info=\u00a0\u00bb{}\u00a0\u00bb sticky_transition=\u00a0\u00bbon\u00a0\u00bb]<\/p>\n<p>Chez K\u00fcppersbusch, nous croyons que le design est un<br \/>\n\u00e9l\u00e9ment fondamental de nos produits et nous l\u2019int\u00e9grons<br \/>\nparfaitement \u00e0 chaque fonction de nos appareils.<\/p>\n<div class=\"container_button\">\n<div class=\"KPH_button_lato\"><a href=\"https:\/\/www.home-kueppersbusch.com\/fr-fr\/design\/\">LIRE LA SUITE<\/a><\/div>\n<\/div>\n<p><video loop=\"loop\" autoplay=\"\" playsinline=\"\" muted=\"\" width=\"1920\" height=\"1080\">[\/et_pb_slide][et_pb_slide heading=\u00a0\u00bbK\u00dcPPERSBUSCH <br \/>INDIVIDUAL\u00a0\u00bb use_bg_overlay=\u00a0\u00bbon\u00a0\u00bb bg_overlay_color=\u00a0\u00bb#000000&Prime; _builder_version=\u00a0\u00bb4.21.0&Prime; _module_preset=\u00a0\u00bbdefault\u00a0\u00bb header_text_align=\u00a0\u00bbright\u00a0\u00bb background_enable_color=\u00a0\u00bboff\u00a0\u00bb background_video_mp4=\u00a0\u00bbhttps:\/\/www.home-kueppersbusch.com\/html\/wp-content\/uploads\/video\/Home-Individual.mp4&Prime; background_enable_video_mp4=\u00a0\u00bbon\u00a0\u00bb text_orientation=\u00a0\u00bbright\u00a0\u00bb locked=\u00a0\u00bboff\u00a0\u00bb global_colors_info=\u00a0\u00bb{}\u00a0\u00bb sticky_transition=\u00a0\u00bbon\u00a0\u00bb]<\/p>\n<p>Il n\u2019y a personne comme vous. C\u2019est pourquoi les appareils K\u00fcppersbusch vous permettent de<br \/>\nvous exprimer dans votre cuisine, gr\u00e2ce \u00e0 un design personnalis\u00e9, bas\u00e9 sur votre style.<\/p>\n<div class=\"container_button_right\">\n<div class=\"KPH_button_lato\"><a href=\"https:\/\/www.home-kueppersbusch.com\/fr-fr\/individual\/\">LIRE LA SUITE<\/a><\/div>\n<\/div>\n<p><video loop=\"loop\" autoplay=\"\" playsinline=\"\" muted=\"\" width=\"1920\" height=\"1080\"><\/p>\n<p>\t\t\t<\/video>[\/et_pb_slide][et_pb_slide heading=\u00a0\u00bbLES PIONNIERS DE <br \/>LA CUISINE DEPUIS 1875&Prime; use_bg_overlay=\u00a0\u00bbon\u00a0\u00bb bg_overlay_color=\u00a0\u00bb#000000&Prime; _builder_version=\u00a0\u00bb4.21.0&Prime; _module_preset=\u00a0\u00bbdefault\u00a0\u00bb header_text_align=\u00a0\u00bbleft\u00a0\u00bb body_text_align=\u00a0\u00bbleft\u00a0\u00bb background_enable_color=\u00a0\u00bboff\u00a0\u00bb background_video_mp4=\u00a0\u00bbhttps:\/\/home-kueppersbusch.com\/html\/wp-content\/uploads\/video\/Home-Pioneros.mp4&Prime; background_enable_video_mp4=\u00a0\u00bbon\u00a0\u00bb button_alignment=\u00a0\u00bbright\u00a0\u00bb locked=\u00a0\u00bboff\u00a0\u00bb global_colors_info=\u00a0\u00bb{}\u00a0\u00bb sticky_transition=\u00a0\u00bbon\u00a0\u00bb]<\/p>\n<p>Notre marque innove dans la cuisine depuis 145 ans, en<br \/>\ngarantissant toujours une qualit\u00e9 et une durabilit\u00e9 incomparables,<br \/>\ngr\u00e2ce \u00e0 un processus de production des plus soign\u00e9s et exigeants.<\/p>\n<div class=\"container_button\">\n<div class=\"KPH_button_lato\"><a href=\"https:\/\/www.home-kueppersbusch.com\/fr-fr\/marque\/\">LIRE LA SUITE<\/a><\/div>\n<\/div>\n<p><video loop=\"loop\" autoplay=\"\" playsinline=\"\" muted=\"\" width=\"1920\" height=\"1080\"><\/p>\n<p>\t\t\t<\/video>[\/et_pb_slide][et_pb_slide heading=\u00a0\u00bbPRODUITS <br \/>VEDETTES\u00a0\u00bb use_bg_overlay=\u00a0\u00bbon\u00a0\u00bb bg_overlay_color=\u00a0\u00bb#000000&Prime; _builder_version=\u00a0\u00bb4.21.0&Prime; _module_preset=\u00a0\u00bbdefault\u00a0\u00bb header_text_align=\u00a0\u00bbright\u00a0\u00bb background_enable_color=\u00a0\u00bboff\u00a0\u00bb background_video_mp4=\u00a0\u00bbhttps:\/\/www.home-kueppersbusch.com\/global\/wp-content\/uploads\/sites\/3\/2023\/03\/Home-Prod.mp4&Prime; background_enable_video_mp4=\u00a0\u00bbon\u00a0\u00bb text_orientation=\u00a0\u00bbright\u00a0\u00bb hover_enabled=\u00a0\u00bb0&Prime; locked=\u00a0\u00bboff\u00a0\u00bb global_colors_info=\u00a0\u00bb{}\u00a0\u00bb sticky_transition=\u00a0\u00bbon\u00a0\u00bb sticky_enabled=\u00a0\u00bb0&Prime;]<\/p>\n<p>D\u00e9couvrez les derni\u00e8res nouveaut\u00e9s de nos produits.<\/p>\n<div class=\"container_button_right\">\n<div class=\"KPH_button_lato\"><a href=\"https:\/\/www.home-kueppersbusch.com\/fr-fr\/fours\/\">LIRE LA SUITE<\/a><\/div>\n<\/div>\n<p><video loop=\"loop\" autoplay=\"\" playsinline=\"\" muted=\"\" width=\"1920\" height=\"1080\"><\/p>\n<p>\t\t\t<\/video>[\/et_pb_slide][\/et_pb_fullwidth_slider][\/et_pb_section][et_pb_section fb_built=\u00a0\u00bb1&Prime; disabled_on=\u00a0\u00bboff|on|on\u00a0\u00bb _builder_version=\u00a0\u00bb4.16&Prime; _module_preset=\u00a0\u00bbdefault\u00a0\u00bb background_color=\u00a0\u00bb#000000&Prime; height=\u00a0\u00bb844px\u00a0\u00bb custom_margin=\u00a0\u00bb0px|0px|0px|0px|false|false\u00a0\u00bb custom_padding=\u00a0\u00bb0px|0px|0px|0px|false|false\u00a0\u00bb background_last_edited=\u00a0\u00bbon|desktop\u00a0\u00bb custom_css_before=\u00a0\u00bbpadding-top:0px !important;\u00a0\u00bb locked=\u00a0\u00bboff\u00a0\u00bb global_colors_info=\u00a0\u00bb{}\u00a0\u00bb][et_pb_row _builder_version=\u00a0\u00bb4.16&Prime; _module_preset=\u00a0\u00bbdefault\u00a0\u00bb background_color=\u00a0\u00bb#000000&Prime; background_enable_video_mp4=\u00a0\u00bboff\u00a0\u00bb background_video_pause_outside_viewport=\u00a0\u00bboff\u00a0\u00bb width=\u00a0\u00bb100%\u00a0\u00bb max_width=\u00a0\u00bb100%\u00a0\u00bb height=\u00a0\u00bb100%\u00a0\u00bb custom_margin=\u00a0\u00bb0px|0px|0px|0px|false|false\u00a0\u00bb custom_padding=\u00a0\u00bb0px|0px|0px|0px|false|false\u00a0\u00bb global_colors_info=\u00a0\u00bb{}\u00a0\u00bb][et_pb_column type=\u00a0\u00bb4_4&Prime; _builder_version=\u00a0\u00bb4.16&Prime; _module_preset=\u00a0\u00bbdefault\u00a0\u00bb background_color=\u00a0\u00bb#000000&Prime; background_video_pause_outside_viewport=\u00a0\u00bboff\u00a0\u00bb global_colors_info=\u00a0\u00bb{}\u00a0\u00bb][et_pb_slider show_cta_on_mobile=\u00a0\u00bboff\u00a0\u00bb use_bg_overlay=\u00a0\u00bbon\u00a0\u00bb bg_overlay_color=\u00a0\u00bbrgba(0,0,0,0.49)\u00a0\u00bb disabled_on=\u00a0\u00bboff|on|on\u00a0\u00bb admin_label=\u00a0\u00bbSlider Mobile\u00a0\u00bb module_id=\u00a0\u00bbvideoHome\u00a0\u00bb _builder_version=\u00a0\u00bb4.21.0&Prime; _module_preset=\u00a0\u00bbdefault\u00a0\u00bb header_line_height=\u00a0\u00bb1.7em\u00a0\u00bb body_font=\u00a0\u00bbLato||||||||\u00a0\u00bb body_line_height=\u00a0\u00bb1.8em\u00a0\u00bb background_enable_color=\u00a0\u00bboff\u00a0\u00bb background_video_mp4=\u00a0\u00bbhttp:\/\/home-kueppersbusch.com\/html\/wp-content\/uploads\/video\/Home-Prod.mp4&Prime; background_video_pause_outside_viewport=\u00a0\u00bboff\u00a0\u00bb custom_button=\u00a0\u00bbon\u00a0\u00bb button_text_color=\u00a0\u00bb#000000&Prime; button_bg_color=\u00a0\u00bb#FFFFFF\u00a0\u00bb button_border_width=\u00a0\u00bb0px\u00a0\u00bb button_border_radius=\u00a0\u00bb50px\u00a0\u00bb button_font=\u00a0\u00bbOpen Sans|600|||||||\u00a0\u00bb button_icon=\u00a0\u00bb&#x24;||divi||400&Prime; button_custom_padding=\u00a0\u00bb5px|50px|5px|50px|true|true\u00a0\u00bb module_alignment=\u00a0\u00bbleft\u00a0\u00bb content_max_width=\u00a0\u00bb450px\u00a0\u00bb height=\u00a0\u00bb950px\u00a0\u00bb height_tablet=\u00a0\u00bb\u00a0\u00bb height_phone=\u00a0\u00bb844px\u00a0\u00bb height_last_edited=\u00a0\u00bbon|phone\u00a0\u00bb custom_margin_tablet=\u00a0\u00bb\u00a0\u00bb custom_margin_phone=\u00a0\u00bb\u00a0\u00bb custom_margin_last_edited=\u00a0\u00bbon|desktop\u00a0\u00bb auto=\u00a0\u00bbon\u00a0\u00bb auto_speed=\u00a0\u00bb7000ms\u00a0\u00bb background_last_edited=\u00a0\u00bboff|desktop\u00a0\u00bb global_colors_info=\u00a0\u00bb{}\u00a0\u00bb][et_pb_slide heading=\u00a0\u00bbUN DESIGN EXCEPTIONNEL \u00a0\u00bb _builder_version=\u00a0\u00bb4.21.0&Prime; _module_preset=\u00a0\u00bbdefault\u00a0\u00bb header_level=\u00a0\u00bbh3&Prime; header_font=\u00a0\u00bbLato||||||||\u00a0\u00bb header_font_size=\u00a0\u00bb32px\u00a0\u00bb header_letter_spacing=\u00a0\u00bb0.15em\u00a0\u00bb body_font=\u00a0\u00bbLato|300|||||||\u00a0\u00bb background_enable_color=\u00a0\u00bboff\u00a0\u00bb background_enable_image=\u00a0\u00bboff\u00a0\u00bb background_enable_video_mp4=\u00a0\u00bboff\u00a0\u00bb background_video_pause_outside_viewport=\u00a0\u00bboff\u00a0\u00bb button_alignment=\u00a0\u00bbleft\u00a0\u00bb text_orientation=\u00a0\u00bbleft\u00a0\u00bb custom_padding=\u00a0\u00bb||||false|false\u00a0\u00bb custom_padding_tablet=\u00a0\u00bb\u00a0\u00bb custom_padding_phone=\u00a0\u00bb250px||||false|false\u00a0\u00bb custom_padding_last_edited=\u00a0\u00bbon|desktop\u00a0\u00bb background_last_edited=\u00a0\u00bbon|phone\u00a0\u00bb background_image_phone=\u00a0\u00bbhttps:\/\/www.home-kueppersbusch.com\/fr-be\/wp-content\/uploads\/sites\/34\/2023\/08\/KPH-Graphite-Line-web-banner-1080&#215;1920-1.jpg\u00a0\u00bb background_enable_image_phone=\u00a0\u00bbon\u00a0\u00bb background_size_phone=\u00a0\u00bbcover\u00a0\u00bb background_enable_video_mp4_phone=\u00a0\u00bboff\u00a0\u00bb global_colors_info=\u00a0\u00bb{}\u00a0\u00bb sticky_transition=\u00a0\u00bbon\u00a0\u00bb]<\/p>\n<p>Chez K\u00fcppersbusch, nous croyons que le design est un \u00e9l\u00e9ment fondamental de nos produits et nous l\u2019int\u00e9grons parfaitement \u00e0 chaque fonction de nos appareils.<\/p>\n<div class=\"container_button\">\n<div class=\"KPH_button_lato\"><a href=\"https:\/\/www.home-kueppersbusch.com\/fr-fr\/design\/\">LIRE LA SUITE<\/a><\/div>\n<\/div>\n<p><video loop=\"loop\" autoplay=\"\" playsinline=\"\" muted=\"\" width=\"1920\" height=\"1080\">[\/et_pb_slide][et_pb_slide heading=\u00a0\u00bbK\u00dcPPERSBUSCH <br \/>INDIVIDUAL\u00a0\u00bb _builder_version=\u00a0\u00bb4.21.0&Prime; _module_preset=\u00a0\u00bbdefault\u00a0\u00bb header_level=\u00a0\u00bbh3&Prime; header_font=\u00a0\u00bbLato||||||||\u00a0\u00bb header_text_align=\u00a0\u00bbright\u00a0\u00bb header_font_size=\u00a0\u00bb32px\u00a0\u00bb header_letter_spacing=\u00a0\u00bb0.15em\u00a0\u00bb body_font=\u00a0\u00bbLato|300|||||||\u00a0\u00bb body_text_align=\u00a0\u00bbright\u00a0\u00bb background_enable_color=\u00a0\u00bboff\u00a0\u00bb background_enable_image=\u00a0\u00bboff\u00a0\u00bb background_enable_video_mp4=\u00a0\u00bboff\u00a0\u00bb background_enable_video_webm=\u00a0\u00bboff\u00a0\u00bb background_video_pause_outside_viewport=\u00a0\u00bboff\u00a0\u00bb text_orientation=\u00a0\u00bbright\u00a0\u00bb custom_padding=\u00a0\u00bb||||false|false\u00a0\u00bb custom_padding_tablet=\u00a0\u00bb\u00a0\u00bb custom_padding_phone=\u00a0\u00bb250px||||false|false\u00a0\u00bb custom_padding_last_edited=\u00a0\u00bbon|phone\u00a0\u00bb header_text_align_tablet=\u00a0\u00bb\u00a0\u00bb header_text_align_phone=\u00a0\u00bb\u00a0\u00bb header_text_align_last_edited=\u00a0\u00bbon|phone\u00a0\u00bb header_letter_spacing_tablet=\u00a0\u00bb\u00a0\u00bb header_letter_spacing_phone=\u00a0\u00bb\u00a0\u00bb header_letter_spacing_last_edited=\u00a0\u00bbon|desktop\u00a0\u00bb background_last_edited=\u00a0\u00bbon|phone\u00a0\u00bb background_image_phone=\u00a0\u00bbhttps:\/\/www.home-kueppersbusch.com\/fr-be\/wp-content\/uploads\/sites\/34\/2023\/08\/Home-Indiv.jpeg\u00a0\u00bb background_enable_image_phone=\u00a0\u00bbon\u00a0\u00bb background_size_phone=\u00a0\u00bbcover\u00a0\u00bb global_colors_info=\u00a0\u00bb{}\u00a0\u00bb sticky_transition=\u00a0\u00bbon\u00a0\u00bb]<\/p>\n<p>Il n\u2019y a personne comme vous. C\u2019est pourquoi les appareils K\u00fcppersbusch vous permettent de vous exprimer dans votre cuisine, gr\u00e2ce \u00e0 un design personnalis\u00e9, bas\u00e9 sur votre style.<\/p>\n<div class=\"container_button_right\">\n<div class=\"KPH_button_lato\"><a href=\"https:\/\/www.home-kueppersbusch.com\/fr-fr\/individual\/\">LIRE LA SUITE<\/a><\/div>\n<\/div>\n<p><video loop=\"loop\" autoplay=\"\" playsinline=\"\" muted=\"\" width=\"1920\" height=\"1080\"><\/p>\n<p>\t\t\t<\/video>[\/et_pb_slide][et_pb_slide heading=\u00a0\u00bbLES PIONNIERS DE LA CUISINE DEPUIS 1875&Prime; heading_last_edited=\u00a0\u00bboff|desktop\u00a0\u00bb _builder_version=\u00a0\u00bb4.21.0&Prime; _module_preset=\u00a0\u00bbdefault\u00a0\u00bb header_level=\u00a0\u00bbh3&Prime; header_font=\u00a0\u00bbLato||||||||\u00a0\u00bb header_font_size=\u00a0\u00bb32px\u00a0\u00bb header_letter_spacing=\u00a0\u00bb0.15px\u00a0\u00bb body_font=\u00a0\u00bbLato|300|||||||\u00a0\u00bb background_enable_color=\u00a0\u00bboff\u00a0\u00bb background_enable_image=\u00a0\u00bboff\u00a0\u00bb background_enable_video_mp4=\u00a0\u00bboff\u00a0\u00bb background_video_pause_outside_viewport=\u00a0\u00bboff\u00a0\u00bb button_alignment=\u00a0\u00bbleft\u00a0\u00bb text_orientation=\u00a0\u00bbleft\u00a0\u00bb custom_padding=\u00a0\u00bb||||false|false\u00a0\u00bb custom_padding_tablet=\u00a0\u00bb\u00a0\u00bb custom_padding_phone=\u00a0\u00bb250px||||false|false\u00a0\u00bb custom_padding_last_edited=\u00a0\u00bbon|phone\u00a0\u00bb background_last_edited=\u00a0\u00bbon|phone\u00a0\u00bb background_image_phone=\u00a0\u00bbhttps:\/\/www.home-kueppersbusch.com\/global\/wp-content\/uploads\/sites\/3\/2022\/10\/Home-Pio.jpeg\u00a0\u00bb background_enable_image_phone=\u00a0\u00bbon\u00a0\u00bb background_size_phone=\u00a0\u00bbcover\u00a0\u00bb background_enable_video_mp4_phone=\u00a0\u00bboff\u00a0\u00bb global_colors_info=\u00a0\u00bb{}\u00a0\u00bb sticky_transition=\u00a0\u00bbon\u00a0\u00bb]<\/p>\n<p>Notre marque innove dans la cuisine depuis 145 ans, en garantissant toujours une qualit\u00e9 et une durabilit\u00e9 incomparables, gr\u00e2ce \u00e0 un processus de production des plus soign\u00e9s et exigeants.<\/p>\n<div class=\"container_button\">\n<div class=\"KPH_button_lato\"><a href=\"https:\/\/www.home-kueppersbusch.com\/fr-fr\/marque\/\">LIRE LA SUITE<\/a><\/div>\n<\/div>\n<p><video loop=\"loop\" autoplay=\"\" playsinline=\"\" muted=\"\" width=\"1920\" height=\"1080\"><\/p>\n<p>\t\t\t<\/video>[\/et_pb_slide][et_pb_slide heading=\u00a0\u00bbPRODUITS VEDETTES\u00a0\u00bb _builder_version=\u00a0\u00bb4.21.0&Prime; _module_preset=\u00a0\u00bbdefault\u00a0\u00bb header_level=\u00a0\u00bbh3&Prime; header_font=\u00a0\u00bbLato||||||||\u00a0\u00bb header_text_align=\u00a0\u00bbright\u00a0\u00bb header_font_size=\u00a0\u00bb32px\u00a0\u00bb header_letter_spacing=\u00a0\u00bb0.15em\u00a0\u00bb body_font=\u00a0\u00bbLato|300|||||||\u00a0\u00bb body_text_align=\u00a0\u00bbright\u00a0\u00bb background_enable_color=\u00a0\u00bboff\u00a0\u00bb background_enable_image=\u00a0\u00bboff\u00a0\u00bb background_enable_video_mp4=\u00a0\u00bboff\u00a0\u00bb text_orientation=\u00a0\u00bbright\u00a0\u00bb custom_padding=\u00a0\u00bb||||false|false\u00a0\u00bb custom_padding_tablet=\u00a0\u00bb\u00a0\u00bb custom_padding_phone=\u00a0\u00bb250px||||false|false\u00a0\u00bb custom_padding_last_edited=\u00a0\u00bbon|phone\u00a0\u00bb background_last_edited=\u00a0\u00bbon|phone\u00a0\u00bb background_image_phone=\u00a0\u00bbhttps:\/\/www.home-kueppersbusch.com\/fr-be\/wp-content\/uploads\/sites\/34\/2023\/08\/Home-Prod.jpeg\u00a0\u00bb background_enable_image_phone=\u00a0\u00bbon\u00a0\u00bb background_size_phone=\u00a0\u00bbcover\u00a0\u00bb global_colors_info=\u00a0\u00bb{}\u00a0\u00bb sticky_transition=\u00a0\u00bbon\u00a0\u00bb]<\/p>\n<p>D\u00e9couvrez les derni\u00e8res nouveaut\u00e9s de nos produits.<\/p>\n<div class=\"container_button\">\n<div class=\"KPH_button_lato\"><a style=\"color: #ffffff;\" href=\"https:\/\/www.home-kueppersbusch.com\/fr-fr\/fours\/\">LIRE LA SUITE<\/a><\/div>\n<\/div>\n<p><video loop=\"loop\" autoplay=\"\" playsinline=\"\" muted=\"\" width=\"1920\" height=\"1080\"><\/p>\n<p>\t\t\t<\/video>[\/et_pb_slide][\/et_pb_slider][\/et_pb_column][\/et_pb_row][\/et_pb_section]<\/p>\n","protected":false},"excerpt":{"rendered":"<p>Chez K\u00fcppersbusch, nous croyons que le design est un \u00e9l\u00e9ment fondamental de nos produits et nous l\u2019int\u00e9grons parfaitement \u00e0 chaque fonction de nos appareils. LIRE LA SUITE Il n\u2019y a personne comme vous. C\u2019est pourquoi les appareils K\u00fcppersbusch vous permettent de vous exprimer dans votre cuisine, gr\u00e2ce \u00e0 un design personnalis\u00e9, bas\u00e9 sur votre style. [&hellip;]<\/p>\n","protected":false},"author":68,"featured_media":0,"parent":0,"menu_order":0,"comment_status":"closed","ping_status":"closed","template":"","meta":{"_acf_changed":false,"_et_pb_use_builder":"on","_et_pb_old_content":"","_et_gb_content_width":"","footnotes":""},"class_list":["post-69790","page","type-page","status-publish","hentry"],"acf":[],"yoast_head":"<!-- This site is optimized with the Yoast SEO plugin v27.5 - https:\/\/yoast.com\/product\/yoast-seo-wordpress\/ -->\n<title>K\u00fcppersbusch France | \u00c9lectrom\u00e9nagers au design exclusif<\/title>\n<meta name=\"description\" content=\"Dans une quarantaine de pays, K\u00fcppersbusch est l&#039;une des marques les plus importantes lorsqu&#039;il s&#039;agit d&#039;\u00e9quiper les cuisines priv\u00e9es et professionnelles.\" \/>\n<meta name=\"robots\" content=\"index, follow, max-snippet:-1, max-image-preview:large, max-video-preview:-1\" \/>\n<link rel=\"canonical\" href=\"https:\/\/www.home-kueppersbusch.com\/fr-fr\/\" \/>\n<meta property=\"og:locale\" content=\"fr_FR\" \/>\n<meta property=\"og:type\" content=\"article\" \/>\n<meta property=\"og:title\" content=\"K\u00fcppersbusch France | \u00c9lectrom\u00e9nagers au design exclusif\" \/>\n<meta property=\"og:description\" content=\"Dans une quarantaine de pays, K\u00fcppersbusch est l&#039;une des marques les plus importantes lorsqu&#039;il s&#039;agit d&#039;\u00e9quiper les cuisines priv\u00e9es et professionnelles.\" \/>\n<meta property=\"og:url\" content=\"https:\/\/www.home-kueppersbusch.com\/fr-fr\/\" \/>\n<meta property=\"og:site_name\" content=\"K\u00fcppersbusch France\" \/>\n<meta property=\"article:modified_time\" content=\"2023-09-06T15:02:31+00:00\" \/>\n<meta name=\"twitter:card\" content=\"summary_large_image\" \/>\n<meta name=\"twitter:label1\" content=\"Dur\u00e9e de lecture estim\u00e9e\" \/>\n\t<meta name=\"twitter:data1\" content=\"3 minutes\" \/>\n<script type=\"application\/ld+json\" class=\"yoast-schema-graph\">{\"@context\":\"https:\\\/\\\/schema.org\",\"@graph\":[{\"@type\":\"WebPage\",\"@id\":\"https:\\\/\\\/www.home-kueppersbusch.com\\\/fr-fr\\\/\",\"url\":\"https:\\\/\\\/www.home-kueppersbusch.com\\\/fr-fr\\\/\",\"name\":\"K\u00fcppersbusch France | \u00c9lectrom\u00e9nagers au design exclusif\",\"isPartOf\":{\"@id\":\"https:\\\/\\\/www.home-kueppersbusch.com\\\/fr-fr\\\/#website\"},\"datePublished\":\"2020-09-29T15:12:10+00:00\",\"dateModified\":\"2023-09-06T15:02:31+00:00\",\"description\":\"Dans une quarantaine de pays, K\u00fcppersbusch est l'une des marques les plus importantes lorsqu'il s'agit d'\u00e9quiper les cuisines priv\u00e9es et professionnelles.\",\"inLanguage\":\"fr-FR\",\"potentialAction\":[{\"@type\":\"ReadAction\",\"target\":[\"https:\\\/\\\/www.home-kueppersbusch.com\\\/fr-fr\\\/\"]}]},{\"@type\":\"WebSite\",\"@id\":\"https:\\\/\\\/www.home-kueppersbusch.com\\\/fr-fr\\\/#website\",\"url\":\"https:\\\/\\\/www.home-kueppersbusch.com\\\/fr-fr\\\/\",\"name\":\"K\u00fcppersbusch France\",\"description\":\"\",\"potentialAction\":[{\"@type\":\"SearchAction\",\"target\":{\"@type\":\"EntryPoint\",\"urlTemplate\":\"https:\\\/\\\/www.home-kueppersbusch.com\\\/fr-fr\\\/?s={search_term_string}\"},\"query-input\":{\"@type\":\"PropertyValueSpecification\",\"valueRequired\":true,\"valueName\":\"search_term_string\"}}],\"inLanguage\":\"fr-FR\"}]}<\/script>\n<!-- \/ Yoast SEO plugin. -->","yoast_head_json":{"title":"K\u00fcppersbusch France | \u00c9lectrom\u00e9nagers au design exclusif","description":"Dans une quarantaine de pays, K\u00fcppersbusch est l'une des marques les plus importantes lorsqu'il s'agit d'\u00e9quiper les cuisines priv\u00e9es et professionnelles.","robots":{"index":"index","follow":"follow","max-snippet":"max-snippet:-1","max-image-preview":"max-image-preview:large","max-video-preview":"max-video-preview:-1"},"canonical":"https:\/\/www.home-kueppersbusch.com\/fr-fr\/","og_locale":"fr_FR","og_type":"article","og_title":"K\u00fcppersbusch France | \u00c9lectrom\u00e9nagers au design exclusif","og_description":"Dans une quarantaine de pays, K\u00fcppersbusch est l'une des marques les plus importantes lorsqu'il s'agit d'\u00e9quiper les cuisines priv\u00e9es et professionnelles.","og_url":"https:\/\/www.home-kueppersbusch.com\/fr-fr\/","og_site_name":"K\u00fcppersbusch France","article_modified_time":"2023-09-06T15:02:31+00:00","twitter_card":"summary_large_image","twitter_misc":{"Dur\u00e9e de lecture estim\u00e9e":"3 minutes"},"schema":{"@context":"https:\/\/schema.org","@graph":[{"@type":"WebPage","@id":"https:\/\/www.home-kueppersbusch.com\/fr-fr\/","url":"https:\/\/www.home-kueppersbusch.com\/fr-fr\/","name":"K\u00fcppersbusch France | \u00c9lectrom\u00e9nagers au design exclusif","isPartOf":{"@id":"https:\/\/www.home-kueppersbusch.com\/fr-fr\/#website"},"datePublished":"2020-09-29T15:12:10+00:00","dateModified":"2023-09-06T15:02:31+00:00","description":"Dans une quarantaine de pays, K\u00fcppersbusch est l'une des marques les plus importantes lorsqu'il s'agit d'\u00e9quiper les cuisines priv\u00e9es et professionnelles.","inLanguage":"fr-FR","potentialAction":[{"@type":"ReadAction","target":["https:\/\/www.home-kueppersbusch.com\/fr-fr\/"]}]},{"@type":"WebSite","@id":"https:\/\/www.home-kueppersbusch.com\/fr-fr\/#website","url":"https:\/\/www.home-kueppersbusch.com\/fr-fr\/","name":"K\u00fcppersbusch France","description":"","potentialAction":[{"@type":"SearchAction","target":{"@type":"EntryPoint","urlTemplate":"https:\/\/www.home-kueppersbusch.com\/fr-fr\/?s={search_term_string}"},"query-input":{"@type":"PropertyValueSpecification","valueRequired":true,"valueName":"search_term_string"}}],"inLanguage":"fr-FR"}]}},"_links":{"self":[{"href":"https:\/\/www.home-kueppersbusch.com\/fr-fr\/wp-json\/wp\/v2\/pages\/69790","targetHints":{"allow":["GET"]}}],"collection":[{"href":"https:\/\/www.home-kueppersbusch.com\/fr-fr\/wp-json\/wp\/v2\/pages"}],"about":[{"href":"https:\/\/www.home-kueppersbusch.com\/fr-fr\/wp-json\/wp\/v2\/types\/page"}],"author":[{"embeddable":true,"href":"https:\/\/www.home-kueppersbusch.com\/fr-fr\/wp-json\/wp\/v2\/users\/68"}],"replies":[{"embeddable":true,"href":"https:\/\/www.home-kueppersbusch.com\/fr-fr\/wp-json\/wp\/v2\/comments?post=69790"}],"version-history":[{"count":192,"href":"https:\/\/www.home-kueppersbusch.com\/fr-fr\/wp-json\/wp\/v2\/pages\/69790\/revisions"}],"predecessor-version":[{"id":74231,"href":"https:\/\/www.home-kueppersbusch.com\/fr-fr\/wp-json\/wp\/v2\/pages\/69790\/revisions\/74231"}],"wp:attachment":[{"href":"https:\/\/www.home-kueppersbusch.com\/fr-fr\/wp-json\/wp\/v2\/media?parent=69790"}],"curies":[{"name":"wp","href":"https:\/\/api.w.org\/{rel}","templated":true}]}}