{"id":75496,"date":"2026-04-25T09:25:40","date_gmt":"2026-04-25T09:25:40","guid":{"rendered":"https:\/\/teka.com\/en-int\/zkm8595_123290061"},"modified":"2026-03-28T08:06:38","modified_gmt":"2026-03-28T09:06:38","slug":"zkm8595_123290061","status":"publish","type":"product","link":"https:\/\/www.home-kueppersbusch.com\/fr-be\/product\/zkm8595_123290061\/","title":{"rendered":"ZKM8595"},"content":{"rendered":"<ul>\n<li>Filtre c\u00e9ramique durable pour la hotte aspirante<\/li>\n<li>Absorption efficace des odeurs et nettoyage facile gr\u00e2ce \u00e0 une structure c\u00e9ramique de haute qualit\u00e9<\/li>\n<\/ul>\n","protected":false},"featured_media":0,"parent":0,"template":"","product_cat":[7868],"product_edition":[],"product_energy_efficiency":[],"class_list":["post-75496","product","type-product","status-publish","hentry","product_cat-accessoires-pour-fours","color-black"],"acf":[],"yoast_head":"<!-- This site is optimized with the Yoast SEO plugin v27.5 - https:\/\/yoast.com\/product\/yoast-seo-wordpress\/ -->\n<title>ZKM8595 | K\u00fcppersbusch Belgique<\/title>\n<meta name=\"robots\" content=\"index, follow, max-snippet:-1, max-image-preview:large, max-video-preview:-1\" \/>\n<link rel=\"canonical\" href=\"https:\/\/www.home-kueppersbusch.com\/fr-be\/product\/zkm8595_123290061\/\" \/>\n<meta property=\"og:locale\" content=\"fr_FR\" \/>\n<meta property=\"og:type\" content=\"article\" \/>\n<meta property=\"og:title\" content=\"ZKM8595 | K\u00fcppersbusch Belgique\" \/>\n<meta property=\"og:description\" content=\"Filtre c\u00e9ramique durable pour la hotte aspirante Absorption efficace des odeurs et nettoyage facile gr\u00e2ce \u00e0 une structure c\u00e9ramique de haute qualit\u00e9\" \/>\n<meta property=\"og:url\" content=\"https:\/\/www.home-kueppersbusch.com\/fr-be\/product\/zkm8595_123290061\/\" \/>\n<meta property=\"og:site_name\" content=\"K\u00fcppersbusch Belgique\" \/>\n<meta name=\"twitter:card\" content=\"summary_large_image\" \/>\n<script type=\"application\/ld+json\" class=\"yoast-schema-graph\">{\"@context\":\"https:\\\/\\\/schema.org\",\"@graph\":[{\"@type\":\"WebPage\",\"@id\":\"https:\\\/\\\/www.home-kueppersbusch.com\\\/fr-be\\\/product\\\/zkm8595_123290061\\\/\",\"url\":\"https:\\\/\\\/www.home-kueppersbusch.com\\\/fr-be\\\/product\\\/zkm8595_123290061\\\/\",\"name\":\"ZKM8595 | K\u00fcppersbusch Belgique\",\"isPartOf\":{\"@id\":\"https:\\\/\\\/www.home-kueppersbusch.com\\\/fr-be\\\/#website\"},\"datePublished\":\"2026-04-25T09:25:40+00:00\",\"inLanguage\":\"fr-FR\",\"potentialAction\":[{\"@type\":\"ReadAction\",\"target\":[\"https:\\\/\\\/www.home-kueppersbusch.com\\\/fr-be\\\/product\\\/zkm8595_123290061\\\/\"]}]},{\"@type\":\"WebSite\",\"@id\":\"https:\\\/\\\/www.home-kueppersbusch.com\\\/fr-be\\\/#website\",\"url\":\"https:\\\/\\\/www.home-kueppersbusch.com\\\/fr-be\\\/\",\"name\":\"K\u00fcppersbusch Belgique\",\"description\":\"\",\"potentialAction\":[{\"@type\":\"SearchAction\",\"target\":{\"@type\":\"EntryPoint\",\"urlTemplate\":\"https:\\\/\\\/www.home-kueppersbusch.com\\\/fr-be\\\/?s={search_term_string}\"},\"query-input\":{\"@type\":\"PropertyValueSpecification\",\"valueRequired\":true,\"valueName\":\"search_term_string\"}}],\"inLanguage\":\"fr-FR\"}]}<\/script>\n<!-- \/ Yoast SEO plugin. -->","yoast_head_json":{"title":"ZKM8595 | K\u00fcppersbusch Belgique","robots":{"index":"index","follow":"follow","max-snippet":"max-snippet:-1","max-image-preview":"max-image-preview:large","max-video-preview":"max-video-preview:-1"},"canonical":"https:\/\/www.home-kueppersbusch.com\/fr-be\/product\/zkm8595_123290061\/","og_locale":"fr_FR","og_type":"article","og_title":"ZKM8595 | K\u00fcppersbusch Belgique","og_description":"Filtre c\u00e9ramique durable pour la hotte aspirante Absorption efficace des odeurs et nettoyage facile gr\u00e2ce \u00e0 une structure c\u00e9ramique de haute qualit\u00e9","og_url":"https:\/\/www.home-kueppersbusch.com\/fr-be\/product\/zkm8595_123290061\/","og_site_name":"K\u00fcppersbusch Belgique","twitter_card":"summary_large_image","schema":{"@context":"https:\/\/schema.org","@graph":[{"@type":"WebPage","@id":"https:\/\/www.home-kueppersbusch.com\/fr-be\/product\/zkm8595_123290061\/","url":"https:\/\/www.home-kueppersbusch.com\/fr-be\/product\/zkm8595_123290061\/","name":"ZKM8595 | K\u00fcppersbusch Belgique","isPartOf":{"@id":"https:\/\/www.home-kueppersbusch.com\/fr-be\/#website"},"datePublished":"2026-04-25T09:25:40+00:00","inLanguage":"fr-FR","potentialAction":[{"@type":"ReadAction","target":["https:\/\/www.home-kueppersbusch.com\/fr-be\/product\/zkm8595_123290061\/"]}]},{"@type":"WebSite","@id":"https:\/\/www.home-kueppersbusch.com\/fr-be\/#website","url":"https:\/\/www.home-kueppersbusch.com\/fr-be\/","name":"K\u00fcppersbusch Belgique","description":"","potentialAction":[{"@type":"SearchAction","target":{"@type":"EntryPoint","urlTemplate":"https:\/\/www.home-kueppersbusch.com\/fr-be\/?s={search_term_string}"},"query-input":{"@type":"PropertyValueSpecification","valueRequired":true,"valueName":"search_term_string"}}],"inLanguage":"fr-FR"}]}},"_links":{"self":[{"href":"https:\/\/www.home-kueppersbusch.com\/fr-be\/wp-json\/wp\/v2\/product\/75496","targetHints":{"allow":["GET"]}}],"collection":[{"href":"https:\/\/www.home-kueppersbusch.com\/fr-be\/wp-json\/wp\/v2\/product"}],"about":[{"href":"https:\/\/www.home-kueppersbusch.com\/fr-be\/wp-json\/wp\/v2\/types\/product"}],"wp:attachment":[{"href":"https:\/\/www.home-kueppersbusch.com\/fr-be\/wp-json\/wp\/v2\/media?parent=75496"}],"wp:term":[{"taxonomy":"product_cat","embeddable":true,"href":"https:\/\/www.home-kueppersbusch.com\/fr-be\/wp-json\/wp\/v2\/product_cat?post=75496"},{"taxonomy":"product_edition","embeddable":true,"href":"https:\/\/www.home-kueppersbusch.com\/fr-be\/wp-json\/wp\/v2\/product_edition?post=75496"},{"taxonomy":"product_energy_efficiency","embeddable":true,"href":"https:\/\/www.home-kueppersbusch.com\/fr-be\/wp-json\/wp\/v2\/product_energy_efficiency?post=75496"}],"curies":[{"name":"wp","href":"https:\/\/api.w.org\/{rel}","templated":true}]}}