{"id":75412,"date":"2026-04-25T09:26:37","date_gmt":"2026-04-25T09:26:37","guid":{"rendered":"https:\/\/teka.com\/de-de\/kmi9850-1sr-e_122730007"},"modified":"2026-04-13T02:30:43","modified_gmt":"2026-04-13T03:30:43","slug":"kmi9850-1sr-e_122730007","status":"publish","type":"product","link":"https:\/\/www.home-kueppersbusch.com\/fr-be\/product\/kmi9850-1sr-e_122730007\/","title":{"rendered":"KMI9850.1SR-E"},"content":{"rendered":"<ul>\n<li>Flexibilit\u00e9 ultime pour les grands ustensiles de cuisine avec l&rsquo;induction Flex<\/li>\n<li>Cuisiner comme les pros avec les manettes rotatives en acier inoxydable<\/li>\n<li>Puissance d&rsquo;aspiration efficace gr\u00e2ce \u00e0 la classe d&rsquo;efficacit\u00e9 A++<\/li>\n<li>S\u00e9paration maximale des graisses gr\u00e2ce au filtre \u00e0 graisse m\u00e9tallique \u00e0 10 couches<\/li>\n<\/ul>\n","protected":false},"featured_media":0,"parent":0,"template":"","product_cat":[7852],"product_edition":[],"product_energy_efficiency":[7730],"class_list":["post-75412","product","type-product","status-publish","hentry","product_cat-induction-avec-hotte","color-black","product_lifestyle-k-series-8","product_energy_efficiency-a-2plus-icon"],"acf":[],"yoast_head":"<!-- This site is optimized with the Yoast SEO plugin v27.5 - https:\/\/yoast.com\/product\/yoast-seo-wordpress\/ -->\n<title>KMI9850.1SR-E | K\u00fcppersbusch Belgique<\/title>\n<meta name=\"robots\" content=\"index, follow, max-snippet:-1, max-image-preview:large, max-video-preview:-1\" \/>\n<link rel=\"canonical\" href=\"https:\/\/www.home-kueppersbusch.com\/fr-be\/product\/kmi9850-1sr-e_122730007\/\" \/>\n<meta property=\"og:locale\" content=\"fr_FR\" \/>\n<meta property=\"og:type\" content=\"article\" \/>\n<meta property=\"og:title\" content=\"KMI9850.1SR-E | K\u00fcppersbusch Belgique\" \/>\n<meta property=\"og:description\" content=\"Flexibilit\u00e9 ultime pour les grands ustensiles de cuisine avec l&rsquo;induction Flex Cuisiner comme les pros avec les manettes rotatives en acier inoxydable Puissance d&rsquo;aspiration efficace gr\u00e2ce \u00e0 la classe d&rsquo;efficacit\u00e9 A++ S\u00e9paration maximale des graisses gr\u00e2ce au filtre \u00e0 graisse m\u00e9tallique \u00e0 10 couches\" \/>\n<meta property=\"og:url\" content=\"https:\/\/www.home-kueppersbusch.com\/fr-be\/product\/kmi9850-1sr-e_122730007\/\" \/>\n<meta property=\"og:site_name\" content=\"K\u00fcppersbusch Belgique\" \/>\n<meta name=\"twitter:card\" content=\"summary_large_image\" \/>\n<script type=\"application\/ld+json\" class=\"yoast-schema-graph\">{\"@context\":\"https:\\\/\\\/schema.org\",\"@graph\":[{\"@type\":\"WebPage\",\"@id\":\"https:\\\/\\\/www.home-kueppersbusch.com\\\/fr-be\\\/product\\\/kmi9850-1sr-e_122730007\\\/\",\"url\":\"https:\\\/\\\/www.home-kueppersbusch.com\\\/fr-be\\\/product\\\/kmi9850-1sr-e_122730007\\\/\",\"name\":\"KMI9850.1SR-E | K\u00fcppersbusch Belgique\",\"isPartOf\":{\"@id\":\"https:\\\/\\\/www.home-kueppersbusch.com\\\/fr-be\\\/#website\"},\"datePublished\":\"2026-04-25T09:26:37+00:00\",\"inLanguage\":\"fr-FR\",\"potentialAction\":[{\"@type\":\"ReadAction\",\"target\":[\"https:\\\/\\\/www.home-kueppersbusch.com\\\/fr-be\\\/product\\\/kmi9850-1sr-e_122730007\\\/\"]}]},{\"@type\":\"WebSite\",\"@id\":\"https:\\\/\\\/www.home-kueppersbusch.com\\\/fr-be\\\/#website\",\"url\":\"https:\\\/\\\/www.home-kueppersbusch.com\\\/fr-be\\\/\",\"name\":\"K\u00fcppersbusch Belgique\",\"description\":\"\",\"potentialAction\":[{\"@type\":\"SearchAction\",\"target\":{\"@type\":\"EntryPoint\",\"urlTemplate\":\"https:\\\/\\\/www.home-kueppersbusch.com\\\/fr-be\\\/?s={search_term_string}\"},\"query-input\":{\"@type\":\"PropertyValueSpecification\",\"valueRequired\":true,\"valueName\":\"search_term_string\"}}],\"inLanguage\":\"fr-FR\"}]}<\/script>\n<!-- \/ Yoast SEO plugin. -->","yoast_head_json":{"title":"KMI9850.1SR-E | K\u00fcppersbusch Belgique","robots":{"index":"index","follow":"follow","max-snippet":"max-snippet:-1","max-image-preview":"max-image-preview:large","max-video-preview":"max-video-preview:-1"},"canonical":"https:\/\/www.home-kueppersbusch.com\/fr-be\/product\/kmi9850-1sr-e_122730007\/","og_locale":"fr_FR","og_type":"article","og_title":"KMI9850.1SR-E | K\u00fcppersbusch Belgique","og_description":"Flexibilit\u00e9 ultime pour les grands ustensiles de cuisine avec l&rsquo;induction Flex Cuisiner comme les pros avec les manettes rotatives en acier inoxydable Puissance d&rsquo;aspiration efficace gr\u00e2ce \u00e0 la classe d&rsquo;efficacit\u00e9 A++ S\u00e9paration maximale des graisses gr\u00e2ce au filtre \u00e0 graisse m\u00e9tallique \u00e0 10 couches","og_url":"https:\/\/www.home-kueppersbusch.com\/fr-be\/product\/kmi9850-1sr-e_122730007\/","og_site_name":"K\u00fcppersbusch Belgique","twitter_card":"summary_large_image","schema":{"@context":"https:\/\/schema.org","@graph":[{"@type":"WebPage","@id":"https:\/\/www.home-kueppersbusch.com\/fr-be\/product\/kmi9850-1sr-e_122730007\/","url":"https:\/\/www.home-kueppersbusch.com\/fr-be\/product\/kmi9850-1sr-e_122730007\/","name":"KMI9850.1SR-E | K\u00fcppersbusch Belgique","isPartOf":{"@id":"https:\/\/www.home-kueppersbusch.com\/fr-be\/#website"},"datePublished":"2026-04-25T09:26:37+00:00","inLanguage":"fr-FR","potentialAction":[{"@type":"ReadAction","target":["https:\/\/www.home-kueppersbusch.com\/fr-be\/product\/kmi9850-1sr-e_122730007\/"]}]},{"@type":"WebSite","@id":"https:\/\/www.home-kueppersbusch.com\/fr-be\/#website","url":"https:\/\/www.home-kueppersbusch.com\/fr-be\/","name":"K\u00fcppersbusch Belgique","description":"","potentialAction":[{"@type":"SearchAction","target":{"@type":"EntryPoint","urlTemplate":"https:\/\/www.home-kueppersbusch.com\/fr-be\/?s={search_term_string}"},"query-input":{"@type":"PropertyValueSpecification","valueRequired":true,"valueName":"search_term_string"}}],"inLanguage":"fr-FR"}]}},"_links":{"self":[{"href":"https:\/\/www.home-kueppersbusch.com\/fr-be\/wp-json\/wp\/v2\/product\/75412","targetHints":{"allow":["GET"]}}],"collection":[{"href":"https:\/\/www.home-kueppersbusch.com\/fr-be\/wp-json\/wp\/v2\/product"}],"about":[{"href":"https:\/\/www.home-kueppersbusch.com\/fr-be\/wp-json\/wp\/v2\/types\/product"}],"wp:attachment":[{"href":"https:\/\/www.home-kueppersbusch.com\/fr-be\/wp-json\/wp\/v2\/media?parent=75412"}],"wp:term":[{"taxonomy":"product_cat","embeddable":true,"href":"https:\/\/www.home-kueppersbusch.com\/fr-be\/wp-json\/wp\/v2\/product_cat?post=75412"},{"taxonomy":"product_edition","embeddable":true,"href":"https:\/\/www.home-kueppersbusch.com\/fr-be\/wp-json\/wp\/v2\/product_edition?post=75412"},{"taxonomy":"product_energy_efficiency","embeddable":true,"href":"https:\/\/www.home-kueppersbusch.com\/fr-be\/wp-json\/wp\/v2\/product_energy_efficiency?post=75412"}],"curies":[{"name":"wp","href":"https:\/\/api.w.org\/{rel}","templated":true}]}}