{"id":74784,"date":"2026-04-03T17:43:40","date_gmt":"2026-04-03T17:43:40","guid":{"rendered":"https:\/\/teka.com\/de-de\/fwku1851-0s_123600007"},"modified":"2026-03-28T08:08:11","modified_gmt":"2026-03-28T09:08:11","slug":"fwku1851-0s_123600007","status":"publish","type":"product","link":"https:\/\/www.home-kueppersbusch.com\/fr-be\/product\/fwku1851-0s_123600007\/","title":{"rendered":"FWKU1851.0S"},"content":{"rendered":"<ul>\n<li>Vins rouges et blancs parfaitement temp\u00e9r\u00e9s gr\u00e2ce \u00e0 2 zones de temp\u00e9rature<\/li>\n<li>R\u00e9gulation pr\u00e9cise de la temp\u00e9rature gr\u00e2ce au r\u00e9glage de la temp\u00e9rature par pas de 1\u00b0C<\/li>\n<li>Utilisation intuitive gr\u00e2ce \u00e0 la commande par capteur tactile<\/li>\n<li>Bonne visibilit\u00e9 gr\u00e2ce \u00e0 l&rsquo;\u00e9cran num\u00e9rique<\/li>\n<li>Pr\u00e9sentation \u00e9l\u00e9gante du vin gr\u00e2ce \u00e0 l&rsquo;\u00e9clairage int\u00e9rieur LED<\/li>\n<\/ul>\n","protected":false},"featured_media":0,"parent":0,"template":"","product_cat":[7845],"product_edition":[],"product_energy_efficiency":[7723],"class_list":["post-74784","product","type-product","status-publish","hentry","product_cat-cave-a-vin","color-black","product_installation-integre","product_lifestyle-k-series-8","product_energy_efficiency-f-ue-icon-new"],"acf":[],"yoast_head":"<!-- This site is optimized with the Yoast SEO plugin v27.2 - https:\/\/yoast.com\/product\/yoast-seo-wordpress\/ -->\n<title>FWKU1851.0S | K\u00fcppersbusch Belgique<\/title>\n<meta name=\"robots\" content=\"index, follow, max-snippet:-1, max-image-preview:large, max-video-preview:-1\" \/>\n<link rel=\"canonical\" href=\"https:\/\/www.home-kueppersbusch.com\/fr-be\/product\/fwku1851-0s_123600007\/\" \/>\n<meta property=\"og:locale\" content=\"fr_FR\" \/>\n<meta property=\"og:type\" content=\"article\" \/>\n<meta property=\"og:title\" content=\"FWKU1851.0S | K\u00fcppersbusch Belgique\" \/>\n<meta property=\"og:description\" content=\"Vins rouges et blancs parfaitement temp\u00e9r\u00e9s gr\u00e2ce \u00e0 2 zones de temp\u00e9rature R\u00e9gulation pr\u00e9cise de la temp\u00e9rature gr\u00e2ce au r\u00e9glage de la temp\u00e9rature par pas de 1\u00b0C Utilisation intuitive gr\u00e2ce \u00e0 la commande par capteur tactile Bonne visibilit\u00e9 gr\u00e2ce \u00e0 l&rsquo;\u00e9cran num\u00e9rique Pr\u00e9sentation \u00e9l\u00e9gante du vin gr\u00e2ce \u00e0 l&rsquo;\u00e9clairage int\u00e9rieur LED\" \/>\n<meta property=\"og:url\" content=\"https:\/\/www.home-kueppersbusch.com\/fr-be\/product\/fwku1851-0s_123600007\/\" \/>\n<meta property=\"og:site_name\" content=\"K\u00fcppersbusch Belgique\" \/>\n<meta name=\"twitter:card\" content=\"summary_large_image\" \/>\n<script type=\"application\/ld+json\" class=\"yoast-schema-graph\">{\"@context\":\"https:\/\/schema.org\",\"@graph\":[{\"@type\":\"WebPage\",\"@id\":\"https:\/\/www.home-kueppersbusch.com\/fr-be\/product\/fwku1851-0s_123600007\/\",\"url\":\"https:\/\/www.home-kueppersbusch.com\/fr-be\/product\/fwku1851-0s_123600007\/\",\"name\":\"FWKU1851.0S | K\u00fcppersbusch Belgique\",\"isPartOf\":{\"@id\":\"https:\/\/www.home-kueppersbusch.com\/fr-be\/#website\"},\"datePublished\":\"2026-04-03T17:43:40+00:00\",\"inLanguage\":\"fr-FR\",\"potentialAction\":[{\"@type\":\"ReadAction\",\"target\":[\"https:\/\/www.home-kueppersbusch.com\/fr-be\/product\/fwku1851-0s_123600007\/\"]}]},{\"@type\":\"WebSite\",\"@id\":\"https:\/\/www.home-kueppersbusch.com\/fr-be\/#website\",\"url\":\"https:\/\/www.home-kueppersbusch.com\/fr-be\/\",\"name\":\"K\u00fcppersbusch Belgique\",\"description\":\"\",\"potentialAction\":[{\"@type\":\"SearchAction\",\"target\":{\"@type\":\"EntryPoint\",\"urlTemplate\":\"https:\/\/www.home-kueppersbusch.com\/fr-be\/?s={search_term_string}\"},\"query-input\":{\"@type\":\"PropertyValueSpecification\",\"valueRequired\":true,\"valueName\":\"search_term_string\"}}],\"inLanguage\":\"fr-FR\"}]}<\/script>\n<!-- \/ Yoast SEO plugin. -->","yoast_head_json":{"title":"FWKU1851.0S | K\u00fcppersbusch Belgique","robots":{"index":"index","follow":"follow","max-snippet":"max-snippet:-1","max-image-preview":"max-image-preview:large","max-video-preview":"max-video-preview:-1"},"canonical":"https:\/\/www.home-kueppersbusch.com\/fr-be\/product\/fwku1851-0s_123600007\/","og_locale":"fr_FR","og_type":"article","og_title":"FWKU1851.0S | K\u00fcppersbusch Belgique","og_description":"Vins rouges et blancs parfaitement temp\u00e9r\u00e9s gr\u00e2ce \u00e0 2 zones de temp\u00e9rature R\u00e9gulation pr\u00e9cise de la temp\u00e9rature gr\u00e2ce au r\u00e9glage de la temp\u00e9rature par pas de 1\u00b0C Utilisation intuitive gr\u00e2ce \u00e0 la commande par capteur tactile Bonne visibilit\u00e9 gr\u00e2ce \u00e0 l&rsquo;\u00e9cran num\u00e9rique Pr\u00e9sentation \u00e9l\u00e9gante du vin gr\u00e2ce \u00e0 l&rsquo;\u00e9clairage int\u00e9rieur LED","og_url":"https:\/\/www.home-kueppersbusch.com\/fr-be\/product\/fwku1851-0s_123600007\/","og_site_name":"K\u00fcppersbusch Belgique","twitter_card":"summary_large_image","schema":{"@context":"https:\/\/schema.org","@graph":[{"@type":"WebPage","@id":"https:\/\/www.home-kueppersbusch.com\/fr-be\/product\/fwku1851-0s_123600007\/","url":"https:\/\/www.home-kueppersbusch.com\/fr-be\/product\/fwku1851-0s_123600007\/","name":"FWKU1851.0S | K\u00fcppersbusch Belgique","isPartOf":{"@id":"https:\/\/www.home-kueppersbusch.com\/fr-be\/#website"},"datePublished":"2026-04-03T17:43:40+00:00","inLanguage":"fr-FR","potentialAction":[{"@type":"ReadAction","target":["https:\/\/www.home-kueppersbusch.com\/fr-be\/product\/fwku1851-0s_123600007\/"]}]},{"@type":"WebSite","@id":"https:\/\/www.home-kueppersbusch.com\/fr-be\/#website","url":"https:\/\/www.home-kueppersbusch.com\/fr-be\/","name":"K\u00fcppersbusch Belgique","description":"","potentialAction":[{"@type":"SearchAction","target":{"@type":"EntryPoint","urlTemplate":"https:\/\/www.home-kueppersbusch.com\/fr-be\/?s={search_term_string}"},"query-input":{"@type":"PropertyValueSpecification","valueRequired":true,"valueName":"search_term_string"}}],"inLanguage":"fr-FR"}]}},"_links":{"self":[{"href":"https:\/\/www.home-kueppersbusch.com\/fr-be\/wp-json\/wp\/v2\/product\/74784","targetHints":{"allow":["GET"]}}],"collection":[{"href":"https:\/\/www.home-kueppersbusch.com\/fr-be\/wp-json\/wp\/v2\/product"}],"about":[{"href":"https:\/\/www.home-kueppersbusch.com\/fr-be\/wp-json\/wp\/v2\/types\/product"}],"wp:attachment":[{"href":"https:\/\/www.home-kueppersbusch.com\/fr-be\/wp-json\/wp\/v2\/media?parent=74784"}],"wp:term":[{"taxonomy":"product_cat","embeddable":true,"href":"https:\/\/www.home-kueppersbusch.com\/fr-be\/wp-json\/wp\/v2\/product_cat?post=74784"},{"taxonomy":"product_edition","embeddable":true,"href":"https:\/\/www.home-kueppersbusch.com\/fr-be\/wp-json\/wp\/v2\/product_edition?post=74784"},{"taxonomy":"product_energy_efficiency","embeddable":true,"href":"https:\/\/www.home-kueppersbusch.com\/fr-be\/wp-json\/wp\/v2\/product_energy_efficiency?post=74784"}],"curies":[{"name":"wp","href":"https:\/\/api.w.org\/{rel}","templated":true}]}}