{"id":74781,"date":"2026-04-03T17:43:38","date_gmt":"2026-04-03T17:43:38","guid":{"rendered":"https:\/\/teka.com\/en-int\/ki8820-0mr_122500043"},"modified":"2026-03-28T08:08:06","modified_gmt":"2026-03-28T09:08:06","slug":"ki8820-0mr_122500043","status":"publish","type":"product","link":"https:\/\/www.home-kueppersbusch.com\/fr-be\/product\/ki8820-0mr_122500043\/","title":{"rendered":"KI8820.0MR"},"content":{"rendered":"<ul>\n<li>Haute r\u00e9sistance aux rayures gr\u00e2ce \u00e0 la surface Schott Ceran Miradur\u00ae.<\/li>\n<li>Flexibilit\u00e9 ultime pour les grands ustensiles de cuisine avec l&rsquo;induction Flex<\/li>\n<li>S\u00e9lection confortable des diff\u00e9rentes zones de cuisson gr\u00e2ce au glideControl<\/li>\n<li>R\u00e9sultats de cuisson professionnels gr\u00e2ce \u00e0 la fonction 1 cuisson automatique<\/li>\n<li>Cuisiner comme les pros avec la fonction chef<\/li>\n<\/ul>\n","protected":false},"featured_media":0,"parent":0,"template":"","product_cat":[7853],"product_edition":[],"product_energy_efficiency":[],"class_list":["post-74781","product","type-product","status-publish","hentry","product_cat-induction","color-black","product_lifestyle-k-series-8"],"acf":[],"yoast_head":"<!-- This site is optimized with the Yoast SEO plugin v27.2 - https:\/\/yoast.com\/product\/yoast-seo-wordpress\/ -->\n<title>KI8820.0MR | K\u00fcppersbusch Belgique<\/title>\n<meta name=\"robots\" content=\"index, follow, max-snippet:-1, max-image-preview:large, max-video-preview:-1\" \/>\n<link rel=\"canonical\" href=\"https:\/\/www.home-kueppersbusch.com\/fr-be\/product\/ki8820-0mr_122500043\/\" \/>\n<meta property=\"og:locale\" content=\"fr_FR\" \/>\n<meta property=\"og:type\" content=\"article\" \/>\n<meta property=\"og:title\" content=\"KI8820.0MR | K\u00fcppersbusch Belgique\" \/>\n<meta property=\"og:description\" content=\"Haute r\u00e9sistance aux rayures gr\u00e2ce \u00e0 la surface Schott Ceran Miradur\u00ae. Flexibilit\u00e9 ultime pour les grands ustensiles de cuisine avec l&rsquo;induction Flex S\u00e9lection confortable des diff\u00e9rentes zones de cuisson gr\u00e2ce au glideControl R\u00e9sultats de cuisson professionnels gr\u00e2ce \u00e0 la fonction 1 cuisson automatique Cuisiner comme les pros avec la fonction chef\" \/>\n<meta property=\"og:url\" content=\"https:\/\/www.home-kueppersbusch.com\/fr-be\/product\/ki8820-0mr_122500043\/\" \/>\n<meta property=\"og:site_name\" content=\"K\u00fcppersbusch Belgique\" \/>\n<meta name=\"twitter:card\" content=\"summary_large_image\" \/>\n<script type=\"application\/ld+json\" class=\"yoast-schema-graph\">{\"@context\":\"https:\/\/schema.org\",\"@graph\":[{\"@type\":\"WebPage\",\"@id\":\"https:\/\/www.home-kueppersbusch.com\/fr-be\/product\/ki8820-0mr_122500043\/\",\"url\":\"https:\/\/www.home-kueppersbusch.com\/fr-be\/product\/ki8820-0mr_122500043\/\",\"name\":\"KI8820.0MR | K\u00fcppersbusch Belgique\",\"isPartOf\":{\"@id\":\"https:\/\/www.home-kueppersbusch.com\/fr-be\/#website\"},\"datePublished\":\"2026-04-03T17:43:38+00:00\",\"inLanguage\":\"fr-FR\",\"potentialAction\":[{\"@type\":\"ReadAction\",\"target\":[\"https:\/\/www.home-kueppersbusch.com\/fr-be\/product\/ki8820-0mr_122500043\/\"]}]},{\"@type\":\"WebSite\",\"@id\":\"https:\/\/www.home-kueppersbusch.com\/fr-be\/#website\",\"url\":\"https:\/\/www.home-kueppersbusch.com\/fr-be\/\",\"name\":\"K\u00fcppersbusch Belgique\",\"description\":\"\",\"potentialAction\":[{\"@type\":\"SearchAction\",\"target\":{\"@type\":\"EntryPoint\",\"urlTemplate\":\"https:\/\/www.home-kueppersbusch.com\/fr-be\/?s={search_term_string}\"},\"query-input\":{\"@type\":\"PropertyValueSpecification\",\"valueRequired\":true,\"valueName\":\"search_term_string\"}}],\"inLanguage\":\"fr-FR\"}]}<\/script>\n<!-- \/ Yoast SEO plugin. -->","yoast_head_json":{"title":"KI8820.0MR | K\u00fcppersbusch Belgique","robots":{"index":"index","follow":"follow","max-snippet":"max-snippet:-1","max-image-preview":"max-image-preview:large","max-video-preview":"max-video-preview:-1"},"canonical":"https:\/\/www.home-kueppersbusch.com\/fr-be\/product\/ki8820-0mr_122500043\/","og_locale":"fr_FR","og_type":"article","og_title":"KI8820.0MR | K\u00fcppersbusch Belgique","og_description":"Haute r\u00e9sistance aux rayures gr\u00e2ce \u00e0 la surface Schott Ceran Miradur\u00ae. Flexibilit\u00e9 ultime pour les grands ustensiles de cuisine avec l&rsquo;induction Flex S\u00e9lection confortable des diff\u00e9rentes zones de cuisson gr\u00e2ce au glideControl R\u00e9sultats de cuisson professionnels gr\u00e2ce \u00e0 la fonction 1 cuisson automatique Cuisiner comme les pros avec la fonction chef","og_url":"https:\/\/www.home-kueppersbusch.com\/fr-be\/product\/ki8820-0mr_122500043\/","og_site_name":"K\u00fcppersbusch Belgique","twitter_card":"summary_large_image","schema":{"@context":"https:\/\/schema.org","@graph":[{"@type":"WebPage","@id":"https:\/\/www.home-kueppersbusch.com\/fr-be\/product\/ki8820-0mr_122500043\/","url":"https:\/\/www.home-kueppersbusch.com\/fr-be\/product\/ki8820-0mr_122500043\/","name":"KI8820.0MR | K\u00fcppersbusch Belgique","isPartOf":{"@id":"https:\/\/www.home-kueppersbusch.com\/fr-be\/#website"},"datePublished":"2026-04-03T17:43:38+00:00","inLanguage":"fr-FR","potentialAction":[{"@type":"ReadAction","target":["https:\/\/www.home-kueppersbusch.com\/fr-be\/product\/ki8820-0mr_122500043\/"]}]},{"@type":"WebSite","@id":"https:\/\/www.home-kueppersbusch.com\/fr-be\/#website","url":"https:\/\/www.home-kueppersbusch.com\/fr-be\/","name":"K\u00fcppersbusch Belgique","description":"","potentialAction":[{"@type":"SearchAction","target":{"@type":"EntryPoint","urlTemplate":"https:\/\/www.home-kueppersbusch.com\/fr-be\/?s={search_term_string}"},"query-input":{"@type":"PropertyValueSpecification","valueRequired":true,"valueName":"search_term_string"}}],"inLanguage":"fr-FR"}]}},"_links":{"self":[{"href":"https:\/\/www.home-kueppersbusch.com\/fr-be\/wp-json\/wp\/v2\/product\/74781","targetHints":{"allow":["GET"]}}],"collection":[{"href":"https:\/\/www.home-kueppersbusch.com\/fr-be\/wp-json\/wp\/v2\/product"}],"about":[{"href":"https:\/\/www.home-kueppersbusch.com\/fr-be\/wp-json\/wp\/v2\/types\/product"}],"wp:attachment":[{"href":"https:\/\/www.home-kueppersbusch.com\/fr-be\/wp-json\/wp\/v2\/media?parent=74781"}],"wp:term":[{"taxonomy":"product_cat","embeddable":true,"href":"https:\/\/www.home-kueppersbusch.com\/fr-be\/wp-json\/wp\/v2\/product_cat?post=74781"},{"taxonomy":"product_edition","embeddable":true,"href":"https:\/\/www.home-kueppersbusch.com\/fr-be\/wp-json\/wp\/v2\/product_edition?post=74781"},{"taxonomy":"product_energy_efficiency","embeddable":true,"href":"https:\/\/www.home-kueppersbusch.com\/fr-be\/wp-json\/wp\/v2\/product_energy_efficiency?post=74781"}],"curies":[{"name":"wp","href":"https:\/\/api.w.org\/{rel}","templated":true}]}}