{"id":74775,"date":"2026-04-03T17:43:34","date_gmt":"2026-04-03T17:43:34","guid":{"rendered":"https:\/\/teka.com\/en-int\/fkgf9855-0i_123560012"},"modified":"2026-03-28T08:07:57","modified_gmt":"2026-03-28T09:07:57","slug":"fkgf9855-0i_123560012","status":"publish","type":"product","link":"https:\/\/www.home-kueppersbusch.com\/fr-be\/product\/fkgf9855-0i_123560012\/","title":{"rendered":"FKGF9855.0i"},"content":{"rendered":"<ul>\n<li>Aper\u00e7u rapide gr\u00e2ce \u00e0 l&rsquo;affichage num\u00e9rique de l&rsquo;\u00e9tat<\/li>\n<li>R\u00e9glage intuitif par capteurs tactiles<\/li>\n<li>R\u00e9partition variable de l&rsquo;espace int\u00e9rieur gr\u00e2ce aux VarioShelves + VarioBoxes<\/li>\n<li>Pas de givrage de la zone de cong\u00e9lation gr\u00e2ce \u00e0 NoFrost<\/li>\n<li>FastFreezing gr\u00e2ce \u00e0 la fonction de cong\u00e9lation rapide<\/li>\n<li>Panneau arri\u00e8re \u00e0 LED pour une meilleure visibilit\u00e9<\/li>\n<\/ul>\n","protected":false},"featured_media":0,"parent":0,"template":"","product_cat":[8495],"product_edition":[],"product_energy_efficiency":[7722],"class_list":["post-74775","product","type-product","status-publish","hentry","product_ambient-kitchen-ss-02","product_cat-fridge-freezers","color-white","product_installation-integre","product_lifestyle-k-series-8","product_energy_efficiency-e-ue-icon-new"],"acf":[],"yoast_head":"<!-- This site is optimized with the Yoast SEO plugin v27.2 - https:\/\/yoast.com\/product\/yoast-seo-wordpress\/ -->\n<title>FKGF9855.0i | K\u00fcppersbusch Belgique<\/title>\n<meta name=\"robots\" content=\"index, follow, max-snippet:-1, max-image-preview:large, max-video-preview:-1\" \/>\n<link rel=\"canonical\" href=\"https:\/\/www.home-kueppersbusch.com\/fr-be\/product\/fkgf9855-0i_123560012\/\" \/>\n<meta property=\"og:locale\" content=\"fr_FR\" \/>\n<meta property=\"og:type\" content=\"article\" \/>\n<meta property=\"og:title\" content=\"FKGF9855.0i | K\u00fcppersbusch Belgique\" \/>\n<meta property=\"og:description\" content=\"Aper\u00e7u rapide gr\u00e2ce \u00e0 l&rsquo;affichage num\u00e9rique de l&rsquo;\u00e9tat R\u00e9glage intuitif par capteurs tactiles R\u00e9partition variable de l&rsquo;espace int\u00e9rieur gr\u00e2ce aux VarioShelves + VarioBoxes Pas de givrage de la zone de cong\u00e9lation gr\u00e2ce \u00e0 NoFrost FastFreezing gr\u00e2ce \u00e0 la fonction de cong\u00e9lation rapide Panneau arri\u00e8re \u00e0 LED pour une meilleure visibilit\u00e9\" \/>\n<meta property=\"og:url\" content=\"https:\/\/www.home-kueppersbusch.com\/fr-be\/product\/fkgf9855-0i_123560012\/\" \/>\n<meta property=\"og:site_name\" content=\"K\u00fcppersbusch Belgique\" \/>\n<meta name=\"twitter:card\" content=\"summary_large_image\" \/>\n<script type=\"application\/ld+json\" class=\"yoast-schema-graph\">{\"@context\":\"https:\/\/schema.org\",\"@graph\":[{\"@type\":\"WebPage\",\"@id\":\"https:\/\/www.home-kueppersbusch.com\/fr-be\/product\/fkgf9855-0i_123560012\/\",\"url\":\"https:\/\/www.home-kueppersbusch.com\/fr-be\/product\/fkgf9855-0i_123560012\/\",\"name\":\"FKGF9855.0i | K\u00fcppersbusch Belgique\",\"isPartOf\":{\"@id\":\"https:\/\/www.home-kueppersbusch.com\/fr-be\/#website\"},\"datePublished\":\"2026-04-03T17:43:34+00:00\",\"inLanguage\":\"fr-FR\",\"potentialAction\":[{\"@type\":\"ReadAction\",\"target\":[\"https:\/\/www.home-kueppersbusch.com\/fr-be\/product\/fkgf9855-0i_123560012\/\"]}]},{\"@type\":\"WebSite\",\"@id\":\"https:\/\/www.home-kueppersbusch.com\/fr-be\/#website\",\"url\":\"https:\/\/www.home-kueppersbusch.com\/fr-be\/\",\"name\":\"K\u00fcppersbusch Belgique\",\"description\":\"\",\"potentialAction\":[{\"@type\":\"SearchAction\",\"target\":{\"@type\":\"EntryPoint\",\"urlTemplate\":\"https:\/\/www.home-kueppersbusch.com\/fr-be\/?s={search_term_string}\"},\"query-input\":{\"@type\":\"PropertyValueSpecification\",\"valueRequired\":true,\"valueName\":\"search_term_string\"}}],\"inLanguage\":\"fr-FR\"}]}<\/script>\n<!-- \/ Yoast SEO plugin. -->","yoast_head_json":{"title":"FKGF9855.0i | K\u00fcppersbusch Belgique","robots":{"index":"index","follow":"follow","max-snippet":"max-snippet:-1","max-image-preview":"max-image-preview:large","max-video-preview":"max-video-preview:-1"},"canonical":"https:\/\/www.home-kueppersbusch.com\/fr-be\/product\/fkgf9855-0i_123560012\/","og_locale":"fr_FR","og_type":"article","og_title":"FKGF9855.0i | K\u00fcppersbusch Belgique","og_description":"Aper\u00e7u rapide gr\u00e2ce \u00e0 l&rsquo;affichage num\u00e9rique de l&rsquo;\u00e9tat R\u00e9glage intuitif par capteurs tactiles R\u00e9partition variable de l&rsquo;espace int\u00e9rieur gr\u00e2ce aux VarioShelves + VarioBoxes Pas de givrage de la zone de cong\u00e9lation gr\u00e2ce \u00e0 NoFrost FastFreezing gr\u00e2ce \u00e0 la fonction de cong\u00e9lation rapide Panneau arri\u00e8re \u00e0 LED pour une meilleure visibilit\u00e9","og_url":"https:\/\/www.home-kueppersbusch.com\/fr-be\/product\/fkgf9855-0i_123560012\/","og_site_name":"K\u00fcppersbusch Belgique","twitter_card":"summary_large_image","schema":{"@context":"https:\/\/schema.org","@graph":[{"@type":"WebPage","@id":"https:\/\/www.home-kueppersbusch.com\/fr-be\/product\/fkgf9855-0i_123560012\/","url":"https:\/\/www.home-kueppersbusch.com\/fr-be\/product\/fkgf9855-0i_123560012\/","name":"FKGF9855.0i | K\u00fcppersbusch Belgique","isPartOf":{"@id":"https:\/\/www.home-kueppersbusch.com\/fr-be\/#website"},"datePublished":"2026-04-03T17:43:34+00:00","inLanguage":"fr-FR","potentialAction":[{"@type":"ReadAction","target":["https:\/\/www.home-kueppersbusch.com\/fr-be\/product\/fkgf9855-0i_123560012\/"]}]},{"@type":"WebSite","@id":"https:\/\/www.home-kueppersbusch.com\/fr-be\/#website","url":"https:\/\/www.home-kueppersbusch.com\/fr-be\/","name":"K\u00fcppersbusch Belgique","description":"","potentialAction":[{"@type":"SearchAction","target":{"@type":"EntryPoint","urlTemplate":"https:\/\/www.home-kueppersbusch.com\/fr-be\/?s={search_term_string}"},"query-input":{"@type":"PropertyValueSpecification","valueRequired":true,"valueName":"search_term_string"}}],"inLanguage":"fr-FR"}]}},"_links":{"self":[{"href":"https:\/\/www.home-kueppersbusch.com\/fr-be\/wp-json\/wp\/v2\/product\/74775","targetHints":{"allow":["GET"]}}],"collection":[{"href":"https:\/\/www.home-kueppersbusch.com\/fr-be\/wp-json\/wp\/v2\/product"}],"about":[{"href":"https:\/\/www.home-kueppersbusch.com\/fr-be\/wp-json\/wp\/v2\/types\/product"}],"wp:attachment":[{"href":"https:\/\/www.home-kueppersbusch.com\/fr-be\/wp-json\/wp\/v2\/media?parent=74775"}],"wp:term":[{"taxonomy":"product_cat","embeddable":true,"href":"https:\/\/www.home-kueppersbusch.com\/fr-be\/wp-json\/wp\/v2\/product_cat?post=74775"},{"taxonomy":"product_edition","embeddable":true,"href":"https:\/\/www.home-kueppersbusch.com\/fr-be\/wp-json\/wp\/v2\/product_edition?post=74775"},{"taxonomy":"product_energy_efficiency","embeddable":true,"href":"https:\/\/www.home-kueppersbusch.com\/fr-be\/wp-json\/wp\/v2\/product_energy_efficiency?post=74775"}],"curies":[{"name":"wp","href":"https:\/\/api.w.org\/{rel}","templated":true}]}}