{"id":74770,"date":"2026-04-25T09:26:15","date_gmt":"2026-04-25T09:26:15","guid":{"rendered":"https:\/\/teka.com\/en-int\/ckv6800-0s_121630009"},"modified":"2026-03-28T08:07:52","modified_gmt":"2026-03-28T09:07:52","slug":"ckv6800-0s_121630009","status":"publish","type":"product","link":"https:\/\/www.home-kueppersbusch.com\/fr-be\/product\/ckv6800-0s_121630009\/","title":{"rendered":"CKV6800.0S"},"content":{"rendered":"<ul>\n<li>Choix de design personnalis\u00e9 gr\u00e2ce \u00e0 l&rsquo;Individual Concept Design<\/li>\n<li>Toutes les informations en un coup d&rsquo;\u0153il avec acc\u00e8s direct gr\u00e2ce \u00e0 l&rsquo;\u00e9cran tactile couleur TFT<\/li>\n<li>Caf\u00e9 barista gr\u00e2ce \u00e0 la fonction cappucino et caf\u00e9 latte<\/li>\n<li>Adapt\u00e9 \u00e0 de nombreuses tasses gr\u00e2ce \u00e0 l&rsquo;\u00e9coulement de caf\u00e9 r\u00e9glable en hauteur<\/li>\n<li>Du lait toujours frais pour le capuccino gr\u00e2ce au r\u00e9servoir \u00e0 lait amovible<\/li>\n<\/ul>\n","protected":false},"featured_media":0,"parent":0,"template":"","product_cat":[7840],"product_edition":[],"product_energy_efficiency":[],"class_list":["post-74770","product","type-product","status-publish","hentry","finishes-8746","finishes-8747","finishes-8748","finishes-8749","finishes-8750","finishes-8751","product_ambient-kitchen-bv-02","product_ambient-kitchen-bv-03","product_ambient-kitchen-g-02","product_cat-machine-a-cafe","color-black","product_lifestyle-k-series-8"],"acf":[],"yoast_head":"<!-- This site is optimized with the Yoast SEO plugin v27.5 - https:\/\/yoast.com\/product\/yoast-seo-wordpress\/ -->\n<title>CKV6800.0S | K\u00fcppersbusch Belgique<\/title>\n<meta name=\"robots\" content=\"index, follow, max-snippet:-1, max-image-preview:large, max-video-preview:-1\" \/>\n<link rel=\"canonical\" href=\"https:\/\/www.home-kueppersbusch.com\/fr-be\/product\/ckv6800-0s_121630009\/\" \/>\n<meta property=\"og:locale\" content=\"fr_FR\" \/>\n<meta property=\"og:type\" content=\"article\" \/>\n<meta property=\"og:title\" content=\"CKV6800.0S | K\u00fcppersbusch Belgique\" \/>\n<meta property=\"og:description\" content=\"Choix de design personnalis\u00e9 gr\u00e2ce \u00e0 l&rsquo;Individual Concept Design Toutes les informations en un coup d&rsquo;\u0153il avec acc\u00e8s direct gr\u00e2ce \u00e0 l&rsquo;\u00e9cran tactile couleur TFT Caf\u00e9 barista gr\u00e2ce \u00e0 la fonction cappucino et caf\u00e9 latte Adapt\u00e9 \u00e0 de nombreuses tasses gr\u00e2ce \u00e0 l&rsquo;\u00e9coulement de caf\u00e9 r\u00e9glable en hauteur Du lait toujours frais pour le capuccino [&hellip;]\" \/>\n<meta property=\"og:url\" content=\"https:\/\/www.home-kueppersbusch.com\/fr-be\/product\/ckv6800-0s_121630009\/\" \/>\n<meta property=\"og:site_name\" content=\"K\u00fcppersbusch Belgique\" \/>\n<meta name=\"twitter:card\" content=\"summary_large_image\" \/>\n<script type=\"application\/ld+json\" class=\"yoast-schema-graph\">{\"@context\":\"https:\\\/\\\/schema.org\",\"@graph\":[{\"@type\":\"WebPage\",\"@id\":\"https:\\\/\\\/www.home-kueppersbusch.com\\\/fr-be\\\/product\\\/ckv6800-0s_121630009\\\/\",\"url\":\"https:\\\/\\\/www.home-kueppersbusch.com\\\/fr-be\\\/product\\\/ckv6800-0s_121630009\\\/\",\"name\":\"CKV6800.0S | K\u00fcppersbusch Belgique\",\"isPartOf\":{\"@id\":\"https:\\\/\\\/www.home-kueppersbusch.com\\\/fr-be\\\/#website\"},\"datePublished\":\"2026-04-25T09:26:15+00:00\",\"inLanguage\":\"fr-FR\",\"potentialAction\":[{\"@type\":\"ReadAction\",\"target\":[\"https:\\\/\\\/www.home-kueppersbusch.com\\\/fr-be\\\/product\\\/ckv6800-0s_121630009\\\/\"]}]},{\"@type\":\"WebSite\",\"@id\":\"https:\\\/\\\/www.home-kueppersbusch.com\\\/fr-be\\\/#website\",\"url\":\"https:\\\/\\\/www.home-kueppersbusch.com\\\/fr-be\\\/\",\"name\":\"K\u00fcppersbusch Belgique\",\"description\":\"\",\"potentialAction\":[{\"@type\":\"SearchAction\",\"target\":{\"@type\":\"EntryPoint\",\"urlTemplate\":\"https:\\\/\\\/www.home-kueppersbusch.com\\\/fr-be\\\/?s={search_term_string}\"},\"query-input\":{\"@type\":\"PropertyValueSpecification\",\"valueRequired\":true,\"valueName\":\"search_term_string\"}}],\"inLanguage\":\"fr-FR\"}]}<\/script>\n<!-- \/ Yoast SEO plugin. -->","yoast_head_json":{"title":"CKV6800.0S | K\u00fcppersbusch Belgique","robots":{"index":"index","follow":"follow","max-snippet":"max-snippet:-1","max-image-preview":"max-image-preview:large","max-video-preview":"max-video-preview:-1"},"canonical":"https:\/\/www.home-kueppersbusch.com\/fr-be\/product\/ckv6800-0s_121630009\/","og_locale":"fr_FR","og_type":"article","og_title":"CKV6800.0S | K\u00fcppersbusch Belgique","og_description":"Choix de design personnalis\u00e9 gr\u00e2ce \u00e0 l&rsquo;Individual Concept Design Toutes les informations en un coup d&rsquo;\u0153il avec acc\u00e8s direct gr\u00e2ce \u00e0 l&rsquo;\u00e9cran tactile couleur TFT Caf\u00e9 barista gr\u00e2ce \u00e0 la fonction cappucino et caf\u00e9 latte Adapt\u00e9 \u00e0 de nombreuses tasses gr\u00e2ce \u00e0 l&rsquo;\u00e9coulement de caf\u00e9 r\u00e9glable en hauteur Du lait toujours frais pour le capuccino [&hellip;]","og_url":"https:\/\/www.home-kueppersbusch.com\/fr-be\/product\/ckv6800-0s_121630009\/","og_site_name":"K\u00fcppersbusch Belgique","twitter_card":"summary_large_image","schema":{"@context":"https:\/\/schema.org","@graph":[{"@type":"WebPage","@id":"https:\/\/www.home-kueppersbusch.com\/fr-be\/product\/ckv6800-0s_121630009\/","url":"https:\/\/www.home-kueppersbusch.com\/fr-be\/product\/ckv6800-0s_121630009\/","name":"CKV6800.0S | K\u00fcppersbusch Belgique","isPartOf":{"@id":"https:\/\/www.home-kueppersbusch.com\/fr-be\/#website"},"datePublished":"2026-04-25T09:26:15+00:00","inLanguage":"fr-FR","potentialAction":[{"@type":"ReadAction","target":["https:\/\/www.home-kueppersbusch.com\/fr-be\/product\/ckv6800-0s_121630009\/"]}]},{"@type":"WebSite","@id":"https:\/\/www.home-kueppersbusch.com\/fr-be\/#website","url":"https:\/\/www.home-kueppersbusch.com\/fr-be\/","name":"K\u00fcppersbusch Belgique","description":"","potentialAction":[{"@type":"SearchAction","target":{"@type":"EntryPoint","urlTemplate":"https:\/\/www.home-kueppersbusch.com\/fr-be\/?s={search_term_string}"},"query-input":{"@type":"PropertyValueSpecification","valueRequired":true,"valueName":"search_term_string"}}],"inLanguage":"fr-FR"}]}},"_links":{"self":[{"href":"https:\/\/www.home-kueppersbusch.com\/fr-be\/wp-json\/wp\/v2\/product\/74770","targetHints":{"allow":["GET"]}}],"collection":[{"href":"https:\/\/www.home-kueppersbusch.com\/fr-be\/wp-json\/wp\/v2\/product"}],"about":[{"href":"https:\/\/www.home-kueppersbusch.com\/fr-be\/wp-json\/wp\/v2\/types\/product"}],"wp:attachment":[{"href":"https:\/\/www.home-kueppersbusch.com\/fr-be\/wp-json\/wp\/v2\/media?parent=74770"}],"wp:term":[{"taxonomy":"product_cat","embeddable":true,"href":"https:\/\/www.home-kueppersbusch.com\/fr-be\/wp-json\/wp\/v2\/product_cat?post=74770"},{"taxonomy":"product_edition","embeddable":true,"href":"https:\/\/www.home-kueppersbusch.com\/fr-be\/wp-json\/wp\/v2\/product_edition?post=74770"},{"taxonomy":"product_energy_efficiency","embeddable":true,"href":"https:\/\/www.home-kueppersbusch.com\/fr-be\/wp-json\/wp\/v2\/product_energy_efficiency?post=74770"}],"curies":[{"name":"wp","href":"https:\/\/api.w.org\/{rel}","templated":true}]}}