{"id":74747,"date":"2026-04-25T09:25:59","date_gmt":"2026-04-25T09:25:59","guid":{"rendered":"https:\/\/teka.com\/en-int\/bd6340-0ksm6-mattblack_121200002"},"modified":"2026-03-28T08:07:21","modified_gmt":"2026-03-28T09:07:21","slug":"bd6340-0ksm6-mattblack_121200002","status":"publish","type":"product","link":"https:\/\/www.home-kueppersbusch.com\/fr-be\/product\/bd6340-0ksm6-mattblack_121200002\/","title":{"rendered":"BD6340.0KSM6 MattBlack"},"content":{"rendered":"<ul>\n<li>Un design de produit unique avec la ligne MattBlack Design<\/li>\n<li>Pas d&rsquo;odeurs d\u00e9sagr\u00e9ables gr\u00e2ce au catalyseur \u00f6kotherm\u00ae unique en son genre<\/li>\n<li>Choix de design personnalis\u00e9 gr\u00e2ce \u00e0 Individual Concept Design<\/li>\n<li>Utilisation simple gr\u00e2ce \u00e0 une manivelle rotative en aluminium de haute qualit\u00e9<\/li>\n<li>Nettoyage facile gr\u00e2ce \u00e0 la porte int\u00e9rieure tout en verre unique de K\u00fcppersbusch sur cadre en acier inoxydable<\/li>\n<li>Cuisson sans limite avec la fonction vapeur<\/li>\n<\/ul>\n","protected":false},"featured_media":0,"parent":0,"template":"","product_cat":[7874],"product_edition":[],"product_energy_efficiency":[7729],"class_list":["post-74747","product","type-product","status-publish","hentry","product_ambient-kitchen-mattblack-02","product_cat-fours-a-vapeur","color-black-matt","product_lifestyle-k-series-3","usp-kph-mattblack-01","product_energy_efficiency-a-plus-icon"],"acf":[],"yoast_head":"<!-- This site is optimized with the Yoast SEO plugin v27.5 - https:\/\/yoast.com\/product\/yoast-seo-wordpress\/ -->\n<title>BD6340.0KSM6 MattBlack | K\u00fcppersbusch Belgique<\/title>\n<meta name=\"robots\" content=\"index, follow, max-snippet:-1, max-image-preview:large, max-video-preview:-1\" \/>\n<link rel=\"canonical\" href=\"https:\/\/www.home-kueppersbusch.com\/fr-be\/product\/bd6340-0ksm6-mattblack_121200002\/\" \/>\n<meta property=\"og:locale\" content=\"fr_FR\" \/>\n<meta property=\"og:type\" content=\"article\" \/>\n<meta property=\"og:title\" content=\"BD6340.0KSM6 MattBlack | K\u00fcppersbusch Belgique\" \/>\n<meta property=\"og:description\" content=\"Un design de produit unique avec la ligne MattBlack Design Pas d&rsquo;odeurs d\u00e9sagr\u00e9ables gr\u00e2ce au catalyseur \u00f6kotherm\u00ae unique en son genre Choix de design personnalis\u00e9 gr\u00e2ce \u00e0 Individual Concept Design Utilisation simple gr\u00e2ce \u00e0 une manivelle rotative en aluminium de haute qualit\u00e9 Nettoyage facile gr\u00e2ce \u00e0 la porte int\u00e9rieure tout en verre unique de K\u00fcppersbusch [&hellip;]\" \/>\n<meta property=\"og:url\" content=\"https:\/\/www.home-kueppersbusch.com\/fr-be\/product\/bd6340-0ksm6-mattblack_121200002\/\" \/>\n<meta property=\"og:site_name\" content=\"K\u00fcppersbusch Belgique\" \/>\n<meta name=\"twitter:card\" content=\"summary_large_image\" \/>\n<script type=\"application\/ld+json\" class=\"yoast-schema-graph\">{\"@context\":\"https:\\\/\\\/schema.org\",\"@graph\":[{\"@type\":\"WebPage\",\"@id\":\"https:\\\/\\\/www.home-kueppersbusch.com\\\/fr-be\\\/product\\\/bd6340-0ksm6-mattblack_121200002\\\/\",\"url\":\"https:\\\/\\\/www.home-kueppersbusch.com\\\/fr-be\\\/product\\\/bd6340-0ksm6-mattblack_121200002\\\/\",\"name\":\"BD6340.0KSM6 MattBlack | K\u00fcppersbusch Belgique\",\"isPartOf\":{\"@id\":\"https:\\\/\\\/www.home-kueppersbusch.com\\\/fr-be\\\/#website\"},\"datePublished\":\"2026-04-25T09:25:59+00:00\",\"inLanguage\":\"fr-FR\",\"potentialAction\":[{\"@type\":\"ReadAction\",\"target\":[\"https:\\\/\\\/www.home-kueppersbusch.com\\\/fr-be\\\/product\\\/bd6340-0ksm6-mattblack_121200002\\\/\"]}]},{\"@type\":\"WebSite\",\"@id\":\"https:\\\/\\\/www.home-kueppersbusch.com\\\/fr-be\\\/#website\",\"url\":\"https:\\\/\\\/www.home-kueppersbusch.com\\\/fr-be\\\/\",\"name\":\"K\u00fcppersbusch Belgique\",\"description\":\"\",\"potentialAction\":[{\"@type\":\"SearchAction\",\"target\":{\"@type\":\"EntryPoint\",\"urlTemplate\":\"https:\\\/\\\/www.home-kueppersbusch.com\\\/fr-be\\\/?s={search_term_string}\"},\"query-input\":{\"@type\":\"PropertyValueSpecification\",\"valueRequired\":true,\"valueName\":\"search_term_string\"}}],\"inLanguage\":\"fr-FR\"}]}<\/script>\n<!-- \/ Yoast SEO plugin. -->","yoast_head_json":{"title":"BD6340.0KSM6 MattBlack | K\u00fcppersbusch Belgique","robots":{"index":"index","follow":"follow","max-snippet":"max-snippet:-1","max-image-preview":"max-image-preview:large","max-video-preview":"max-video-preview:-1"},"canonical":"https:\/\/www.home-kueppersbusch.com\/fr-be\/product\/bd6340-0ksm6-mattblack_121200002\/","og_locale":"fr_FR","og_type":"article","og_title":"BD6340.0KSM6 MattBlack | K\u00fcppersbusch Belgique","og_description":"Un design de produit unique avec la ligne MattBlack Design Pas d&rsquo;odeurs d\u00e9sagr\u00e9ables gr\u00e2ce au catalyseur \u00f6kotherm\u00ae unique en son genre Choix de design personnalis\u00e9 gr\u00e2ce \u00e0 Individual Concept Design Utilisation simple gr\u00e2ce \u00e0 une manivelle rotative en aluminium de haute qualit\u00e9 Nettoyage facile gr\u00e2ce \u00e0 la porte int\u00e9rieure tout en verre unique de K\u00fcppersbusch [&hellip;]","og_url":"https:\/\/www.home-kueppersbusch.com\/fr-be\/product\/bd6340-0ksm6-mattblack_121200002\/","og_site_name":"K\u00fcppersbusch Belgique","twitter_card":"summary_large_image","schema":{"@context":"https:\/\/schema.org","@graph":[{"@type":"WebPage","@id":"https:\/\/www.home-kueppersbusch.com\/fr-be\/product\/bd6340-0ksm6-mattblack_121200002\/","url":"https:\/\/www.home-kueppersbusch.com\/fr-be\/product\/bd6340-0ksm6-mattblack_121200002\/","name":"BD6340.0KSM6 MattBlack | K\u00fcppersbusch Belgique","isPartOf":{"@id":"https:\/\/www.home-kueppersbusch.com\/fr-be\/#website"},"datePublished":"2026-04-25T09:25:59+00:00","inLanguage":"fr-FR","potentialAction":[{"@type":"ReadAction","target":["https:\/\/www.home-kueppersbusch.com\/fr-be\/product\/bd6340-0ksm6-mattblack_121200002\/"]}]},{"@type":"WebSite","@id":"https:\/\/www.home-kueppersbusch.com\/fr-be\/#website","url":"https:\/\/www.home-kueppersbusch.com\/fr-be\/","name":"K\u00fcppersbusch Belgique","description":"","potentialAction":[{"@type":"SearchAction","target":{"@type":"EntryPoint","urlTemplate":"https:\/\/www.home-kueppersbusch.com\/fr-be\/?s={search_term_string}"},"query-input":{"@type":"PropertyValueSpecification","valueRequired":true,"valueName":"search_term_string"}}],"inLanguage":"fr-FR"}]}},"_links":{"self":[{"href":"https:\/\/www.home-kueppersbusch.com\/fr-be\/wp-json\/wp\/v2\/product\/74747","targetHints":{"allow":["GET"]}}],"collection":[{"href":"https:\/\/www.home-kueppersbusch.com\/fr-be\/wp-json\/wp\/v2\/product"}],"about":[{"href":"https:\/\/www.home-kueppersbusch.com\/fr-be\/wp-json\/wp\/v2\/types\/product"}],"wp:attachment":[{"href":"https:\/\/www.home-kueppersbusch.com\/fr-be\/wp-json\/wp\/v2\/media?parent=74747"}],"wp:term":[{"taxonomy":"product_cat","embeddable":true,"href":"https:\/\/www.home-kueppersbusch.com\/fr-be\/wp-json\/wp\/v2\/product_cat?post=74747"},{"taxonomy":"product_edition","embeddable":true,"href":"https:\/\/www.home-kueppersbusch.com\/fr-be\/wp-json\/wp\/v2\/product_edition?post=74747"},{"taxonomy":"product_energy_efficiency","embeddable":true,"href":"https:\/\/www.home-kueppersbusch.com\/fr-be\/wp-json\/wp\/v2\/product_energy_efficiency?post=74747"}],"curies":[{"name":"wp","href":"https:\/\/api.w.org\/{rel}","templated":true}]}}