{"id":74593,"date":"2026-04-03T17:40:58","date_gmt":"2026-04-03T17:40:58","guid":{"rendered":"https:\/\/teka.com\/en-int\/di3800-0s_122900000"},"modified":"2026-03-28T08:01:49","modified_gmt":"2026-03-28T09:01:49","slug":"di3800-0s_122900000","status":"publish","type":"product","link":"https:\/\/www.home-kueppersbusch.com\/fr-be\/product\/di3800-0s_122900000\/","title":{"rendered":"DI3800.0S"},"content":{"rendered":"<ul>\n<li>Choix de design personnalis\u00e9 gr\u00e2ce \u00e0 l&rsquo;Individual Concept Design<\/li>\n<li>R\u00e9glage de la hauteur par c\u00e2bles m\u00e9talliques<\/li>\n<li>Utilisation facile depuis n&rsquo;importe quelle position gr\u00e2ce \u00e0 la t\u00e9l\u00e9commande avec affichage LED<\/li>\n<li>Contr\u00f4le de l&rsquo;\u00e9tat du filtre avec indicateur de saturation du filtre<\/li>\n<\/ul>\n","protected":false},"featured_media":0,"parent":0,"template":"","product_cat":[7860],"product_edition":[],"product_energy_efficiency":[7725],"class_list":["post-74593","product","type-product","status-publish","hentry","finishes-8705","finishes-8706","finishes-8707","finishes-8708","finishes-8709","finishes-8710","finishes-8711","finishes-8712","product_ambient-kitchen-ss-04","product_cat-hotte-ilot","color-black","product_lifestyle-k-series-8","product_energy_efficiency-a-icon"],"acf":[],"yoast_head":"<!-- This site is optimized with the Yoast SEO plugin v27.2 - https:\/\/yoast.com\/product\/yoast-seo-wordpress\/ -->\n<title>DI3800.0S | K\u00fcppersbusch Belgique<\/title>\n<meta name=\"robots\" content=\"index, follow, max-snippet:-1, max-image-preview:large, max-video-preview:-1\" \/>\n<link rel=\"canonical\" href=\"https:\/\/www.home-kueppersbusch.com\/fr-be\/product\/di3800-0s_122900000\/\" \/>\n<meta property=\"og:locale\" content=\"fr_FR\" \/>\n<meta property=\"og:type\" content=\"article\" \/>\n<meta property=\"og:title\" content=\"DI3800.0S | K\u00fcppersbusch Belgique\" \/>\n<meta property=\"og:description\" content=\"Choix de design personnalis\u00e9 gr\u00e2ce \u00e0 l&rsquo;Individual Concept Design R\u00e9glage de la hauteur par c\u00e2bles m\u00e9talliques Utilisation facile depuis n&rsquo;importe quelle position gr\u00e2ce \u00e0 la t\u00e9l\u00e9commande avec affichage LED Contr\u00f4le de l&rsquo;\u00e9tat du filtre avec indicateur de saturation du filtre\" \/>\n<meta property=\"og:url\" content=\"https:\/\/www.home-kueppersbusch.com\/fr-be\/product\/di3800-0s_122900000\/\" \/>\n<meta property=\"og:site_name\" content=\"K\u00fcppersbusch Belgique\" \/>\n<meta name=\"twitter:card\" content=\"summary_large_image\" \/>\n<script type=\"application\/ld+json\" class=\"yoast-schema-graph\">{\"@context\":\"https:\/\/schema.org\",\"@graph\":[{\"@type\":\"WebPage\",\"@id\":\"https:\/\/www.home-kueppersbusch.com\/fr-be\/product\/di3800-0s_122900000\/\",\"url\":\"https:\/\/www.home-kueppersbusch.com\/fr-be\/product\/di3800-0s_122900000\/\",\"name\":\"DI3800.0S | K\u00fcppersbusch Belgique\",\"isPartOf\":{\"@id\":\"https:\/\/www.home-kueppersbusch.com\/fr-be\/#website\"},\"datePublished\":\"2026-04-03T17:40:58+00:00\",\"inLanguage\":\"fr-FR\",\"potentialAction\":[{\"@type\":\"ReadAction\",\"target\":[\"https:\/\/www.home-kueppersbusch.com\/fr-be\/product\/di3800-0s_122900000\/\"]}]},{\"@type\":\"WebSite\",\"@id\":\"https:\/\/www.home-kueppersbusch.com\/fr-be\/#website\",\"url\":\"https:\/\/www.home-kueppersbusch.com\/fr-be\/\",\"name\":\"K\u00fcppersbusch Belgique\",\"description\":\"\",\"potentialAction\":[{\"@type\":\"SearchAction\",\"target\":{\"@type\":\"EntryPoint\",\"urlTemplate\":\"https:\/\/www.home-kueppersbusch.com\/fr-be\/?s={search_term_string}\"},\"query-input\":{\"@type\":\"PropertyValueSpecification\",\"valueRequired\":true,\"valueName\":\"search_term_string\"}}],\"inLanguage\":\"fr-FR\"}]}<\/script>\n<!-- \/ Yoast SEO plugin. -->","yoast_head_json":{"title":"DI3800.0S | K\u00fcppersbusch Belgique","robots":{"index":"index","follow":"follow","max-snippet":"max-snippet:-1","max-image-preview":"max-image-preview:large","max-video-preview":"max-video-preview:-1"},"canonical":"https:\/\/www.home-kueppersbusch.com\/fr-be\/product\/di3800-0s_122900000\/","og_locale":"fr_FR","og_type":"article","og_title":"DI3800.0S | K\u00fcppersbusch Belgique","og_description":"Choix de design personnalis\u00e9 gr\u00e2ce \u00e0 l&rsquo;Individual Concept Design R\u00e9glage de la hauteur par c\u00e2bles m\u00e9talliques Utilisation facile depuis n&rsquo;importe quelle position gr\u00e2ce \u00e0 la t\u00e9l\u00e9commande avec affichage LED Contr\u00f4le de l&rsquo;\u00e9tat du filtre avec indicateur de saturation du filtre","og_url":"https:\/\/www.home-kueppersbusch.com\/fr-be\/product\/di3800-0s_122900000\/","og_site_name":"K\u00fcppersbusch Belgique","twitter_card":"summary_large_image","schema":{"@context":"https:\/\/schema.org","@graph":[{"@type":"WebPage","@id":"https:\/\/www.home-kueppersbusch.com\/fr-be\/product\/di3800-0s_122900000\/","url":"https:\/\/www.home-kueppersbusch.com\/fr-be\/product\/di3800-0s_122900000\/","name":"DI3800.0S | K\u00fcppersbusch Belgique","isPartOf":{"@id":"https:\/\/www.home-kueppersbusch.com\/fr-be\/#website"},"datePublished":"2026-04-03T17:40:58+00:00","inLanguage":"fr-FR","potentialAction":[{"@type":"ReadAction","target":["https:\/\/www.home-kueppersbusch.com\/fr-be\/product\/di3800-0s_122900000\/"]}]},{"@type":"WebSite","@id":"https:\/\/www.home-kueppersbusch.com\/fr-be\/#website","url":"https:\/\/www.home-kueppersbusch.com\/fr-be\/","name":"K\u00fcppersbusch Belgique","description":"","potentialAction":[{"@type":"SearchAction","target":{"@type":"EntryPoint","urlTemplate":"https:\/\/www.home-kueppersbusch.com\/fr-be\/?s={search_term_string}"},"query-input":{"@type":"PropertyValueSpecification","valueRequired":true,"valueName":"search_term_string"}}],"inLanguage":"fr-FR"}]}},"_links":{"self":[{"href":"https:\/\/www.home-kueppersbusch.com\/fr-be\/wp-json\/wp\/v2\/product\/74593","targetHints":{"allow":["GET"]}}],"collection":[{"href":"https:\/\/www.home-kueppersbusch.com\/fr-be\/wp-json\/wp\/v2\/product"}],"about":[{"href":"https:\/\/www.home-kueppersbusch.com\/fr-be\/wp-json\/wp\/v2\/types\/product"}],"wp:attachment":[{"href":"https:\/\/www.home-kueppersbusch.com\/fr-be\/wp-json\/wp\/v2\/media?parent=74593"}],"wp:term":[{"taxonomy":"product_cat","embeddable":true,"href":"https:\/\/www.home-kueppersbusch.com\/fr-be\/wp-json\/wp\/v2\/product_cat?post=74593"},{"taxonomy":"product_edition","embeddable":true,"href":"https:\/\/www.home-kueppersbusch.com\/fr-be\/wp-json\/wp\/v2\/product_edition?post=74593"},{"taxonomy":"product_energy_efficiency","embeddable":true,"href":"https:\/\/www.home-kueppersbusch.com\/fr-be\/wp-json\/wp\/v2\/product_energy_efficiency?post=74593"}],"curies":[{"name":"wp","href":"https:\/\/api.w.org\/{rel}","templated":true}]}}