{"id":74217,"date":"2026-04-03T17:42:51","date_gmt":"2026-04-03T17:42:51","guid":{"rendered":"https:\/\/teka.com\/es-es\/ddl9830-0w_123100002"},"modified":"2026-03-28T08:06:31","modified_gmt":"2026-03-28T09:06:31","slug":"ddl9830-0w_123100002","status":"publish","type":"product","link":"https:\/\/www.home-kueppersbusch.com\/fr-be\/product\/ddl9830-0w_123100002\/","title":{"rendered":"DDL9830.0W"},"content":{"rendered":"<ul>\n<li>Utilisation facile depuis n&rsquo;importe quelle position gr\u00e2ce \u00e0 la t\u00e9l\u00e9commande avec affichage LED<\/li>\n<li>\u00c9clairage parfait de la pi\u00e8ce gr\u00e2ce \u00e0 l&rsquo;\u00e9clairage LED r\u00e9glable<\/li>\n<li>Air de cuisine toujours frais gr\u00e2ce \u00e0 la fonction FreshAir<\/li>\n<li>Contr\u00f4le de l&rsquo;\u00e9tat du filtre avec indicateur de saturation du filtre<\/li>\n<\/ul>\n","protected":false},"featured_media":0,"parent":0,"template":"","product_cat":[7858],"product_edition":[],"product_energy_efficiency":[7730],"class_list":["post-74217","product","type-product","status-publish","hentry","product_ambient-kitchen-mattblack-02","product_cat-hotte-integration-au-plafond","color-white","product_lifestyle-k-series-8","product_energy_efficiency-a-2plus-icon"],"acf":[],"yoast_head":"<!-- This site is optimized with the Yoast SEO plugin v27.2 - https:\/\/yoast.com\/product\/yoast-seo-wordpress\/ -->\n<title>DDL9830.0W | K\u00fcppersbusch Belgique<\/title>\n<meta name=\"robots\" content=\"index, follow, max-snippet:-1, max-image-preview:large, max-video-preview:-1\" \/>\n<link rel=\"canonical\" href=\"https:\/\/www.home-kueppersbusch.com\/fr-be\/product\/ddl9830-0w_123100002\/\" \/>\n<meta property=\"og:locale\" content=\"fr_FR\" \/>\n<meta property=\"og:type\" content=\"article\" \/>\n<meta property=\"og:title\" content=\"DDL9830.0W | K\u00fcppersbusch Belgique\" \/>\n<meta property=\"og:description\" content=\"Utilisation facile depuis n&rsquo;importe quelle position gr\u00e2ce \u00e0 la t\u00e9l\u00e9commande avec affichage LED \u00c9clairage parfait de la pi\u00e8ce gr\u00e2ce \u00e0 l&rsquo;\u00e9clairage LED r\u00e9glable Air de cuisine toujours frais gr\u00e2ce \u00e0 la fonction FreshAir Contr\u00f4le de l&rsquo;\u00e9tat du filtre avec indicateur de saturation du filtre\" \/>\n<meta property=\"og:url\" content=\"https:\/\/www.home-kueppersbusch.com\/fr-be\/product\/ddl9830-0w_123100002\/\" \/>\n<meta property=\"og:site_name\" content=\"K\u00fcppersbusch Belgique\" \/>\n<meta name=\"twitter:card\" content=\"summary_large_image\" \/>\n<script type=\"application\/ld+json\" class=\"yoast-schema-graph\">{\"@context\":\"https:\/\/schema.org\",\"@graph\":[{\"@type\":\"WebPage\",\"@id\":\"https:\/\/www.home-kueppersbusch.com\/fr-be\/product\/ddl9830-0w_123100002\/\",\"url\":\"https:\/\/www.home-kueppersbusch.com\/fr-be\/product\/ddl9830-0w_123100002\/\",\"name\":\"DDL9830.0W | K\u00fcppersbusch Belgique\",\"isPartOf\":{\"@id\":\"https:\/\/www.home-kueppersbusch.com\/fr-be\/#website\"},\"datePublished\":\"2026-04-03T17:42:51+00:00\",\"inLanguage\":\"fr-FR\",\"potentialAction\":[{\"@type\":\"ReadAction\",\"target\":[\"https:\/\/www.home-kueppersbusch.com\/fr-be\/product\/ddl9830-0w_123100002\/\"]}]},{\"@type\":\"WebSite\",\"@id\":\"https:\/\/www.home-kueppersbusch.com\/fr-be\/#website\",\"url\":\"https:\/\/www.home-kueppersbusch.com\/fr-be\/\",\"name\":\"K\u00fcppersbusch Belgique\",\"description\":\"\",\"potentialAction\":[{\"@type\":\"SearchAction\",\"target\":{\"@type\":\"EntryPoint\",\"urlTemplate\":\"https:\/\/www.home-kueppersbusch.com\/fr-be\/?s={search_term_string}\"},\"query-input\":{\"@type\":\"PropertyValueSpecification\",\"valueRequired\":true,\"valueName\":\"search_term_string\"}}],\"inLanguage\":\"fr-FR\"}]}<\/script>\n<!-- \/ Yoast SEO plugin. -->","yoast_head_json":{"title":"DDL9830.0W | K\u00fcppersbusch Belgique","robots":{"index":"index","follow":"follow","max-snippet":"max-snippet:-1","max-image-preview":"max-image-preview:large","max-video-preview":"max-video-preview:-1"},"canonical":"https:\/\/www.home-kueppersbusch.com\/fr-be\/product\/ddl9830-0w_123100002\/","og_locale":"fr_FR","og_type":"article","og_title":"DDL9830.0W | K\u00fcppersbusch Belgique","og_description":"Utilisation facile depuis n&rsquo;importe quelle position gr\u00e2ce \u00e0 la t\u00e9l\u00e9commande avec affichage LED \u00c9clairage parfait de la pi\u00e8ce gr\u00e2ce \u00e0 l&rsquo;\u00e9clairage LED r\u00e9glable Air de cuisine toujours frais gr\u00e2ce \u00e0 la fonction FreshAir Contr\u00f4le de l&rsquo;\u00e9tat du filtre avec indicateur de saturation du filtre","og_url":"https:\/\/www.home-kueppersbusch.com\/fr-be\/product\/ddl9830-0w_123100002\/","og_site_name":"K\u00fcppersbusch Belgique","twitter_card":"summary_large_image","schema":{"@context":"https:\/\/schema.org","@graph":[{"@type":"WebPage","@id":"https:\/\/www.home-kueppersbusch.com\/fr-be\/product\/ddl9830-0w_123100002\/","url":"https:\/\/www.home-kueppersbusch.com\/fr-be\/product\/ddl9830-0w_123100002\/","name":"DDL9830.0W | K\u00fcppersbusch Belgique","isPartOf":{"@id":"https:\/\/www.home-kueppersbusch.com\/fr-be\/#website"},"datePublished":"2026-04-03T17:42:51+00:00","inLanguage":"fr-FR","potentialAction":[{"@type":"ReadAction","target":["https:\/\/www.home-kueppersbusch.com\/fr-be\/product\/ddl9830-0w_123100002\/"]}]},{"@type":"WebSite","@id":"https:\/\/www.home-kueppersbusch.com\/fr-be\/#website","url":"https:\/\/www.home-kueppersbusch.com\/fr-be\/","name":"K\u00fcppersbusch Belgique","description":"","potentialAction":[{"@type":"SearchAction","target":{"@type":"EntryPoint","urlTemplate":"https:\/\/www.home-kueppersbusch.com\/fr-be\/?s={search_term_string}"},"query-input":{"@type":"PropertyValueSpecification","valueRequired":true,"valueName":"search_term_string"}}],"inLanguage":"fr-FR"}]}},"_links":{"self":[{"href":"https:\/\/www.home-kueppersbusch.com\/fr-be\/wp-json\/wp\/v2\/product\/74217","targetHints":{"allow":["GET"]}}],"collection":[{"href":"https:\/\/www.home-kueppersbusch.com\/fr-be\/wp-json\/wp\/v2\/product"}],"about":[{"href":"https:\/\/www.home-kueppersbusch.com\/fr-be\/wp-json\/wp\/v2\/types\/product"}],"wp:attachment":[{"href":"https:\/\/www.home-kueppersbusch.com\/fr-be\/wp-json\/wp\/v2\/media?parent=74217"}],"wp:term":[{"taxonomy":"product_cat","embeddable":true,"href":"https:\/\/www.home-kueppersbusch.com\/fr-be\/wp-json\/wp\/v2\/product_cat?post=74217"},{"taxonomy":"product_edition","embeddable":true,"href":"https:\/\/www.home-kueppersbusch.com\/fr-be\/wp-json\/wp\/v2\/product_edition?post=74217"},{"taxonomy":"product_energy_efficiency","embeddable":true,"href":"https:\/\/www.home-kueppersbusch.com\/fr-be\/wp-json\/wp\/v2\/product_energy_efficiency?post=74217"}],"curies":[{"name":"wp","href":"https:\/\/api.w.org\/{rel}","templated":true}]}}