{"id":74136,"date":"2026-04-25T09:23:23","date_gmt":"2026-04-25T09:23:23","guid":{"rendered":"https:\/\/teka.com\/en-int\/b9330-0s_121060000"},"modified":"2026-03-28T08:01:41","modified_gmt":"2026-03-28T09:01:41","slug":"b9330-0s_121060000","status":"publish","type":"product","link":"https:\/\/www.home-kueppersbusch.com\/fr-be\/product\/b9330-0s_121060000\/","title":{"rendered":"B9330.0S"},"content":{"rendered":"<ul>\n<li>Pas d&rsquo;odeurs d\u00e9sagr\u00e9ables gr\u00e2ce au catalyseur \u00f6kotherm\u00ae unique en son genre<\/li>\n<li>Choix de design personnalis\u00e9 gr\u00e2ce \u00e0 l&rsquo;Individual Concept Design<\/li>\n<li>Utilisation facile gr\u00e2ce \u00e0 des manettes rotatives en aluminium de haute qualit\u00e9<\/li>\n<li>Cuisinez des pizzas au format XL avec la pierre \u00e0 pizza fournie<\/li>\n<\/ul>\n","protected":false},"featured_media":0,"parent":0,"template":"","product_cat":[7873],"product_edition":[],"product_energy_efficiency":[7725],"class_list":["post-74136","product","type-product","status-publish","hentry","finishes-8700","finishes-8701","finishes-8702","finishes-8703","finishes-8704","product_cat-multifonctions","color-black","product_lifestyle-k-series-3","product_energy_efficiency-a-icon"],"acf":[],"yoast_head":"<!-- This site is optimized with the Yoast SEO plugin v27.5 - https:\/\/yoast.com\/product\/yoast-seo-wordpress\/ -->\n<title>B9330.0S | K\u00fcppersbusch Belgique<\/title>\n<meta name=\"robots\" content=\"index, follow, max-snippet:-1, max-image-preview:large, max-video-preview:-1\" \/>\n<link rel=\"canonical\" href=\"https:\/\/www.home-kueppersbusch.com\/fr-be\/product\/b9330-0s_121060000\/\" \/>\n<meta property=\"og:locale\" content=\"fr_FR\" \/>\n<meta property=\"og:type\" content=\"article\" \/>\n<meta property=\"og:title\" content=\"B9330.0S | K\u00fcppersbusch Belgique\" \/>\n<meta property=\"og:description\" content=\"Pas d&rsquo;odeurs d\u00e9sagr\u00e9ables gr\u00e2ce au catalyseur \u00f6kotherm\u00ae unique en son genre Choix de design personnalis\u00e9 gr\u00e2ce \u00e0 l&rsquo;Individual Concept Design Utilisation facile gr\u00e2ce \u00e0 des manettes rotatives en aluminium de haute qualit\u00e9 Cuisinez des pizzas au format XL avec la pierre \u00e0 pizza fournie\" \/>\n<meta property=\"og:url\" content=\"https:\/\/www.home-kueppersbusch.com\/fr-be\/product\/b9330-0s_121060000\/\" \/>\n<meta property=\"og:site_name\" content=\"K\u00fcppersbusch Belgique\" \/>\n<meta name=\"twitter:card\" content=\"summary_large_image\" \/>\n<script type=\"application\/ld+json\" class=\"yoast-schema-graph\">{\"@context\":\"https:\\\/\\\/schema.org\",\"@graph\":[{\"@type\":\"WebPage\",\"@id\":\"https:\\\/\\\/www.home-kueppersbusch.com\\\/fr-be\\\/product\\\/b9330-0s_121060000\\\/\",\"url\":\"https:\\\/\\\/www.home-kueppersbusch.com\\\/fr-be\\\/product\\\/b9330-0s_121060000\\\/\",\"name\":\"B9330.0S | K\u00fcppersbusch Belgique\",\"isPartOf\":{\"@id\":\"https:\\\/\\\/www.home-kueppersbusch.com\\\/fr-be\\\/#website\"},\"datePublished\":\"2026-04-25T09:23:23+00:00\",\"inLanguage\":\"fr-FR\",\"potentialAction\":[{\"@type\":\"ReadAction\",\"target\":[\"https:\\\/\\\/www.home-kueppersbusch.com\\\/fr-be\\\/product\\\/b9330-0s_121060000\\\/\"]}]},{\"@type\":\"WebSite\",\"@id\":\"https:\\\/\\\/www.home-kueppersbusch.com\\\/fr-be\\\/#website\",\"url\":\"https:\\\/\\\/www.home-kueppersbusch.com\\\/fr-be\\\/\",\"name\":\"K\u00fcppersbusch Belgique\",\"description\":\"\",\"potentialAction\":[{\"@type\":\"SearchAction\",\"target\":{\"@type\":\"EntryPoint\",\"urlTemplate\":\"https:\\\/\\\/www.home-kueppersbusch.com\\\/fr-be\\\/?s={search_term_string}\"},\"query-input\":{\"@type\":\"PropertyValueSpecification\",\"valueRequired\":true,\"valueName\":\"search_term_string\"}}],\"inLanguage\":\"fr-FR\"}]}<\/script>\n<!-- \/ Yoast SEO plugin. -->","yoast_head_json":{"title":"B9330.0S | K\u00fcppersbusch Belgique","robots":{"index":"index","follow":"follow","max-snippet":"max-snippet:-1","max-image-preview":"max-image-preview:large","max-video-preview":"max-video-preview:-1"},"canonical":"https:\/\/www.home-kueppersbusch.com\/fr-be\/product\/b9330-0s_121060000\/","og_locale":"fr_FR","og_type":"article","og_title":"B9330.0S | K\u00fcppersbusch Belgique","og_description":"Pas d&rsquo;odeurs d\u00e9sagr\u00e9ables gr\u00e2ce au catalyseur \u00f6kotherm\u00ae unique en son genre Choix de design personnalis\u00e9 gr\u00e2ce \u00e0 l&rsquo;Individual Concept Design Utilisation facile gr\u00e2ce \u00e0 des manettes rotatives en aluminium de haute qualit\u00e9 Cuisinez des pizzas au format XL avec la pierre \u00e0 pizza fournie","og_url":"https:\/\/www.home-kueppersbusch.com\/fr-be\/product\/b9330-0s_121060000\/","og_site_name":"K\u00fcppersbusch Belgique","twitter_card":"summary_large_image","schema":{"@context":"https:\/\/schema.org","@graph":[{"@type":"WebPage","@id":"https:\/\/www.home-kueppersbusch.com\/fr-be\/product\/b9330-0s_121060000\/","url":"https:\/\/www.home-kueppersbusch.com\/fr-be\/product\/b9330-0s_121060000\/","name":"B9330.0S | K\u00fcppersbusch Belgique","isPartOf":{"@id":"https:\/\/www.home-kueppersbusch.com\/fr-be\/#website"},"datePublished":"2026-04-25T09:23:23+00:00","inLanguage":"fr-FR","potentialAction":[{"@type":"ReadAction","target":["https:\/\/www.home-kueppersbusch.com\/fr-be\/product\/b9330-0s_121060000\/"]}]},{"@type":"WebSite","@id":"https:\/\/www.home-kueppersbusch.com\/fr-be\/#website","url":"https:\/\/www.home-kueppersbusch.com\/fr-be\/","name":"K\u00fcppersbusch Belgique","description":"","potentialAction":[{"@type":"SearchAction","target":{"@type":"EntryPoint","urlTemplate":"https:\/\/www.home-kueppersbusch.com\/fr-be\/?s={search_term_string}"},"query-input":{"@type":"PropertyValueSpecification","valueRequired":true,"valueName":"search_term_string"}}],"inLanguage":"fr-FR"}]}},"_links":{"self":[{"href":"https:\/\/www.home-kueppersbusch.com\/fr-be\/wp-json\/wp\/v2\/product\/74136","targetHints":{"allow":["GET"]}}],"collection":[{"href":"https:\/\/www.home-kueppersbusch.com\/fr-be\/wp-json\/wp\/v2\/product"}],"about":[{"href":"https:\/\/www.home-kueppersbusch.com\/fr-be\/wp-json\/wp\/v2\/types\/product"}],"wp:attachment":[{"href":"https:\/\/www.home-kueppersbusch.com\/fr-be\/wp-json\/wp\/v2\/media?parent=74136"}],"wp:term":[{"taxonomy":"product_cat","embeddable":true,"href":"https:\/\/www.home-kueppersbusch.com\/fr-be\/wp-json\/wp\/v2\/product_cat?post=74136"},{"taxonomy":"product_edition","embeddable":true,"href":"https:\/\/www.home-kueppersbusch.com\/fr-be\/wp-json\/wp\/v2\/product_edition?post=74136"},{"taxonomy":"product_energy_efficiency","embeddable":true,"href":"https:\/\/www.home-kueppersbusch.com\/fr-be\/wp-json\/wp\/v2\/product_energy_efficiency?post=74136"}],"curies":[{"name":"wp","href":"https:\/\/api.w.org\/{rel}","templated":true}]}}