{"id":75374,"date":"2025-06-13T18:06:12","date_gmt":"2025-06-13T18:06:12","guid":{"rendered":"https:\/\/www.home-kueppersbusch.com\/fr-be\/?page_id=75374"},"modified":"2025-06-13T18:11:04","modified_gmt":"2025-06-13T18:11:04","slug":"conditions-de-garantie","status":"publish","type":"page","link":"https:\/\/www.home-kueppersbusch.com\/fr-be\/conditions-de-garantie\/","title":{"rendered":"Conditions de garantie"},"content":{"rendered":"<p>[et_pb_section fb_built=\u00a0\u00bb1&Prime; _builder_version=\u00a0\u00bb4.27.4&Prime; locked=\u00a0\u00bboff\u00a0\u00bb global_colors_info=\u00a0\u00bb{}\u00a0\u00bb][et_pb_row _builder_version=\u00a0\u00bb4.27.4&Prime; background_size=\u00a0\u00bbinitial\u00a0\u00bb background_position=\u00a0\u00bbtop_left\u00a0\u00bb background_repeat=\u00a0\u00bbrepeat\u00a0\u00bb global_colors_info=\u00a0\u00bb{}\u00a0\u00bb][et_pb_column type=\u00a0\u00bb4_4&Prime; _builder_version=\u00a0\u00bb4.16&Prime; custom_padding=\u00a0\u00bb|||\u00a0\u00bb global_colors_info=\u00a0\u00bb{}\u00a0\u00bb custom_padding__hover=\u00a0\u00bb|||\u00a0\u00bb][et_pb_text _builder_version=\u00a0\u00bb4.27.4&Prime; vertical_offset_tablet=\u00a0\u00bb0&Prime; horizontal_offset_tablet=\u00a0\u00bb0&Prime; hover_enabled=\u00a0\u00bb0&Prime; z_index_tablet=\u00a0\u00bb0&Prime; text_text_shadow_horizontal_length_tablet=\u00a0\u00bb0px\u00a0\u00bb text_text_shadow_vertical_length_tablet=\u00a0\u00bb0px\u00a0\u00bb text_text_shadow_blur_strength_tablet=\u00a0\u00bb1px\u00a0\u00bb link_text_shadow_horizontal_length_tablet=\u00a0\u00bb0px\u00a0\u00bb link_text_shadow_vertical_length_tablet=\u00a0\u00bb0px\u00a0\u00bb link_text_shadow_blur_strength_tablet=\u00a0\u00bb1px\u00a0\u00bb ul_text_shadow_horizontal_length_tablet=\u00a0\u00bb0px\u00a0\u00bb ul_text_shadow_vertical_length_tablet=\u00a0\u00bb0px\u00a0\u00bb ul_text_shadow_blur_strength_tablet=\u00a0\u00bb1px\u00a0\u00bb ol_text_shadow_horizontal_length_tablet=\u00a0\u00bb0px\u00a0\u00bb ol_text_shadow_vertical_length_tablet=\u00a0\u00bb0px\u00a0\u00bb ol_text_shadow_blur_strength_tablet=\u00a0\u00bb1px\u00a0\u00bb quote_text_shadow_horizontal_length_tablet=\u00a0\u00bb0px\u00a0\u00bb quote_text_shadow_vertical_length_tablet=\u00a0\u00bb0px\u00a0\u00bb quote_text_shadow_blur_strength_tablet=\u00a0\u00bb1px\u00a0\u00bb header_text_shadow_horizontal_length_tablet=\u00a0\u00bb0px\u00a0\u00bb header_text_shadow_vertical_length_tablet=\u00a0\u00bb0px\u00a0\u00bb header_text_shadow_blur_strength_tablet=\u00a0\u00bb1px\u00a0\u00bb header_2_text_shadow_horizontal_length_tablet=\u00a0\u00bb0px\u00a0\u00bb header_2_text_shadow_vertical_length_tablet=\u00a0\u00bb0px\u00a0\u00bb header_2_text_shadow_blur_strength_tablet=\u00a0\u00bb1px\u00a0\u00bb header_3_text_shadow_horizontal_length_tablet=\u00a0\u00bb0px\u00a0\u00bb header_3_text_shadow_vertical_length_tablet=\u00a0\u00bb0px\u00a0\u00bb header_3_text_shadow_blur_strength_tablet=\u00a0\u00bb1px\u00a0\u00bb header_4_text_shadow_horizontal_length_tablet=\u00a0\u00bb0px\u00a0\u00bb header_4_text_shadow_vertical_length_tablet=\u00a0\u00bb0px\u00a0\u00bb header_4_text_shadow_blur_strength_tablet=\u00a0\u00bb1px\u00a0\u00bb header_5_text_shadow_horizontal_length_tablet=\u00a0\u00bb0px\u00a0\u00bb header_5_text_shadow_vertical_length_tablet=\u00a0\u00bb0px\u00a0\u00bb header_5_text_shadow_blur_strength_tablet=\u00a0\u00bb1px\u00a0\u00bb header_6_text_shadow_horizontal_length_tablet=\u00a0\u00bb0px\u00a0\u00bb header_6_text_shadow_vertical_length_tablet=\u00a0\u00bb0px\u00a0\u00bb header_6_text_shadow_blur_strength_tablet=\u00a0\u00bb1px\u00a0\u00bb box_shadow_horizontal_tablet=\u00a0\u00bb0px\u00a0\u00bb box_shadow_vertical_tablet=\u00a0\u00bb0px\u00a0\u00bb box_shadow_blur_tablet=\u00a0\u00bb40px\u00a0\u00bb box_shadow_spread_tablet=\u00a0\u00bb0px\u00a0\u00bb global_colors_info=\u00a0\u00bb{}\u00a0\u00bb sticky_enabled=\u00a0\u00bb0&Prime;]<\/p>\n<h1>CONDITIONS DE GARANTIE<\/h1>\n<p><\/br><br \/>\nCONDITIONS G\u00c9N\u00c9RALES DE VENTE GARANTIE DE 5 ANS POUR LES APPAREILS K\u00dcPPERSBUSCH<\/p>\n<p>K\u00fcppersbusch accorde au titulaire du pr\u00e9sent certificat de garantie une garantie compl\u00e8te de 5 ans (2 ans l\u00e9gale) selon les conditions suivantes:<\/p>\n<p>Le titulaire de ce certificat de garantie b\u00e9n\u00e9ficie d\u2018une extension de garantie de 3 ans, prenant effet imm\u00e9diatement apr\u00e8s l\u2019expiration de la garantie standard de 2 ans. <\/p>\n<p>Pour b\u00e9n\u00e9ficier de la garantie, le titulaire doit pr\u00e9senter ce certificat accompagn\u00e9 de la facture d&rsquo;achat de l&rsquo;\u00e9quipement concern\u00e9.  La garantie de 5 ans prend effet \u00e0 la date indiqu\u00e9e sur la preuve d\u2019achat.<\/p>\n<p>Le titulaire a droit \u00e0 la r\u00e9paration les d\u00e9fauts des appareils K\u00fcppersbusch mentionn\u00e9s sur le certificat. La garantie ne couvre que les d\u00e9fauts manifestement dus \u00e0 un vice de mat\u00e9riau ou de fabrication. Les frais couverts comprennent la main-d\u2019\u0153uvre et les pi\u00e8ces n\u00e9cessaires. Toutefois, entre la 3\u1d49 et la 5\u1d49<br \/>\nann\u00e9e, les frais de d\u00e9placement sont \u00e0 la charge du titulaire.<\/p>\n<p>Hors garantie:<\/p>\n<p>\u2022\tBris de pi\u00e8ces telles que les lampes, les pi\u00e8ces en plastique, le verre.<\/p>\n<p>\u2022\tAccessoires amovibles<\/p>\n<p>\u2022\tD\u00e9fauts dus \u00e0 une utilisation non conforme (\u00e0 d\u00e9terminer par le technicien agr\u00e9\u00e9 de K\u00fcppersbusch).<\/p>\n<p>\u2022\tD\u00e9fauts dus \u00e0 une mauvaise installation de l&rsquo;appareil (\u00e0 d\u00e9terminer par l&rsquo;installateur agr\u00e9\u00e9 de K\u00fcppersbusch).<\/p>\n<p>\u2022\tDommages physiques \u00e0 l&rsquo;appareil<\/p>\n<p>\u2022\tVariations de couleur entre diff\u00e9rents appareils, y compris les diff\u00e9rences d&rsquo;affichage (horloges, etc.)<\/p>\n<p>\u2022\tUsure normale li\u00e9e \u00e0 l\u2019usage de l\u2019appareil<\/p>\n<p>\u2022\tL\u00e9gers \u00e9carts par rapport aux propri\u00e9t\u00e9s souhait\u00e9es, dans la mesure o\u00f9 ils ne sont pas importants pour la valeur et la fonctionnalit\u00e9 de l&rsquo;appareil.<\/p>\n<p>\u2022\tDommages caus\u00e9s par l&rsquo;eau\/l&rsquo;humidit\u00e9 et\/ou une ventilation insuffisante.<\/p>\n<p>Le droit \u00e0 la garantie est annul\u00e9 si les r\u00e9parations sont effectu\u00e9es par des personnes non agr\u00e9\u00e9s par K\u00fcppersbusch. Les pi\u00e8ces d\u00e9fectueuses sont r\u00e9par\u00e9es ou remplac\u00e9es en priorit\u00e9.<\/p>\n<p>Les pi\u00e8ces remplac\u00e9es deviennent la propri\u00e9t\u00e9 de K\u00fcppersbusch. K\u00fcppersbusch se r\u00e9serve le droit, si la r\u00e9paration par K\u00fcppersbusch n&rsquo;est pas raisonnablement possible ou si le co\u00fbt de la r\u00e9paration repr\u00e9sente plus de 75 % du prix d&rsquo;achat, de proposer un appareil de remplacement \u00e9quivalent au lieu de la r\u00e9paration, moyennant un suppl\u00e9ment calcul\u00e9 sur la base d&rsquo;un taux de d\u00e9pr\u00e9ciation annuel \u00e0 d\u00e9terminer par K\u00fcppersbusch pour la dur\u00e9e d&rsquo;utilisation jusqu&rsquo;\u00e0 ce moment-l\u00e0. Une divergence au niveau du design ou de la couleur ne peut \u00eatre exclue. Ce sont les sp\u00e9cifications qui sont d\u00e9terminantes pour la comparaison, et non le prix d&rsquo;achat. Les r\u00e9parations sous garantie n&rsquo;entra\u00eenent pas de prolongation de la p\u00e9riode de garantie et ne constituent pas non plus le d\u00e9but d&rsquo;une nouvelle p\u00e9riode de garantie. La p\u00e9riode de garantie pour les pi\u00e8ces de rechange int\u00e9gr\u00e9es prend fin en m\u00eame temps que la p\u00e9riode de garantie pour l&rsquo;ensemble de l&rsquo;appareil.<\/p>\n<p>K\u00fcppersbusch n\u2019assume aucune responsabilit\u00e9 pour les dommages indirects ou cons\u00e9cutifs dus \u00e0 un d\u00e9faut de l\u2019appareil. Cette garantie est valable uniquement pour les appareils achet\u00e9s et install\u00e9s dans le Benelux, et conformes aux sp\u00e9cifications techniques locales (tension, fr\u00e9quence, type de gaz, etc.).<\/p>\n<p>Date d&rsquo;entr\u00e9e en vigueur : avril 2025[\/et_pb_text][\/et_pb_column][\/et_pb_row][\/et_pb_section][et_pb_section fb_built=\u00a0\u00bb1&Prime; admin_label=\u00a0\u00bbCODE DO NOT TOUCH\u00a0\u00bb _builder_version=\u00a0\u00bb4.27.4&Prime; _module_preset=\u00a0\u00bbdefault\u00a0\u00bb locked=\u00a0\u00bboff\u00a0\u00bb collapsed=\u00a0\u00bboff\u00a0\u00bb global_colors_info=\u00a0\u00bb{}\u00a0\u00bb][et_pb_row _builder_version=\u00a0\u00bb4.27.4&Prime; _module_preset=\u00a0\u00bbdefault\u00a0\u00bb global_colors_info=\u00a0\u00bb{}\u00a0\u00bb][et_pb_column type=\u00a0\u00bb4_4&Prime; _builder_version=\u00a0\u00bb4.27.4&Prime; _module_preset=\u00a0\u00bbdefault\u00a0\u00bb global_colors_info=\u00a0\u00bb{}\u00a0\u00bb][et_pb_code _builder_version=\u00a0\u00bb4.27.4&Prime; _module_preset=\u00a0\u00bbdefault\u00a0\u00bb locked=\u00a0\u00bboff\u00a0\u00bb global_colors_info=\u00a0\u00bb{}\u00a0\u00bb]<\/p>\n<style><!-- [et_pb_line_break_holder] -->@import url('https:\/\/fonts.googleapis.com\/css2?family=Inter:wght@300;400;500;600;700&display=swap');<!-- [et_pb_line_break_holder] --><!-- [et_pb_line_break_holder] -->body {<!-- [et_pb_line_break_holder] -->    font-family: 'Inter', sans-serif !important;<!-- [et_pb_line_break_holder] -->    color: #000000 !important;<!-- [et_pb_line_break_holder] -->    background-color: #FFFFFF !important;<!-- [et_pb_line_break_holder] -->}<!-- [et_pb_line_break_holder] --><!-- [et_pb_line_break_holder] -->.et_pb_tabs_0.et_pb_tabs .et_pb_all_tabs .et_pb_tab {<!-- [et_pb_line_break_holder] -->    font-family: 'Inter', sans-serif !important;<!-- [et_pb_line_break_holder] -->    font-size: 14px;<!-- [et_pb_line_break_holder] -->    color: #000000 !important;<!-- [et_pb_line_break_holder] -->    letter-spacing: 1px !important;<!-- [et_pb_line_break_holder] -->}<!-- [et_pb_line_break_holder] --><!-- [et_pb_line_break_holder] -->ul.et_pb_tabs_controls {<!-- [et_pb_line_break_holder] -->    background-color: #FFFFFF !important;<!-- [et_pb_line_break_holder] -->}<!-- [et_pb_line_break_holder] --><!-- [et_pb_line_break_holder] -->.et_pb_tab_content  {<!-- [et_pb_line_break_holder] -->    color: #000000 !important;<!-- [et_pb_line_break_holder] -->    font-weight: 300;<!-- [et_pb_line_break_holder] -->    font-family: 'Inter', sans-serif !important;<!-- [et_pb_line_break_holder] -->    letter-spacing: 1px !important;<!-- [et_pb_line_break_holder] -->}<!-- [et_pb_line_break_holder] --><!-- [et_pb_line_break_holder] -->.et_pb_text_inner h1 {<!-- [et_pb_line_break_holder] -->    font-size: 42px !important;<!-- [et_pb_line_break_holder] -->    color: #000000 !important;<!-- [et_pb_line_break_holder] -->    font-weight: 700 !important;<!-- [et_pb_line_break_holder] -->    font-family: 'Inter', sans-serif !important;<!-- [et_pb_line_break_holder] -->    letter-spacing: 6px !important;<!-- [et_pb_line_break_holder] -->}<!-- [et_pb_line_break_holder] --><!-- [et_pb_line_break_holder] -->.et_pb_text_inner h3 {<!-- [et_pb_line_break_holder] -->    font-size: 34px !important;<!-- [et_pb_line_break_holder] -->    color: #000000 !important;<!-- [et_pb_line_break_holder] -->    font-weight: 300 !important;<!-- [et_pb_line_break_holder] -->    font-family: 'Inter', sans-serif !important;<!-- [et_pb_line_break_holder] -->    letter-spacing: 2px !important;<!-- [et_pb_line_break_holder] -->    text-transform: uppercase !important;<!-- [et_pb_line_break_holder] -->}<!-- [et_pb_line_break_holder] --><!-- [et_pb_line_break_holder] -->.et_pb_tabs_0.et_pb_tabs {<!-- [et_pb_line_break_holder] -->    border-width: 0px;<!-- [et_pb_line_break_holder] -->    border-color: #FFFFFF !important;<!-- [et_pb_line_break_holder] -->}<!-- [et_pb_line_break_holder] --><!-- [et_pb_line_break_holder] -->p {<!-- [et_pb_line_break_holder] -->    font-family: 'Inter', sans-serif !important;<!-- [et_pb_line_break_holder] -->    font-weight: 400 !important;<!-- [et_pb_line_break_holder] -->    font-size: 15.5px !important;<!-- [et_pb_line_break_holder] -->    line-height: 21px !important;<!-- [et_pb_line_break_holder] -->    color: #000000 !important;<!-- [et_pb_line_break_holder] -->}<!-- [et_pb_line_break_holder] --><!-- [et_pb_line_break_holder] -->h2 {<!-- [et_pb_line_break_holder] -->    font-size: 34px !important;<!-- [et_pb_line_break_holder] -->    color: #000000 !important;<!-- [et_pb_line_break_holder] -->    font-weight: 300 !important;<!-- [et_pb_line_break_holder] -->    font-family: 'Inter', sans-serif !important;<!-- [et_pb_line_break_holder] -->    letter-spacing: 2px !important;<!-- [et_pb_line_break_holder] -->    text-transform: uppercase !important;<!-- [et_pb_line_break_holder] -->}<!-- [et_pb_line_break_holder] --><!-- [et_pb_line_break_holder] -->.et_pb_text_0 {<!-- [et_pb_line_break_holder] -->    font-family: 'Inter', sans-serif !important;<!-- [et_pb_line_break_holder] -->    font-weight: 400 !important;<!-- [et_pb_line_break_holder] -->    letter-spacing: 1px !important;<!-- [et_pb_line_break_holder] -->}<!-- [et_pb_line_break_holder] --><!-- [et_pb_line_break_holder] -->\/* enlace texto - COMIENZO *\/<!-- [et_pb_line_break_holder] -->.et_pb_tabs_0.et_pb_tabs .et_pb_all_tabs .et_pb_tab a  {<!-- [et_pb_line_break_holder] -->    font-weight: 600 !important;<!-- [et_pb_line_break_holder] -->    color: #787879 !important;<!-- [et_pb_line_break_holder] -->    text-decoration: none !important;<!-- [et_pb_line_break_holder] -->}<!-- [et_pb_line_break_holder] --><!-- [et_pb_line_break_holder] -->.et_pb_tabs_0.et_pb_tabs .et_pb_all_tabs .et_pb_tab a:hover {<!-- [et_pb_line_break_holder] -->    font-weight: 600 !important;<!-- [et_pb_line_break_holder] -->    color: #000000 !important;<!-- [et_pb_line_break_holder] -->    text-decoration: none !important;<!-- [et_pb_line_break_holder] -->}<!-- [et_pb_line_break_holder] -->\/* enlace texto - CIERRE *\/<!-- [et_pb_line_break_holder] --><!-- [et_pb_line_break_holder] -->\/* bot\u00f3n cookies *\/<!-- [et_pb_line_break_holder] -->.cli-plugin-button, <!-- [et_pb_line_break_holder] -->.cli-plugin-button:visited, <!-- [et_pb_line_break_holder] -->.medium.cli-plugin-button, <!-- [et_pb_line_break_holder] -->.medium.cli-plugin-button:visited {<!-- [et_pb_line_break_holder] -->    font-size: 13px;<!-- [et_pb_line_break_holder] -->    font-weight: 400;<!-- [et_pb_line_break_holder] -->    letter-spacing: 1px !important;<!-- [et_pb_line_break_holder] -->    line-height: 1;<!-- [et_pb_line_break_holder] -->    color: #000000 !important;<!-- [et_pb_line_break_holder] -->    background-color: #E0E0E0 !important;<!-- [et_pb_line_break_holder] -->    transition: 0.5s all ease;<!-- [et_pb_line_break_holder] -->}<!-- [et_pb_line_break_holder] --><!-- [et_pb_line_break_holder] -->a.medium.cli-plugin-button.cli-plugin-main-button.cli_settings_button:hover {<!-- [et_pb_line_break_holder] -->    background: #C0C0C0 !important;<!-- [et_pb_line_break_holder] -->    transition: 0.5s all ease;<!-- [et_pb_line_break_holder] -->}<!-- [et_pb_line_break_holder] --><!-- [et_pb_line_break_holder] -->@media (min-width:500px) and (max-width: 980px){<!-- [et_pb_line_break_holder] -->    .et_pb_section_0.et_pb_section {<!-- [et_pb_line_break_holder] -->        padding-top: 40px !important;<!-- [et_pb_line_break_holder] -->    }<!-- [et_pb_line_break_holder] -->}<!-- [et_pb_line_break_holder] --><!-- [et_pb_line_break_holder] -->@media (max-width: 500px){<!-- [et_pb_line_break_holder] -->    .et_pb_section_0.et_pb_section {<!-- [et_pb_line_break_holder] -->        padding-top: 30px !important;<!-- [et_pb_line_break_holder] -->    }<!-- [et_pb_line_break_holder] --><!-- [et_pb_line_break_holder] -->    p {<!-- [et_pb_line_break_holder] -->        font-weight: 400 !important;<!-- [et_pb_line_break_holder] -->        font-size: 15.5px !important;<!-- [et_pb_line_break_holder] -->        line-height: 21px !important;<!-- [et_pb_line_break_holder] -->        color: #000000 !important;<!-- [et_pb_line_break_holder] -->        word-wrap: break-word !important;<!-- [et_pb_line_break_holder] -->    }<!-- [et_pb_line_break_holder] --><!-- [et_pb_line_break_holder] -->    table {<!-- [et_pb_line_break_holder] -->        font-size: 13px !important;<!-- [et_pb_line_break_holder] -->        line-height: 1.5 !important;<!-- [et_pb_line_break_holder] -->    }<!-- [et_pb_line_break_holder] -->}<!-- [et_pb_line_break_holder] --><!-- [et_pb_line_break_holder] -->.cli_settings_button {<!-- [et_pb_line_break_holder] -->    font-size: 13px;<!-- [et_pb_line_break_holder] -->    font-weight: 400;<!-- [et_pb_line_break_holder] -->    letter-spacing: 1px !important;<!-- [et_pb_line_break_holder] -->    line-height: 1;<!-- [et_pb_line_break_holder] -->    color: #000000 !important;<!-- [et_pb_line_break_holder] -->    background-color: #E0E0E0 !important;<!-- [et_pb_line_break_holder] -->    transition: 0.5s all ease;<!-- [et_pb_line_break_holder] -->    padding: 12px;<!-- [et_pb_line_break_holder] -->    text-transform: uppercase;<!-- [et_pb_line_break_holder] -->    font-family: 'Inter', sans-serif !important;<!-- [et_pb_line_break_holder] -->}<!-- [et_pb_line_break_holder] --><!-- [et_pb_line_break_holder] -->.cli_settings_button:hover {<!-- [et_pb_line_break_holder] -->    background: #C0C0C0 !important;<!-- [et_pb_line_break_holder] -->    transition: 0.5s all ease;<!-- [et_pb_line_break_holder] -->}<!-- [et_pb_line_break_holder] --><!-- [et_pb_line_break_holder] -->\/* BOT\u00d3N L\u00cdNEAS Inter *\/<!-- [et_pb_line_break_holder] -->.container_button {<!-- [et_pb_line_break_holder] -->    width: 452px;<!-- [et_pb_line_break_holder] -->    height: 30px;<!-- [et_pb_line_break_holder] -->    border-right: 1px solid #000000 !important;<!-- [et_pb_line_break_holder] -->    border-left: 1px solid #000000 !important;<!-- [et_pb_line_break_holder] -->    margin-top: 40px;<!-- [et_pb_line_break_holder] -->    color: #000000 !important;<!-- [et_pb_line_break_holder] -->}<!-- [et_pb_line_break_holder] --><!-- [et_pb_line_break_holder] -->.container_button_right {<!-- [et_pb_line_break_holder] -->    width: 452px;<!-- [et_pb_line_break_holder] -->    height: 30px;<!-- [et_pb_line_break_holder] -->    border-right: 1px solid #000000 !important;<!-- [et_pb_line_break_holder] -->    border-left: 1px solid #000000 !important;<!-- [et_pb_line_break_holder] -->    margin-top: 40px;<!-- [et_pb_line_break_holder] -->    float: right;<!-- [et_pb_line_break_holder] -->}<!-- [et_pb_line_break_holder] --><!-- [et_pb_line_break_holder] -->.personalizar a {<!-- [et_pb_line_break_holder] -->    border-left: none !important;<!-- [et_pb_line_break_holder] -->    border-right: none !important;<!-- [et_pb_line_break_holder] -->}<!-- [et_pb_line_break_holder] --><!-- [et_pb_line_break_holder] -->.KPH_button_lato {<!-- [et_pb_line_break_holder] -->    width: 452px;<!-- [et_pb_line_break_holder] -->    height: 30px;<!-- [et_pb_line_break_holder] -->    font-family: 'Inter', sans-serif !important;<!-- [et_pb_line_break_holder] -->    letter-spacing: 2px !important;<!-- [et_pb_line_break_holder] -->    font-weight: 500;<!-- [et_pb_line_break_holder] -->    font-size: 14px;<!-- [et_pb_line_break_holder] -->    color: #000000 !important;<!-- [et_pb_line_break_holder] -->    text-align: center;<!-- [et_pb_line_break_holder] -->    padding: 0 10px;<!-- [et_pb_line_break_holder] -->    transition: 0.4s;<!-- [et_pb_line_break_holder] -->    text-transform: uppercase;<!-- [et_pb_line_break_holder] -->    line-height: 2.2;<!-- [et_pb_line_break_holder] -->}<!-- [et_pb_line_break_holder] --><!-- [et_pb_line_break_holder] -->.KPH_button_lato:hover {<!-- [et_pb_line_break_holder] -->    background-color: rgba(120, 120, 121, 0.2);<!-- [et_pb_line_break_holder] -->    transition: 0.4s;<!-- [et_pb_line_break_holder] -->}<!-- [et_pb_line_break_holder] -->\/* BOT\u00d3N L\u00cdNEAS Inter fin *\/<!-- [et_pb_line_break_holder] --><!-- [et_pb_line_break_holder] --><\/style>\n<p>[\/et_pb_code][\/et_pb_column][\/et_pb_row][\/et_pb_section]<\/p>\n","protected":false},"excerpt":{"rendered":"<p>CONDITIONS DE GARANTIE CONDITIONS G\u00c9N\u00c9RALES DE VENTE GARANTIE DE 5 ANS POUR LES APPAREILS K\u00dcPPERSBUSCH K\u00fcppersbusch accorde au titulaire du pr\u00e9sent certificat de garantie une garantie compl\u00e8te de 5 ans (2 ans l\u00e9gale) selon les conditions suivantes: Le titulaire de ce certificat de garantie b\u00e9n\u00e9ficie d\u2018une extension de garantie de 3 ans, prenant effet imm\u00e9diatement [&hellip;]<\/p>\n","protected":false},"author":68,"featured_media":0,"parent":0,"menu_order":0,"comment_status":"closed","ping_status":"closed","template":"","meta":{"_acf_changed":false,"_et_pb_use_builder":"on","_et_pb_old_content":"","_et_gb_content_width":"","footnotes":""},"class_list":["post-75374","page","type-page","status-publish","hentry"],"acf":[],"yoast_head":"<!-- This site is optimized with the Yoast SEO plugin v27.5 - https:\/\/yoast.com\/product\/yoast-seo-wordpress\/ -->\n<title>Conditions de garantie | K\u00fcppersbusch Belgique<\/title>\n<meta name=\"robots\" content=\"index, follow, max-snippet:-1, max-image-preview:large, max-video-preview:-1\" \/>\n<link rel=\"canonical\" href=\"https:\/\/www.home-kueppersbusch.com\/fr-be\/conditions-de-garantie\/\" \/>\n<meta property=\"og:locale\" content=\"fr_FR\" \/>\n<meta property=\"og:type\" content=\"article\" \/>\n<meta property=\"og:title\" content=\"Conditions de garantie | K\u00fcppersbusch Belgique\" \/>\n<meta property=\"og:description\" content=\"CONDITIONS DE GARANTIE CONDITIONS G\u00c9N\u00c9RALES DE VENTE GARANTIE DE 5 ANS POUR LES APPAREILS K\u00dcPPERSBUSCH K\u00fcppersbusch accorde au titulaire du pr\u00e9sent certificat de garantie une garantie compl\u00e8te de 5 ans (2 ans l\u00e9gale) selon les conditions suivantes: Le titulaire de ce certificat de garantie b\u00e9n\u00e9ficie d\u2018une extension de garantie de 3 ans, prenant effet imm\u00e9diatement [&hellip;]\" \/>\n<meta property=\"og:url\" content=\"https:\/\/www.home-kueppersbusch.com\/fr-be\/conditions-de-garantie\/\" \/>\n<meta property=\"og:site_name\" content=\"K\u00fcppersbusch Belgique\" \/>\n<meta property=\"article:modified_time\" content=\"2025-06-13T18:11:04+00:00\" \/>\n<meta name=\"twitter:card\" content=\"summary_large_image\" \/>\n<meta name=\"twitter:label1\" content=\"Dur\u00e9e de lecture estim\u00e9e\" \/>\n\t<meta name=\"twitter:data1\" content=\"3 minutes\" \/>\n<script type=\"application\/ld+json\" class=\"yoast-schema-graph\">{\"@context\":\"https:\\\/\\\/schema.org\",\"@graph\":[{\"@type\":\"WebPage\",\"@id\":\"https:\\\/\\\/www.home-kueppersbusch.com\\\/fr-be\\\/conditions-de-garantie\\\/\",\"url\":\"https:\\\/\\\/www.home-kueppersbusch.com\\\/fr-be\\\/conditions-de-garantie\\\/\",\"name\":\"Conditions de garantie | K\u00fcppersbusch Belgique\",\"isPartOf\":{\"@id\":\"https:\\\/\\\/www.home-kueppersbusch.com\\\/fr-be\\\/#website\"},\"datePublished\":\"2025-06-13T18:06:12+00:00\",\"dateModified\":\"2025-06-13T18:11:04+00:00\",\"inLanguage\":\"fr-FR\",\"potentialAction\":[{\"@type\":\"ReadAction\",\"target\":[\"https:\\\/\\\/www.home-kueppersbusch.com\\\/fr-be\\\/conditions-de-garantie\\\/\"]}]},{\"@type\":\"WebSite\",\"@id\":\"https:\\\/\\\/www.home-kueppersbusch.com\\\/fr-be\\\/#website\",\"url\":\"https:\\\/\\\/www.home-kueppersbusch.com\\\/fr-be\\\/\",\"name\":\"K\u00fcppersbusch Belgique\",\"description\":\"\",\"potentialAction\":[{\"@type\":\"SearchAction\",\"target\":{\"@type\":\"EntryPoint\",\"urlTemplate\":\"https:\\\/\\\/www.home-kueppersbusch.com\\\/fr-be\\\/?s={search_term_string}\"},\"query-input\":{\"@type\":\"PropertyValueSpecification\",\"valueRequired\":true,\"valueName\":\"search_term_string\"}}],\"inLanguage\":\"fr-FR\"}]}<\/script>\n<!-- \/ Yoast SEO plugin. -->","yoast_head_json":{"title":"Conditions de garantie | K\u00fcppersbusch Belgique","robots":{"index":"index","follow":"follow","max-snippet":"max-snippet:-1","max-image-preview":"max-image-preview:large","max-video-preview":"max-video-preview:-1"},"canonical":"https:\/\/www.home-kueppersbusch.com\/fr-be\/conditions-de-garantie\/","og_locale":"fr_FR","og_type":"article","og_title":"Conditions de garantie | K\u00fcppersbusch Belgique","og_description":"CONDITIONS DE GARANTIE CONDITIONS G\u00c9N\u00c9RALES DE VENTE GARANTIE DE 5 ANS POUR LES APPAREILS K\u00dcPPERSBUSCH K\u00fcppersbusch accorde au titulaire du pr\u00e9sent certificat de garantie une garantie compl\u00e8te de 5 ans (2 ans l\u00e9gale) selon les conditions suivantes: Le titulaire de ce certificat de garantie b\u00e9n\u00e9ficie d\u2018une extension de garantie de 3 ans, prenant effet imm\u00e9diatement [&hellip;]","og_url":"https:\/\/www.home-kueppersbusch.com\/fr-be\/conditions-de-garantie\/","og_site_name":"K\u00fcppersbusch Belgique","article_modified_time":"2025-06-13T18:11:04+00:00","twitter_card":"summary_large_image","twitter_misc":{"Dur\u00e9e de lecture estim\u00e9e":"3 minutes"},"schema":{"@context":"https:\/\/schema.org","@graph":[{"@type":"WebPage","@id":"https:\/\/www.home-kueppersbusch.com\/fr-be\/conditions-de-garantie\/","url":"https:\/\/www.home-kueppersbusch.com\/fr-be\/conditions-de-garantie\/","name":"Conditions de garantie | K\u00fcppersbusch Belgique","isPartOf":{"@id":"https:\/\/www.home-kueppersbusch.com\/fr-be\/#website"},"datePublished":"2025-06-13T18:06:12+00:00","dateModified":"2025-06-13T18:11:04+00:00","inLanguage":"fr-FR","potentialAction":[{"@type":"ReadAction","target":["https:\/\/www.home-kueppersbusch.com\/fr-be\/conditions-de-garantie\/"]}]},{"@type":"WebSite","@id":"https:\/\/www.home-kueppersbusch.com\/fr-be\/#website","url":"https:\/\/www.home-kueppersbusch.com\/fr-be\/","name":"K\u00fcppersbusch Belgique","description":"","potentialAction":[{"@type":"SearchAction","target":{"@type":"EntryPoint","urlTemplate":"https:\/\/www.home-kueppersbusch.com\/fr-be\/?s={search_term_string}"},"query-input":{"@type":"PropertyValueSpecification","valueRequired":true,"valueName":"search_term_string"}}],"inLanguage":"fr-FR"}]}},"_links":{"self":[{"href":"https:\/\/www.home-kueppersbusch.com\/fr-be\/wp-json\/wp\/v2\/pages\/75374","targetHints":{"allow":["GET"]}}],"collection":[{"href":"https:\/\/www.home-kueppersbusch.com\/fr-be\/wp-json\/wp\/v2\/pages"}],"about":[{"href":"https:\/\/www.home-kueppersbusch.com\/fr-be\/wp-json\/wp\/v2\/types\/page"}],"author":[{"embeddable":true,"href":"https:\/\/www.home-kueppersbusch.com\/fr-be\/wp-json\/wp\/v2\/users\/68"}],"replies":[{"embeddable":true,"href":"https:\/\/www.home-kueppersbusch.com\/fr-be\/wp-json\/wp\/v2\/comments?post=75374"}],"version-history":[{"count":13,"href":"https:\/\/www.home-kueppersbusch.com\/fr-be\/wp-json\/wp\/v2\/pages\/75374\/revisions"}],"predecessor-version":[{"id":75395,"href":"https:\/\/www.home-kueppersbusch.com\/fr-be\/wp-json\/wp\/v2\/pages\/75374\/revisions\/75395"}],"wp:attachment":[{"href":"https:\/\/www.home-kueppersbusch.com\/fr-be\/wp-json\/wp\/v2\/media?parent=75374"}],"curies":[{"name":"wp","href":"https:\/\/api.w.org\/{rel}","templated":true}]}}