{"id":97962,"date":"2026-04-03T17:43:42","date_gmt":"2026-04-03T17:43:42","guid":{"rendered":"https:\/\/teka.com\/en-int\/cbm6550-0w_121160010"},"modified":"2026-03-28T08:08:15","modified_gmt":"2026-03-28T09:08:15","slug":"cbm6550-0w_121160010","status":"publish","type":"product","link":"https:\/\/www.home-kueppersbusch.com\/es-es\/producto\/cbm6550-0w_121160010\/","title":{"rendered":"CBM6550.0W"},"content":{"rendered":"<ul>\n<li>Sistema \u00d6kotherm\u00ae catalizador del horno<\/li>\n<li>14 funciones<\/li>\n<li>8 funciones especiales<\/li>\n<li>2 funciones de microondas (combinables con cualquiera de las otras funciones)<\/li>\n<li>10 niveles de potencia<\/li>\n<\/ul>\n","protected":false},"featured_media":0,"parent":0,"template":"","product_cat":[70437,70056],"product_edition":[],"product_energy_efficiency":[],"class_list":["post-97962","product","type-product","status-publish","hentry","product_cat-hornos-con-microondas","product_cat-hornos-compactos","color-white","product_installation-encastrable","product_lifestyle-k-series-5","usp-kph-individual-01","usp-kph-ovens-03","usp-kph-ovens-04","usp-kph-ovens-06","usp-kph-ovens-11","usp-kph-ovens-09"],"acf":[],"yoast_head":"<!-- This site is optimized with the Yoast SEO plugin v27.2 - https:\/\/yoast.com\/product\/yoast-seo-wordpress\/ -->\n<title>CBM6550.0W | K\u00fcppersbusch Espa\u00f1a<\/title>\n<meta name=\"robots\" content=\"index, follow, max-snippet:-1, max-image-preview:large, max-video-preview:-1\" \/>\n<link rel=\"canonical\" href=\"https:\/\/www.home-kueppersbusch.com\/es-es\/producto\/cbm6550-0w_121160010\/\" \/>\n<meta property=\"og:locale\" content=\"es_ES\" \/>\n<meta property=\"og:type\" content=\"article\" \/>\n<meta property=\"og:title\" content=\"CBM6550.0W | K\u00fcppersbusch Espa\u00f1a\" \/>\n<meta property=\"og:description\" content=\"Sistema \u00d6kotherm\u00ae catalizador del horno 14 funciones 8 funciones especiales 2 funciones de microondas (combinables con cualquiera de las otras funciones) 10 niveles de potencia\" \/>\n<meta property=\"og:url\" content=\"https:\/\/www.home-kueppersbusch.com\/es-es\/producto\/cbm6550-0w_121160010\/\" \/>\n<meta property=\"og:site_name\" content=\"K\u00fcppersbusch Espa\u00f1a\" \/>\n<meta name=\"twitter:card\" content=\"summary_large_image\" \/>\n<script type=\"application\/ld+json\" class=\"yoast-schema-graph\">{\"@context\":\"https:\/\/schema.org\",\"@graph\":[{\"@type\":\"WebPage\",\"@id\":\"https:\/\/www.home-kueppersbusch.com\/es-es\/producto\/cbm6550-0w_121160010\/\",\"url\":\"https:\/\/www.home-kueppersbusch.com\/es-es\/producto\/cbm6550-0w_121160010\/\",\"name\":\"CBM6550.0W | K\u00fcppersbusch Espa\u00f1a\",\"isPartOf\":{\"@id\":\"https:\/\/www.home-kueppersbusch.com\/es-es\/#website\"},\"datePublished\":\"2026-04-03T17:43:42+00:00\",\"inLanguage\":\"es\",\"potentialAction\":[{\"@type\":\"ReadAction\",\"target\":[\"https:\/\/www.home-kueppersbusch.com\/es-es\/producto\/cbm6550-0w_121160010\/\"]}]},{\"@type\":\"WebSite\",\"@id\":\"https:\/\/www.home-kueppersbusch.com\/es-es\/#website\",\"url\":\"https:\/\/www.home-kueppersbusch.com\/es-es\/\",\"name\":\"K\u00fcppersbusch Espa\u00f1a\",\"description\":\"\",\"publisher\":{\"@id\":\"https:\/\/www.home-kueppersbusch.com\/es-es\/#organization\"},\"potentialAction\":[{\"@type\":\"SearchAction\",\"target\":{\"@type\":\"EntryPoint\",\"urlTemplate\":\"https:\/\/www.home-kueppersbusch.com\/es-es\/?s={search_term_string}\"},\"query-input\":{\"@type\":\"PropertyValueSpecification\",\"valueRequired\":true,\"valueName\":\"search_term_string\"}}],\"inLanguage\":\"es\"},{\"@type\":\"Organization\",\"@id\":\"https:\/\/www.home-kueppersbusch.com\/es-es\/#organization\",\"name\":\"K\u00fcppersbusch Espa\u00f1a\",\"url\":\"https:\/\/www.home-kueppersbusch.com\/es-es\/\",\"logo\":{\"@type\":\"ImageObject\",\"inLanguage\":\"es\",\"@id\":\"https:\/\/www.home-kueppersbusch.com\/es-es\/#\/schema\/logo\/image\/\",\"url\":\"https:\/\/www.home-kueppersbusch.com\/es-es\/wp-content\/uploads\/sites\/2\/2020\/05\/logo-kuppersbusch.png\",\"contentUrl\":\"https:\/\/www.home-kueppersbusch.com\/es-es\/wp-content\/uploads\/sites\/2\/2020\/05\/logo-kuppersbusch.png\",\"width\":500,\"height\":90,\"caption\":\"K\u00fcppersbusch Espa\u00f1a\"},\"image\":{\"@id\":\"https:\/\/www.home-kueppersbusch.com\/es-es\/#\/schema\/logo\/image\/\"}}]}<\/script>\n<!-- \/ Yoast SEO plugin. -->","yoast_head_json":{"title":"CBM6550.0W | K\u00fcppersbusch Espa\u00f1a","robots":{"index":"index","follow":"follow","max-snippet":"max-snippet:-1","max-image-preview":"max-image-preview:large","max-video-preview":"max-video-preview:-1"},"canonical":"https:\/\/www.home-kueppersbusch.com\/es-es\/producto\/cbm6550-0w_121160010\/","og_locale":"es_ES","og_type":"article","og_title":"CBM6550.0W | K\u00fcppersbusch Espa\u00f1a","og_description":"Sistema \u00d6kotherm\u00ae catalizador del horno 14 funciones 8 funciones especiales 2 funciones de microondas (combinables con cualquiera de las otras funciones) 10 niveles de potencia","og_url":"https:\/\/www.home-kueppersbusch.com\/es-es\/producto\/cbm6550-0w_121160010\/","og_site_name":"K\u00fcppersbusch Espa\u00f1a","twitter_card":"summary_large_image","schema":{"@context":"https:\/\/schema.org","@graph":[{"@type":"WebPage","@id":"https:\/\/www.home-kueppersbusch.com\/es-es\/producto\/cbm6550-0w_121160010\/","url":"https:\/\/www.home-kueppersbusch.com\/es-es\/producto\/cbm6550-0w_121160010\/","name":"CBM6550.0W | K\u00fcppersbusch Espa\u00f1a","isPartOf":{"@id":"https:\/\/www.home-kueppersbusch.com\/es-es\/#website"},"datePublished":"2026-04-03T17:43:42+00:00","inLanguage":"es","potentialAction":[{"@type":"ReadAction","target":["https:\/\/www.home-kueppersbusch.com\/es-es\/producto\/cbm6550-0w_121160010\/"]}]},{"@type":"WebSite","@id":"https:\/\/www.home-kueppersbusch.com\/es-es\/#website","url":"https:\/\/www.home-kueppersbusch.com\/es-es\/","name":"K\u00fcppersbusch Espa\u00f1a","description":"","publisher":{"@id":"https:\/\/www.home-kueppersbusch.com\/es-es\/#organization"},"potentialAction":[{"@type":"SearchAction","target":{"@type":"EntryPoint","urlTemplate":"https:\/\/www.home-kueppersbusch.com\/es-es\/?s={search_term_string}"},"query-input":{"@type":"PropertyValueSpecification","valueRequired":true,"valueName":"search_term_string"}}],"inLanguage":"es"},{"@type":"Organization","@id":"https:\/\/www.home-kueppersbusch.com\/es-es\/#organization","name":"K\u00fcppersbusch Espa\u00f1a","url":"https:\/\/www.home-kueppersbusch.com\/es-es\/","logo":{"@type":"ImageObject","inLanguage":"es","@id":"https:\/\/www.home-kueppersbusch.com\/es-es\/#\/schema\/logo\/image\/","url":"https:\/\/www.home-kueppersbusch.com\/es-es\/wp-content\/uploads\/sites\/2\/2020\/05\/logo-kuppersbusch.png","contentUrl":"https:\/\/www.home-kueppersbusch.com\/es-es\/wp-content\/uploads\/sites\/2\/2020\/05\/logo-kuppersbusch.png","width":500,"height":90,"caption":"K\u00fcppersbusch Espa\u00f1a"},"image":{"@id":"https:\/\/www.home-kueppersbusch.com\/es-es\/#\/schema\/logo\/image\/"}}]}},"_links":{"self":[{"href":"https:\/\/www.home-kueppersbusch.com\/es-es\/wp-json\/wp\/v2\/product\/97962","targetHints":{"allow":["GET"]}}],"collection":[{"href":"https:\/\/www.home-kueppersbusch.com\/es-es\/wp-json\/wp\/v2\/product"}],"about":[{"href":"https:\/\/www.home-kueppersbusch.com\/es-es\/wp-json\/wp\/v2\/types\/product"}],"wp:attachment":[{"href":"https:\/\/www.home-kueppersbusch.com\/es-es\/wp-json\/wp\/v2\/media?parent=97962"}],"wp:term":[{"taxonomy":"product_cat","embeddable":true,"href":"https:\/\/www.home-kueppersbusch.com\/es-es\/wp-json\/wp\/v2\/product_cat?post=97962"},{"taxonomy":"product_edition","embeddable":true,"href":"https:\/\/www.home-kueppersbusch.com\/es-es\/wp-json\/wp\/v2\/product_edition?post=97962"},{"taxonomy":"product_energy_efficiency","embeddable":true,"href":"https:\/\/www.home-kueppersbusch.com\/es-es\/wp-json\/wp\/v2\/product_energy_efficiency?post=97962"}],"curies":[{"name":"wp","href":"https:\/\/api.w.org\/{rel}","templated":true}]}}