{"id":88943,"date":"2026-04-25T09:25:27","date_gmt":"2026-04-25T09:25:27","guid":{"rendered":"https:\/\/www.home-kueppersbusch.com\/es-es\/producto\/zd1013_123290053\/"},"modified":"2026-03-28T08:06:11","modified_gmt":"2026-03-28T09:06:11","slug":"zd1013_123290053","status":"publish","type":"product","link":"https:\/\/www.home-kueppersbusch.com\/es-es\/producto\/zd1013_123290053\/","title":{"rendered":"ZD1013"},"content":{"rendered":"<ul>\n<li>Complemento ideal para un electrodom\u00e9stico de 45 cm de altura para un nicho integrable de 59 cm de altura<\/li>\n<li>Frontal de cristal no incluido (ver accesorios opcionales) o frontal del mueble<\/li>\n<li>Control electr\u00f3nico con sensores de control t\u00e1ctil<\/li>\n<li>Potencia de vac\u00edo hasta 99,9%<\/li>\n<li>4 niveles de vac\u00edo<\/li>\n<\/ul>\n","protected":false},"featured_media":0,"parent":0,"template":"","product_cat":[70068],"product_edition":[],"product_energy_efficiency":[],"class_list":["post-88943","product","type-product","status-publish","hentry","product_cat-accesorios-campanas"],"acf":[],"yoast_head":"<!-- This site is optimized with the Yoast SEO plugin v27.5 - https:\/\/yoast.com\/product\/yoast-seo-wordpress\/ -->\n<title>ZD1013 | K\u00fcppersbusch Espa\u00f1a<\/title>\n<meta name=\"robots\" content=\"index, follow, max-snippet:-1, max-image-preview:large, max-video-preview:-1\" \/>\n<link rel=\"canonical\" href=\"https:\/\/www.home-kueppersbusch.com\/es-es\/producto\/zd1013_123290053\/\" \/>\n<meta property=\"og:locale\" content=\"es_ES\" \/>\n<meta property=\"og:type\" content=\"article\" \/>\n<meta property=\"og:title\" content=\"ZD1013 | K\u00fcppersbusch Espa\u00f1a\" \/>\n<meta property=\"og:description\" content=\"Complemento ideal para un electrodom\u00e9stico de 45 cm de altura para un nicho integrable de 59 cm de altura Frontal de cristal no incluido (ver accesorios opcionales) o frontal del mueble Control electr\u00f3nico con sensores de control t\u00e1ctil Potencia de vac\u00edo hasta 99,9% 4 niveles de vac\u00edo\" \/>\n<meta property=\"og:url\" content=\"https:\/\/www.home-kueppersbusch.com\/es-es\/producto\/zd1013_123290053\/\" \/>\n<meta property=\"og:site_name\" content=\"K\u00fcppersbusch Espa\u00f1a\" \/>\n<meta name=\"twitter:card\" content=\"summary_large_image\" \/>\n<script type=\"application\/ld+json\" class=\"yoast-schema-graph\">{\"@context\":\"https:\\\/\\\/schema.org\",\"@graph\":[{\"@type\":\"WebPage\",\"@id\":\"https:\\\/\\\/www.home-kueppersbusch.com\\\/es-es\\\/producto\\\/zd1013_123290053\\\/\",\"url\":\"https:\\\/\\\/www.home-kueppersbusch.com\\\/es-es\\\/producto\\\/zd1013_123290053\\\/\",\"name\":\"ZD1013 | K\u00fcppersbusch Espa\u00f1a\",\"isPartOf\":{\"@id\":\"https:\\\/\\\/www.home-kueppersbusch.com\\\/es-es\\\/#website\"},\"datePublished\":\"2026-04-25T09:25:27+00:00\",\"inLanguage\":\"es\",\"potentialAction\":[{\"@type\":\"ReadAction\",\"target\":[\"https:\\\/\\\/www.home-kueppersbusch.com\\\/es-es\\\/producto\\\/zd1013_123290053\\\/\"]}]},{\"@type\":\"WebSite\",\"@id\":\"https:\\\/\\\/www.home-kueppersbusch.com\\\/es-es\\\/#website\",\"url\":\"https:\\\/\\\/www.home-kueppersbusch.com\\\/es-es\\\/\",\"name\":\"K\u00fcppersbusch Espa\u00f1a\",\"description\":\"\",\"publisher\":{\"@id\":\"https:\\\/\\\/www.home-kueppersbusch.com\\\/es-es\\\/#organization\"},\"potentialAction\":[{\"@type\":\"SearchAction\",\"target\":{\"@type\":\"EntryPoint\",\"urlTemplate\":\"https:\\\/\\\/www.home-kueppersbusch.com\\\/es-es\\\/?s={search_term_string}\"},\"query-input\":{\"@type\":\"PropertyValueSpecification\",\"valueRequired\":true,\"valueName\":\"search_term_string\"}}],\"inLanguage\":\"es\"},{\"@type\":\"Organization\",\"@id\":\"https:\\\/\\\/www.home-kueppersbusch.com\\\/es-es\\\/#organization\",\"name\":\"K\u00fcppersbusch Espa\u00f1a\",\"url\":\"https:\\\/\\\/www.home-kueppersbusch.com\\\/es-es\\\/\",\"logo\":{\"@type\":\"ImageObject\",\"inLanguage\":\"es\",\"@id\":\"https:\\\/\\\/www.home-kueppersbusch.com\\\/es-es\\\/#\\\/schema\\\/logo\\\/image\\\/\",\"url\":\"https:\\\/\\\/www.home-kueppersbusch.com\\\/es-es\\\/wp-content\\\/uploads\\\/sites\\\/2\\\/2020\\\/05\\\/logo-kuppersbusch.png\",\"contentUrl\":\"https:\\\/\\\/www.home-kueppersbusch.com\\\/es-es\\\/wp-content\\\/uploads\\\/sites\\\/2\\\/2020\\\/05\\\/logo-kuppersbusch.png\",\"width\":500,\"height\":90,\"caption\":\"K\u00fcppersbusch Espa\u00f1a\"},\"image\":{\"@id\":\"https:\\\/\\\/www.home-kueppersbusch.com\\\/es-es\\\/#\\\/schema\\\/logo\\\/image\\\/\"}}]}<\/script>\n<!-- \/ Yoast SEO plugin. -->","yoast_head_json":{"title":"ZD1013 | K\u00fcppersbusch Espa\u00f1a","robots":{"index":"index","follow":"follow","max-snippet":"max-snippet:-1","max-image-preview":"max-image-preview:large","max-video-preview":"max-video-preview:-1"},"canonical":"https:\/\/www.home-kueppersbusch.com\/es-es\/producto\/zd1013_123290053\/","og_locale":"es_ES","og_type":"article","og_title":"ZD1013 | K\u00fcppersbusch Espa\u00f1a","og_description":"Complemento ideal para un electrodom\u00e9stico de 45 cm de altura para un nicho integrable de 59 cm de altura Frontal de cristal no incluido (ver accesorios opcionales) o frontal del mueble Control electr\u00f3nico con sensores de control t\u00e1ctil Potencia de vac\u00edo hasta 99,9% 4 niveles de vac\u00edo","og_url":"https:\/\/www.home-kueppersbusch.com\/es-es\/producto\/zd1013_123290053\/","og_site_name":"K\u00fcppersbusch Espa\u00f1a","twitter_card":"summary_large_image","schema":{"@context":"https:\/\/schema.org","@graph":[{"@type":"WebPage","@id":"https:\/\/www.home-kueppersbusch.com\/es-es\/producto\/zd1013_123290053\/","url":"https:\/\/www.home-kueppersbusch.com\/es-es\/producto\/zd1013_123290053\/","name":"ZD1013 | K\u00fcppersbusch Espa\u00f1a","isPartOf":{"@id":"https:\/\/www.home-kueppersbusch.com\/es-es\/#website"},"datePublished":"2026-04-25T09:25:27+00:00","inLanguage":"es","potentialAction":[{"@type":"ReadAction","target":["https:\/\/www.home-kueppersbusch.com\/es-es\/producto\/zd1013_123290053\/"]}]},{"@type":"WebSite","@id":"https:\/\/www.home-kueppersbusch.com\/es-es\/#website","url":"https:\/\/www.home-kueppersbusch.com\/es-es\/","name":"K\u00fcppersbusch Espa\u00f1a","description":"","publisher":{"@id":"https:\/\/www.home-kueppersbusch.com\/es-es\/#organization"},"potentialAction":[{"@type":"SearchAction","target":{"@type":"EntryPoint","urlTemplate":"https:\/\/www.home-kueppersbusch.com\/es-es\/?s={search_term_string}"},"query-input":{"@type":"PropertyValueSpecification","valueRequired":true,"valueName":"search_term_string"}}],"inLanguage":"es"},{"@type":"Organization","@id":"https:\/\/www.home-kueppersbusch.com\/es-es\/#organization","name":"K\u00fcppersbusch Espa\u00f1a","url":"https:\/\/www.home-kueppersbusch.com\/es-es\/","logo":{"@type":"ImageObject","inLanguage":"es","@id":"https:\/\/www.home-kueppersbusch.com\/es-es\/#\/schema\/logo\/image\/","url":"https:\/\/www.home-kueppersbusch.com\/es-es\/wp-content\/uploads\/sites\/2\/2020\/05\/logo-kuppersbusch.png","contentUrl":"https:\/\/www.home-kueppersbusch.com\/es-es\/wp-content\/uploads\/sites\/2\/2020\/05\/logo-kuppersbusch.png","width":500,"height":90,"caption":"K\u00fcppersbusch Espa\u00f1a"},"image":{"@id":"https:\/\/www.home-kueppersbusch.com\/es-es\/#\/schema\/logo\/image\/"}}]}},"_links":{"self":[{"href":"https:\/\/www.home-kueppersbusch.com\/es-es\/wp-json\/wp\/v2\/product\/88943","targetHints":{"allow":["GET"]}}],"collection":[{"href":"https:\/\/www.home-kueppersbusch.com\/es-es\/wp-json\/wp\/v2\/product"}],"about":[{"href":"https:\/\/www.home-kueppersbusch.com\/es-es\/wp-json\/wp\/v2\/types\/product"}],"wp:attachment":[{"href":"https:\/\/www.home-kueppersbusch.com\/es-es\/wp-json\/wp\/v2\/media?parent=88943"}],"wp:term":[{"taxonomy":"product_cat","embeddable":true,"href":"https:\/\/www.home-kueppersbusch.com\/es-es\/wp-json\/wp\/v2\/product_cat?post=88943"},{"taxonomy":"product_edition","embeddable":true,"href":"https:\/\/www.home-kueppersbusch.com\/es-es\/wp-json\/wp\/v2\/product_edition?post=88943"},{"taxonomy":"product_energy_efficiency","embeddable":true,"href":"https:\/\/www.home-kueppersbusch.com\/es-es\/wp-json\/wp\/v2\/product_energy_efficiency?post=88943"}],"curies":[{"name":"wp","href":"https:\/\/api.w.org\/{rel}","templated":true}]}}