{"id":88908,"date":"2026-04-03T17:42:15","date_gmt":"2026-04-03T17:42:15","guid":{"rendered":"https:\/\/www.home-kueppersbusch.com\/es-es\/producto\/b6350-0s_121020018\/"},"modified":"2026-03-28T08:05:05","modified_gmt":"2026-03-28T09:05:05","slug":"b6350-0s_121020018","status":"publish","type":"product","link":"https:\/\/www.home-kueppersbusch.com\/es-es\/producto\/b6350-0s_121020018\/","title":{"rendered":"B6350.0S"},"content":{"rendered":"<ul>\n<li>Sistema \u00d6kotherm\u00ae catalizador del horno<\/li>\n<li>10 funciones<\/li>\n<li>10 programas autom\u00e1ticos<\/li>\n<li>Posibilidad de guardar 1 programa como favorito<\/li>\n<li>Pantalla TFT de 3,9\u00b4\u00b4<\/li>\n<\/ul>\n","protected":false},"featured_media":0,"parent":0,"template":"","product_cat":[70053],"product_edition":[],"product_energy_efficiency":[70310],"class_list":["post-88908","product","type-product","status-publish","hentry","finishes-70821","finishes-70829","finishes-70828","finishes-70827","finishes-70826","finishes-70825","finishes-70824","finishes-70823","finishes-70822","finishes-70812","finishes-70820","finishes-70819","finishes-70818","finishes-70817","finishes-70816","finishes-70815","finishes-70814","finishes-70813","product_ambient-kitchen-ss-02","product_cat-hornos-multifuncion","color-black","product_lifestyle-k-series-3","usp-kph-individual-01","usp-kph-ovens-03","usp-kph-ovens-04","usp-kph-ovens-05","usp-kph-ovens-06","usp-kph-ovens-07","usp-kph-ovens-10","usp-kph-ovens-09","product_energy_efficiency-a-plus-icon"],"acf":[],"yoast_head":"<!-- This site is optimized with the Yoast SEO plugin v27.2 - https:\/\/yoast.com\/product\/yoast-seo-wordpress\/ -->\n<title>Horno Multifunci\u00f3n B6350.0S | K\u00fcppersbusch Espa\u00f1a<\/title>\n<meta name=\"robots\" content=\"index, follow, max-snippet:-1, max-image-preview:large, max-video-preview:-1\" \/>\n<link rel=\"canonical\" href=\"https:\/\/www.home-kueppersbusch.com\/es-es\/producto\/b6350-0s_121020018\/\" \/>\n<meta property=\"og:locale\" content=\"es_ES\" \/>\n<meta property=\"og:type\" content=\"article\" \/>\n<meta property=\"og:title\" content=\"Horno Multifunci\u00f3n B6350.0S | K\u00fcppersbusch Espa\u00f1a\" \/>\n<meta property=\"og:description\" content=\"Sistema \u00d6kotherm\u00ae catalizador del horno 10 funciones 10 programas autom\u00e1ticos Posibilidad de guardar 1 programa como favorito Pantalla TFT de 3,9\u00b4\u00b4\" \/>\n<meta property=\"og:url\" content=\"https:\/\/www.home-kueppersbusch.com\/es-es\/producto\/b6350-0s_121020018\/\" \/>\n<meta property=\"og:site_name\" content=\"K\u00fcppersbusch Espa\u00f1a\" \/>\n<meta name=\"twitter:card\" content=\"summary_large_image\" \/>\n<script type=\"application\/ld+json\" class=\"yoast-schema-graph\">{\"@context\":\"https:\/\/schema.org\",\"@graph\":[{\"@type\":\"WebPage\",\"@id\":\"https:\/\/www.home-kueppersbusch.com\/es-es\/producto\/b6350-0s_121020018\/\",\"url\":\"https:\/\/www.home-kueppersbusch.com\/es-es\/producto\/b6350-0s_121020018\/\",\"name\":\"Horno Multifunci\u00f3n B6350.0S | K\u00fcppersbusch Espa\u00f1a\",\"isPartOf\":{\"@id\":\"https:\/\/www.home-kueppersbusch.com\/es-es\/#website\"},\"datePublished\":\"2026-04-03T17:42:15+00:00\",\"inLanguage\":\"es\",\"potentialAction\":[{\"@type\":\"ReadAction\",\"target\":[\"https:\/\/www.home-kueppersbusch.com\/es-es\/producto\/b6350-0s_121020018\/\"]}]},{\"@type\":\"WebSite\",\"@id\":\"https:\/\/www.home-kueppersbusch.com\/es-es\/#website\",\"url\":\"https:\/\/www.home-kueppersbusch.com\/es-es\/\",\"name\":\"K\u00fcppersbusch Espa\u00f1a\",\"description\":\"\",\"publisher\":{\"@id\":\"https:\/\/www.home-kueppersbusch.com\/es-es\/#organization\"},\"potentialAction\":[{\"@type\":\"SearchAction\",\"target\":{\"@type\":\"EntryPoint\",\"urlTemplate\":\"https:\/\/www.home-kueppersbusch.com\/es-es\/?s={search_term_string}\"},\"query-input\":{\"@type\":\"PropertyValueSpecification\",\"valueRequired\":true,\"valueName\":\"search_term_string\"}}],\"inLanguage\":\"es\"},{\"@type\":\"Organization\",\"@id\":\"https:\/\/www.home-kueppersbusch.com\/es-es\/#organization\",\"name\":\"K\u00fcppersbusch Espa\u00f1a\",\"url\":\"https:\/\/www.home-kueppersbusch.com\/es-es\/\",\"logo\":{\"@type\":\"ImageObject\",\"inLanguage\":\"es\",\"@id\":\"https:\/\/www.home-kueppersbusch.com\/es-es\/#\/schema\/logo\/image\/\",\"url\":\"https:\/\/www.home-kueppersbusch.com\/es-es\/wp-content\/uploads\/sites\/2\/2020\/05\/logo-kuppersbusch.png\",\"contentUrl\":\"https:\/\/www.home-kueppersbusch.com\/es-es\/wp-content\/uploads\/sites\/2\/2020\/05\/logo-kuppersbusch.png\",\"width\":500,\"height\":90,\"caption\":\"K\u00fcppersbusch Espa\u00f1a\"},\"image\":{\"@id\":\"https:\/\/www.home-kueppersbusch.com\/es-es\/#\/schema\/logo\/image\/\"}}]}<\/script>\n<!-- \/ Yoast SEO plugin. -->","yoast_head_json":{"title":"Horno Multifunci\u00f3n B6350.0S | K\u00fcppersbusch Espa\u00f1a","robots":{"index":"index","follow":"follow","max-snippet":"max-snippet:-1","max-image-preview":"max-image-preview:large","max-video-preview":"max-video-preview:-1"},"canonical":"https:\/\/www.home-kueppersbusch.com\/es-es\/producto\/b6350-0s_121020018\/","og_locale":"es_ES","og_type":"article","og_title":"Horno Multifunci\u00f3n B6350.0S | K\u00fcppersbusch Espa\u00f1a","og_description":"Sistema \u00d6kotherm\u00ae catalizador del horno 10 funciones 10 programas autom\u00e1ticos Posibilidad de guardar 1 programa como favorito Pantalla TFT de 3,9\u00b4\u00b4","og_url":"https:\/\/www.home-kueppersbusch.com\/es-es\/producto\/b6350-0s_121020018\/","og_site_name":"K\u00fcppersbusch Espa\u00f1a","twitter_card":"summary_large_image","schema":{"@context":"https:\/\/schema.org","@graph":[{"@type":"WebPage","@id":"https:\/\/www.home-kueppersbusch.com\/es-es\/producto\/b6350-0s_121020018\/","url":"https:\/\/www.home-kueppersbusch.com\/es-es\/producto\/b6350-0s_121020018\/","name":"Horno Multifunci\u00f3n B6350.0S | K\u00fcppersbusch Espa\u00f1a","isPartOf":{"@id":"https:\/\/www.home-kueppersbusch.com\/es-es\/#website"},"datePublished":"2026-04-03T17:42:15+00:00","inLanguage":"es","potentialAction":[{"@type":"ReadAction","target":["https:\/\/www.home-kueppersbusch.com\/es-es\/producto\/b6350-0s_121020018\/"]}]},{"@type":"WebSite","@id":"https:\/\/www.home-kueppersbusch.com\/es-es\/#website","url":"https:\/\/www.home-kueppersbusch.com\/es-es\/","name":"K\u00fcppersbusch Espa\u00f1a","description":"","publisher":{"@id":"https:\/\/www.home-kueppersbusch.com\/es-es\/#organization"},"potentialAction":[{"@type":"SearchAction","target":{"@type":"EntryPoint","urlTemplate":"https:\/\/www.home-kueppersbusch.com\/es-es\/?s={search_term_string}"},"query-input":{"@type":"PropertyValueSpecification","valueRequired":true,"valueName":"search_term_string"}}],"inLanguage":"es"},{"@type":"Organization","@id":"https:\/\/www.home-kueppersbusch.com\/es-es\/#organization","name":"K\u00fcppersbusch Espa\u00f1a","url":"https:\/\/www.home-kueppersbusch.com\/es-es\/","logo":{"@type":"ImageObject","inLanguage":"es","@id":"https:\/\/www.home-kueppersbusch.com\/es-es\/#\/schema\/logo\/image\/","url":"https:\/\/www.home-kueppersbusch.com\/es-es\/wp-content\/uploads\/sites\/2\/2020\/05\/logo-kuppersbusch.png","contentUrl":"https:\/\/www.home-kueppersbusch.com\/es-es\/wp-content\/uploads\/sites\/2\/2020\/05\/logo-kuppersbusch.png","width":500,"height":90,"caption":"K\u00fcppersbusch Espa\u00f1a"},"image":{"@id":"https:\/\/www.home-kueppersbusch.com\/es-es\/#\/schema\/logo\/image\/"}}]}},"_links":{"self":[{"href":"https:\/\/www.home-kueppersbusch.com\/es-es\/wp-json\/wp\/v2\/product\/88908","targetHints":{"allow":["GET"]}}],"collection":[{"href":"https:\/\/www.home-kueppersbusch.com\/es-es\/wp-json\/wp\/v2\/product"}],"about":[{"href":"https:\/\/www.home-kueppersbusch.com\/es-es\/wp-json\/wp\/v2\/types\/product"}],"wp:attachment":[{"href":"https:\/\/www.home-kueppersbusch.com\/es-es\/wp-json\/wp\/v2\/media?parent=88908"}],"wp:term":[{"taxonomy":"product_cat","embeddable":true,"href":"https:\/\/www.home-kueppersbusch.com\/es-es\/wp-json\/wp\/v2\/product_cat?post=88908"},{"taxonomy":"product_edition","embeddable":true,"href":"https:\/\/www.home-kueppersbusch.com\/es-es\/wp-json\/wp\/v2\/product_edition?post=88908"},{"taxonomy":"product_energy_efficiency","embeddable":true,"href":"https:\/\/www.home-kueppersbusch.com\/es-es\/wp-json\/wp\/v2\/product_energy_efficiency?post=88908"}],"curies":[{"name":"wp","href":"https:\/\/api.w.org\/{rel}","templated":true}]}}