{"id":88800,"date":"2026-04-25T09:23:55","date_gmt":"2026-04-25T09:23:55","guid":{"rendered":"https:\/\/www.home-kueppersbusch.com\/es-es\/producto\/kmi9850-0sr_122500019\/"},"modified":"2026-04-13T02:30:34","modified_gmt":"2026-04-13T03:30:34","slug":"kmi9850-0sr_122500019","status":"publish","type":"product","link":"https:\/\/www.home-kueppersbusch.com\/es-es\/producto\/kmi9850-0sr_122500019\/","title":{"rendered":"KMI9850.0SR"},"content":{"rendered":"<ul>\n<li>13 niveles de control de potencia \u00abControl por mandos\u00bb con mandos de acero de alta calidad (incluidos)<\/li>\n<li>3 niveles especiales predefinidos: nivel para derretir aprox. 42\u00b0C, mantenimiento de temperatura aprox. 70\u00b0C, nivel para pasta aprox. 94\u00b0C<\/li>\n<li>Recordatorio de memoria<\/li>\n<li>Funci\u00f3n de puente, la zona de cocci\u00f3n delantera y trasera se pueden unir en una sola zona de cocci\u00f3n.<\/li>\n<li>Fase de cocci\u00f3n Booster autom\u00e1tico<\/li>\n<\/ul>\n","protected":false},"featured_media":0,"parent":0,"template":"","product_cat":[70428],"product_edition":[],"product_energy_efficiency":[70306],"class_list":["post-88800","product","type-product","status-publish","hentry","finishes-70871","finishes-70872","finishes-70873","finishes-70874","finishes-70875","finishes-70876","product_ambient-kitchen-ss-02","product_cat-inducciones-con-campanas","color-black","product_lifestyle-k-series-8","usp-kph-hobs-03","usp-kph-hobs-11","usp-kph-hih-01","usp-kph-hobs-26","usp-kph-hobs-27","product_energy_efficiency-a-icon"],"acf":[],"yoast_head":"<!-- This site is optimized with the Yoast SEO plugin v27.5 - https:\/\/yoast.com\/product\/yoast-seo-wordpress\/ -->\n<title>KMI9850.0SR | K\u00fcppersbusch Espa\u00f1a<\/title>\n<meta name=\"robots\" content=\"index, follow, max-snippet:-1, max-image-preview:large, max-video-preview:-1\" \/>\n<link rel=\"canonical\" href=\"https:\/\/www.home-kueppersbusch.com\/es-es\/producto\/kmi9850-0sr_122500019\/\" \/>\n<meta property=\"og:locale\" content=\"es_ES\" \/>\n<meta property=\"og:type\" content=\"article\" \/>\n<meta property=\"og:title\" content=\"KMI9850.0SR | K\u00fcppersbusch Espa\u00f1a\" \/>\n<meta property=\"og:description\" content=\"13 niveles de control de potencia \u00abControl por mandos\u00bb con mandos de acero de alta calidad (incluidos) 3 niveles especiales predefinidos: nivel para derretir aprox. 42\u00b0C, mantenimiento de temperatura aprox. 70\u00b0C, nivel para pasta aprox. 94\u00b0C Recordatorio de memoria Funci\u00f3n de puente, la zona de cocci\u00f3n delantera y trasera se pueden unir en una sola [&hellip;]\" \/>\n<meta property=\"og:url\" content=\"https:\/\/www.home-kueppersbusch.com\/es-es\/producto\/kmi9850-0sr_122500019\/\" \/>\n<meta property=\"og:site_name\" content=\"K\u00fcppersbusch Espa\u00f1a\" \/>\n<meta name=\"twitter:card\" content=\"summary_large_image\" \/>\n<script type=\"application\/ld+json\" class=\"yoast-schema-graph\">{\"@context\":\"https:\\\/\\\/schema.org\",\"@graph\":[{\"@type\":\"WebPage\",\"@id\":\"https:\\\/\\\/www.home-kueppersbusch.com\\\/es-es\\\/producto\\\/kmi9850-0sr_122500019\\\/\",\"url\":\"https:\\\/\\\/www.home-kueppersbusch.com\\\/es-es\\\/producto\\\/kmi9850-0sr_122500019\\\/\",\"name\":\"KMI9850.0SR | K\u00fcppersbusch Espa\u00f1a\",\"isPartOf\":{\"@id\":\"https:\\\/\\\/www.home-kueppersbusch.com\\\/es-es\\\/#website\"},\"datePublished\":\"2026-04-25T09:23:55+00:00\",\"inLanguage\":\"es\",\"potentialAction\":[{\"@type\":\"ReadAction\",\"target\":[\"https:\\\/\\\/www.home-kueppersbusch.com\\\/es-es\\\/producto\\\/kmi9850-0sr_122500019\\\/\"]}]},{\"@type\":\"WebSite\",\"@id\":\"https:\\\/\\\/www.home-kueppersbusch.com\\\/es-es\\\/#website\",\"url\":\"https:\\\/\\\/www.home-kueppersbusch.com\\\/es-es\\\/\",\"name\":\"K\u00fcppersbusch Espa\u00f1a\",\"description\":\"\",\"publisher\":{\"@id\":\"https:\\\/\\\/www.home-kueppersbusch.com\\\/es-es\\\/#organization\"},\"potentialAction\":[{\"@type\":\"SearchAction\",\"target\":{\"@type\":\"EntryPoint\",\"urlTemplate\":\"https:\\\/\\\/www.home-kueppersbusch.com\\\/es-es\\\/?s={search_term_string}\"},\"query-input\":{\"@type\":\"PropertyValueSpecification\",\"valueRequired\":true,\"valueName\":\"search_term_string\"}}],\"inLanguage\":\"es\"},{\"@type\":\"Organization\",\"@id\":\"https:\\\/\\\/www.home-kueppersbusch.com\\\/es-es\\\/#organization\",\"name\":\"K\u00fcppersbusch Espa\u00f1a\",\"url\":\"https:\\\/\\\/www.home-kueppersbusch.com\\\/es-es\\\/\",\"logo\":{\"@type\":\"ImageObject\",\"inLanguage\":\"es\",\"@id\":\"https:\\\/\\\/www.home-kueppersbusch.com\\\/es-es\\\/#\\\/schema\\\/logo\\\/image\\\/\",\"url\":\"https:\\\/\\\/www.home-kueppersbusch.com\\\/es-es\\\/wp-content\\\/uploads\\\/sites\\\/2\\\/2020\\\/05\\\/logo-kuppersbusch.png\",\"contentUrl\":\"https:\\\/\\\/www.home-kueppersbusch.com\\\/es-es\\\/wp-content\\\/uploads\\\/sites\\\/2\\\/2020\\\/05\\\/logo-kuppersbusch.png\",\"width\":500,\"height\":90,\"caption\":\"K\u00fcppersbusch Espa\u00f1a\"},\"image\":{\"@id\":\"https:\\\/\\\/www.home-kueppersbusch.com\\\/es-es\\\/#\\\/schema\\\/logo\\\/image\\\/\"}}]}<\/script>\n<!-- \/ Yoast SEO plugin. -->","yoast_head_json":{"title":"KMI9850.0SR | K\u00fcppersbusch Espa\u00f1a","robots":{"index":"index","follow":"follow","max-snippet":"max-snippet:-1","max-image-preview":"max-image-preview:large","max-video-preview":"max-video-preview:-1"},"canonical":"https:\/\/www.home-kueppersbusch.com\/es-es\/producto\/kmi9850-0sr_122500019\/","og_locale":"es_ES","og_type":"article","og_title":"KMI9850.0SR | K\u00fcppersbusch Espa\u00f1a","og_description":"13 niveles de control de potencia \u00abControl por mandos\u00bb con mandos de acero de alta calidad (incluidos) 3 niveles especiales predefinidos: nivel para derretir aprox. 42\u00b0C, mantenimiento de temperatura aprox. 70\u00b0C, nivel para pasta aprox. 94\u00b0C Recordatorio de memoria Funci\u00f3n de puente, la zona de cocci\u00f3n delantera y trasera se pueden unir en una sola [&hellip;]","og_url":"https:\/\/www.home-kueppersbusch.com\/es-es\/producto\/kmi9850-0sr_122500019\/","og_site_name":"K\u00fcppersbusch Espa\u00f1a","twitter_card":"summary_large_image","schema":{"@context":"https:\/\/schema.org","@graph":[{"@type":"WebPage","@id":"https:\/\/www.home-kueppersbusch.com\/es-es\/producto\/kmi9850-0sr_122500019\/","url":"https:\/\/www.home-kueppersbusch.com\/es-es\/producto\/kmi9850-0sr_122500019\/","name":"KMI9850.0SR | K\u00fcppersbusch Espa\u00f1a","isPartOf":{"@id":"https:\/\/www.home-kueppersbusch.com\/es-es\/#website"},"datePublished":"2026-04-25T09:23:55+00:00","inLanguage":"es","potentialAction":[{"@type":"ReadAction","target":["https:\/\/www.home-kueppersbusch.com\/es-es\/producto\/kmi9850-0sr_122500019\/"]}]},{"@type":"WebSite","@id":"https:\/\/www.home-kueppersbusch.com\/es-es\/#website","url":"https:\/\/www.home-kueppersbusch.com\/es-es\/","name":"K\u00fcppersbusch Espa\u00f1a","description":"","publisher":{"@id":"https:\/\/www.home-kueppersbusch.com\/es-es\/#organization"},"potentialAction":[{"@type":"SearchAction","target":{"@type":"EntryPoint","urlTemplate":"https:\/\/www.home-kueppersbusch.com\/es-es\/?s={search_term_string}"},"query-input":{"@type":"PropertyValueSpecification","valueRequired":true,"valueName":"search_term_string"}}],"inLanguage":"es"},{"@type":"Organization","@id":"https:\/\/www.home-kueppersbusch.com\/es-es\/#organization","name":"K\u00fcppersbusch Espa\u00f1a","url":"https:\/\/www.home-kueppersbusch.com\/es-es\/","logo":{"@type":"ImageObject","inLanguage":"es","@id":"https:\/\/www.home-kueppersbusch.com\/es-es\/#\/schema\/logo\/image\/","url":"https:\/\/www.home-kueppersbusch.com\/es-es\/wp-content\/uploads\/sites\/2\/2020\/05\/logo-kuppersbusch.png","contentUrl":"https:\/\/www.home-kueppersbusch.com\/es-es\/wp-content\/uploads\/sites\/2\/2020\/05\/logo-kuppersbusch.png","width":500,"height":90,"caption":"K\u00fcppersbusch Espa\u00f1a"},"image":{"@id":"https:\/\/www.home-kueppersbusch.com\/es-es\/#\/schema\/logo\/image\/"}}]}},"_links":{"self":[{"href":"https:\/\/www.home-kueppersbusch.com\/es-es\/wp-json\/wp\/v2\/product\/88800","targetHints":{"allow":["GET"]}}],"collection":[{"href":"https:\/\/www.home-kueppersbusch.com\/es-es\/wp-json\/wp\/v2\/product"}],"about":[{"href":"https:\/\/www.home-kueppersbusch.com\/es-es\/wp-json\/wp\/v2\/types\/product"}],"wp:attachment":[{"href":"https:\/\/www.home-kueppersbusch.com\/es-es\/wp-json\/wp\/v2\/media?parent=88800"}],"wp:term":[{"taxonomy":"product_cat","embeddable":true,"href":"https:\/\/www.home-kueppersbusch.com\/es-es\/wp-json\/wp\/v2\/product_cat?post=88800"},{"taxonomy":"product_edition","embeddable":true,"href":"https:\/\/www.home-kueppersbusch.com\/es-es\/wp-json\/wp\/v2\/product_edition?post=88800"},{"taxonomy":"product_energy_efficiency","embeddable":true,"href":"https:\/\/www.home-kueppersbusch.com\/es-es\/wp-json\/wp\/v2\/product_energy_efficiency?post=88800"}],"curies":[{"name":"wp","href":"https:\/\/api.w.org\/{rel}","templated":true}]}}