{"id":88785,"date":"2026-04-25T09:23:37","date_gmt":"2026-04-25T09:23:37","guid":{"rendered":"https:\/\/www.home-kueppersbusch.com\/es-es\/producto\/ki6520-0wr_122510011\/"},"modified":"2026-03-28T08:02:15","modified_gmt":"2026-03-28T09:02:15","slug":"ki6520-0wr_122510011","status":"publish","type":"product","link":"https:\/\/www.home-kueppersbusch.com\/es-es\/producto\/ki6520-0wr_122510011\/","title":{"rendered":"KI6520.0WR"},"content":{"rendered":"<ul>\n<li>Cristal blanco<\/li>\n<li>11 niveles de control de potencia \u00abControl de selecci\u00f3n\u00bb con pantalla roja<\/li>\n<li>1 nivel especial predefinido: nivel para derretir aprox. 70\u00baC,<\/li>\n<li>Recordatorio de memoria<\/li>\n<li>Funci\u00f3n de puente, las zonas de cocci\u00f3n de la izquierda y la derecha se pueden unir en una sola zona de cocci\u00f3n.<\/li>\n<\/ul>\n","protected":false},"featured_media":0,"parent":0,"template":"","product_cat":[70429],"product_edition":[],"product_energy_efficiency":[],"class_list":["post-88785","product","type-product","status-publish","hentry","product_cat-inducciones","color-white","product_lifestyle-k-series-5","usp-kph-hobs-03","usp-kph-hobs-04","usp-kph-hobs-05"],"acf":[],"yoast_head":"<!-- This site is optimized with the Yoast SEO plugin v27.5 - https:\/\/yoast.com\/product\/yoast-seo-wordpress\/ -->\n<title>Placa inducci\u00f3n 60 cm con 4 zonas de cocci\u00f3n KI6520.0WR | K\u00fcppersbusch Espa\u00f1a<\/title>\n<meta name=\"robots\" content=\"index, follow, max-snippet:-1, max-image-preview:large, max-video-preview:-1\" \/>\n<link rel=\"canonical\" href=\"https:\/\/www.home-kueppersbusch.com\/es-es\/producto\/ki6520-0wr_122510011\/\" \/>\n<meta property=\"og:locale\" content=\"es_ES\" \/>\n<meta property=\"og:type\" content=\"article\" \/>\n<meta property=\"og:title\" content=\"Placa inducci\u00f3n 60 cm con 4 zonas de cocci\u00f3n KI6520.0WR | K\u00fcppersbusch Espa\u00f1a\" \/>\n<meta property=\"og:description\" content=\"Cristal blanco 11 niveles de control de potencia \u00abControl de selecci\u00f3n\u00bb con pantalla roja 1 nivel especial predefinido: nivel para derretir aprox. 70\u00baC, Recordatorio de memoria Funci\u00f3n de puente, las zonas de cocci\u00f3n de la izquierda y la derecha se pueden unir en una sola zona de cocci\u00f3n.\" \/>\n<meta property=\"og:url\" content=\"https:\/\/www.home-kueppersbusch.com\/es-es\/producto\/ki6520-0wr_122510011\/\" \/>\n<meta property=\"og:site_name\" content=\"K\u00fcppersbusch Espa\u00f1a\" \/>\n<meta name=\"twitter:card\" content=\"summary_large_image\" \/>\n<script type=\"application\/ld+json\" class=\"yoast-schema-graph\">{\"@context\":\"https:\\\/\\\/schema.org\",\"@graph\":[{\"@type\":\"WebPage\",\"@id\":\"https:\\\/\\\/www.home-kueppersbusch.com\\\/es-es\\\/producto\\\/ki6520-0wr_122510011\\\/\",\"url\":\"https:\\\/\\\/www.home-kueppersbusch.com\\\/es-es\\\/producto\\\/ki6520-0wr_122510011\\\/\",\"name\":\"Placa inducci\u00f3n 60 cm con 4 zonas de cocci\u00f3n KI6520.0WR | K\u00fcppersbusch Espa\u00f1a\",\"isPartOf\":{\"@id\":\"https:\\\/\\\/www.home-kueppersbusch.com\\\/es-es\\\/#website\"},\"datePublished\":\"2026-04-25T09:23:37+00:00\",\"inLanguage\":\"es\",\"potentialAction\":[{\"@type\":\"ReadAction\",\"target\":[\"https:\\\/\\\/www.home-kueppersbusch.com\\\/es-es\\\/producto\\\/ki6520-0wr_122510011\\\/\"]}]},{\"@type\":\"WebSite\",\"@id\":\"https:\\\/\\\/www.home-kueppersbusch.com\\\/es-es\\\/#website\",\"url\":\"https:\\\/\\\/www.home-kueppersbusch.com\\\/es-es\\\/\",\"name\":\"K\u00fcppersbusch Espa\u00f1a\",\"description\":\"\",\"publisher\":{\"@id\":\"https:\\\/\\\/www.home-kueppersbusch.com\\\/es-es\\\/#organization\"},\"potentialAction\":[{\"@type\":\"SearchAction\",\"target\":{\"@type\":\"EntryPoint\",\"urlTemplate\":\"https:\\\/\\\/www.home-kueppersbusch.com\\\/es-es\\\/?s={search_term_string}\"},\"query-input\":{\"@type\":\"PropertyValueSpecification\",\"valueRequired\":true,\"valueName\":\"search_term_string\"}}],\"inLanguage\":\"es\"},{\"@type\":\"Organization\",\"@id\":\"https:\\\/\\\/www.home-kueppersbusch.com\\\/es-es\\\/#organization\",\"name\":\"K\u00fcppersbusch Espa\u00f1a\",\"url\":\"https:\\\/\\\/www.home-kueppersbusch.com\\\/es-es\\\/\",\"logo\":{\"@type\":\"ImageObject\",\"inLanguage\":\"es\",\"@id\":\"https:\\\/\\\/www.home-kueppersbusch.com\\\/es-es\\\/#\\\/schema\\\/logo\\\/image\\\/\",\"url\":\"https:\\\/\\\/www.home-kueppersbusch.com\\\/es-es\\\/wp-content\\\/uploads\\\/sites\\\/2\\\/2020\\\/05\\\/logo-kuppersbusch.png\",\"contentUrl\":\"https:\\\/\\\/www.home-kueppersbusch.com\\\/es-es\\\/wp-content\\\/uploads\\\/sites\\\/2\\\/2020\\\/05\\\/logo-kuppersbusch.png\",\"width\":500,\"height\":90,\"caption\":\"K\u00fcppersbusch Espa\u00f1a\"},\"image\":{\"@id\":\"https:\\\/\\\/www.home-kueppersbusch.com\\\/es-es\\\/#\\\/schema\\\/logo\\\/image\\\/\"}}]}<\/script>\n<!-- \/ Yoast SEO plugin. -->","yoast_head_json":{"title":"Placa inducci\u00f3n 60 cm con 4 zonas de cocci\u00f3n KI6520.0WR | K\u00fcppersbusch Espa\u00f1a","robots":{"index":"index","follow":"follow","max-snippet":"max-snippet:-1","max-image-preview":"max-image-preview:large","max-video-preview":"max-video-preview:-1"},"canonical":"https:\/\/www.home-kueppersbusch.com\/es-es\/producto\/ki6520-0wr_122510011\/","og_locale":"es_ES","og_type":"article","og_title":"Placa inducci\u00f3n 60 cm con 4 zonas de cocci\u00f3n KI6520.0WR | K\u00fcppersbusch Espa\u00f1a","og_description":"Cristal blanco 11 niveles de control de potencia \u00abControl de selecci\u00f3n\u00bb con pantalla roja 1 nivel especial predefinido: nivel para derretir aprox. 70\u00baC, Recordatorio de memoria Funci\u00f3n de puente, las zonas de cocci\u00f3n de la izquierda y la derecha se pueden unir en una sola zona de cocci\u00f3n.","og_url":"https:\/\/www.home-kueppersbusch.com\/es-es\/producto\/ki6520-0wr_122510011\/","og_site_name":"K\u00fcppersbusch Espa\u00f1a","twitter_card":"summary_large_image","schema":{"@context":"https:\/\/schema.org","@graph":[{"@type":"WebPage","@id":"https:\/\/www.home-kueppersbusch.com\/es-es\/producto\/ki6520-0wr_122510011\/","url":"https:\/\/www.home-kueppersbusch.com\/es-es\/producto\/ki6520-0wr_122510011\/","name":"Placa inducci\u00f3n 60 cm con 4 zonas de cocci\u00f3n KI6520.0WR | K\u00fcppersbusch Espa\u00f1a","isPartOf":{"@id":"https:\/\/www.home-kueppersbusch.com\/es-es\/#website"},"datePublished":"2026-04-25T09:23:37+00:00","inLanguage":"es","potentialAction":[{"@type":"ReadAction","target":["https:\/\/www.home-kueppersbusch.com\/es-es\/producto\/ki6520-0wr_122510011\/"]}]},{"@type":"WebSite","@id":"https:\/\/www.home-kueppersbusch.com\/es-es\/#website","url":"https:\/\/www.home-kueppersbusch.com\/es-es\/","name":"K\u00fcppersbusch Espa\u00f1a","description":"","publisher":{"@id":"https:\/\/www.home-kueppersbusch.com\/es-es\/#organization"},"potentialAction":[{"@type":"SearchAction","target":{"@type":"EntryPoint","urlTemplate":"https:\/\/www.home-kueppersbusch.com\/es-es\/?s={search_term_string}"},"query-input":{"@type":"PropertyValueSpecification","valueRequired":true,"valueName":"search_term_string"}}],"inLanguage":"es"},{"@type":"Organization","@id":"https:\/\/www.home-kueppersbusch.com\/es-es\/#organization","name":"K\u00fcppersbusch Espa\u00f1a","url":"https:\/\/www.home-kueppersbusch.com\/es-es\/","logo":{"@type":"ImageObject","inLanguage":"es","@id":"https:\/\/www.home-kueppersbusch.com\/es-es\/#\/schema\/logo\/image\/","url":"https:\/\/www.home-kueppersbusch.com\/es-es\/wp-content\/uploads\/sites\/2\/2020\/05\/logo-kuppersbusch.png","contentUrl":"https:\/\/www.home-kueppersbusch.com\/es-es\/wp-content\/uploads\/sites\/2\/2020\/05\/logo-kuppersbusch.png","width":500,"height":90,"caption":"K\u00fcppersbusch Espa\u00f1a"},"image":{"@id":"https:\/\/www.home-kueppersbusch.com\/es-es\/#\/schema\/logo\/image\/"}}]}},"_links":{"self":[{"href":"https:\/\/www.home-kueppersbusch.com\/es-es\/wp-json\/wp\/v2\/product\/88785","targetHints":{"allow":["GET"]}}],"collection":[{"href":"https:\/\/www.home-kueppersbusch.com\/es-es\/wp-json\/wp\/v2\/product"}],"about":[{"href":"https:\/\/www.home-kueppersbusch.com\/es-es\/wp-json\/wp\/v2\/types\/product"}],"wp:attachment":[{"href":"https:\/\/www.home-kueppersbusch.com\/es-es\/wp-json\/wp\/v2\/media?parent=88785"}],"wp:term":[{"taxonomy":"product_cat","embeddable":true,"href":"https:\/\/www.home-kueppersbusch.com\/es-es\/wp-json\/wp\/v2\/product_cat?post=88785"},{"taxonomy":"product_edition","embeddable":true,"href":"https:\/\/www.home-kueppersbusch.com\/es-es\/wp-json\/wp\/v2\/product_edition?post=88785"},{"taxonomy":"product_energy_efficiency","embeddable":true,"href":"https:\/\/www.home-kueppersbusch.com\/es-es\/wp-json\/wp\/v2\/product_energy_efficiency?post=88785"}],"curies":[{"name":"wp","href":"https:\/\/api.w.org\/{rel}","templated":true}]}}