{"id":88775,"date":"2026-04-25T09:23:31","date_gmt":"2026-04-25T09:23:31","guid":{"rendered":"https:\/\/www.home-kueppersbusch.com\/es-es\/producto\/lb8650-1e_123110000\/"},"modified":"2026-03-28T08:02:00","modified_gmt":"2026-03-28T09:02:00","slug":"lb8650-1e_123110000","status":"publish","type":"product","link":"https:\/\/www.home-kueppersbusch.com\/es-es\/producto\/lb8650-1e_123110000\/","title":{"rendered":"LB8650.1E"},"content":{"rendered":"<ul>\n<li>Aspiraci\u00f3n perimetral<\/li>\n<li>Funci\u00f3n de desconexi\u00f3n autom\u00e1tica<\/li>\n<li>4 niveles de potencia, incluye el ajuste de alta potencia integrada en la placa<\/li>\n<li>Velocidad de extracci\u00f3n (hacia el exterior) seg\u00fan la norma 2010\/30\/EU: ajuste de potencia normal 598 m\u00b3\/h, ajuste de potencia intensivo 786 m\u00b3\/h<\/li>\n<\/ul>\n","protected":false},"featured_media":0,"parent":0,"template":"","product_cat":[70420],"product_edition":[],"product_energy_efficiency":[70306],"class_list":["post-88775","product","type-product","status-publish","hentry","product_cat-campanas-integradas","color-stainless-steel","product_lifestyle-k-series-7","usp-kph-hoods-03","product_energy_efficiency-a-icon"],"acf":[],"yoast_head":"<!-- This site is optimized with the Yoast SEO plugin v27.5 - https:\/\/yoast.com\/product\/yoast-seo-wordpress\/ -->\n<title>Campana Extractora Integrable LB8650.1E | K\u00fcppersbusch Espa\u00f1a<\/title>\n<meta name=\"description\" content=\"Toda la informaci\u00f3n sobre la Campana extractora de integraci\u00f3n grupo filtrante de 70 cm con aspiraci\u00f3n perimetral en la web oficial de K\u00fcppersbusch Espa\u00f1a.\" \/>\n<meta name=\"robots\" content=\"index, follow, max-snippet:-1, max-image-preview:large, max-video-preview:-1\" \/>\n<link rel=\"canonical\" href=\"https:\/\/www.home-kueppersbusch.com\/es-es\/producto\/lb8650-1e_123110000\/\" \/>\n<meta property=\"og:locale\" content=\"es_ES\" \/>\n<meta property=\"og:type\" content=\"article\" \/>\n<meta property=\"og:title\" content=\"Campana Extractora Integrable LB8650.1E | K\u00fcppersbusch Espa\u00f1a\" \/>\n<meta property=\"og:description\" content=\"Toda la informaci\u00f3n sobre la Campana extractora de integraci\u00f3n grupo filtrante de 70 cm con aspiraci\u00f3n perimetral en la web oficial de K\u00fcppersbusch Espa\u00f1a.\" \/>\n<meta property=\"og:url\" content=\"https:\/\/www.home-kueppersbusch.com\/es-es\/producto\/lb8650-1e_123110000\/\" \/>\n<meta property=\"og:site_name\" content=\"K\u00fcppersbusch Espa\u00f1a\" \/>\n<meta name=\"twitter:card\" content=\"summary_large_image\" \/>\n<script type=\"application\/ld+json\" class=\"yoast-schema-graph\">{\"@context\":\"https:\\\/\\\/schema.org\",\"@graph\":[{\"@type\":\"WebPage\",\"@id\":\"https:\\\/\\\/www.home-kueppersbusch.com\\\/es-es\\\/producto\\\/lb8650-1e_123110000\\\/\",\"url\":\"https:\\\/\\\/www.home-kueppersbusch.com\\\/es-es\\\/producto\\\/lb8650-1e_123110000\\\/\",\"name\":\"Campana Extractora Integrable LB8650.1E | K\u00fcppersbusch Espa\u00f1a\",\"isPartOf\":{\"@id\":\"https:\\\/\\\/www.home-kueppersbusch.com\\\/es-es\\\/#website\"},\"datePublished\":\"2026-04-25T09:23:31+00:00\",\"description\":\"Toda la informaci\u00f3n sobre la Campana extractora de integraci\u00f3n grupo filtrante de 70 cm con aspiraci\u00f3n perimetral en la web oficial de K\u00fcppersbusch Espa\u00f1a.\",\"inLanguage\":\"es\",\"potentialAction\":[{\"@type\":\"ReadAction\",\"target\":[\"https:\\\/\\\/www.home-kueppersbusch.com\\\/es-es\\\/producto\\\/lb8650-1e_123110000\\\/\"]}]},{\"@type\":\"WebSite\",\"@id\":\"https:\\\/\\\/www.home-kueppersbusch.com\\\/es-es\\\/#website\",\"url\":\"https:\\\/\\\/www.home-kueppersbusch.com\\\/es-es\\\/\",\"name\":\"K\u00fcppersbusch Espa\u00f1a\",\"description\":\"\",\"publisher\":{\"@id\":\"https:\\\/\\\/www.home-kueppersbusch.com\\\/es-es\\\/#organization\"},\"potentialAction\":[{\"@type\":\"SearchAction\",\"target\":{\"@type\":\"EntryPoint\",\"urlTemplate\":\"https:\\\/\\\/www.home-kueppersbusch.com\\\/es-es\\\/?s={search_term_string}\"},\"query-input\":{\"@type\":\"PropertyValueSpecification\",\"valueRequired\":true,\"valueName\":\"search_term_string\"}}],\"inLanguage\":\"es\"},{\"@type\":\"Organization\",\"@id\":\"https:\\\/\\\/www.home-kueppersbusch.com\\\/es-es\\\/#organization\",\"name\":\"K\u00fcppersbusch Espa\u00f1a\",\"url\":\"https:\\\/\\\/www.home-kueppersbusch.com\\\/es-es\\\/\",\"logo\":{\"@type\":\"ImageObject\",\"inLanguage\":\"es\",\"@id\":\"https:\\\/\\\/www.home-kueppersbusch.com\\\/es-es\\\/#\\\/schema\\\/logo\\\/image\\\/\",\"url\":\"https:\\\/\\\/www.home-kueppersbusch.com\\\/es-es\\\/wp-content\\\/uploads\\\/sites\\\/2\\\/2020\\\/05\\\/logo-kuppersbusch.png\",\"contentUrl\":\"https:\\\/\\\/www.home-kueppersbusch.com\\\/es-es\\\/wp-content\\\/uploads\\\/sites\\\/2\\\/2020\\\/05\\\/logo-kuppersbusch.png\",\"width\":500,\"height\":90,\"caption\":\"K\u00fcppersbusch Espa\u00f1a\"},\"image\":{\"@id\":\"https:\\\/\\\/www.home-kueppersbusch.com\\\/es-es\\\/#\\\/schema\\\/logo\\\/image\\\/\"}}]}<\/script>\n<!-- \/ Yoast SEO plugin. -->","yoast_head_json":{"title":"Campana Extractora Integrable LB8650.1E | K\u00fcppersbusch Espa\u00f1a","description":"Toda la informaci\u00f3n sobre la Campana extractora de integraci\u00f3n grupo filtrante de 70 cm con aspiraci\u00f3n perimetral en la web oficial de K\u00fcppersbusch Espa\u00f1a.","robots":{"index":"index","follow":"follow","max-snippet":"max-snippet:-1","max-image-preview":"max-image-preview:large","max-video-preview":"max-video-preview:-1"},"canonical":"https:\/\/www.home-kueppersbusch.com\/es-es\/producto\/lb8650-1e_123110000\/","og_locale":"es_ES","og_type":"article","og_title":"Campana Extractora Integrable LB8650.1E | K\u00fcppersbusch Espa\u00f1a","og_description":"Toda la informaci\u00f3n sobre la Campana extractora de integraci\u00f3n grupo filtrante de 70 cm con aspiraci\u00f3n perimetral en la web oficial de K\u00fcppersbusch Espa\u00f1a.","og_url":"https:\/\/www.home-kueppersbusch.com\/es-es\/producto\/lb8650-1e_123110000\/","og_site_name":"K\u00fcppersbusch Espa\u00f1a","twitter_card":"summary_large_image","schema":{"@context":"https:\/\/schema.org","@graph":[{"@type":"WebPage","@id":"https:\/\/www.home-kueppersbusch.com\/es-es\/producto\/lb8650-1e_123110000\/","url":"https:\/\/www.home-kueppersbusch.com\/es-es\/producto\/lb8650-1e_123110000\/","name":"Campana Extractora Integrable LB8650.1E | K\u00fcppersbusch Espa\u00f1a","isPartOf":{"@id":"https:\/\/www.home-kueppersbusch.com\/es-es\/#website"},"datePublished":"2026-04-25T09:23:31+00:00","description":"Toda la informaci\u00f3n sobre la Campana extractora de integraci\u00f3n grupo filtrante de 70 cm con aspiraci\u00f3n perimetral en la web oficial de K\u00fcppersbusch Espa\u00f1a.","inLanguage":"es","potentialAction":[{"@type":"ReadAction","target":["https:\/\/www.home-kueppersbusch.com\/es-es\/producto\/lb8650-1e_123110000\/"]}]},{"@type":"WebSite","@id":"https:\/\/www.home-kueppersbusch.com\/es-es\/#website","url":"https:\/\/www.home-kueppersbusch.com\/es-es\/","name":"K\u00fcppersbusch Espa\u00f1a","description":"","publisher":{"@id":"https:\/\/www.home-kueppersbusch.com\/es-es\/#organization"},"potentialAction":[{"@type":"SearchAction","target":{"@type":"EntryPoint","urlTemplate":"https:\/\/www.home-kueppersbusch.com\/es-es\/?s={search_term_string}"},"query-input":{"@type":"PropertyValueSpecification","valueRequired":true,"valueName":"search_term_string"}}],"inLanguage":"es"},{"@type":"Organization","@id":"https:\/\/www.home-kueppersbusch.com\/es-es\/#organization","name":"K\u00fcppersbusch Espa\u00f1a","url":"https:\/\/www.home-kueppersbusch.com\/es-es\/","logo":{"@type":"ImageObject","inLanguage":"es","@id":"https:\/\/www.home-kueppersbusch.com\/es-es\/#\/schema\/logo\/image\/","url":"https:\/\/www.home-kueppersbusch.com\/es-es\/wp-content\/uploads\/sites\/2\/2020\/05\/logo-kuppersbusch.png","contentUrl":"https:\/\/www.home-kueppersbusch.com\/es-es\/wp-content\/uploads\/sites\/2\/2020\/05\/logo-kuppersbusch.png","width":500,"height":90,"caption":"K\u00fcppersbusch Espa\u00f1a"},"image":{"@id":"https:\/\/www.home-kueppersbusch.com\/es-es\/#\/schema\/logo\/image\/"}}]}},"_links":{"self":[{"href":"https:\/\/www.home-kueppersbusch.com\/es-es\/wp-json\/wp\/v2\/product\/88775","targetHints":{"allow":["GET"]}}],"collection":[{"href":"https:\/\/www.home-kueppersbusch.com\/es-es\/wp-json\/wp\/v2\/product"}],"about":[{"href":"https:\/\/www.home-kueppersbusch.com\/es-es\/wp-json\/wp\/v2\/types\/product"}],"wp:attachment":[{"href":"https:\/\/www.home-kueppersbusch.com\/es-es\/wp-json\/wp\/v2\/media?parent=88775"}],"wp:term":[{"taxonomy":"product_cat","embeddable":true,"href":"https:\/\/www.home-kueppersbusch.com\/es-es\/wp-json\/wp\/v2\/product_cat?post=88775"},{"taxonomy":"product_edition","embeddable":true,"href":"https:\/\/www.home-kueppersbusch.com\/es-es\/wp-json\/wp\/v2\/product_edition?post=88775"},{"taxonomy":"product_energy_efficiency","embeddable":true,"href":"https:\/\/www.home-kueppersbusch.com\/es-es\/wp-json\/wp\/v2\/product_energy_efficiency?post=88775"}],"curies":[{"name":"wp","href":"https:\/\/api.w.org\/{rel}","templated":true}]}}