{"id":5175,"date":"2018-07-31T09:22:28","date_gmt":"2018-07-31T07:22:28","guid":{"rendered":"http:\/\/teka.com\/?page_id=5175"},"modified":"2022-07-06T11:47:12","modified_gmt":"2022-07-06T09:47:12","slug":"aviso-legal","status":"publish","type":"page","link":"https:\/\/www.home-kueppersbusch.com\/es-es\/aviso-legal\/","title":{"rendered":"Aviso Legal"},"content":{"rendered":"<p>[et_pb_section fb_built=\u00bb1&#8243; _builder_version=\u00bb4.9.4&#8243; background_color=\u00bb#000000&#8243;][et_pb_row _builder_version=\u00bb4.9.4&#8243; background_color=\u00bb#000000&#8243; background_size=\u00bbinitial\u00bb background_position=\u00bbtop_left\u00bb background_repeat=\u00bbrepeat\u00bb][et_pb_column type=\u00bb4_4&#8243; _builder_version=\u00bb4.9.4&#8243; custom_padding=\u00bb|||\u00bb custom_padding__hover=\u00bb|||\u00bb][et_pb_text _builder_version=\u00bb4.9.4&#8243; text_font=\u00bbRoboto||||||||\u00bb text_text_color=\u00bb#FFFFFF\u00bb background_color=\u00bb#000000&#8243; vertical_offset_tablet=\u00bb0&#8243; horizontal_offset_tablet=\u00bb0&#8243; z_index_tablet=\u00bb0&#8243; text_text_shadow_horizontal_length_tablet=\u00bb0px\u00bb text_text_shadow_vertical_length_tablet=\u00bb0px\u00bb text_text_shadow_blur_strength_tablet=\u00bb1px\u00bb link_text_shadow_horizontal_length_tablet=\u00bb0px\u00bb link_text_shadow_vertical_length_tablet=\u00bb0px\u00bb link_text_shadow_blur_strength_tablet=\u00bb1px\u00bb ul_text_shadow_horizontal_length_tablet=\u00bb0px\u00bb ul_text_shadow_vertical_length_tablet=\u00bb0px\u00bb ul_text_shadow_blur_strength_tablet=\u00bb1px\u00bb ol_text_shadow_horizontal_length_tablet=\u00bb0px\u00bb ol_text_shadow_vertical_length_tablet=\u00bb0px\u00bb ol_text_shadow_blur_strength_tablet=\u00bb1px\u00bb quote_text_shadow_horizontal_length_tablet=\u00bb0px\u00bb quote_text_shadow_vertical_length_tablet=\u00bb0px\u00bb quote_text_shadow_blur_strength_tablet=\u00bb1px\u00bb header_text_shadow_horizontal_length_tablet=\u00bb0px\u00bb header_text_shadow_vertical_length_tablet=\u00bb0px\u00bb header_text_shadow_blur_strength_tablet=\u00bb1px\u00bb header_2_text_shadow_horizontal_length_tablet=\u00bb0px\u00bb header_2_text_shadow_vertical_length_tablet=\u00bb0px\u00bb header_2_text_shadow_blur_strength_tablet=\u00bb1px\u00bb header_3_text_shadow_horizontal_length_tablet=\u00bb0px\u00bb header_3_text_shadow_vertical_length_tablet=\u00bb0px\u00bb header_3_text_shadow_blur_strength_tablet=\u00bb1px\u00bb header_4_text_shadow_horizontal_length_tablet=\u00bb0px\u00bb header_4_text_shadow_vertical_length_tablet=\u00bb0px\u00bb header_4_text_shadow_blur_strength_tablet=\u00bb1px\u00bb header_5_text_shadow_horizontal_length_tablet=\u00bb0px\u00bb header_5_text_shadow_vertical_length_tablet=\u00bb0px\u00bb header_5_text_shadow_blur_strength_tablet=\u00bb1px\u00bb header_6_text_shadow_horizontal_length_tablet=\u00bb0px\u00bb header_6_text_shadow_vertical_length_tablet=\u00bb0px\u00bb header_6_text_shadow_blur_strength_tablet=\u00bb1px\u00bb box_shadow_horizontal_tablet=\u00bb0px\u00bb box_shadow_vertical_tablet=\u00bb0px\u00bb box_shadow_blur_tablet=\u00bb40px\u00bb box_shadow_spread_tablet=\u00bb0px\u00bb]<\/p>\n<h1>AVISO LEGAL<\/h1>\n<p><\/p>\n<h3><span style=\"font-weight: 300\">T\u00c9RMINOS Y CONDICIONES GENERALES DE USO<\/span><\/p>\n<h3>&nbsp;<\/p>\n<h3><span style=\"font-weight: 300\">1-.<\/span>DATOS IDENTIFICATIVOS<\/h3>\n<p><span style=\"font-weight: 400\">En cumplimiento con el deber de informaci\u00f3n recogido en art\u00edculo 10 de la Ley 34\/2002, de 11 de julio, de Servicios de la Sociedad de la Informaci\u00f3n y de Comercio Electr\u00f3nico, se informa a los usuarios que la empresa titular de este sitio web es la sociedad mercantil TEKA INDUSTRIAL, S.A., provista de CIF n\u00fam. A-39004932, con domicilio a estos efectos, en Calle Cajo 17, de localidad de Santander (39011 Santander, Espa\u00f1a). La empresa se encuentra inscrita en el Registro Mercantil de Cantabria, al Tomo 453, Folio 163, Hoja n\u00famero 2152, inscripci\u00f3n 1\u00aa. Los usuarios del presente sitio web podr\u00e1n establecer una comunicaci\u00f3n directa y efectiva con TEKA INDUSTRIAL, S.A. mediante comunicaci\u00f3n escrita remitida al domicilio antes indicado y\/o trav\u00e9s del n\u00famero de tel\u00e9fono 942 355 050, del n\u00famero de fax 942 344 588 y \/ o de la direcci\u00f3n de correo electr\u00f3nico: mail@teka.com.<\/span><\/p>\n<p>&nbsp;<\/p>\n<h3><span style=\"font-weight: 300\">2-.<\/span> OBJETO<\/h3>\n<p><span style=\"font-weight: 400\">Las Condiciones Generales incorporadas en el presente documento regulan el uso (incluyendo el mero acceso) del sitio web, incluidos los contenidos y recursos puestos a disposici\u00f3n del usuario a trav\u00e9s de \u00e9ste. Toda persona que utilice este sitio web tendr\u00e1 la condici\u00f3n de usuario y acepta someterse a las Condiciones Generales vigentes en cada momento en que acceda al mismo. En consecuencia, el usuario deber\u00e1 leer con atenci\u00f3n las Condiciones Generales cada vez que se proponga utilizar este sitio web. <\/span><b>Si el usuario no est\u00e1 de acuerdo con cualquiera de las condiciones aqu\u00ed establecidas deber\u00e1 abstenerse de usar este sitio web.<\/b><\/p>\n<p><span style=\"font-weight: 400\">Sin perjuicio de lo anterior, la utilizaci\u00f3n de determinados servicios y contenidos ofrecidos a los usuarios a trav\u00e9s de este sitio web se regular\u00e1n de forma espec\u00edfica o particular a trav\u00e9s de Condiciones Particulares. En ese caso, las Condiciones Particulares prevalecer\u00e1n sobre estas Condiciones Generales, en todo aquello que expresamente complementen o modifiquen las Condiciones Generales. El usuario deber\u00e1 leer y aceptar aqu\u00e9llas cuando pretenda acceder a estos servicios y contenidos. Este sitio web no constituye una fuente de asesoramiento ni un medio para contratar online con <\/span><b>TEKA INDUSTRIAL, S.A.<\/b><\/p>\n<p>&nbsp;<\/p>\n<h3><span style=\"font-weight: 300\">3-.<\/span> USO DEL SITIO WEB<\/h3>\n<p><span style=\"font-weight: 400\">El usuario es consciente y acepta voluntaria y expresamente que el uso de este sitio web se realiza en todo caso bajo su \u00fanica y exclusiva responsabilidad.<\/span><\/p>\n<p><span style=\"font-weight: 400\">En la utilizaci\u00f3n del sitio web, el usuario se compromete a la correcta utilizaci\u00f3n del mismo y sus servicios y\/o utilidades, todo ello de conformidad con la ley, estas <\/span><b>Condiciones Generales<\/b><span style=\"font-weight: 400\"> y, en su caso, con las correspondientes Condiciones Particulares, as\u00ed como aquellas otras instrucciones espec\u00edficas que se le indiquen al usuario en la pantalla durante la navegaci\u00f3n. El usuario se obliga al uso exclusivo del sitio web y de todos sus elementos y\/o contenidos de buena fe y para fines l\u00edcitos y no prohibidos, que no infrinjan la legalidad vigente y\/o puedan resultar lesivos de los derechos leg\u00edtimos de o de cualquier tercero o que, de cualquier forma, puedan da\u00f1ar, inutilizar, sobrecargar, deteriorar o impedir la normal utilizaci\u00f3n del sitio web, los equipos inform\u00e1ticos o los documentos, archivos y toda clase de contenidos almacenados en cualquier equipo inform\u00e1tico de <\/span><b>TEKA INDUSTRIAL, S.A.<\/b><span style=\"font-weight: 400\"> o de otros usuarios del sitio web o de cualquier usuario de Internet.<\/span><\/p>\n<p><span style=\"font-weight: 400\">El usuario y, en general, cualquier persona f\u00edsica o jur\u00eddica que se proponga establecer un hiperenlace o dispositivo t\u00e9cnico de enlace desde su sitio web a \u00e9ste, debe saber que estar\u00e1 sometido a las siguientes condiciones:<\/span><\/p>\n<ul>\n<li style=\"font-weight: 400\"><span style=\"font-weight: 400\">No se permite la reproducci\u00f3n ni total ni parcial de ninguno de los recursos ni contenidos del sitio web de TEKA INDUSTRIAL, S.A.<\/span><\/li>\n<li style=\"font-weight: 400\"><span style=\"font-weight: 400\">Se proh\u00edben los deep-links con las p\u00e1ginas del sitio web y de sus recursos y la creaci\u00f3n un browser o un border enviroment sobre las mismas.<\/span><\/li>\n<li style=\"font-weight: 400\"><span style=\"font-weight: 400\">No se declarar\u00e1 ni dar\u00e1 a entender que TEKA INDUSTRIAL, S.A. ha supervisado o asumido de cualquier forma los contenidos o servicios ofrecidos o anunciados en el sitio web en el que se establece el enlace.<\/span><\/li>\n<li style=\"font-weight: 400\"><span style=\"font-weight: 400\">La p\u00e1gina web en la que se establezca el hiperenlace no deber\u00e1 contener ninguna marca, nombre comercial, r\u00f3tulo de establecimiento, denominaci\u00f3n, logotipo, eslogan u otros signos distintivos pertenecientes a TEKA INDUSTRIAL, S.A.<\/span><\/li>\n<li style=\"font-weight: 400\"><span style=\"font-weight: 400\">El sitio web en el que se establezca el enlace no contendr\u00e1 informaciones o contenidos il\u00edcitos, contrarios a la moral y buenas costumbres generalmente aceptadas y al orden p\u00fablico, o contrarios a cualesquiera derechos de terceros.<\/span><\/li>\n<\/ul>\n<p><span style=\"font-weight: 400\">El establecimiento del hiperenlace no implica en ning\u00fan caso la existencia de relaciones entre TEKA INDUSTRIAL, S.A. y el titular del sitio web en la que se establezca el hiperenlace, ni la aceptaci\u00f3n o aprobaci\u00f3n por parte de TEKA INDUSTRIAL, S.A. de sus contenidos o servicios, de los que no se hace responsable. En todo caso, TEKA INDUSTRIAL, S.A. se reserva el derecho de prohibir o inutilizar en cualquier momento cualquier hiperenlace a este sitio web, especialmente en los supuestos de ilicitud de la actividad o contenidos del sitio web en el que se incluye el hiperenlace. TEKA INDUSTRIAL, S.A. podr\u00e1 poner a disposici\u00f3n del usuario, \u00fanicamente para la b\u00fasqueda de, y acceso a, la informaci\u00f3n, contenidos y servicios disponibles en Internet, hiperenlaces o dispositivos t\u00e9cnicos de enlace que permitan al usuario el acceso a sitios o portales de Internet pertenecientes o gestionados por terceros.<\/span><\/p>\n<p><b>TEKA INDUSTRIAL, S.A.<\/b><span style=\"font-weight: 400\"> en estos casos, no estar\u00e1 ofreciendo ni comercializando por s\u00ed ni por medio de terceros la informaci\u00f3n, contenidos y servicios disponibles en los sitios enlazados, ni ello conllevar\u00e1 que apruebe, supervise o controle, en modo alguno, los contenidos y servicios y cualquier material de cualquier naturaleza existente en los mismos, asumiendo el usuario de manera exclusiva toda la responsabilidad de la navegaci\u00f3n que lleve a cabo a trav\u00e9s de los mismos.<\/span><\/p>\n<p>[\/et_pb_text][\/et_pb_column][\/et_pb_row][\/et_pb_section]<\/p>\n","protected":false},"excerpt":{"rendered":"<p>AVISO LEGAL T\u00c9RMINOS Y CONDICIONES GENERALES DE USO&nbsp; 1-.DATOS IDENTIFICATIVOS En cumplimiento con el deber de informaci\u00f3n recogido en art\u00edculo 10 de la Ley 34\/2002, de 11 de julio, de Servicios de la Sociedad de la Informaci\u00f3n y de Comercio Electr\u00f3nico, se informa a los usuarios que la empresa titular de este sitio web es [&hellip;]<\/p>\n","protected":false},"author":6,"featured_media":0,"parent":0,"menu_order":0,"comment_status":"closed","ping_status":"closed","template":"tp-legal-notice.php","meta":{"_acf_changed":false,"_et_pb_use_builder":"on","_et_pb_old_content":"","_et_gb_content_width":"","footnotes":""},"class_list":["post-5175","page","type-page","status-publish","hentry"],"acf":[],"yoast_head":"<!-- This site is optimized with the Yoast SEO plugin v27.5 - https:\/\/yoast.com\/product\/yoast-seo-wordpress\/ -->\n<title>T\u00e9rminos y Condiciones Generales de Uso | K\u00fcppersbusch Espa\u00f1a<\/title>\n<meta name=\"description\" content=\"T\u00e9rminos y condiciones generales de uso de la Web https:\/\/www.home-kueppersbusch.com\/es-es\/\" \/>\n<meta name=\"robots\" content=\"index, follow, max-snippet:-1, max-image-preview:large, max-video-preview:-1\" \/>\n<link rel=\"canonical\" href=\"https:\/\/www.home-kueppersbusch.com\/es-es\/aviso-legal\/\" \/>\n<meta property=\"og:locale\" content=\"es_ES\" \/>\n<meta property=\"og:type\" content=\"article\" \/>\n<meta property=\"og:title\" content=\"T\u00e9rminos y Condiciones Generales de Uso | K\u00fcppersbusch Espa\u00f1a\" \/>\n<meta property=\"og:description\" content=\"T\u00e9rminos y condiciones generales de uso de la Web https:\/\/www.home-kueppersbusch.com\/es-es\/\" \/>\n<meta property=\"og:url\" content=\"https:\/\/www.home-kueppersbusch.com\/es-es\/aviso-legal\/\" \/>\n<meta property=\"og:site_name\" content=\"K\u00fcppersbusch Espa\u00f1a\" \/>\n<meta property=\"article:modified_time\" content=\"2022-07-06T09:47:12+00:00\" \/>\n<meta name=\"twitter:card\" content=\"summary_large_image\" \/>\n<meta name=\"twitter:label1\" content=\"Tiempo de lectura\" \/>\n\t<meta name=\"twitter:data1\" content=\"7 minutos\" \/>\n<script type=\"application\/ld+json\" class=\"yoast-schema-graph\">{\"@context\":\"https:\\\/\\\/schema.org\",\"@graph\":[{\"@type\":\"WebPage\",\"@id\":\"https:\\\/\\\/www.home-kueppersbusch.com\\\/es-es\\\/aviso-legal\\\/\",\"url\":\"https:\\\/\\\/www.home-kueppersbusch.com\\\/es-es\\\/aviso-legal\\\/\",\"name\":\"T\u00e9rminos y Condiciones Generales de Uso | K\u00fcppersbusch Espa\u00f1a\",\"isPartOf\":{\"@id\":\"https:\\\/\\\/www.home-kueppersbusch.com\\\/es-es\\\/#website\"},\"datePublished\":\"2018-07-31T07:22:28+00:00\",\"dateModified\":\"2022-07-06T09:47:12+00:00\",\"description\":\"T\u00e9rminos y condiciones generales de uso de la Web https:\\\/\\\/www.home-kueppersbusch.com\\\/es-es\\\/\",\"inLanguage\":\"es\",\"potentialAction\":[{\"@type\":\"ReadAction\",\"target\":[\"https:\\\/\\\/www.home-kueppersbusch.com\\\/es-es\\\/aviso-legal\\\/\"]}]},{\"@type\":\"WebSite\",\"@id\":\"https:\\\/\\\/www.home-kueppersbusch.com\\\/es-es\\\/#website\",\"url\":\"https:\\\/\\\/www.home-kueppersbusch.com\\\/es-es\\\/\",\"name\":\"K\u00fcppersbusch Espa\u00f1a\",\"description\":\"\",\"publisher\":{\"@id\":\"https:\\\/\\\/www.home-kueppersbusch.com\\\/es-es\\\/#organization\"},\"potentialAction\":[{\"@type\":\"SearchAction\",\"target\":{\"@type\":\"EntryPoint\",\"urlTemplate\":\"https:\\\/\\\/www.home-kueppersbusch.com\\\/es-es\\\/?s={search_term_string}\"},\"query-input\":{\"@type\":\"PropertyValueSpecification\",\"valueRequired\":true,\"valueName\":\"search_term_string\"}}],\"inLanguage\":\"es\"},{\"@type\":\"Organization\",\"@id\":\"https:\\\/\\\/www.home-kueppersbusch.com\\\/es-es\\\/#organization\",\"name\":\"K\u00fcppersbusch Espa\u00f1a\",\"url\":\"https:\\\/\\\/www.home-kueppersbusch.com\\\/es-es\\\/\",\"logo\":{\"@type\":\"ImageObject\",\"inLanguage\":\"es\",\"@id\":\"https:\\\/\\\/www.home-kueppersbusch.com\\\/es-es\\\/#\\\/schema\\\/logo\\\/image\\\/\",\"url\":\"https:\\\/\\\/www.home-kueppersbusch.com\\\/es-es\\\/wp-content\\\/uploads\\\/sites\\\/2\\\/2020\\\/05\\\/logo-kuppersbusch.png\",\"contentUrl\":\"https:\\\/\\\/www.home-kueppersbusch.com\\\/es-es\\\/wp-content\\\/uploads\\\/sites\\\/2\\\/2020\\\/05\\\/logo-kuppersbusch.png\",\"width\":500,\"height\":90,\"caption\":\"K\u00fcppersbusch Espa\u00f1a\"},\"image\":{\"@id\":\"https:\\\/\\\/www.home-kueppersbusch.com\\\/es-es\\\/#\\\/schema\\\/logo\\\/image\\\/\"}}]}<\/script>\n<!-- \/ Yoast SEO plugin. -->","yoast_head_json":{"title":"T\u00e9rminos y Condiciones Generales de Uso | K\u00fcppersbusch Espa\u00f1a","description":"T\u00e9rminos y condiciones generales de uso de la Web https:\/\/www.home-kueppersbusch.com\/es-es\/","robots":{"index":"index","follow":"follow","max-snippet":"max-snippet:-1","max-image-preview":"max-image-preview:large","max-video-preview":"max-video-preview:-1"},"canonical":"https:\/\/www.home-kueppersbusch.com\/es-es\/aviso-legal\/","og_locale":"es_ES","og_type":"article","og_title":"T\u00e9rminos y Condiciones Generales de Uso | K\u00fcppersbusch Espa\u00f1a","og_description":"T\u00e9rminos y condiciones generales de uso de la Web https:\/\/www.home-kueppersbusch.com\/es-es\/","og_url":"https:\/\/www.home-kueppersbusch.com\/es-es\/aviso-legal\/","og_site_name":"K\u00fcppersbusch Espa\u00f1a","article_modified_time":"2022-07-06T09:47:12+00:00","twitter_card":"summary_large_image","twitter_misc":{"Tiempo de lectura":"7 minutos"},"schema":{"@context":"https:\/\/schema.org","@graph":[{"@type":"WebPage","@id":"https:\/\/www.home-kueppersbusch.com\/es-es\/aviso-legal\/","url":"https:\/\/www.home-kueppersbusch.com\/es-es\/aviso-legal\/","name":"T\u00e9rminos y Condiciones Generales de Uso | K\u00fcppersbusch Espa\u00f1a","isPartOf":{"@id":"https:\/\/www.home-kueppersbusch.com\/es-es\/#website"},"datePublished":"2018-07-31T07:22:28+00:00","dateModified":"2022-07-06T09:47:12+00:00","description":"T\u00e9rminos y condiciones generales de uso de la Web https:\/\/www.home-kueppersbusch.com\/es-es\/","inLanguage":"es","potentialAction":[{"@type":"ReadAction","target":["https:\/\/www.home-kueppersbusch.com\/es-es\/aviso-legal\/"]}]},{"@type":"WebSite","@id":"https:\/\/www.home-kueppersbusch.com\/es-es\/#website","url":"https:\/\/www.home-kueppersbusch.com\/es-es\/","name":"K\u00fcppersbusch Espa\u00f1a","description":"","publisher":{"@id":"https:\/\/www.home-kueppersbusch.com\/es-es\/#organization"},"potentialAction":[{"@type":"SearchAction","target":{"@type":"EntryPoint","urlTemplate":"https:\/\/www.home-kueppersbusch.com\/es-es\/?s={search_term_string}"},"query-input":{"@type":"PropertyValueSpecification","valueRequired":true,"valueName":"search_term_string"}}],"inLanguage":"es"},{"@type":"Organization","@id":"https:\/\/www.home-kueppersbusch.com\/es-es\/#organization","name":"K\u00fcppersbusch Espa\u00f1a","url":"https:\/\/www.home-kueppersbusch.com\/es-es\/","logo":{"@type":"ImageObject","inLanguage":"es","@id":"https:\/\/www.home-kueppersbusch.com\/es-es\/#\/schema\/logo\/image\/","url":"https:\/\/www.home-kueppersbusch.com\/es-es\/wp-content\/uploads\/sites\/2\/2020\/05\/logo-kuppersbusch.png","contentUrl":"https:\/\/www.home-kueppersbusch.com\/es-es\/wp-content\/uploads\/sites\/2\/2020\/05\/logo-kuppersbusch.png","width":500,"height":90,"caption":"K\u00fcppersbusch Espa\u00f1a"},"image":{"@id":"https:\/\/www.home-kueppersbusch.com\/es-es\/#\/schema\/logo\/image\/"}}]}},"_links":{"self":[{"href":"https:\/\/www.home-kueppersbusch.com\/es-es\/wp-json\/wp\/v2\/pages\/5175","targetHints":{"allow":["GET"]}}],"collection":[{"href":"https:\/\/www.home-kueppersbusch.com\/es-es\/wp-json\/wp\/v2\/pages"}],"about":[{"href":"https:\/\/www.home-kueppersbusch.com\/es-es\/wp-json\/wp\/v2\/types\/page"}],"author":[{"embeddable":true,"href":"https:\/\/www.home-kueppersbusch.com\/es-es\/wp-json\/wp\/v2\/users\/6"}],"replies":[{"embeddable":true,"href":"https:\/\/www.home-kueppersbusch.com\/es-es\/wp-json\/wp\/v2\/comments?post=5175"}],"version-history":[{"count":31,"href":"https:\/\/www.home-kueppersbusch.com\/es-es\/wp-json\/wp\/v2\/pages\/5175\/revisions"}],"predecessor-version":[{"id":89361,"href":"https:\/\/www.home-kueppersbusch.com\/es-es\/wp-json\/wp\/v2\/pages\/5175\/revisions\/89361"}],"wp:attachment":[{"href":"https:\/\/www.home-kueppersbusch.com\/es-es\/wp-json\/wp\/v2\/media?parent=5175"}],"curies":[{"name":"wp","href":"https:\/\/api.w.org\/{rel}","templated":true}]}}