{"id":75491,"date":"2026-04-03T17:44:04","date_gmt":"2026-04-03T17:44:04","guid":{"rendered":"https:\/\/teka.com\/en-int\/cbm6350-0s_121170019"},"modified":"2026-03-28T08:08:49","modified_gmt":"2026-03-28T09:08:49","slug":"cbm6350-0s_121170019","status":"publish","type":"product","link":"https:\/\/www.home-kueppersbusch.com\/dk-dk\/product\/cbm6350-0s_121170019\/","title":{"rendered":"CBM6350.0S"},"content":{"rendered":"<ul>\n<li>Ingen ubehagelige lugte, takket v\u00e6re den unikke \u00f6kotherm\u00ae-katalysator<\/li>\n<li>Mulighed for personlige designvalg med Individual Concept Design<\/li>\n<li>Fuld overblik og hurtig adgang med TFT-displayet<\/li>\n<li>Nem betjening med drejeknapper i aluminium af h\u00f8j kvalitet<\/li>\n<\/ul>\n","protected":false},"featured_media":0,"parent":0,"template":"","product_cat":[9293,9291],"product_edition":[],"product_energy_efficiency":[],"class_list":["post-75491","product","type-product","status-publish","hentry","product_cat-ovne-med-mikrobolgeovn","product_cat-kompakte-ovne","color-black","product_lifestyle-k-series-3","usp-kph-individual-01","usp-kph-ovens-03","usp-kph-ovens-04","usp-kph-ovens-06","usp-kph-ovens-09","usp-kph-ovens-10"],"acf":[],"yoast_head":"<!-- This site is optimized with the Yoast SEO plugin v27.2 - https:\/\/yoast.com\/product\/yoast-seo-wordpress\/ -->\n<title>CBM6350.0S | K\u00fcppersbusch Danmark<\/title>\n<meta name=\"robots\" content=\"index, follow, max-snippet:-1, max-image-preview:large, max-video-preview:-1\" \/>\n<link rel=\"canonical\" href=\"https:\/\/www.home-kueppersbusch.com\/dk-dk\/product\/cbm6350-0s_121170019\/\" \/>\n<meta property=\"og:locale\" content=\"da_DK\" \/>\n<meta property=\"og:type\" content=\"article\" \/>\n<meta property=\"og:title\" content=\"CBM6350.0S | K\u00fcppersbusch Danmark\" \/>\n<meta property=\"og:description\" content=\"Ingen ubehagelige lugte, takket v\u00e6re den unikke \u00f6kotherm\u00ae-katalysator Mulighed for personlige designvalg med Individual Concept Design Fuld overblik og hurtig adgang med TFT-displayet Nem betjening med drejeknapper i aluminium af h\u00f8j kvalitet\" \/>\n<meta property=\"og:url\" content=\"https:\/\/www.home-kueppersbusch.com\/dk-dk\/product\/cbm6350-0s_121170019\/\" \/>\n<meta property=\"og:site_name\" content=\"K\u00fcppersbusch Danmark\" \/>\n<meta name=\"twitter:card\" content=\"summary_large_image\" \/>\n<script type=\"application\/ld+json\" class=\"yoast-schema-graph\">{\"@context\":\"https:\/\/schema.org\",\"@graph\":[{\"@type\":\"WebPage\",\"@id\":\"https:\/\/www.home-kueppersbusch.com\/dk-dk\/product\/cbm6350-0s_121170019\/\",\"url\":\"https:\/\/www.home-kueppersbusch.com\/dk-dk\/product\/cbm6350-0s_121170019\/\",\"name\":\"CBM6350.0S | K\u00fcppersbusch Danmark\",\"isPartOf\":{\"@id\":\"https:\/\/www.home-kueppersbusch.com\/dk-dk\/#website\"},\"datePublished\":\"2026-04-03T17:44:04+00:00\",\"inLanguage\":\"da-DK\",\"potentialAction\":[{\"@type\":\"ReadAction\",\"target\":[\"https:\/\/www.home-kueppersbusch.com\/dk-dk\/product\/cbm6350-0s_121170019\/\"]}]},{\"@type\":\"WebSite\",\"@id\":\"https:\/\/www.home-kueppersbusch.com\/dk-dk\/#website\",\"url\":\"https:\/\/www.home-kueppersbusch.com\/dk-dk\/\",\"name\":\"K\u00fcppersbusch Danmark\",\"description\":\"\",\"potentialAction\":[{\"@type\":\"SearchAction\",\"target\":{\"@type\":\"EntryPoint\",\"urlTemplate\":\"https:\/\/www.home-kueppersbusch.com\/dk-dk\/?s={search_term_string}\"},\"query-input\":{\"@type\":\"PropertyValueSpecification\",\"valueRequired\":true,\"valueName\":\"search_term_string\"}}],\"inLanguage\":\"da-DK\"}]}<\/script>\n<!-- \/ Yoast SEO plugin. -->","yoast_head_json":{"title":"CBM6350.0S | K\u00fcppersbusch Danmark","robots":{"index":"index","follow":"follow","max-snippet":"max-snippet:-1","max-image-preview":"max-image-preview:large","max-video-preview":"max-video-preview:-1"},"canonical":"https:\/\/www.home-kueppersbusch.com\/dk-dk\/product\/cbm6350-0s_121170019\/","og_locale":"da_DK","og_type":"article","og_title":"CBM6350.0S | K\u00fcppersbusch Danmark","og_description":"Ingen ubehagelige lugte, takket v\u00e6re den unikke \u00f6kotherm\u00ae-katalysator Mulighed for personlige designvalg med Individual Concept Design Fuld overblik og hurtig adgang med TFT-displayet Nem betjening med drejeknapper i aluminium af h\u00f8j kvalitet","og_url":"https:\/\/www.home-kueppersbusch.com\/dk-dk\/product\/cbm6350-0s_121170019\/","og_site_name":"K\u00fcppersbusch Danmark","twitter_card":"summary_large_image","schema":{"@context":"https:\/\/schema.org","@graph":[{"@type":"WebPage","@id":"https:\/\/www.home-kueppersbusch.com\/dk-dk\/product\/cbm6350-0s_121170019\/","url":"https:\/\/www.home-kueppersbusch.com\/dk-dk\/product\/cbm6350-0s_121170019\/","name":"CBM6350.0S | K\u00fcppersbusch Danmark","isPartOf":{"@id":"https:\/\/www.home-kueppersbusch.com\/dk-dk\/#website"},"datePublished":"2026-04-03T17:44:04+00:00","inLanguage":"da-DK","potentialAction":[{"@type":"ReadAction","target":["https:\/\/www.home-kueppersbusch.com\/dk-dk\/product\/cbm6350-0s_121170019\/"]}]},{"@type":"WebSite","@id":"https:\/\/www.home-kueppersbusch.com\/dk-dk\/#website","url":"https:\/\/www.home-kueppersbusch.com\/dk-dk\/","name":"K\u00fcppersbusch Danmark","description":"","potentialAction":[{"@type":"SearchAction","target":{"@type":"EntryPoint","urlTemplate":"https:\/\/www.home-kueppersbusch.com\/dk-dk\/?s={search_term_string}"},"query-input":{"@type":"PropertyValueSpecification","valueRequired":true,"valueName":"search_term_string"}}],"inLanguage":"da-DK"}]}},"_links":{"self":[{"href":"https:\/\/www.home-kueppersbusch.com\/dk-dk\/wp-json\/wp\/v2\/product\/75491","targetHints":{"allow":["GET"]}}],"collection":[{"href":"https:\/\/www.home-kueppersbusch.com\/dk-dk\/wp-json\/wp\/v2\/product"}],"about":[{"href":"https:\/\/www.home-kueppersbusch.com\/dk-dk\/wp-json\/wp\/v2\/types\/product"}],"wp:attachment":[{"href":"https:\/\/www.home-kueppersbusch.com\/dk-dk\/wp-json\/wp\/v2\/media?parent=75491"}],"wp:term":[{"taxonomy":"product_cat","embeddable":true,"href":"https:\/\/www.home-kueppersbusch.com\/dk-dk\/wp-json\/wp\/v2\/product_cat?post=75491"},{"taxonomy":"product_edition","embeddable":true,"href":"https:\/\/www.home-kueppersbusch.com\/dk-dk\/wp-json\/wp\/v2\/product_edition?post=75491"},{"taxonomy":"product_energy_efficiency","embeddable":true,"href":"https:\/\/www.home-kueppersbusch.com\/dk-dk\/wp-json\/wp\/v2\/product_energy_efficiency?post=75491"}],"curies":[{"name":"wp","href":"https:\/\/api.w.org\/{rel}","templated":true}]}}