{"id":75489,"date":"2026-04-03T17:43:41","date_gmt":"2026-04-03T17:43:41","guid":{"rendered":"https:\/\/teka.com\/en-int\/cbm6550-0s_121160009"},"modified":"2026-03-28T08:08:13","modified_gmt":"2026-03-28T09:08:13","slug":"cbm6550-0s_121160009","status":"publish","type":"product","link":"https:\/\/www.home-kueppersbusch.com\/dk-dk\/product\/cbm6550-0s_121160009\/","title":{"rendered":"CBM6550.0S"},"content":{"rendered":"<ul>\n<li>Ingen ubehagelige lugte, takket v\u00e6re den unikke \u00f6kotherm\u00ae-katalysator<\/li>\n<li>Mulighed for personlige designvalg med Individual Concept Design<\/li>\n<li>Fuld overblik og hurtig adgang med TFT-displayet<\/li>\n<li>Intuitiv betjening med touch-funktion<\/li>\n<li>Perfekte resultater hver gang med det integrerede stegetermometer<\/li>\n<\/ul>\n","protected":false},"featured_media":0,"parent":0,"template":"","product_cat":[9293,9291],"product_edition":[],"product_energy_efficiency":[],"class_list":["post-75489","product","type-product","status-publish","hentry","product_cat-ovne-med-mikrobolgeovn","product_cat-kompakte-ovne","color-black","product_installation-indbygning","product_lifestyle-k-series-5","usp-kph-individual-01","usp-kph-ovens-03","usp-kph-ovens-04","usp-kph-ovens-06","usp-kph-ovens-09","usp-kph-ovens-11"],"acf":[],"yoast_head":"<!-- This site is optimized with the Yoast SEO plugin v27.2 - https:\/\/yoast.com\/product\/yoast-seo-wordpress\/ -->\n<title>CBM6550.0S | K\u00fcppersbusch Danmark<\/title>\n<meta name=\"robots\" content=\"index, follow, max-snippet:-1, max-image-preview:large, max-video-preview:-1\" \/>\n<link rel=\"canonical\" href=\"https:\/\/www.home-kueppersbusch.com\/dk-dk\/product\/cbm6550-0s_121160009\/\" \/>\n<meta property=\"og:locale\" content=\"da_DK\" \/>\n<meta property=\"og:type\" content=\"article\" \/>\n<meta property=\"og:title\" content=\"CBM6550.0S | K\u00fcppersbusch Danmark\" \/>\n<meta property=\"og:description\" content=\"Ingen ubehagelige lugte, takket v\u00e6re den unikke \u00f6kotherm\u00ae-katalysator Mulighed for personlige designvalg med Individual Concept Design Fuld overblik og hurtig adgang med TFT-displayet Intuitiv betjening med touch-funktion Perfekte resultater hver gang med det integrerede stegetermometer\" \/>\n<meta property=\"og:url\" content=\"https:\/\/www.home-kueppersbusch.com\/dk-dk\/product\/cbm6550-0s_121160009\/\" \/>\n<meta property=\"og:site_name\" content=\"K\u00fcppersbusch Danmark\" \/>\n<meta name=\"twitter:card\" content=\"summary_large_image\" \/>\n<script type=\"application\/ld+json\" class=\"yoast-schema-graph\">{\"@context\":\"https:\/\/schema.org\",\"@graph\":[{\"@type\":\"WebPage\",\"@id\":\"https:\/\/www.home-kueppersbusch.com\/dk-dk\/product\/cbm6550-0s_121160009\/\",\"url\":\"https:\/\/www.home-kueppersbusch.com\/dk-dk\/product\/cbm6550-0s_121160009\/\",\"name\":\"CBM6550.0S | K\u00fcppersbusch Danmark\",\"isPartOf\":{\"@id\":\"https:\/\/www.home-kueppersbusch.com\/dk-dk\/#website\"},\"datePublished\":\"2026-04-03T17:43:41+00:00\",\"inLanguage\":\"da-DK\",\"potentialAction\":[{\"@type\":\"ReadAction\",\"target\":[\"https:\/\/www.home-kueppersbusch.com\/dk-dk\/product\/cbm6550-0s_121160009\/\"]}]},{\"@type\":\"WebSite\",\"@id\":\"https:\/\/www.home-kueppersbusch.com\/dk-dk\/#website\",\"url\":\"https:\/\/www.home-kueppersbusch.com\/dk-dk\/\",\"name\":\"K\u00fcppersbusch Danmark\",\"description\":\"\",\"potentialAction\":[{\"@type\":\"SearchAction\",\"target\":{\"@type\":\"EntryPoint\",\"urlTemplate\":\"https:\/\/www.home-kueppersbusch.com\/dk-dk\/?s={search_term_string}\"},\"query-input\":{\"@type\":\"PropertyValueSpecification\",\"valueRequired\":true,\"valueName\":\"search_term_string\"}}],\"inLanguage\":\"da-DK\"}]}<\/script>\n<!-- \/ Yoast SEO plugin. -->","yoast_head_json":{"title":"CBM6550.0S | K\u00fcppersbusch Danmark","robots":{"index":"index","follow":"follow","max-snippet":"max-snippet:-1","max-image-preview":"max-image-preview:large","max-video-preview":"max-video-preview:-1"},"canonical":"https:\/\/www.home-kueppersbusch.com\/dk-dk\/product\/cbm6550-0s_121160009\/","og_locale":"da_DK","og_type":"article","og_title":"CBM6550.0S | K\u00fcppersbusch Danmark","og_description":"Ingen ubehagelige lugte, takket v\u00e6re den unikke \u00f6kotherm\u00ae-katalysator Mulighed for personlige designvalg med Individual Concept Design Fuld overblik og hurtig adgang med TFT-displayet Intuitiv betjening med touch-funktion Perfekte resultater hver gang med det integrerede stegetermometer","og_url":"https:\/\/www.home-kueppersbusch.com\/dk-dk\/product\/cbm6550-0s_121160009\/","og_site_name":"K\u00fcppersbusch Danmark","twitter_card":"summary_large_image","schema":{"@context":"https:\/\/schema.org","@graph":[{"@type":"WebPage","@id":"https:\/\/www.home-kueppersbusch.com\/dk-dk\/product\/cbm6550-0s_121160009\/","url":"https:\/\/www.home-kueppersbusch.com\/dk-dk\/product\/cbm6550-0s_121160009\/","name":"CBM6550.0S | K\u00fcppersbusch Danmark","isPartOf":{"@id":"https:\/\/www.home-kueppersbusch.com\/dk-dk\/#website"},"datePublished":"2026-04-03T17:43:41+00:00","inLanguage":"da-DK","potentialAction":[{"@type":"ReadAction","target":["https:\/\/www.home-kueppersbusch.com\/dk-dk\/product\/cbm6550-0s_121160009\/"]}]},{"@type":"WebSite","@id":"https:\/\/www.home-kueppersbusch.com\/dk-dk\/#website","url":"https:\/\/www.home-kueppersbusch.com\/dk-dk\/","name":"K\u00fcppersbusch Danmark","description":"","potentialAction":[{"@type":"SearchAction","target":{"@type":"EntryPoint","urlTemplate":"https:\/\/www.home-kueppersbusch.com\/dk-dk\/?s={search_term_string}"},"query-input":{"@type":"PropertyValueSpecification","valueRequired":true,"valueName":"search_term_string"}}],"inLanguage":"da-DK"}]}},"_links":{"self":[{"href":"https:\/\/www.home-kueppersbusch.com\/dk-dk\/wp-json\/wp\/v2\/product\/75489","targetHints":{"allow":["GET"]}}],"collection":[{"href":"https:\/\/www.home-kueppersbusch.com\/dk-dk\/wp-json\/wp\/v2\/product"}],"about":[{"href":"https:\/\/www.home-kueppersbusch.com\/dk-dk\/wp-json\/wp\/v2\/types\/product"}],"wp:attachment":[{"href":"https:\/\/www.home-kueppersbusch.com\/dk-dk\/wp-json\/wp\/v2\/media?parent=75489"}],"wp:term":[{"taxonomy":"product_cat","embeddable":true,"href":"https:\/\/www.home-kueppersbusch.com\/dk-dk\/wp-json\/wp\/v2\/product_cat?post=75489"},{"taxonomy":"product_edition","embeddable":true,"href":"https:\/\/www.home-kueppersbusch.com\/dk-dk\/wp-json\/wp\/v2\/product_edition?post=75489"},{"taxonomy":"product_energy_efficiency","embeddable":true,"href":"https:\/\/www.home-kueppersbusch.com\/dk-dk\/wp-json\/wp\/v2\/product_energy_efficiency?post=75489"}],"curies":[{"name":"wp","href":"https:\/\/api.w.org\/{rel}","templated":true}]}}