{"id":74065,"date":"2026-04-25T09:26:41","date_gmt":"2026-04-25T09:26:41","guid":{"rendered":"https:\/\/teka.com\/en-int\/g6564-0v_124260006"},"modified":"2026-04-08T03:46:07","modified_gmt":"2026-04-08T04:46:07","slug":"g6564-0v_124260006","status":"publish","type":"product","link":"https:\/\/www.home-kueppersbusch.com\/dk-dk\/product\/g6564-0v_124260006\/","title":{"rendered":"G6564.0v"},"content":{"rendered":"<ul>\n<li>Praktisk betjening via ber\u00f8ringssensorer<\/li>\n<li>Maksimal kapacitet med plads til 14 kuverter<\/li>\n<li>Med BrightLight-interi\u00f8rbelysning<\/li>\n<li>Nem installation og maksimal fleksibilitet med FlexHinge<\/li>\n<li>Sk\u00e5nsom glasreng\u00f8ring med glasplejeprogram<\/li>\n<li>Lydl\u00f8s statusvisning med ColorSignal<\/li>\n<\/ul>\n","protected":false},"featured_media":0,"parent":0,"template":"","product_cat":[8330,8332],"product_edition":[],"product_energy_efficiency":[9265],"class_list":["post-74065","product","type-product","status-publish","hentry","product_cat-opvaskemaskiner","product_cat-60-cm","color-stainless-steel","product_installation-built-in","product_lifestyle-k-series-5","product_energy_efficiency-b-ue-icon-new"],"acf":[],"yoast_head":"<!-- This site is optimized with the Yoast SEO plugin v27.5 - https:\/\/yoast.com\/product\/yoast-seo-wordpress\/ -->\n<title>G6564.0v | K\u00fcppersbusch Danmark<\/title>\n<meta name=\"robots\" content=\"index, follow, max-snippet:-1, max-image-preview:large, max-video-preview:-1\" \/>\n<link rel=\"canonical\" href=\"https:\/\/www.home-kueppersbusch.com\/dk-dk\/product\/g6564-0v_124260006\/\" \/>\n<meta property=\"og:locale\" content=\"da_DK\" \/>\n<meta property=\"og:type\" content=\"article\" \/>\n<meta property=\"og:title\" content=\"G6564.0v | K\u00fcppersbusch Danmark\" \/>\n<meta property=\"og:description\" content=\"Praktisk betjening via ber\u00f8ringssensorer Maksimal kapacitet med plads til 14 kuverter Med BrightLight-interi\u00f8rbelysning Nem installation og maksimal fleksibilitet med FlexHinge Sk\u00e5nsom glasreng\u00f8ring med glasplejeprogram Lydl\u00f8s statusvisning med ColorSignal\" \/>\n<meta property=\"og:url\" content=\"https:\/\/www.home-kueppersbusch.com\/dk-dk\/product\/g6564-0v_124260006\/\" \/>\n<meta property=\"og:site_name\" content=\"K\u00fcppersbusch Danmark\" \/>\n<meta name=\"twitter:card\" content=\"summary_large_image\" \/>\n<script type=\"application\/ld+json\" class=\"yoast-schema-graph\">{\"@context\":\"https:\\\/\\\/schema.org\",\"@graph\":[{\"@type\":\"WebPage\",\"@id\":\"https:\\\/\\\/www.home-kueppersbusch.com\\\/dk-dk\\\/product\\\/g6564-0v_124260006\\\/\",\"url\":\"https:\\\/\\\/www.home-kueppersbusch.com\\\/dk-dk\\\/product\\\/g6564-0v_124260006\\\/\",\"name\":\"G6564.0v | K\u00fcppersbusch Danmark\",\"isPartOf\":{\"@id\":\"https:\\\/\\\/www.home-kueppersbusch.com\\\/dk-dk\\\/#website\"},\"datePublished\":\"2026-04-25T09:26:41+00:00\",\"inLanguage\":\"da-DK\",\"potentialAction\":[{\"@type\":\"ReadAction\",\"target\":[\"https:\\\/\\\/www.home-kueppersbusch.com\\\/dk-dk\\\/product\\\/g6564-0v_124260006\\\/\"]}]},{\"@type\":\"WebSite\",\"@id\":\"https:\\\/\\\/www.home-kueppersbusch.com\\\/dk-dk\\\/#website\",\"url\":\"https:\\\/\\\/www.home-kueppersbusch.com\\\/dk-dk\\\/\",\"name\":\"K\u00fcppersbusch Danmark\",\"description\":\"\",\"potentialAction\":[{\"@type\":\"SearchAction\",\"target\":{\"@type\":\"EntryPoint\",\"urlTemplate\":\"https:\\\/\\\/www.home-kueppersbusch.com\\\/dk-dk\\\/?s={search_term_string}\"},\"query-input\":{\"@type\":\"PropertyValueSpecification\",\"valueRequired\":true,\"valueName\":\"search_term_string\"}}],\"inLanguage\":\"da-DK\"}]}<\/script>\n<!-- \/ Yoast SEO plugin. -->","yoast_head_json":{"title":"G6564.0v | K\u00fcppersbusch Danmark","robots":{"index":"index","follow":"follow","max-snippet":"max-snippet:-1","max-image-preview":"max-image-preview:large","max-video-preview":"max-video-preview:-1"},"canonical":"https:\/\/www.home-kueppersbusch.com\/dk-dk\/product\/g6564-0v_124260006\/","og_locale":"da_DK","og_type":"article","og_title":"G6564.0v | K\u00fcppersbusch Danmark","og_description":"Praktisk betjening via ber\u00f8ringssensorer Maksimal kapacitet med plads til 14 kuverter Med BrightLight-interi\u00f8rbelysning Nem installation og maksimal fleksibilitet med FlexHinge Sk\u00e5nsom glasreng\u00f8ring med glasplejeprogram Lydl\u00f8s statusvisning med ColorSignal","og_url":"https:\/\/www.home-kueppersbusch.com\/dk-dk\/product\/g6564-0v_124260006\/","og_site_name":"K\u00fcppersbusch Danmark","twitter_card":"summary_large_image","schema":{"@context":"https:\/\/schema.org","@graph":[{"@type":"WebPage","@id":"https:\/\/www.home-kueppersbusch.com\/dk-dk\/product\/g6564-0v_124260006\/","url":"https:\/\/www.home-kueppersbusch.com\/dk-dk\/product\/g6564-0v_124260006\/","name":"G6564.0v | K\u00fcppersbusch Danmark","isPartOf":{"@id":"https:\/\/www.home-kueppersbusch.com\/dk-dk\/#website"},"datePublished":"2026-04-25T09:26:41+00:00","inLanguage":"da-DK","potentialAction":[{"@type":"ReadAction","target":["https:\/\/www.home-kueppersbusch.com\/dk-dk\/product\/g6564-0v_124260006\/"]}]},{"@type":"WebSite","@id":"https:\/\/www.home-kueppersbusch.com\/dk-dk\/#website","url":"https:\/\/www.home-kueppersbusch.com\/dk-dk\/","name":"K\u00fcppersbusch Danmark","description":"","potentialAction":[{"@type":"SearchAction","target":{"@type":"EntryPoint","urlTemplate":"https:\/\/www.home-kueppersbusch.com\/dk-dk\/?s={search_term_string}"},"query-input":{"@type":"PropertyValueSpecification","valueRequired":true,"valueName":"search_term_string"}}],"inLanguage":"da-DK"}]}},"_links":{"self":[{"href":"https:\/\/www.home-kueppersbusch.com\/dk-dk\/wp-json\/wp\/v2\/product\/74065","targetHints":{"allow":["GET"]}}],"collection":[{"href":"https:\/\/www.home-kueppersbusch.com\/dk-dk\/wp-json\/wp\/v2\/product"}],"about":[{"href":"https:\/\/www.home-kueppersbusch.com\/dk-dk\/wp-json\/wp\/v2\/types\/product"}],"wp:attachment":[{"href":"https:\/\/www.home-kueppersbusch.com\/dk-dk\/wp-json\/wp\/v2\/media?parent=74065"}],"wp:term":[{"taxonomy":"product_cat","embeddable":true,"href":"https:\/\/www.home-kueppersbusch.com\/dk-dk\/wp-json\/wp\/v2\/product_cat?post=74065"},{"taxonomy":"product_edition","embeddable":true,"href":"https:\/\/www.home-kueppersbusch.com\/dk-dk\/wp-json\/wp\/v2\/product_edition?post=74065"},{"taxonomy":"product_energy_efficiency","embeddable":true,"href":"https:\/\/www.home-kueppersbusch.com\/dk-dk\/wp-json\/wp\/v2\/product_energy_efficiency?post=74065"}],"curies":[{"name":"wp","href":"https:\/\/api.w.org\/{rel}","templated":true}]}}