{"id":73666,"date":"2026-04-25T09:26:23","date_gmt":"2026-04-25T09:26:23","guid":{"rendered":"https:\/\/teka.com\/en-int\/fwk6862-0s_123600012"},"modified":"2026-03-28T08:08:09","modified_gmt":"2026-03-28T09:08:09","slug":"fwk6862-0s_123600012","status":"publish","type":"product","link":"https:\/\/www.home-kueppersbusch.com\/dk-dk\/product\/fwk6862-0s_123600012\/","title":{"rendered":"FWK6862.0S"},"content":{"rendered":"<ul>\n<li>Perfekt tempererede r\u00f8d- og hvidvine med 2 temperaturzoner<\/li>\n<li>Pr\u00e6cis temperaturstyring med temperaturindstilling i trin p\u00e5 1 \u00b0C<\/li>\n<li>Intuitiv betjening med ber\u00f8ringssensor<\/li>\n<li>God synlighed via det digitalt display<\/li>\n<li>Elegant vinpr\u00e6sentation med indvendig LED-belysning<\/li>\n<\/ul>\n","protected":false},"featured_media":0,"parent":0,"template":"","product_cat":[9281],"product_edition":[],"product_energy_efficiency":[9269],"class_list":["post-73666","product","type-product","status-publish","hentry","product_ambient-kitchen-ss-02","product_ambient-kitchen-g-02","product_cat-vinkoleskab","color-black","product_installation-indbygning","product_lifestyle-k-series-8","product_energy_efficiency-f-ue-icon-new"],"acf":[],"yoast_head":"<!-- This site is optimized with the Yoast SEO plugin v27.5 - https:\/\/yoast.com\/product\/yoast-seo-wordpress\/ -->\n<title>FWK6862.0S | K\u00fcppersbusch Danmark<\/title>\n<meta name=\"robots\" content=\"index, follow, max-snippet:-1, max-image-preview:large, max-video-preview:-1\" \/>\n<link rel=\"canonical\" href=\"https:\/\/www.home-kueppersbusch.com\/dk-dk\/product\/fwk6862-0s_123600012\/\" \/>\n<meta property=\"og:locale\" content=\"da_DK\" \/>\n<meta property=\"og:type\" content=\"article\" \/>\n<meta property=\"og:title\" content=\"FWK6862.0S | K\u00fcppersbusch Danmark\" \/>\n<meta property=\"og:description\" content=\"Perfekt tempererede r\u00f8d- og hvidvine med 2 temperaturzoner Pr\u00e6cis temperaturstyring med temperaturindstilling i trin p\u00e5 1 \u00b0C Intuitiv betjening med ber\u00f8ringssensor God synlighed via det digitalt display Elegant vinpr\u00e6sentation med indvendig LED-belysning\" \/>\n<meta property=\"og:url\" content=\"https:\/\/www.home-kueppersbusch.com\/dk-dk\/product\/fwk6862-0s_123600012\/\" \/>\n<meta property=\"og:site_name\" content=\"K\u00fcppersbusch Danmark\" \/>\n<meta name=\"twitter:card\" content=\"summary_large_image\" \/>\n<script type=\"application\/ld+json\" class=\"yoast-schema-graph\">{\"@context\":\"https:\\\/\\\/schema.org\",\"@graph\":[{\"@type\":\"WebPage\",\"@id\":\"https:\\\/\\\/www.home-kueppersbusch.com\\\/dk-dk\\\/product\\\/fwk6862-0s_123600012\\\/\",\"url\":\"https:\\\/\\\/www.home-kueppersbusch.com\\\/dk-dk\\\/product\\\/fwk6862-0s_123600012\\\/\",\"name\":\"FWK6862.0S | K\u00fcppersbusch Danmark\",\"isPartOf\":{\"@id\":\"https:\\\/\\\/www.home-kueppersbusch.com\\\/dk-dk\\\/#website\"},\"datePublished\":\"2026-04-25T09:26:23+00:00\",\"inLanguage\":\"da-DK\",\"potentialAction\":[{\"@type\":\"ReadAction\",\"target\":[\"https:\\\/\\\/www.home-kueppersbusch.com\\\/dk-dk\\\/product\\\/fwk6862-0s_123600012\\\/\"]}]},{\"@type\":\"WebSite\",\"@id\":\"https:\\\/\\\/www.home-kueppersbusch.com\\\/dk-dk\\\/#website\",\"url\":\"https:\\\/\\\/www.home-kueppersbusch.com\\\/dk-dk\\\/\",\"name\":\"K\u00fcppersbusch Danmark\",\"description\":\"\",\"potentialAction\":[{\"@type\":\"SearchAction\",\"target\":{\"@type\":\"EntryPoint\",\"urlTemplate\":\"https:\\\/\\\/www.home-kueppersbusch.com\\\/dk-dk\\\/?s={search_term_string}\"},\"query-input\":{\"@type\":\"PropertyValueSpecification\",\"valueRequired\":true,\"valueName\":\"search_term_string\"}}],\"inLanguage\":\"da-DK\"}]}<\/script>\n<!-- \/ Yoast SEO plugin. -->","yoast_head_json":{"title":"FWK6862.0S | K\u00fcppersbusch Danmark","robots":{"index":"index","follow":"follow","max-snippet":"max-snippet:-1","max-image-preview":"max-image-preview:large","max-video-preview":"max-video-preview:-1"},"canonical":"https:\/\/www.home-kueppersbusch.com\/dk-dk\/product\/fwk6862-0s_123600012\/","og_locale":"da_DK","og_type":"article","og_title":"FWK6862.0S | K\u00fcppersbusch Danmark","og_description":"Perfekt tempererede r\u00f8d- og hvidvine med 2 temperaturzoner Pr\u00e6cis temperaturstyring med temperaturindstilling i trin p\u00e5 1 \u00b0C Intuitiv betjening med ber\u00f8ringssensor God synlighed via det digitalt display Elegant vinpr\u00e6sentation med indvendig LED-belysning","og_url":"https:\/\/www.home-kueppersbusch.com\/dk-dk\/product\/fwk6862-0s_123600012\/","og_site_name":"K\u00fcppersbusch Danmark","twitter_card":"summary_large_image","schema":{"@context":"https:\/\/schema.org","@graph":[{"@type":"WebPage","@id":"https:\/\/www.home-kueppersbusch.com\/dk-dk\/product\/fwk6862-0s_123600012\/","url":"https:\/\/www.home-kueppersbusch.com\/dk-dk\/product\/fwk6862-0s_123600012\/","name":"FWK6862.0S | K\u00fcppersbusch Danmark","isPartOf":{"@id":"https:\/\/www.home-kueppersbusch.com\/dk-dk\/#website"},"datePublished":"2026-04-25T09:26:23+00:00","inLanguage":"da-DK","potentialAction":[{"@type":"ReadAction","target":["https:\/\/www.home-kueppersbusch.com\/dk-dk\/product\/fwk6862-0s_123600012\/"]}]},{"@type":"WebSite","@id":"https:\/\/www.home-kueppersbusch.com\/dk-dk\/#website","url":"https:\/\/www.home-kueppersbusch.com\/dk-dk\/","name":"K\u00fcppersbusch Danmark","description":"","potentialAction":[{"@type":"SearchAction","target":{"@type":"EntryPoint","urlTemplate":"https:\/\/www.home-kueppersbusch.com\/dk-dk\/?s={search_term_string}"},"query-input":{"@type":"PropertyValueSpecification","valueRequired":true,"valueName":"search_term_string"}}],"inLanguage":"da-DK"}]}},"_links":{"self":[{"href":"https:\/\/www.home-kueppersbusch.com\/dk-dk\/wp-json\/wp\/v2\/product\/73666","targetHints":{"allow":["GET"]}}],"collection":[{"href":"https:\/\/www.home-kueppersbusch.com\/dk-dk\/wp-json\/wp\/v2\/product"}],"about":[{"href":"https:\/\/www.home-kueppersbusch.com\/dk-dk\/wp-json\/wp\/v2\/types\/product"}],"wp:attachment":[{"href":"https:\/\/www.home-kueppersbusch.com\/dk-dk\/wp-json\/wp\/v2\/media?parent=73666"}],"wp:term":[{"taxonomy":"product_cat","embeddable":true,"href":"https:\/\/www.home-kueppersbusch.com\/dk-dk\/wp-json\/wp\/v2\/product_cat?post=73666"},{"taxonomy":"product_edition","embeddable":true,"href":"https:\/\/www.home-kueppersbusch.com\/dk-dk\/wp-json\/wp\/v2\/product_edition?post=73666"},{"taxonomy":"product_energy_efficiency","embeddable":true,"href":"https:\/\/www.home-kueppersbusch.com\/dk-dk\/wp-json\/wp\/v2\/product_energy_efficiency?post=73666"}],"curies":[{"name":"wp","href":"https:\/\/api.w.org\/{rel}","templated":true}]}}