{"id":73646,"date":"2026-04-25T09:26:15","date_gmt":"2026-04-25T09:26:15","guid":{"rendered":"https:\/\/teka.com\/en-int\/ckv6800-0s_121630009"},"modified":"2026-03-28T08:07:52","modified_gmt":"2026-03-28T09:07:52","slug":"ckv6800-0s_121630009","status":"publish","type":"product","link":"https:\/\/www.home-kueppersbusch.com\/dk-dk\/product\/ckv6800-0s_121630009\/","title":{"rendered":"CKV6800.0S"},"content":{"rendered":"<ul>\n<li>Mulighed for personlige designvalg med Individual Concept Design<\/li>\n<li>Fuld overblik og hurtig adgang med TFT-farvetouchdisplayet<\/li>\n<li>Barista-kaffe derhjemme med cappuccino- og latte-funktion<\/li>\n<li>Perfekt til flere kopper med den h\u00f8jdejusterbare kaffetud<\/li>\n<li>Altid frisk m\u00e6lk til cappuccino med den aftagelige m\u00e6lkebeholder<\/li>\n<\/ul>\n","protected":false},"featured_media":0,"parent":0,"template":"","product_cat":[8314],"product_edition":[],"product_energy_efficiency":[],"class_list":["post-73646","product","type-product","status-publish","hentry","finishes-9756","finishes-9757","finishes-9758","finishes-9759","finishes-9760","finishes-9761","product_ambient-kitchen-bv-02","product_ambient-kitchen-bv-03","product_ambient-kitchen-g-02","product_cat-kaffemaskiner","color-black","product_lifestyle-k-series-8"],"acf":[],"yoast_head":"<!-- This site is optimized with the Yoast SEO plugin v27.5 - https:\/\/yoast.com\/product\/yoast-seo-wordpress\/ -->\n<title>CKV6800.0S | K\u00fcppersbusch Danmark<\/title>\n<meta name=\"robots\" content=\"index, follow, max-snippet:-1, max-image-preview:large, max-video-preview:-1\" \/>\n<link rel=\"canonical\" href=\"https:\/\/www.home-kueppersbusch.com\/dk-dk\/product\/ckv6800-0s_121630009\/\" \/>\n<meta property=\"og:locale\" content=\"da_DK\" \/>\n<meta property=\"og:type\" content=\"article\" \/>\n<meta property=\"og:title\" content=\"CKV6800.0S | K\u00fcppersbusch Danmark\" \/>\n<meta property=\"og:description\" content=\"Mulighed for personlige designvalg med Individual Concept Design Fuld overblik og hurtig adgang med TFT-farvetouchdisplayet Barista-kaffe derhjemme med cappuccino- og latte-funktion Perfekt til flere kopper med den h\u00f8jdejusterbare kaffetud Altid frisk m\u00e6lk til cappuccino med den aftagelige m\u00e6lkebeholder\" \/>\n<meta property=\"og:url\" content=\"https:\/\/www.home-kueppersbusch.com\/dk-dk\/product\/ckv6800-0s_121630009\/\" \/>\n<meta property=\"og:site_name\" content=\"K\u00fcppersbusch Danmark\" \/>\n<meta name=\"twitter:card\" content=\"summary_large_image\" \/>\n<script type=\"application\/ld+json\" class=\"yoast-schema-graph\">{\"@context\":\"https:\\\/\\\/schema.org\",\"@graph\":[{\"@type\":\"WebPage\",\"@id\":\"https:\\\/\\\/www.home-kueppersbusch.com\\\/dk-dk\\\/product\\\/ckv6800-0s_121630009\\\/\",\"url\":\"https:\\\/\\\/www.home-kueppersbusch.com\\\/dk-dk\\\/product\\\/ckv6800-0s_121630009\\\/\",\"name\":\"CKV6800.0S | K\u00fcppersbusch Danmark\",\"isPartOf\":{\"@id\":\"https:\\\/\\\/www.home-kueppersbusch.com\\\/dk-dk\\\/#website\"},\"datePublished\":\"2026-04-25T09:26:15+00:00\",\"inLanguage\":\"da-DK\",\"potentialAction\":[{\"@type\":\"ReadAction\",\"target\":[\"https:\\\/\\\/www.home-kueppersbusch.com\\\/dk-dk\\\/product\\\/ckv6800-0s_121630009\\\/\"]}]},{\"@type\":\"WebSite\",\"@id\":\"https:\\\/\\\/www.home-kueppersbusch.com\\\/dk-dk\\\/#website\",\"url\":\"https:\\\/\\\/www.home-kueppersbusch.com\\\/dk-dk\\\/\",\"name\":\"K\u00fcppersbusch Danmark\",\"description\":\"\",\"potentialAction\":[{\"@type\":\"SearchAction\",\"target\":{\"@type\":\"EntryPoint\",\"urlTemplate\":\"https:\\\/\\\/www.home-kueppersbusch.com\\\/dk-dk\\\/?s={search_term_string}\"},\"query-input\":{\"@type\":\"PropertyValueSpecification\",\"valueRequired\":true,\"valueName\":\"search_term_string\"}}],\"inLanguage\":\"da-DK\"}]}<\/script>\n<!-- \/ Yoast SEO plugin. -->","yoast_head_json":{"title":"CKV6800.0S | K\u00fcppersbusch Danmark","robots":{"index":"index","follow":"follow","max-snippet":"max-snippet:-1","max-image-preview":"max-image-preview:large","max-video-preview":"max-video-preview:-1"},"canonical":"https:\/\/www.home-kueppersbusch.com\/dk-dk\/product\/ckv6800-0s_121630009\/","og_locale":"da_DK","og_type":"article","og_title":"CKV6800.0S | K\u00fcppersbusch Danmark","og_description":"Mulighed for personlige designvalg med Individual Concept Design Fuld overblik og hurtig adgang med TFT-farvetouchdisplayet Barista-kaffe derhjemme med cappuccino- og latte-funktion Perfekt til flere kopper med den h\u00f8jdejusterbare kaffetud Altid frisk m\u00e6lk til cappuccino med den aftagelige m\u00e6lkebeholder","og_url":"https:\/\/www.home-kueppersbusch.com\/dk-dk\/product\/ckv6800-0s_121630009\/","og_site_name":"K\u00fcppersbusch Danmark","twitter_card":"summary_large_image","schema":{"@context":"https:\/\/schema.org","@graph":[{"@type":"WebPage","@id":"https:\/\/www.home-kueppersbusch.com\/dk-dk\/product\/ckv6800-0s_121630009\/","url":"https:\/\/www.home-kueppersbusch.com\/dk-dk\/product\/ckv6800-0s_121630009\/","name":"CKV6800.0S | K\u00fcppersbusch Danmark","isPartOf":{"@id":"https:\/\/www.home-kueppersbusch.com\/dk-dk\/#website"},"datePublished":"2026-04-25T09:26:15+00:00","inLanguage":"da-DK","potentialAction":[{"@type":"ReadAction","target":["https:\/\/www.home-kueppersbusch.com\/dk-dk\/product\/ckv6800-0s_121630009\/"]}]},{"@type":"WebSite","@id":"https:\/\/www.home-kueppersbusch.com\/dk-dk\/#website","url":"https:\/\/www.home-kueppersbusch.com\/dk-dk\/","name":"K\u00fcppersbusch Danmark","description":"","potentialAction":[{"@type":"SearchAction","target":{"@type":"EntryPoint","urlTemplate":"https:\/\/www.home-kueppersbusch.com\/dk-dk\/?s={search_term_string}"},"query-input":{"@type":"PropertyValueSpecification","valueRequired":true,"valueName":"search_term_string"}}],"inLanguage":"da-DK"}]}},"_links":{"self":[{"href":"https:\/\/www.home-kueppersbusch.com\/dk-dk\/wp-json\/wp\/v2\/product\/73646","targetHints":{"allow":["GET"]}}],"collection":[{"href":"https:\/\/www.home-kueppersbusch.com\/dk-dk\/wp-json\/wp\/v2\/product"}],"about":[{"href":"https:\/\/www.home-kueppersbusch.com\/dk-dk\/wp-json\/wp\/v2\/types\/product"}],"wp:attachment":[{"href":"https:\/\/www.home-kueppersbusch.com\/dk-dk\/wp-json\/wp\/v2\/media?parent=73646"}],"wp:term":[{"taxonomy":"product_cat","embeddable":true,"href":"https:\/\/www.home-kueppersbusch.com\/dk-dk\/wp-json\/wp\/v2\/product_cat?post=73646"},{"taxonomy":"product_edition","embeddable":true,"href":"https:\/\/www.home-kueppersbusch.com\/dk-dk\/wp-json\/wp\/v2\/product_edition?post=73646"},{"taxonomy":"product_energy_efficiency","embeddable":true,"href":"https:\/\/www.home-kueppersbusch.com\/dk-dk\/wp-json\/wp\/v2\/product_energy_efficiency?post=73646"}],"curies":[{"name":"wp","href":"https:\/\/api.w.org\/{rel}","templated":true}]}}